{"id":130,"date":"2018-10-18T03:26:52","date_gmt":"2018-10-18T03:26:52","guid":{"rendered":"https:\/\/d46e648428.nxcli.io\/about-layers\/"},"modified":"2024-12-11T15:25:45","modified_gmt":"2024-12-11T21:25:45","slug":"mission","status":"publish","type":"page","link":"https:\/\/highjumpchicago.org\/es\/about\/mission\/","title":{"rendered":"Misi\u00f3n"},"content":{"rendered":"<nav  aria-label=\"migaja de pan\"><ol itemscope itemtype=\"https:\/\/schema.org\/BreadcrumbList\"><li itemprop=\"itemListElement\" itemscope itemtype=\"https:\/\/schema.org\/ListItem\"><a itemscope itemtype=\"https:\/\/schema.org\/WebPage\" itemprop=\"item\" itemid=\"https:\/\/highjumpchicago.org\" href=\"https:\/\/highjumpchicago.org\/es\/\">Casa<\/a><meta itemprop=\"position\" content=\"1\"\/><\/li><li itemprop=\"itemListElement\" itemscope itemtype=\"https:\/\/schema.org\/ListItem\"><a itemscope itemtype=\"https:\/\/schema.org\/WebPage\" itemprop=\"item\" itemid=\"https:\/\/highjumpchicago.org\/about\/\" href=\"https:\/\/highjumpchicago.org\/es\/about\/\">Sobre nosotros<\/a><meta itemprop=\"position\" content=\"2\"\/><\/li><li aria-current=\"page\" itemprop=\"itemListElement\" itemscope itemtype=\"https:\/\/schema.org\/ListItem\">Misi\u00f3n<meta itemprop=\"position\" content=\"3\"\/><\/li><\/ol><\/nav>\n<h1>\n\t\tEn 1989, High Jump comenz\u00f3 con una sola y poderosa misi\u00f3n:\n\t<\/h1>\n\t<h2>Brindar equidad a la educaci\u00f3n para los estudiantes de grado medio de Chicago que han demostrado ambici\u00f3n y potencial acad\u00e9mico y que tienen recursos econ\u00f3micos limitados.<\/h2>\n\t<p>Hoy,<strong> esa misi\u00f3n es m\u00e1s fuerte que nunca.<\/strong> High Jump capacita a los estudiantes de secundaria de Chicago para que se conviertan en l\u00edderes integrales a trav\u00e9s de nuestro <strong>programas sin colegiatura<\/strong> con experiencias \u00fanicas, recursos y apoyo educativo <strong>para curiosos y motivados<\/strong> <strong>Estudiantes de 7mo y 8vo grado<\/strong> que quieren desafiarse a s\u00ed mismos acad\u00e9micamente.<\/p>\n\t<ul>\n\t\t<li>\t\t\t\t\n\t\t<h3>ENRIQUECIMIENTO ACAD\u00c9MICO<\/h3><p><strong>Avanzado<\/strong> matem\u00e1ticas, ciencias, literatura y humanidades <strong>clases<\/strong><\/p><\/li><li>\t\t\t\t\n\t\t<h3>APRENDIZAJE SOCIAL-EMOCIONAL<\/h3><p><strong>Ambiente de apoyo emocional<\/strong> que ense\u00f1a habilidades no cognitivas necesarias para tener \u00e9xito<\/p><\/li><li>\t\t\t\t\n\t\t<h3>SELECCI\u00d3N DE ESCUELA SECUNDARIA<\/h3><p><strong>apoyo a la escuela secundaria<\/strong> incluyendo solicitudes, ayuda financiera y becas<\/p><\/li>\t<\/ul>\n\t<ul>\n\t\t<li>\t\t\t\t\n\t\t<h3>ESCUELA INTERMEDIA<\/h3><p>Comprometerse a <strong>dos a\u00f1os<\/strong> de <strong>matr\u00edcula gratuita<\/strong> enriquecimiento acad\u00e9mico a trav\u00e9s de nuestro programa Scholars o Community Scholars.<\/p><\/li><li>\t\t\t\t\n\t\t<h3>ESCUELA SECUNDARIA<\/h3><p>Enriquecimiento acad\u00e9mico continuo, asesoramiento y preparaci\u00f3n para la universidad, y alfabetizaci\u00f3n sobre ayuda financiera <strong>apoyo<\/strong> para <strong>llegar y pasar la universidad<\/strong>.<\/p><\/li><li>\t\t\t\t\n\t\t<h3>FACULTAD<\/h3><p><strong>Mantente conectado<\/strong> y sentirse apoyado <strong>todo el camino a trav\u00e9s de la universidad<\/strong> con nuestros programas de apoyo a ex alumnos.<\/p><\/li>\t<\/ul>\n\t\t\t\t<img loading=\"lazy\" decoding=\"async\" src=\"https:\/\/highjumpchicago.org\/wp-content\/uploads\/2021\/06\/HighJump_Graduation_2021-4703.jpg\" alt=\"student at moving up ceremony | High Jump Chicago\" itemprop=\"image\" height=\"1331\" width=\"2000\" title=\"HighJump_Graduation_2021-4703\" onerror=\"this.style.display='none'\"  \/>\n<h2>\n\t\tApoyando a los acad\u00e9micos desde 1989\n\t<\/h2>\n\t<p>Desde 1989, High Jump ha continuado avanzando en su misi\u00f3n de cerrar la brecha de oportunidades educativas en Chicago y garantizar el \u00e9xito acad\u00e9mico a largo plazo para estudiantes de secundaria ambiciosos. Eche un vistazo a nuestra l\u00ednea de tiempo para ver c\u00f3mo High Jump ha inspirado a la pr\u00f3xima generaci\u00f3n de l\u00edderes durante m\u00e1s de 30 a\u00f1os.<\/p>\n\t\t\t<a href=\"https:\/\/highjumpchicago.org\/es\/history\/\" target=\"_self\">\n\t\t\t\t\t\t\tVer nuestra l\u00ednea de tiempo\n\t\t\t\t\t<\/a>\n\t<h1>Declaraci\u00f3n de la misi\u00f3n de salto de altura<\/h1>\n\t<h2>High Jump iguala el acceso a la educaci\u00f3n para los estudiantes de secundaria de Chicago que han mostrado ambici\u00f3n y potencial acad\u00e9mico y que tienen recursos econ\u00f3micos limitados.<\/h2>\n\t<p>Brindamos enriquecimiento acad\u00e9mico, asesoramiento y apoyo a estudiantes de diversos or\u00edgenes, con el objetivo de enviar a nuestros participantes a escuelas preparatorias universitarias superiores, garantizar su \u00e9xito mientras est\u00e1n all\u00ed y mejorar su capacidad para obtener la admisi\u00f3n a universidades de cuatro a\u00f1os de gran prestigio y universidades<\/p>\n<h2>\n\t\tEscuche a nuestro Director Ejecutivo\n\t<\/h2>\n\t<meta itemprop=\"name\" content=\"College Completion &amp; Program Growth - Celebration of High Jump\" \/><meta itemprop=\"uploadDate\" content=\"2022-05-09T00:00:00+00:00\" \/><meta itemprop=\"thumbnailUrl\" content=\"https:\/\/highjumpchicago.org\/wp-content\/uploads\/2022\/02\/Nate-screenshot.jpg\" \/><meta itemprop=\"description\" content=\"Hear from Nate Pietrini about the importance of college completion, the impact of our program on student outcomes, and what&#039;s in store for the future of High Jump.\" \/><meta itemprop=\"contentUrl\" content=\"https:\/\/youtu.be\/EMTXi6ujdcA\" \/><meta itemprop=\"embedUrl\" content=\"https:\/\/highjumpchicago.org\/about\/impact\/\" \/><iframe loading=\"lazy\" width=\"560\" height=\"315\" src=\"https:\/\/www.youtube.com\/embed\/EMTXi6ujdcA?rel=0\" title=\"reproductor de videos de youtube\" frameborder=\"0\" allow=\"accelerometer; autoplay; clipboard-write; encrypted-media; gyroscope; picture-in-picture\" allowfullscreen><\/iframe>\n<h1>\n\t\tInforme anual de salto de altura\n\t<\/h1>\n\t<div class=\"_df_book df-lite\" id=\"df_60754\"  _slug=\"high-jump-annual-report-2021-2022-2\" data-title=\"high-jump-annual-report-2022-2023\" wpoptions=\"true\" thumbtype=\"\" ><\/div><script class=\"df-shortcode-script\" nowprocket type=\"application\/javascript\">window.option_df_60754 = {\"outline\":[],\"backgroundColor\":\"#2cafa4\",\"autoEnableOutline\":\"false\",\"autoEnableThumbnail\":\"false\",\"overwritePDFOutline\":\"false\",\"direction\":\"1\",\"pageSize\":\"0\",\"source\":\"https:\\\/\\\/highjumpchicago.org\\\/wp-content\\\/uploads\\\/2024\\\/11\\\/High-Jump-Annual-Report-2022-2023.pdf\",\"wpOptions\":\"true\"}; if(window.DFLIP && window.DFLIP.parseBooks){window.DFLIP.parseBooks();}<\/script>","protected":false},"excerpt":{"rendered":"<p>Inicio Acerca de nosotros Misi\u00f3n En 1989, High Jump comenz\u00f3 con una misi\u00f3n \u00fanica y poderosa: brindar equidad a la educaci\u00f3n para los estudiantes de grado medio de Chicago que han demostrado ambici\u00f3n y potencial acad\u00e9mico y que tienen recursos econ\u00f3micos limitados. Hoy, esa misi\u00f3n es m\u00e1s fuerte que nunca. High Jump permite a los estudiantes de secundaria de Chicago convertirse en l\u00edderes integrales...<\/p>","protected":false},"author":7,"featured_media":5526,"parent":50,"menu_order":1,"comment_status":"closed","ping_status":"closed","template":"","meta":{"_seopress_robots_primary_cat":"","_seopress_titles_title":"","_seopress_titles_desc":"Equalizing access to education for Chicago middle school students who have exhibited academic ambition and potential and who are of limited economic means. ","_seopress_robots_index":"","inline_featured_image":false,"footnotes":""},"class_list":["post-130","page","type-page","status-publish","has-post-thumbnail","hentry"],"_links":{"self":[{"href":"https:\/\/highjumpchicago.org\/es\/wp-json\/wp\/v2\/pages\/130","targetHints":{"allow":["GET"]}}],"collection":[{"href":"https:\/\/highjumpchicago.org\/es\/wp-json\/wp\/v2\/pages"}],"about":[{"href":"https:\/\/highjumpchicago.org\/es\/wp-json\/wp\/v2\/types\/page"}],"author":[{"embeddable":true,"href":"https:\/\/highjumpchicago.org\/es\/wp-json\/wp\/v2\/users\/7"}],"replies":[{"embeddable":true,"href":"https:\/\/highjumpchicago.org\/es\/wp-json\/wp\/v2\/comments?post=130"}],"version-history":[{"count":5,"href":"https:\/\/highjumpchicago.org\/es\/wp-json\/wp\/v2\/pages\/130\/revisions"}],"predecessor-version":[{"id":69766,"href":"https:\/\/highjumpchicago.org\/es\/wp-json\/wp\/v2\/pages\/130\/revisions\/69766"}],"up":[{"embeddable":true,"href":"https:\/\/highjumpchicago.org\/es\/wp-json\/wp\/v2\/pages\/50"}],"wp:featuredmedia":[{"embeddable":true,"href":"https:\/\/highjumpchicago.org\/es\/wp-json\/wp\/v2\/media\/5526"}],"wp:attachment":[{"href":"https:\/\/highjumpchicago.org\/es\/wp-json\/wp\/v2\/media?parent=130"}],"curies":[{"name":"gracias","href":"https:\/\/api.w.org\/{rel}","templated":true}]}}