{"id":131268,"date":"2025-11-03T16:29:22","date_gmt":"2025-11-03T22:29:22","guid":{"rendered":"https:\/\/highjumpchicago.org\/?page_id=131268"},"modified":"2025-11-17T17:57:02","modified_gmt":"2025-11-17T23:57:02","slug":"impact","status":"publish","type":"page","link":"https:\/\/highjumpchicago.org\/es\/about\/impact\/","title":{"rendered":"Impacto"},"content":{"rendered":"<!-- Comment to fix spacing issue\n\t-->\n\t\t<h1>0<\/h1>Becarios\/A\u00f1o\n\t<!-- Comment to fix spacing issue\n\t-->\t\n\t\t<!-- Comment to fix spacing issue\n\t-->\n\t\t<h1>0%<\/h1>Graduaci\u00f3n de la escuela secundaria\n\t<!-- Comment to fix spacing issue\n\t-->\t\n\t\t<!-- Comment to fix spacing issue\n\t-->\n\t\t<h1>0%<\/h1>Colegio de posgrado\n\t<!-- Comment to fix spacing issue\n\t-->\t\n\t\t<!-- Comment to fix spacing issue\n\t-->\n\t\t<h1>0<\/h1>Antiguos alumnos atendidos\n\t<!-- Comment to fix spacing issue\n\t-->\t\n\t<h1>Escuche lo que nuestros expertos tienen que decir.<\/h1>\n<h1>\n\t\t\tIgualar la educaci\u00f3n y maximizar las oportunidades para los estudiantes\t<\/h1>\n\t\t<meta itemprop=\"url\" content=\"https:\/\/highjumpchicago.org\/wp-content\/uploads\/2024\/09\/1-What-does-High-Jump-mean-to-you_-8th-Grade-SUBS.mp4\" \/><div style=\"width: 640px;\" class=\"wp-video\"><video muted class=\"wp-video-shortcode\" id=\"video-131268-1\" width=\"640\" height=\"360\" loop autoplay preload=\"metadata\" controls=\"controls\"><source type=\"video\/mp4\" src=\"https:\/\/highjumpchicago.org\/wp-content\/uploads\/2024\/09\/1-What-does-High-Jump-mean-to-you_-8th-Grade-SUBS.mp4?_=1\" \/><source type=\"video\/mp4\" src=\"https:\/\/highjumpchicago.org\/wp-content\/uploads\/2024\/09\/1-What-does-High-Jump-mean-to-you_-8th-Grade-SUBS.mp4?_=1\" \/><a href=\"https:\/\/highjumpchicago.org\/wp-content\/uploads\/2024\/09\/1-What-does-High-Jump-mean-to-you_-8th-Grade-SUBS.mp4\">https:\/\/highjumpchicago.org\/wp-content\/uploads\/2024\/09\/1-What-does-High-Jump-mean-to-you_-8th-Grade-SUBS.mp4<\/a><\/video><\/div>\t\n\t\t\t<a href=\"?campaign=524397\" target=\"_self\">\n\t\t\t\t\t\t\tDONA HOY PARA APOYAR A LOS ESTUDIANTES\n\t\t\t\t\t<\/a>\n\t\t<!-- Comment to fix spacing issue\n\t-->\n\t\t<h1>0+<\/h1>Estudiantes elegibles cada a\u00f1o\n\t<!-- Comment to fix spacing issue\n\t-->\t\n\t\t<!-- Comment to fix spacing issue\n\t-->\n\t\t<h1>0<\/h1>Estudiantes entrevistados\n\t<!-- Comment to fix spacing issue\n\t-->\t\n\t\t<!-- Comment to fix spacing issue\n\t-->\n\t\t<h1>0<\/h1>Nuevos becarios aceptados (cohorte 35)\n\t<!-- Comment to fix spacing issue\n\t-->\t\n\t\t<!-- Comment to fix spacing issue\n\t-->\n\t\t<h1>0+<\/h1>Total de becarios matriculados\n\t<!-- Comment to fix spacing issue\n\t-->\t\n\t<h1>Descubre los logros de los exalumnos de salto de altura.<\/h1>\n\t\t\n\t\t\t<a href =\"https:\/\/highjumpchicago.org\/es\/about\/history\/\" target=\"_self\"  aria-label=\"La l\u00ednea de tiempo del salto de altura Vea lo que hemos estado haciendo desde 1989.\">\n\t\t\t\t\t\t\t\tLa l\u00ednea de tiempo del salto de altura Vea lo que hemos estado haciendo desde 1989.\t\t\t\t\t\t\t\n\t\t\t\t\t\t<\/a>\n\t\t\t\t<img decoding=\"async\" src=\"https:\/\/highjumpchicago.org\/wp-content\/uploads\/2024\/09\/HighJump-Gala-050622-8207-e1726846611872.jpg\" alt=\"The High Jump Gala at the Four Seasons in Chicago, IL on Friday, May 6th, 2022. Photos by Jasmin Shah\" itemprop=\"image\" height=\"267\" width=\"267\" title=\"Gala de HighJump-050622-8207\" onerror=\"this.style.display='none'\" loading=\"lazy\" \/>\n\t<h3>\u201cM\u00e1s de 3.000 ni\u00f1os han asistido o asisten a excelentes escuelas secundarias que los desafiaron y los prepararon para una variedad de excelentes universidades en todo el pa\u00eds, de las cuales se grad\u00faan un extraordinario 87% de ellos\u201d.<\/h3>\n\t<h4>Eleanor Nicholson, <i>Fundador del salto de altura<\/i><\/h4>\n\t\t\t<a href=\"https:\/\/highjumpchicago.org\/es\/founder-eleanor-nicholson-on-the-hope-that-launched-high-jump\/\" target=\"_self\">\n\t\t\t\t\t\t\tLEER M\u00c1S: La fundadora, Eleanor Nicholson, sobre la esperanza que impuls\u00f3 a High Jump\n\t\t\t\t\t<\/a>\n\t<h1>\n\t\t\t\tTasas de finalizaci\u00f3n de estudios universitarios de 4 a\u00f1os\n\t\t\t<\/h1>\n\t\t\t<p>87% de los estudiantes de High Jump se grad\u00faan de universidades de 4 a\u00f1os dentro de los seis a\u00f1os posteriores a la finalizaci\u00f3n de la escuela secundaria en comparaci\u00f3n con 41% de sus pares.<\/p>\t\n\t\t\t\t\t<h2>0%<\/h2>\t\t\t\t\n\t\t\tEx alumnos de salto de altura Cohortes 19-21*\t\n\t\t\t\t\t<h2>0%<\/h2>\t\t\t\t\n\t\t\tTodos los estudiantes acad\u00e9micamente s\u00f3lidos de bajos ingresos a nivel nacional\u2020\t\n\t\t\t\t\t<h2>0%<\/h2>\t\t\t\t\n\t\t\tTodos los estudiantes acad\u00e9micamente s\u00f3lidos de altos ingresos\u2020 *<em>dentro de los seis a\u00f1os posteriores a la finalizaci\u00f3n de la escuela secundaria<\/em><br \/>\n\u2020<em>dentro de los ocho a\u00f1os posteriores a la finalizaci\u00f3n de la escuela secundaria<\/em>\n\t\t\t\t<img decoding=\"async\" src=\"https:\/\/highjumpchicago.org\/wp-content\/uploads\/2025\/10\/HighJump-CollegeGrad-image7-1024x683-1.jpg\" alt=\"HighJump-CollegeGrad-image7-1024x683\" itemprop=\"image\" height=\"683\" width=\"1024\" title=\"Salto de altura - Graduado universitario - imagen 7 - 1024x683\" onerror=\"this.style.display='none'\" loading=\"lazy\" \/>\n<h1>\n\t\t\tInforme anual de salto de altura\t<\/h1>\n\t<div class=\"_df_book df-lite\" id=\"df_130391\"  _slug=\"high-jump-annual-report\" data-title=\"high-jump-annual-report-2023-2024\" wpoptions=\"true\" thumb=\"https:\/\/highjumpchicago.org\/wp-content\/uploads\/2025\/10\/Thumbnail-High-Jump-Annual-Report-2023-2024_Page_01.jpg\" thumbtype=\"\" ><\/div><script class=\"df-shortcode-script\" nowprocket type=\"application\/javascript\">window.option_df_130391 = {\"outline\":[],\"backgroundColor\":\"#2cafa4\",\"autoEnableOutline\":\"false\",\"autoEnableThumbnail\":\"false\",\"overwritePDFOutline\":\"false\",\"direction\":\"1\",\"pageSize\":\"0\",\"source\":\"https:\\\/\\\/highjumpchicago.org\\\/wp-content\\\/uploads\\\/2025\\\/10\\\/High-Jump-Annual-Report-2023-2024.pdf\",\"wpOptions\":\"true\"}; if(window.DFLIP && window.DFLIP.parseBooks){window.DFLIP.parseBooks();}<\/script>","protected":false},"excerpt":{"rendered":"<p>0 Becarios\/A\u00f1o 0% Graduaci\u00f3n de Secundaria 0% Universidad de Posgrado 0 Exalumnos Atendidos Escucha lo que nuestros becarios tienen que decir. Igualando la Educaci\u00f3n y Maximizando las Oportunidades para los Estudiantes DONA HOY para apoyar a los estudiantes 0+ Estudiantes Elegibles Cada A\u00f1o 0 Estudiantes Entrevistados 0 Nuevos Becarios Aceptados (Cohorte 35) 0+ Total de Becarios Inscritos Descubre lo que los Exalumnos de High Jump tienen que decir\u2026<\/p>","protected":false},"author":7,"featured_media":50918,"parent":50,"menu_order":0,"comment_status":"closed","ping_status":"closed","template":"","meta":{"_seopress_robots_primary_cat":"","_seopress_titles_title":"","_seopress_titles_desc":"","_seopress_robots_index":"","inline_featured_image":false,"footnotes":""},"class_list":["post-131268","page","type-page","status-publish","has-post-thumbnail","hentry"],"_links":{"self":[{"href":"https:\/\/highjumpchicago.org\/es\/wp-json\/wp\/v2\/pages\/131268","targetHints":{"allow":["GET"]}}],"collection":[{"href":"https:\/\/highjumpchicago.org\/es\/wp-json\/wp\/v2\/pages"}],"about":[{"href":"https:\/\/highjumpchicago.org\/es\/wp-json\/wp\/v2\/types\/page"}],"author":[{"embeddable":true,"href":"https:\/\/highjumpchicago.org\/es\/wp-json\/wp\/v2\/users\/7"}],"replies":[{"embeddable":true,"href":"https:\/\/highjumpchicago.org\/es\/wp-json\/wp\/v2\/comments?post=131268"}],"version-history":[{"count":5,"href":"https:\/\/highjumpchicago.org\/es\/wp-json\/wp\/v2\/pages\/131268\/revisions"}],"predecessor-version":[{"id":133256,"href":"https:\/\/highjumpchicago.org\/es\/wp-json\/wp\/v2\/pages\/131268\/revisions\/133256"}],"up":[{"embeddable":true,"href":"https:\/\/highjumpchicago.org\/es\/wp-json\/wp\/v2\/pages\/50"}],"wp:featuredmedia":[{"embeddable":true,"href":"https:\/\/highjumpchicago.org\/es\/wp-json\/wp\/v2\/media\/50918"}],"wp:attachment":[{"href":"https:\/\/highjumpchicago.org\/es\/wp-json\/wp\/v2\/media?parent=131268"}],"curies":[{"name":"gracias","href":"https:\/\/api.w.org\/{rel}","templated":true}]}}