{"id":1317,"date":"2019-06-13T18:26:40","date_gmt":"2019-06-13T18:26:40","guid":{"rendered":"https:\/\/d46e648428.nxcli.io\/?page_id=1317"},"modified":"2024-09-20T13:13:03","modified_gmt":"2024-09-20T18:13:03","slug":"media","status":"publish","type":"page","link":"https:\/\/highjumpchicago.org\/es\/about\/media\/","title":{"rendered":"Medios de comunicaci\u00f3n"},"content":{"rendered":"<nav  aria-label=\"migaja de pan\"><ol itemscope itemtype=\"https:\/\/schema.org\/BreadcrumbList\"><li itemprop=\"itemListElement\" itemscope itemtype=\"https:\/\/schema.org\/ListItem\"><a itemscope itemtype=\"https:\/\/schema.org\/WebPage\" itemprop=\"item\" itemid=\"https:\/\/highjumpchicago.org\" href=\"https:\/\/highjumpchicago.org\/es\/\">Casa<\/a><meta itemprop=\"position\" content=\"1\"\/><\/li><li itemprop=\"itemListElement\" itemscope itemtype=\"https:\/\/schema.org\/ListItem\"><a itemscope itemtype=\"https:\/\/schema.org\/WebPage\" itemprop=\"item\" itemid=\"https:\/\/highjumpchicago.org\/about\/\" href=\"https:\/\/highjumpchicago.org\/es\/about\/\">Sobre nosotros<\/a><meta itemprop=\"position\" content=\"2\"\/><\/li><li aria-current=\"page\" itemprop=\"itemListElement\" itemscope itemtype=\"https:\/\/schema.org\/ListItem\">Medios de comunicaci\u00f3n<meta itemprop=\"position\" content=\"3\"\/><\/li><\/ol><\/nav>\n\t<h3>Empoderar a los acad\u00e9micos con la confianza para tomar riesgos y perseguir sus sue\u00f1os hace que la gente hable.<\/h3>\n<h2>Ve lo que la gente esta comentando.<\/h2>\n<h1>\n\t\tSalto de altura en las noticias\n\t<\/h1>\n\t<p><a href=\"https:\/\/mlchicagosocial.com\/high-jump-spring-benefit-2024\">Lujo moderno | Chicago Social \u2013 El beneficio Spring of Opportunity recauda m\u00e1s de 1 mill\u00f3n de d\u00f3lares para programas de salto de altura<\/a> (Octubre de 2024)<\/p>\n<p><a href=\"https:\/\/www.wbez.org\/stories\/chicago-education-advocates-on-leading-schools-through-the-age-of-mass-shootings\/e2ce09bd-c571-4854-988a-27d0f1a69bc9\" target=\"_blank\" rel=\"noopener\">WBEZ Chicago \u2013 Defensores de la educaci\u00f3n de Chicago sobre las escuelas l\u00edderes durante la era de los tiroteos masivos<\/a> (marzo de 2023)<\/p>\n<p><a href=\"https:\/\/www.wbez.org\/stories\/change-is-coming-to-chicagos-high-stakes-high-stress-high-school-admissions-process\/db8feebf-e0c9-4e56-aee3-c62c9c8f168d\" target=\"_blank\" rel=\"noopener\">WBEZ Chicago \u2013 Se avecinan cambios en el proceso de admisi\u00f3n a las escuelas secundarias de Chicago, un proceso de alto riesgo y estr\u00e9s<\/a> (Octubre 2021)<\/p>\n<p><a href=\"https:\/\/www.chicagotribune.com\/opinion\/commentary\/ct-opinion-teachers-vaccination-covid-19-students-low-rate-20211014-lgbo6b2bpvh2dcwmpn7kl53rkq-story.html\" target=\"_blank\" rel=\"noopener\">Chicago Tribune \u2013 Art\u00edculo de opini\u00f3n: Los maestros, directores y personal escolar deben liderar la lucha para vacunar a los estudiantes<\/a> (Octubre 2021)<\/p>\n<p><a href=\"https:\/\/twitter.com\/MikePuenteNews\/status\/1416470422065930241\" target=\"_blank\" rel=\"noopener\">WBEZ Chicago \u2013 Evento de vacunaci\u00f3n en el Centro Juvenil Gary Comer<\/a> (julio de 2021)<\/p>\n<p><a href=\"https:\/\/www.nbcchicago.com\/news\/coronavirus\/as-covid-cases-rise-community-leaders-look-to-boost-vaccination-numbers\/2557427\/\" target=\"_blank\" rel=\"noopener\">NBC Chicago \u2013 A medida que aumentan los casos de COVID, los l\u00edderes comunitarios buscan aumentar las cifras de vacunaci\u00f3n<\/a> (julio de 2021)<\/p>\n<p><a href=\"https:\/\/highjumpchicago.org\/es\/will-the-pandemic-reshape-chicagos-high-stress-high-school-applications\/\" target=\"_blank\" rel=\"noopener\">Chalkbeat Chicago \u2013 <em>\u00bfLa pandemia cambiar\u00e1 las solicitudes de admisi\u00f3n a las escuelas secundarias de Chicago, que son muy estresantes?<\/em> <\/a>(abril de 2021)<\/p>\n<p><a href=\"https:\/\/www.youtube.com\/watch?v=nNmU8rG5YdI&amp;feature=youtu.be\" target=\"_blank\" rel=\"noopener\">ABC 7Chicago \u2013 <em>La alumna de salto de altura I&#039;deyah Ricketts en el especial de graduaci\u00f3n 2020 de ABC 7 Chicago \u201cThe After Party\u201d <\/em><\/a>(junio de 2020)<\/p>\n<p><a href=\"http:\/\/latinschool.uberflip.com\/i\/1209300-latin-magazine-winter-2020\/27?m4=\" target=\"_blank\" rel=\"noopener\">Revista Latina \u2013 <em>Treinta a\u00f1os y todav\u00eda en ascenso: el impacto duradero del salto de altura<\/em> <\/a>(Invierno 2020)<\/p>\n<p><a href=\"https:\/\/uhighmidway.com\/5648\/features\/education-program-gives-students-a-boost\/\" target=\"_blank\" rel=\"noopener\">U-alta a mitad de camino \u2013 <em>El programa educativo da un impulso a los estudiantes<\/em><\/a> (diciembre de 2019)<\/p>\n<p><a href=\"https:\/\/abc7chicago.com\/education\/high-jump-program-gives-chicago-middle-schoolers-tuition-free-academic-resources\/5380120\/\" target=\"_blank\" rel=\"noopener\">ABC 7Chicago \u2013 <em>El programa High Jump ofrece a los estudiantes de secundaria de Chicago recursos acad\u00e9micos gratuitos<\/em> <\/a>(julio de 2019)<\/p>\n<p><a href=\"https:\/\/www.classicchicagomagazine.com\/high-jump-celebrates-young-leaders\/\" target=\"_blank\" rel=\"noopener\">Chicago cl\u00e1sico \u2013 <em>High Jump celebra a los j\u00f3venes l\u00edderes<\/em><\/a><em>\u00a0<\/em>(mayo de 2019)<\/p>\n<p><a href=\"https:\/\/educationpost.org\/what-every-first-gen-student-needs-to-know-about-attending-a-predominately-white-institution\/\" target=\"_blank\" rel=\"noopener\">Puesto de educaci\u00f3n \u2013 <em>Carta del ex alumno de High Jump DJ Loma a los estudiantes de primera generaci\u00f3n<\/em><\/a>\u00a0(mayo de 2019)<\/p>\n<p><a href=\"https:\/\/www.bestcolleges.com\/perspectives\/first-generation-students\/\" target=\"_blank\" rel=\"noopener\">Mejores universidades: <em>C\u00f3mo apoyar a los estudiantes de primera generaci\u00f3n<\/em><\/a> (mayo de 2019)<\/p>\n<p><a href=\"https:\/\/www.chalkbeat.org\/posts\/chicago\/2019\/04\/11\/no-selective-enrollment-offers-second-choices\/?utm_source=republish&amp;utm_medium=web&amp;utm_campaign=republish\" target=\"_blank\" rel=\"noopener\">Latido de tiza \u2013 <em>D\u00eda de la decisi\u00f3n: \u00bfQu\u00e9 sucede cuando los estudiantes no obtienen la escuela secundaria de su primera opci\u00f3n en Chicago?<\/em><\/a> (abril de 2019)<\/p>\n<hr \/>\n<p>&nbsp;<\/p>\n<h1>\n\t\tComunicados de prensa\n\t<\/h1>\n\t<p><a href=\"https:\/\/highjumpchicago.org\/wp-content\/uploads\/2024\/09\/High-Jump-Press-Release-35th-Anniversary.pdf\">High Jump celebra 35 a\u00f1os de igualdad de oportunidades para los estudiantes y educaci\u00f3n<\/a> (19 de septiembre de 2024)<\/p>\n<p><a href=\"https:\/\/highjumpchicago.org\/wp-content\/uploads\/2024\/09\/High-Jump-Press-Release-Community-Scholars-Adopted.pdf\">High Jump se asocia con las escuelas p\u00fablicas de Chicago para brindar becas comunitarias<\/a> (11 de septiembre de 2024)<\/p>\n<p><a href=\"https:\/\/highjumpchicago.org\/wp-content\/uploads\/2024\/09\/High-Jump-Statement-on-Supreme-Courts-Strike-Down-of-Affirmative-Action.pdf\">Declaraci\u00f3n de High Jump Chicago sobre la anulaci\u00f3n de la acci\u00f3n afirmativa por parte de la Corte Suprema<\/a> (30 de junio de 2023)<\/p>\n<p><a href=\"https:\/\/highjumpchicago.org\/wp-content\/uploads\/2022\/08\/Chi-Biz-Strong-Grant-Program.pdf\">La ciudad de Chicago anuncia los beneficiarios de la subvenci\u00f3n Chi Biz Strong para organizaciones sin fines de lucro<\/a> (Enero 2022)<\/p>\n<a href=\"https:\/\/highjumpchicago.org\/wp-content\/uploads\/2021\/08\/LGC-announces-Class-of-2022-Fellowsfinal.pdf\" target=\"_blank\" rel=\"noopener noreferrer\">Leadership Greater Chicago (LGC) anuncia la clase 2022 de l\u00edderes con mentalidad c\u00edvica<br \/>\nCHICAGO, IL<\/a> (20 de julio de 2021)\n<p><a href=\"https:\/\/highjumpchicago.org\/wp-content\/uploads\/2019\/07\/High-Jump-Aim-High-Press-Release-.pdf\" target=\"_blank\" rel=\"noopener noreferrer\">New York Life Foundation otorga una subvenci\u00f3n de $50,000 al programa High Jump<\/a> (julio de 2019)<\/p>\n<hr \/>\n<p>&nbsp;<\/p>\n\t<h1>Para consultas de los medios<\/h1>\n<p><em>P\u00f3ngase en contacto con Tammi Longsjo en <a href=\"mailto:tlongsjo@highjumpchicago.org\">tlongsjo@highjumpchicago.org<\/a> o (312) 582-7713.<\/em><\/p>","protected":false},"excerpt":{"rendered":"<p>Inicio Sobre nosotros Medios Empoderar a los estudiantes con la confianza para tomar riesgos y perseguir sus sue\u00f1os es algo que da que hablar. Vea lo que la gente est\u00e1 diciendo. Salto de altura en las noticias Lujo moderno | Chicago Social \u2013 El beneficio Spring Of Opportunity recauda m\u00e1s de 1 mill\u00f3n para los programas de salto de altura (octubre de 2024) WBEZ Chicago \u2013 Los defensores de la educaci\u00f3n de Chicago\u2026<\/p>","protected":false},"author":8,"featured_media":0,"parent":50,"menu_order":6,"comment_status":"closed","ping_status":"closed","template":"","meta":{"_seopress_robots_primary_cat":"","_seopress_titles_title":"","_seopress_titles_desc":"","_seopress_robots_index":"","inline_featured_image":false,"footnotes":""},"class_list":["post-1317","page","type-page","status-publish","hentry"],"_links":{"self":[{"href":"https:\/\/highjumpchicago.org\/es\/wp-json\/wp\/v2\/pages\/1317","targetHints":{"allow":["GET"]}}],"collection":[{"href":"https:\/\/highjumpchicago.org\/es\/wp-json\/wp\/v2\/pages"}],"about":[{"href":"https:\/\/highjumpchicago.org\/es\/wp-json\/wp\/v2\/types\/page"}],"author":[{"embeddable":true,"href":"https:\/\/highjumpchicago.org\/es\/wp-json\/wp\/v2\/users\/8"}],"replies":[{"embeddable":true,"href":"https:\/\/highjumpchicago.org\/es\/wp-json\/wp\/v2\/comments?post=1317"}],"version-history":[{"count":5,"href":"https:\/\/highjumpchicago.org\/es\/wp-json\/wp\/v2\/pages\/1317\/revisions"}],"predecessor-version":[{"id":52160,"href":"https:\/\/highjumpchicago.org\/es\/wp-json\/wp\/v2\/pages\/1317\/revisions\/52160"}],"up":[{"embeddable":true,"href":"https:\/\/highjumpchicago.org\/es\/wp-json\/wp\/v2\/pages\/50"}],"wp:attachment":[{"href":"https:\/\/highjumpchicago.org\/es\/wp-json\/wp\/v2\/media?parent=1317"}],"curies":[{"name":"gracias","href":"https:\/\/api.w.org\/{rel}","templated":true}]}}