{"id":1588,"date":"2019-08-07T19:32:47","date_gmt":"2019-08-08T00:32:47","guid":{"rendered":"https:\/\/d46e648428.nxcli.io\/?page_id=1588"},"modified":"2022-11-03T09:26:16","modified_gmt":"2022-11-03T14:26:16","slug":"virtual-tour","status":"publish","type":"page","link":"https:\/\/highjumpchicago.org\/es\/our-programs\/virtual-tour\/","title":{"rendered":"Tour virtual"},"content":{"rendered":"<nav aria-label=\"migaja de pan\"><ol itemscope=\"\" itemtype=\"https:\/\/schema.org\/BreadcrumbList\"><li itemprop=\"itemListElement\" itemscope=\"\" itemtype=\"https:\/\/schema.org\/ListItem\"><a itemscope=\"\" itemtype=\"http:\/\/schema.org\/WebPage\" itemprop=\"item\" itemid=\"https:\/\/highjumpchicago.org\" href=\"https:\/\/highjumpchicago.org\/es\/\">Casa<\/a><meta itemprop=\"position\" content=\"1\"><\/li><li itemprop=\"itemListElement\" itemscope=\"\" itemtype=\"https:\/\/schema.org\/ListItem\"><a itemscope=\"\" itemtype=\"http:\/\/schema.org\/WebPage\" itemprop=\"item\" itemid=\"https:\/\/highjumpchicago.org\/program-overview\/\" href=\"https:\/\/highjumpchicago.org\/es\/program-overview\/\">Nuestros Programas<\/a><meta itemprop=\"position\" content=\"2\"><\/li><li aria-current=\"page\" itemprop=\"itemListElement\" itemscope=\"\" itemtype=\"https:\/\/schema.org\/ListItem\">Tour virtual<meta itemprop=\"position\" content=\"3\"><\/li><\/ol><\/nav><h3>\n\t\tHaga un recorrido de clase\n\t<\/h3>\n\t<h4>Mira estos videos para hacerte una idea de c\u00f3mo son las clases de High Jump.<\/h4>\n\t\t<a href=\"https:\/\/highjumpchicago.org\/es\/program-overview\/virtual-tour\/virtual-tour-chemistry-lab\/\" target=\"_self\" rel=\"noopener\">\n\t\t\t\t\t\t\t\t\t\t\t<img decoding=\"async\" src=\"https:\/\/highjumpchicago.org\/wp-content\/uploads\/2020\/05\/HighJump_080214_143-crop.jpg\" alt=\"HighJump_080214_143-crop\">\n\t\t\t\t\t<p>Los acad\u00e9micos exploran conceptos de cambio f\u00edsico y qu\u00edmico, reacciones qu\u00edmicas, estructura at\u00f3mica y m\u00e1s. Aprenden a observar y registrar datos, analizar resultados y comunicar de manera efectiva sus hallazgos a trav\u00e9s de laboratorios pr\u00e1cticos.<\/p>\t\t\t\t\t\n\t\t\t\t\t\t<h3>\n\t\t\t\t\t\tQu\u00edmica\t\t<\/h3>\n\t\t<\/a>\n\t\t<a href=\"https:\/\/highjumpchicago.org\/es\/program-overview\/virtual-tour\/virtual-tour-biology-dissections\/\" target=\"_self\" rel=\"noopener\">\n\t\t\t\t\t\t\t\t\t\t\t<img decoding=\"async\" src=\"https:\/\/highjumpchicago.org\/wp-content\/uploads\/2018\/11\/curriculum-1-e1566316882346.jpg\" alt=\"High Jump Chicago\">\n\t\t\t\t\t<p>Los acad\u00e9micos obtienen una descripci\u00f3n general intensiva de las c\u00e9lulas, la herencia y la clasificaci\u00f3n antes de pasar a los sistemas y la salud del cuerpo humano. Practican el dise\u00f1o de laboratorios, realizan experimentos y realizan disecciones pr\u00e1cticas de animales.<\/p>\t\t\t\t\t\n\t\t\t\t\t\t<h3>\n\t\t\t\t\t\tBiolog\u00eda\t\t<\/h3>\n\t\t<\/a>\n\t\t<a href=\"https:\/\/highjumpchicago.org\/es\/program-overview\/virtual-tour\/virtual-tour-issues-and-ideas\/\" target=\"_self\" rel=\"noopener\">\n\t\t\t\t\t\t\t\t\t\t\t<img decoding=\"async\" src=\"https:\/\/highjumpchicago.org\/wp-content\/uploads\/2019\/08\/HighJump-031117-8350-1024x683.jpg\" alt=\"Issues and Ideas\">\n\t\t\t\t\t<p>En este curso \u00fanico de Salto de altura, los estudiantes exploran los problemas sociales, pol\u00edticos, econ\u00f3micos y ambientales que dan forma a nuestro mundo. Aprenden a analizar y comprender perspectivas, desarrollar el pensamiento cr\u00edtico y discutir c\u00f3mo los eventos, las pol\u00edticas y los problemas afectan su identidad y participaci\u00f3n en la sociedad.<\/p>\t\t\t\t\t\n\t\t\t\t\t\t<h3>\n\t\t\t\t\t\tProblemas e ideas\t\t<\/h3>\n\t\t<\/a>\n<h1>\n\t\tEscuche a los acad\u00e9micos de la escuela secundaria de Chicago\n\t<\/h1>\n\t<iframe loading=\"lazy\" src=\"https:\/\/www.youtube.com\/embed\/Hrggr97NnC8\" width=\"560\" height=\"315\" frameborder=\"0\" allowfullscreen=\"allowfullscreen\"><\/iframe>","protected":false},"excerpt":{"rendered":"<p>Inicio Nuestros programas Visita virtual Realice un recorrido por la clase Mire estos videos para tener una idea de c\u00f3mo son las clases de salto de altura. Los acad\u00e9micos exploran conceptos de cambios f\u00edsicos y qu\u00edmicos, reacciones qu\u00edmicas, estructura at\u00f3mica y m\u00e1s. Aprenden a observar y registrar datos, analizar resultados y comunicar eficazmente sus hallazgos a trav\u00e9s de laboratorios pr\u00e1cticos. Qu\u00edmica\u2026<\/p>","protected":false},"author":8,"featured_media":0,"parent":52,"menu_order":0,"comment_status":"closed","ping_status":"closed","template":"","meta":{"_seopress_robots_primary_cat":"","_seopress_titles_title":"","_seopress_titles_desc":"","_seopress_robots_index":"","inline_featured_image":false,"footnotes":""},"class_list":["post-1588","page","type-page","status-publish","hentry"],"_links":{"self":[{"href":"https:\/\/highjumpchicago.org\/es\/wp-json\/wp\/v2\/pages\/1588","targetHints":{"allow":["GET"]}}],"collection":[{"href":"https:\/\/highjumpchicago.org\/es\/wp-json\/wp\/v2\/pages"}],"about":[{"href":"https:\/\/highjumpchicago.org\/es\/wp-json\/wp\/v2\/types\/page"}],"author":[{"embeddable":true,"href":"https:\/\/highjumpchicago.org\/es\/wp-json\/wp\/v2\/users\/8"}],"replies":[{"embeddable":true,"href":"https:\/\/highjumpchicago.org\/es\/wp-json\/wp\/v2\/comments?post=1588"}],"version-history":[{"count":5,"href":"https:\/\/highjumpchicago.org\/es\/wp-json\/wp\/v2\/pages\/1588\/revisions"}],"predecessor-version":[{"id":5570,"href":"https:\/\/highjumpchicago.org\/es\/wp-json\/wp\/v2\/pages\/1588\/revisions\/5570"}],"up":[{"embeddable":true,"href":"https:\/\/highjumpchicago.org\/es\/wp-json\/wp\/v2\/pages\/52"}],"wp:attachment":[{"href":"https:\/\/highjumpchicago.org\/es\/wp-json\/wp\/v2\/media?parent=1588"}],"curies":[{"name":"gracias","href":"https:\/\/api.w.org\/{rel}","templated":true}]}}