{"id":16037,"date":"2023-07-12T15:38:40","date_gmt":"2023-07-12T20:38:40","guid":{"rendered":"https:\/\/d46e648428.nxcli.io\/?page_id=16037"},"modified":"2023-07-12T16:17:17","modified_gmt":"2023-07-12T21:17:17","slug":"weve-moved","status":"publish","type":"page","link":"https:\/\/highjumpchicago.org\/es\/weve-moved\/","title":{"rendered":"nos hemos mudado"},"content":{"rendered":"<nav aria-label=\"migaja de pan\"><ol itemscope=\"\" itemtype=\"https:\/\/schema.org\/BreadcrumbList\"><li itemprop=\"itemListElement\" itemscope=\"\" itemtype=\"https:\/\/schema.org\/ListItem\"><a itemscope=\"\" itemtype=\"http:\/\/schema.org\/WebPage\" itemprop=\"item\" itemid=\"https:\/\/highjumpchicago.org\" href=\"https:\/\/highjumpchicago.org\/es\/\">Casa<\/a><meta itemprop=\"position\" content=\"1\"><\/li><li aria-current=\"page\" itemprop=\"itemListElement\" itemscope=\"\" itemtype=\"https:\/\/schema.org\/ListItem\">Nos hemos mudado<meta itemprop=\"position\" content=\"2\"><\/li><\/ol><\/nav>\n\t<h2>\u00bfPor qu\u00e9 nos mudamos? (la respuesta corta):<\/h2>\n<p><strong>\u00bfQu\u00e9 se movi\u00f3?<\/strong> Oficinas administrativas de High Jump<\/p>\n<p><strong>\u00bfD\u00f3nde nos mudamos?<\/strong> 820 W Jackson Blvd, Suite 310, Chicago, IL 60607<\/p>\n<p><strong>\u00bfSe est\u00e1 moviendo la programaci\u00f3n de High Jump?<\/strong> No, solo nuestras oficinas administrativas se est\u00e1n mudando. Nuestro <a href=\"https:\/\/highjumpchicago.org\/es\/our-programs\/scholars\/\">eruditos<\/a> El programa seguir\u00e1 teniendo lugar en la Escuela Latina de Chicago, la Escuela Francis W. Parker y las Escuelas Laboratorio de la Universidad de Chicago.<\/p>\n<p><strong>\u00bfCu\u00e1ndo nos mudamos?<\/strong> La mudanza ocurri\u00f3 en mayo\/junio, con un cambio de direcci\u00f3n oficial el 1 de julio de 2023.<\/p>\n<p><strong>\u00bfPor qu\u00e9 nos mudamos?<\/strong> Superamos el espacio y la capacidad de soporte de nuestra ubicaci\u00f3n anterior. Salto de altura <a href=\"https:\/\/highjumpchicago.org\/es\/about\/history\/\">historia<\/a> es uno de \u00e9xito y crecimiento. Lea la respuesta larga a continuaci\u00f3n para obtener m\u00e1s informaci\u00f3n sobre la evoluci\u00f3n de High Jump.<\/p>\n\t<h2>\u00bfPor qu\u00e9 nos mudamos? (la respuesta larga):<\/h2>\n<p><strong>Durante los \u00faltimos 34 a\u00f1os, High Jump ha cambiado la vida de m\u00e1s de 2900 estudiantes de secundaria en Chicago.<\/strong> El apoyo de la comunidad y de nuestras escuelas asociadas (Latin School of Chicago, Francis W. Parker School y The University of Chicago Lab Schools) ha sido esencial para llegar e inspirar a m\u00e1s estudiantes de secundaria a acelerar sus viajes acad\u00e9micos y prepararse para el \u00e9xito en la escuela secundaria, la universidad y m\u00e1s all\u00e1.<\/p>\n<p><strong>High Jump fue fundada en 1989 por la ex directora de la escuela superior de Latin, Eleanor Nicholson.<\/strong> Adem\u00e1s de proporcionar un campus para que los estudiantes de High Jump aprendan, Latin proporcion\u00f3 generosamente espacio de oficina y servicios administrativos para High Jump entre 1989 y 2023. Son m\u00e1s de tres d\u00e9cadas de contribuciones absolutamente invaluables que han ascendido a cientos de miles de d\u00f3lares en apoyo en especie, lo que ha resultado en m\u00e1s programas y recursos para los ni\u00f1os.<\/p>\n<p><strong>A lo largo de los a\u00f1os, High Jump ha experimentado un crecimiento masivo: desde el primer grupo de 16 estudiantes hasta la admisi\u00f3n de uno de nuestros grupos m\u00e1s grandes de 225 estudiantes en 2023.<\/strong> El tama\u00f1o del personal de High Jump y las necesidades de recursos tambi\u00e9n han aumentado con este crecimiento. En 2022, nos embarcamos en una transici\u00f3n para formar una nueva relaci\u00f3n con Latin que respaldar\u00eda mejor este cambio y satisfar\u00eda las necesidades de nuestra organizaci\u00f3n en crecimiento. A partir de julio de 2023, esta transici\u00f3n culmin\u00f3 con el traslado de nuestro personal administrativo a un nuevo espacio de oficinas en el vecindario Greektown de Chicago. Los estudiantes de High Jump continuar\u00e1n asistiendo a la programaci\u00f3n en nuestras escuelas asociadas.<\/p>\n<p><strong>Dimos este gran paso con confianza, sabiendo que nuestros socios y la comunidad nos apoyar\u00edan en cada paso del camino.<\/strong> No estar\u00edamos donde estamos hoy sin su apoyo. Si tiene alguna pregunta sobre esta pr\u00f3xima fase de nuestro desarrollo o desea obtener m\u00e1s informaci\u00f3n sobre el poder del salto de altura para preparar a los estudiantes para una vida de \u00e9xito, no dude en contactarnos. <a href=\"mailto:advancement@highjumpchicago.org?subject=High Jump's Next Phase\">Ponerse en contacto<\/a>.<\/p>\n\t<h1>Aumentar nuestro impacto<\/h1>\n\t<h2>Como uno de los pocos programas en Chicago que brindan enriquecimiento acad\u00e9mico para estudiantes de secundaria, la demanda de High Jump est\u00e1 en su punto m\u00e1s alto.<\/h2>\n\t\t<!-- Comment to fix spacing issue\n\t-->\n\t\t<h1>0+<\/h1>Estudiantes elegibles cada a\u00f1o\n\t<!-- Comment to fix spacing issue\n\t-->\t\n\t\t<!-- Comment to fix spacing issue\n\t-->\n\t\t<h1>0<\/h1>Solicitudes enviadas y estudiantes entrevistados\n\t<!-- Comment to fix spacing issue\n\t-->\t\n\t\t<!-- Comment to fix spacing issue\n\t-->\n\t\t<h1>0<\/h1>Nuevos becarios aceptados (cohorte 35)\n\t<!-- Comment to fix spacing issue\n\t-->\t\n\t\t<!-- Comment to fix spacing issue\n\t-->\n\t\t<h1>0+<\/h1>Total de becarios matriculados\n\t<!-- Comment to fix spacing issue\n\t-->\t\n\t<h2>Con su ayuda, podemos satisfacer la demanda y aumentar nuestro impacto exponencialmente.<\/h2>\n\t\t\t<a href=\"https:\/\/highjumpchicago.org\/es\/donate\/ways-to-donate\/\" target=\"_self\" rel=\"noopener\">\n\t\t\t\t\t\t\t\tInvierta en los acad\u00e9micos del ma\u00f1ana\t\t\t\t\t\t\t\n\t\t\t\t\t\t<\/a>","protected":false},"excerpt":{"rendered":"<p>Inicio Nos hemos mudado \u00bfPor qu\u00e9 nos mudamos? (la respuesta corta): \u00bfQu\u00e9 se movi\u00f3? Oficinas administrativas de High Jump \u00bfA d\u00f3nde nos mudamos? 820 W Jackson Blvd, Suite 310, Chicago, IL 60607 \u00bfSe est\u00e1 moviendo la programaci\u00f3n de High Jump? No, s\u00f3lo nuestras oficinas administrativas se est\u00e1n mudando. Nuestro programa de becarios seguir\u00e1 llev\u00e1ndose a cabo en la Escuela Latina de Chicago, Francis...<\/p>","protected":false},"author":7,"featured_media":16045,"parent":0,"menu_order":0,"comment_status":"closed","ping_status":"closed","template":"","meta":{"_seopress_robots_primary_cat":"","_seopress_titles_title":"","_seopress_titles_desc":"","_seopress_robots_index":"","inline_featured_image":false,"footnotes":""},"class_list":["post-16037","page","type-page","status-publish","has-post-thumbnail","hentry"],"_links":{"self":[{"href":"https:\/\/highjumpchicago.org\/es\/wp-json\/wp\/v2\/pages\/16037","targetHints":{"allow":["GET"]}}],"collection":[{"href":"https:\/\/highjumpchicago.org\/es\/wp-json\/wp\/v2\/pages"}],"about":[{"href":"https:\/\/highjumpchicago.org\/es\/wp-json\/wp\/v2\/types\/page"}],"author":[{"embeddable":true,"href":"https:\/\/highjumpchicago.org\/es\/wp-json\/wp\/v2\/users\/7"}],"replies":[{"embeddable":true,"href":"https:\/\/highjumpchicago.org\/es\/wp-json\/wp\/v2\/comments?post=16037"}],"version-history":[{"count":5,"href":"https:\/\/highjumpchicago.org\/es\/wp-json\/wp\/v2\/pages\/16037\/revisions"}],"predecessor-version":[{"id":16048,"href":"https:\/\/highjumpchicago.org\/es\/wp-json\/wp\/v2\/pages\/16037\/revisions\/16048"}],"wp:featuredmedia":[{"embeddable":true,"href":"https:\/\/highjumpchicago.org\/es\/wp-json\/wp\/v2\/media\/16045"}],"wp:attachment":[{"href":"https:\/\/highjumpchicago.org\/es\/wp-json\/wp\/v2\/media?parent=16037"}],"curies":[{"name":"gracias","href":"https:\/\/api.w.org\/{rel}","templated":true}]}}