{"id":160587,"date":"2026-01-27T12:42:55","date_gmt":"2026-01-27T18:42:55","guid":{"rendered":"https:\/\/highjumpchicago.org\/?page_id=160587"},"modified":"2026-03-13T15:54:06","modified_gmt":"2026-03-13T20:54:06","slug":"support-us","status":"publish","type":"page","link":"https:\/\/highjumpchicago.org\/es\/support-us\/","title":{"rendered":"Apoyanos"},"content":{"rendered":"<h1><strong>Bienvenidos. Gracias por ser parte de nuestra comunidad.<\/strong><\/h1>\n<h3>Tanto si nos est\u00e1s conociendo como si llevas a\u00f1os conectado, nos alegra que est\u00e9s aqu\u00ed. A continuaci\u00f3n, te presentamos algunas maneras significativas de mantenerte conectado: empieza donde est\u00e1s y encuentra tu lugar en High Jump.<\/h3>\n<figure itemscope itemtype=\"https:\/\/schema.org\/ImageObject\">\n\t\t\t\t<img decoding=\"async\" src=\"https:\/\/highjumpchicago.org\/wp-content\/uploads\/2026\/02\/Celebrate-Connect.png\" alt=\"Celebrate &amp; Connect\" height=\"300\" width=\"1500\" title=\"Celebrar y conectar\" onerror=\"this.style.display='none'\" loading=\"lazy\" \/>\n\t<\/figure>\n<figure itemscope itemtype=\"https:\/\/schema.org\/ImageObject\">\n\t\t\t\t<img decoding=\"async\" src=\"https:\/\/highjumpchicago.org\/wp-content\/uploads\/2026\/01\/LRP_0883.jpg\" alt=\"LRP_0883\" height=\"2048\" width=\"1365\" title=\"LRP_0883\" onerror=\"this.style.display='none'\" loading=\"lazy\" \/>\n\t<\/figure>\n\t\t\t\t<p>1 de mayo de 2026<\/p>\n\t\t\t\t\t\t<h2><a href=\"https:\/\/highjumpchicago.org\/es\/benefit\/\" target=\"_blank\">Beneficio anual Una primavera de oportunidades<\/a><\/h2>\t\t\t\t\t\n\t\t\t<p><strong>Patrocinio individual, patrocinio corporativo y entradas disponibles.<br \/><\/strong>Celebre la comunidad, el impacto y las oportunidades, y financie programas que ayuden a los estudiantes de secundaria de Chicago a prosperar.<\/p>\t\t\n\t\t\t\t<a href=\"https:\/\/highjumpchicago.org\/es\/benefit\/\" role=\"button\" target=\"_blank\">\n\t\t\t\t\t\t\t\t\t\tPATROCINAR \/ CONSEGUIR ENTRADAS\n\t\t\t\t\t\t\t\t\t<\/a>\n\t\t\t\t<p>17 de julio de 2026<\/p>\n\t\t\t\t\t\t<h2><a href=\"https:\/\/highjumpchicago.org\/es\/swing-for-impact\/\" target=\"_blank\">\u00a1Golpea para impactar! Torneo de golf ben\u00e9fico<\/a><\/h2>\t\t\t\t\t\n\t\t\t<p><strong>Patrocinio individual, patrocinio corporativo y entradas disponibles.<br \/><\/strong>\u00danase al Chicago Booth Alumni Club y al Kellogg Alumni Club mientras organizan el Swing for Impact Charity Scramble en apoyo al salto de altura.<\/p>\t\t\n\t\t\t\t<a href=\"https:\/\/highjumpchicago.org\/es\/swing-for-impact\/\" role=\"button\" target=\"_blank\">\n\t\t\t\t\t\t\t\t\t\tPATROCINAR \/ CONSEGUIR ENTRADAS\n\t\t\t\t\t\t\t\t\t<\/a>\n<figure itemscope itemtype=\"https:\/\/schema.org\/ImageObject\">\n\t\t\t\t<img decoding=\"async\" src=\"https:\/\/highjumpchicago.org\/wp-content\/uploads\/2026\/02\/Give-Your-Time.png\" alt=\"Give Your Time\" height=\"300\" width=\"1500\" title=\"Dona tu tiempo\" onerror=\"this.style.display='none'\" loading=\"lazy\" \/>\n\t<\/figure>\n<figure itemscope itemtype=\"https:\/\/schema.org\/ImageObject\">\n\t\t\t\t<img decoding=\"async\" src=\"https:\/\/highjumpchicago.org\/wp-content\/uploads\/2026\/01\/IMG_1271.jpg\" alt=\"IMG_1271\" height=\"2048\" width=\"1536\" title=\"IMG_1271\" onerror=\"this.style.display='none'\" loading=\"lazy\" \/>\n\t<\/figure>\n\t\t\t\t<p>Ahora \u2013 Primavera 2026<\/p>\n\t\t\t\t\t\t<h2><a href=\"mailto:adavis@highjumpchicago.org?subject=Benefit%20Committee%20Inquiry\" target=\"_blank\">\u00danase al Comit\u00e9 de Beneficios<\/a><\/h2>\t\t\t\t\t\n\t\t\t<p><strong>Ay\u00fadenos a dar forma y apoyar nuestro evento ben\u00e9fico anual: <em>Una primavera de oportunidades<\/em>.<\/strong><\/p>\t\t\n\t\t\t\t<a href=\"mailto:adavis@highjumpchicago.org?subject=Benefit%20Committee%20Inquiry\" role=\"button\" target=\"_blank\">\n\t\t\t\t\t\t\t\t\t\tENV\u00cdANOS UN CORREO ELECTR\u00d3NICO PARA UNIRTE AL COMIT\u00c9\n\t\t\t\t\t\t\t\t\t<\/a>\n\t\t\t\t<p>Primavera y oto\u00f1o<\/p>\n\t\t\t\t\t\t<h2><a href=\"mailto:advancement@highjumpchicago.org?subject=Student%20Interviews%20Inquiry\" target=\"_blank\">Voluntario en entrevistas estudiantiles<\/a><\/h2>\t\t\t\t\t\n\t\t\t<p><b>Apoye nuestro proceso de admisi\u00f3n entrevistando a futuros estudiantes.<\/b><\/p>\t\t\n\t\t\t\t<a href=\"mailto:advancement@highjumpchicago.org?subject=Student%20Interviews%20Inquiry\" role=\"button\" target=\"_blank\">\n\t\t\t\t\t\t\t\t\t\tENV\u00cdANOS UN CORREO ELECTR\u00d3NICO PARA RECIBIR ACTUALIZACIONES\n\t\t\t\t\t\t\t\t\t<\/a>\n<figure itemscope itemtype=\"https:\/\/schema.org\/ImageObject\">\n\t\t\t\t<img decoding=\"async\" src=\"https:\/\/highjumpchicago.org\/wp-content\/uploads\/2026\/02\/Build-Community.png\" alt=\"Build Community\" height=\"300\" width=\"1500\" title=\"Construir comunidad\" onerror=\"this.style.display='none'\" loading=\"lazy\" \/>\n\t<\/figure>\n<figure itemscope itemtype=\"https:\/\/schema.org\/ImageObject\">\n\t\t\t\t<img decoding=\"async\" src=\"https:\/\/highjumpchicago.org\/wp-content\/uploads\/2026\/01\/Creative-Storytelling-4.jpg\" alt=\"Creative Storytelling - 4\" height=\"2048\" width=\"1536\" title=\"Narraci\u00f3n creativa - 4\" onerror=\"this.style.display='none'\" loading=\"lazy\" \/>\n\t<\/figure>\n\t\t\t\t<p>En curso<\/p>\n\t\t\t\t\t\t<h2><a href=\"mailto:gkizer@highjumpchicago.org?subject=Associate%20Board%20Inquiry\" target=\"_blank\">\u00danase a la Junta de Asociados<\/a><\/h2>\t\t\t\t\t\n\t\t\t<p><strong>\u00danase a un grupo de profesionales que defienden el salto de altura a trav\u00e9s del liderazgo, la defensa y los eventos.<\/strong><\/p>\t\t\n\t\t\t\t<a href=\"mailto:gkizer@highjumpchicago.org?subject=Associate%20Board%20Inquiry\" role=\"button\" target=\"_blank\">\n\t\t\t\t\t\t\t\t\t\tENV\u00cdENOS UN CORREO ELECTR\u00d3NICO PARA UNIRSE A LA JUNTA DE ASOCIADOS\n\t\t\t\t\t\t\t\t\t<\/a>\n\t\t\t\t<p>Febrero y verano<\/p>\n\t\t\t\t\t\t<h2><a href=\"mailto:adavis@highjumpchicago.org?subject=Campus%20Tour%20Inquiry\" target=\"_blank\">Asista a un recorrido por el campus<\/a><\/h2>\t\t\t\t\t\n\t\t\t<p><b>Visita High Jump en acci\u00f3n y observa de primera mano el aprendizaje de nuestros estudiantes.<\/b><\/p>\t\t\n\t\t\t\t<a href=\"mailto:adavis@highjumpchicago.org?subject=Campus%20Tour%20Inquiry\" role=\"button\" target=\"_blank\">\n\t\t\t\t\t\t\t\t\t\tENV\u00cdANOS UN CORREO ELECTR\u00d3NICO PARA RECIBIR ACTUALIZACIONES\n\t\t\t\t\t\t\t\t\t<\/a>\n\t\t\t\t\t\t<h2><a href=\"https:\/\/lp.constantcontactpages.com\/sl\/8OPorkz\/signup\" target=\"_blank\">\u00bfQuieres detalles, invitaciones y recordatorios?<\/a><\/h2>\t\t\t\t\t\n\t\t\t<p><b>Reg\u00edstrese para recibir nuestras noticias electr\u00f3nicas a continuaci\u00f3n para recibir informaci\u00f3n, actualizaciones y oportunidades.<\/b><\/p>\t\t\n\t\t\t\t<a href=\"https:\/\/lp.constantcontactpages.com\/sl\/8OPorkz\/signup\" role=\"button\" target=\"_blank\">\n\t\t\t\t\t\t\t\t\t\tSUSCR\u00cdBETE A LAS NOTICIAS ELECTR\u00d3NICAS DE HIGH JUMP\n\t\t\t\t\t\t\t\t\t<\/a>\n\t\t\t\t\t\t<h2><a href=\"mailto:advancement@highjumpchicago.org?subject=I%20Have%20A%20Question\" target=\"_blank\">\u00bfPreguntas?<\/a><\/h2>\t\t\t\t\t\n\t\t\t<p><b>Cont\u00e1ctanos cuando quieras. Nos encantar\u00eda conectar contigo.<\/b><\/p>\t\t\n\t\t\t\t<a href=\"mailto:advancement@highjumpchicago.org?subject=I%20Have%20A%20Question\" role=\"button\" target=\"_blank\">\n\t\t\t\t\t\t\t\t\t\tENV\u00cdANOS UN CORREO ELECTR\u00d3NICO\n\t\t\t\t\t\t\t\t\t<\/a>","protected":false},"excerpt":{"rendered":"<p>Bienvenidos. Gracias por formar parte de nuestra comunidad. Ya sea que nos conozcan o que lleven a\u00f1os conectados, nos alegra que est\u00e9n aqu\u00ed. A continuaci\u00f3n, les presentamos algunas maneras significativas de mantenerse involucrados: comiencen donde est\u00e9n y encuentren su lugar en High Jump. 1 de mayo de 2026, Patrocinio individual del evento ben\u00e9fico anual &quot;Una Primavera de Oportunidades&quot;,\u2026<\/p>","protected":false},"author":7,"featured_media":0,"parent":0,"menu_order":0,"comment_status":"closed","ping_status":"closed","template":"","meta":{"_seopress_robots_primary_cat":"","_seopress_titles_title":"","_seopress_titles_desc":"","_seopress_robots_index":"","inline_featured_image":false,"footnotes":""},"class_list":["post-160587","page","type-page","status-publish","hentry"],"_links":{"self":[{"href":"https:\/\/highjumpchicago.org\/es\/wp-json\/wp\/v2\/pages\/160587","targetHints":{"allow":["GET"]}}],"collection":[{"href":"https:\/\/highjumpchicago.org\/es\/wp-json\/wp\/v2\/pages"}],"about":[{"href":"https:\/\/highjumpchicago.org\/es\/wp-json\/wp\/v2\/types\/page"}],"author":[{"embeddable":true,"href":"https:\/\/highjumpchicago.org\/es\/wp-json\/wp\/v2\/users\/7"}],"replies":[{"embeddable":true,"href":"https:\/\/highjumpchicago.org\/es\/wp-json\/wp\/v2\/comments?post=160587"}],"version-history":[{"count":10,"href":"https:\/\/highjumpchicago.org\/es\/wp-json\/wp\/v2\/pages\/160587\/revisions"}],"predecessor-version":[{"id":179069,"href":"https:\/\/highjumpchicago.org\/es\/wp-json\/wp\/v2\/pages\/160587\/revisions\/179069"}],"wp:attachment":[{"href":"https:\/\/highjumpchicago.org\/es\/wp-json\/wp\/v2\/media?parent=160587"}],"curies":[{"name":"gracias","href":"https:\/\/api.w.org\/{rel}","templated":true}]}}