{"id":1644,"date":"2019-08-20T19:53:55","date_gmt":"2019-08-21T00:53:55","guid":{"rendered":"https:\/\/d46e648428.nxcli.io\/?page_id=1644"},"modified":"2024-08-08T12:23:17","modified_gmt":"2024-08-08T17:23:17","slug":"virtual-tour-chemistry-lab","status":"publish","type":"page","link":"https:\/\/highjumpchicago.org\/es\/our-programs\/virtual-tour\/virtual-tour-chemistry-lab\/","title":{"rendered":"Tour Virtual: Laboratorio de Qu\u00edmica"},"content":{"rendered":"<nav aria-label=\"migaja de pan\"><ol itemscope itemtype=\"https:\/\/schema.org\/BreadcrumbList\"><li itemprop=\"itemListElement\" itemscope itemtype=\"https:\/\/schema.org\/ListItem\"><a itemscope itemtype=\"http:\/\/schema.org\/WebPage\" itemprop=\"item\" itemid=\"https:\/\/highjumpchicago.org\" href=\"https:\/\/highjumpchicago.org\/es\/\">Casa<\/a><meta itemprop=\"position\" content=\"1\" \/><\/li><li itemprop=\"itemListElement\" itemscope itemtype=\"https:\/\/schema.org\/ListItem\"><a itemscope itemtype=\"http:\/\/schema.org\/WebPage\" itemprop=\"item\" itemid=\"https:\/\/highjumpchicago.org\/program-overview\/\" href=\"https:\/\/highjumpchicago.org\/es\/program-overview\/\">Programa<\/a><meta itemprop=\"position\" content=\"2\" \/><\/li><li itemprop=\"itemListElement\" itemscope itemtype=\"https:\/\/schema.org\/ListItem\"><a itemscope itemtype=\"http:\/\/schema.org\/WebPage\" itemprop=\"item\" itemid=\"https:\/\/highjumpchicago.org\/program-overview\/virtual-tour\/\" href=\"https:\/\/highjumpchicago.org\/es\/program-overview\/virtual-tour\/\">Tour virtual<\/a><meta itemprop=\"position\" content=\"3\" \/><\/li><li aria-current=\"page\" itemprop=\"itemListElement\" itemscope itemtype=\"https:\/\/schema.org\/ListItem\">Tour Virtual: Laboratorio de Qu\u00edmica<meta itemprop=\"position\" content=\"4\" \/><\/li><\/ol><\/nav><h1>\n\t<\/h1>\n\t<iframe loading=\"lazy\" src=\"https:\/\/www.youtube.com\/embed\/pAF9x0NBM0k\" width=\"840\" height=\"472\" frameborder=\"0\" allowfullscreen=\"allowfullscreen\"><\/iframe>\n\t<p>En la clase de qu\u00edmica, los estudiantes de High Jump exploran los conceptos de cambio f\u00edsico y qu\u00edmico, reacciones qu\u00edmicas, estructura at\u00f3mica y m\u00e1s. A trav\u00e9s de experimentos pr\u00e1cticos de laboratorio, los estudiantes aprenden c\u00f3mo observar y registrar datos de manera cualitativa y cuantitativa, analizar cr\u00edticamente los resultados y comunicar sus hallazgos de manera efectiva.<\/p>","protected":false},"excerpt":{"rendered":"<p>Inicio Programa Visita virtual Visita virtual: Laboratorio de qu\u00edmica En la clase de qu\u00edmica, los estudiantes de salto de altura exploran los conceptos de cambio f\u00edsico y qu\u00edmico, reacciones qu\u00edmicas, estructura at\u00f3mica y m\u00e1s. A trav\u00e9s de experimentos pr\u00e1cticos de laboratorio, los estudiantes aprenden c\u00f3mo observar y registrar datos cualitativa y cuantitativamente, analizar cr\u00edticamente los resultados y comunicar eficazmente sus hallazgos.<\/p>","protected":false},"author":8,"featured_media":0,"parent":1588,"menu_order":0,"comment_status":"closed","ping_status":"closed","template":"","meta":{"_seopress_robots_primary_cat":"","_seopress_titles_title":"","_seopress_titles_desc":"","_seopress_robots_index":"","inline_featured_image":false,"footnotes":""},"class_list":["post-1644","page","type-page","status-publish","hentry"],"_links":{"self":[{"href":"https:\/\/highjumpchicago.org\/es\/wp-json\/wp\/v2\/pages\/1644","targetHints":{"allow":["GET"]}}],"collection":[{"href":"https:\/\/highjumpchicago.org\/es\/wp-json\/wp\/v2\/pages"}],"about":[{"href":"https:\/\/highjumpchicago.org\/es\/wp-json\/wp\/v2\/types\/page"}],"author":[{"embeddable":true,"href":"https:\/\/highjumpchicago.org\/es\/wp-json\/wp\/v2\/users\/8"}],"replies":[{"embeddable":true,"href":"https:\/\/highjumpchicago.org\/es\/wp-json\/wp\/v2\/comments?post=1644"}],"version-history":[{"count":2,"href":"https:\/\/highjumpchicago.org\/es\/wp-json\/wp\/v2\/pages\/1644\/revisions"}],"predecessor-version":[{"id":3081,"href":"https:\/\/highjumpchicago.org\/es\/wp-json\/wp\/v2\/pages\/1644\/revisions\/3081"}],"up":[{"embeddable":true,"href":"https:\/\/highjumpchicago.org\/es\/wp-json\/wp\/v2\/pages\/1588"}],"wp:attachment":[{"href":"https:\/\/highjumpchicago.org\/es\/wp-json\/wp\/v2\/media?parent=1644"}],"curies":[{"name":"gracias","href":"https:\/\/api.w.org\/{rel}","templated":true}]}}