{"id":1647,"date":"2019-08-20T19:53:30","date_gmt":"2019-08-21T00:53:30","guid":{"rendered":"https:\/\/d46e648428.nxcli.io\/?page_id=1647"},"modified":"2022-02-12T14:18:13","modified_gmt":"2022-02-12T20:18:13","slug":"virtual-tour-biology-dissections","status":"publish","type":"page","link":"https:\/\/highjumpchicago.org\/es\/our-programs\/virtual-tour\/virtual-tour-biology-dissections\/","title":{"rendered":"Tour Virtual: Biolog\u00eda Disecciones"},"content":{"rendered":"<nav aria-label=\"migaja de pan\"><ol itemscope itemtype=\"https:\/\/schema.org\/BreadcrumbList\"><li itemprop=\"itemListElement\" itemscope itemtype=\"https:\/\/schema.org\/ListItem\"><a itemscope itemtype=\"http:\/\/schema.org\/WebPage\" itemprop=\"item\" itemid=\"https:\/\/highjumpchicago.org\" href=\"https:\/\/highjumpchicago.org\/es\/\">Casa<\/a><meta itemprop=\"position\" content=\"1\" \/><\/li><li itemprop=\"itemListElement\" itemscope itemtype=\"https:\/\/schema.org\/ListItem\"><a itemscope itemtype=\"http:\/\/schema.org\/WebPage\" itemprop=\"item\" itemid=\"https:\/\/highjumpchicago.org\/program-overview\/\" href=\"https:\/\/highjumpchicago.org\/es\/program-overview\/\">Programa<\/a><meta itemprop=\"position\" content=\"2\" \/><\/li><li itemprop=\"itemListElement\" itemscope itemtype=\"https:\/\/schema.org\/ListItem\"><a itemscope itemtype=\"http:\/\/schema.org\/WebPage\" itemprop=\"item\" itemid=\"https:\/\/highjumpchicago.org\/program-overview\/virtual-tour\/\" href=\"https:\/\/highjumpchicago.org\/es\/program-overview\/virtual-tour\/\">Tour virtual<\/a><meta itemprop=\"position\" content=\"3\" \/><\/li><li aria-current=\"page\" itemprop=\"itemListElement\" itemscope itemtype=\"https:\/\/schema.org\/ListItem\">Tour Virtual: Biolog\u00eda Disecciones<meta itemprop=\"position\" content=\"4\" \/><\/li><\/ol><\/nav><h1>\n\t<\/h1>\n\t<iframe loading=\"lazy\" src=\"https:\/\/www.youtube.com\/embed\/BEeKPNef3ek\" width=\"840\" height=\"472\" frameborder=\"0\" allowfullscreen=\"allowfullscreen\"><\/iframe>\n\t<p>Los estudiantes de s\u00e9ptimo grado de High Jump toman una clase de biolog\u00eda que incluye una descripci\u00f3n general intensiva de las c\u00e9lulas, la herencia y la clasificaci\u00f3n, y luego pasan a estudiar los sistemas y la salud del cuerpo humano. Los estudiantes practican el dise\u00f1o y los experimentos de laboratorio, incluidas las disecciones pr\u00e1cticas de animales.<\/p>","protected":false},"excerpt":{"rendered":"<p>Inicio Programa Visita virtual Visita virtual: Disecciones de biolog\u00eda Los estudiantes de s\u00e9ptimo grado de salto de altura toman una clase de biolog\u00eda que incluye una descripci\u00f3n intensiva de las c\u00e9lulas, la herencia y la clasificaci\u00f3n, y luego pasan al estudio de los sistemas y la salud del cuerpo humano. Los estudiantes practican dise\u00f1o de laboratorio y experimentos, incluidas disecciones pr\u00e1cticas de animales.<\/p>","protected":false},"author":8,"featured_media":0,"parent":1588,"menu_order":0,"comment_status":"closed","ping_status":"closed","template":"","meta":{"_seopress_robots_primary_cat":"","_seopress_titles_title":"","_seopress_titles_desc":"","_seopress_robots_index":"","inline_featured_image":false,"footnotes":""},"class_list":["post-1647","page","type-page","status-publish","hentry"],"_links":{"self":[{"href":"https:\/\/highjumpchicago.org\/es\/wp-json\/wp\/v2\/pages\/1647","targetHints":{"allow":["GET"]}}],"collection":[{"href":"https:\/\/highjumpchicago.org\/es\/wp-json\/wp\/v2\/pages"}],"about":[{"href":"https:\/\/highjumpchicago.org\/es\/wp-json\/wp\/v2\/types\/page"}],"author":[{"embeddable":true,"href":"https:\/\/highjumpchicago.org\/es\/wp-json\/wp\/v2\/users\/8"}],"replies":[{"embeddable":true,"href":"https:\/\/highjumpchicago.org\/es\/wp-json\/wp\/v2\/comments?post=1647"}],"version-history":[{"count":2,"href":"https:\/\/highjumpchicago.org\/es\/wp-json\/wp\/v2\/pages\/1647\/revisions"}],"predecessor-version":[{"id":3080,"href":"https:\/\/highjumpchicago.org\/es\/wp-json\/wp\/v2\/pages\/1647\/revisions\/3080"}],"up":[{"embeddable":true,"href":"https:\/\/highjumpchicago.org\/es\/wp-json\/wp\/v2\/pages\/1588"}],"wp:attachment":[{"href":"https:\/\/highjumpchicago.org\/es\/wp-json\/wp\/v2\/media?parent=1647"}],"curies":[{"name":"gracias","href":"https:\/\/api.w.org\/{rel}","templated":true}]}}