{"id":1649,"date":"2019-08-20T20:06:56","date_gmt":"2019-08-21T01:06:56","guid":{"rendered":"https:\/\/d46e648428.nxcli.io\/?page_id=1649"},"modified":"2022-11-11T10:04:19","modified_gmt":"2022-11-11T16:04:19","slug":"virtual-tour-humanities","status":"publish","type":"page","link":"https:\/\/highjumpchicago.org\/es\/our-programs\/virtual-tour\/virtual-tour-humanities\/","title":{"rendered":"Tour Virtual: Humanidades"},"content":{"rendered":"<nav aria-label=\"migaja de pan\"><ol itemscope=\"\" itemtype=\"https:\/\/schema.org\/BreadcrumbList\"><li itemprop=\"itemListElement\" itemscope=\"\" itemtype=\"https:\/\/schema.org\/ListItem\"><a itemscope=\"\" itemtype=\"http:\/\/schema.org\/WebPage\" itemprop=\"item\" itemid=\"https:\/\/highjumpchicago.org\" href=\"https:\/\/highjumpchicago.org\/es\/\">Casa<\/a><meta itemprop=\"position\" content=\"1\"><\/li><li itemprop=\"itemListElement\" itemscope=\"\" itemtype=\"https:\/\/schema.org\/ListItem\"><a itemscope=\"\" itemtype=\"http:\/\/schema.org\/WebPage\" itemprop=\"item\" itemid=\"https:\/\/highjumpchicago.org\/our-programs\/\" href=\"https:\/\/highjumpchicago.org\/es\/our-programs\/\">Nuestros Programas<\/a><meta itemprop=\"position\" content=\"2\"><\/li><li itemprop=\"itemListElement\" itemscope=\"\" itemtype=\"https:\/\/schema.org\/ListItem\"><a itemscope=\"\" itemtype=\"http:\/\/schema.org\/WebPage\" itemprop=\"item\" itemid=\"https:\/\/highjumpchicago.org\/our-programs\/virtual-tour\/\" href=\"https:\/\/highjumpchicago.org\/es\/our-programs\/virtual-tour\/\">Tour virtual<\/a><meta itemprop=\"position\" content=\"3\"><\/li><li aria-current=\"page\" itemprop=\"itemListElement\" itemscope=\"\" itemtype=\"https:\/\/schema.org\/ListItem\">Tour virtual: problemas e ideas<meta itemprop=\"position\" content=\"4\"><\/li><\/ol><\/nav>\n\t<iframe loading=\"lazy\" src=\"https:\/\/www.youtube.com\/embed\/5NhgLxWycis\" width=\"840\" height=\"472\" frameborder=\"0\" allowfullscreen=\"allowfullscreen\"><\/iframe>\n\t<p>En Humanidades, los acad\u00e9micos exploran los problemas sociales, pol\u00edticos, econ\u00f3micos y ambientales que dan forma a su mundo. Aprenden a analizar y discutir perspectivas, desarrollar el pensamiento cr\u00edtico y responder en narrativas personales y escritos expositivos.<\/p>","protected":false},"excerpt":{"rendered":"<p>Inicio Nuestros programas Visita virtual Visita virtual: problemas e ideas \ufeff\ufeff En Humanidades, los acad\u00e9micos exploran las cuestiones sociales, pol\u00edticas, econ\u00f3micas y ambientales que dan forma a su mundo. Aprenden a analizar y discutir perspectivas, desarrollar el pensamiento cr\u00edtico y responder en narrativas personales y escritos expositivos.<\/p>","protected":false},"author":8,"featured_media":0,"parent":1588,"menu_order":0,"comment_status":"closed","ping_status":"closed","template":"","meta":{"_seopress_robots_primary_cat":"","_seopress_titles_title":"","_seopress_titles_desc":"","_seopress_robots_index":"","inline_featured_image":false,"footnotes":""},"class_list":["post-1649","page","type-page","status-publish","hentry"],"_links":{"self":[{"href":"https:\/\/highjumpchicago.org\/es\/wp-json\/wp\/v2\/pages\/1649","targetHints":{"allow":["GET"]}}],"collection":[{"href":"https:\/\/highjumpchicago.org\/es\/wp-json\/wp\/v2\/pages"}],"about":[{"href":"https:\/\/highjumpchicago.org\/es\/wp-json\/wp\/v2\/types\/page"}],"author":[{"embeddable":true,"href":"https:\/\/highjumpchicago.org\/es\/wp-json\/wp\/v2\/users\/8"}],"replies":[{"embeddable":true,"href":"https:\/\/highjumpchicago.org\/es\/wp-json\/wp\/v2\/comments?post=1649"}],"version-history":[{"count":5,"href":"https:\/\/highjumpchicago.org\/es\/wp-json\/wp\/v2\/pages\/1649\/revisions"}],"predecessor-version":[{"id":6213,"href":"https:\/\/highjumpchicago.org\/es\/wp-json\/wp\/v2\/pages\/1649\/revisions\/6213"}],"up":[{"embeddable":true,"href":"https:\/\/highjumpchicago.org\/es\/wp-json\/wp\/v2\/pages\/1588"}],"wp:attachment":[{"href":"https:\/\/highjumpchicago.org\/es\/wp-json\/wp\/v2\/media?parent=1649"}],"curies":[{"name":"gracias","href":"https:\/\/api.w.org\/{rel}","templated":true}]}}