{"id":1780,"date":"2019-09-24T20:16:48","date_gmt":"2019-09-25T01:16:48","guid":{"rendered":"https:\/\/d46e648428.nxcli.io\/?page_id=1780"},"modified":"2026-03-05T13:51:58","modified_gmt":"2026-03-05T19:51:58","slug":"sustaining-leaders-fund","status":"publish","type":"page","link":"https:\/\/highjumpchicago.org\/es\/donate\/sustaining-leaders-fund\/","title":{"rendered":"Fondo de Sostenimiento de L\u00edderes"},"content":{"rendered":"<nav  aria-label=\"migaja de pan\"><ol itemscope itemtype=\"https:\/\/schema.org\/BreadcrumbList\"><li itemprop=\"itemListElement\" itemscope itemtype=\"https:\/\/schema.org\/ListItem\"><a itemscope itemtype=\"https:\/\/schema.org\/WebPage\" itemprop=\"item\" itemid=\"https:\/\/highjumpchicago.org\" href=\"https:\/\/highjumpchicago.org\/es\/\">Casa<\/a><meta itemprop=\"position\" content=\"1\"\/><\/li><li itemprop=\"itemListElement\" itemscope itemtype=\"https:\/\/schema.org\/ListItem\"><a itemscope itemtype=\"https:\/\/schema.org\/WebPage\" itemprop=\"item\" itemid=\"https:\/\/highjumpchicago.org\/donate\/\" href=\"https:\/\/highjumpchicago.org\/es\/donate\/\">Donar<\/a><meta itemprop=\"position\" content=\"2\"\/><\/li><li aria-current=\"page\" itemprop=\"itemListElement\" itemscope itemtype=\"https:\/\/schema.org\/ListItem\">Fondo de Sostenimiento de L\u00edderes<meta itemprop=\"position\" content=\"3\"\/><\/li><\/ol><\/nav><h1>\n\t\t\tEl Sustaining Leaders Fund es un grupo esencial de donantes dedicados a apoyar la misi\u00f3n de High Jump de igualar las oportunidades educativas en Chicago.\t<\/h1>\n\t\t\t<a href=\"https:\/\/giving.classy.org\/campaign\/627693\/donate\"  target=\"_blank\" rel=\"noopener\">\n\t\t\t\t\t\t\tDonar en l\u00ednea\n\t\t\t\t\t<\/a>\n\t<h3>Ser un l\u00edder sustentador significa:<\/h3>\n<ul>\n<li><strong>Apoyar\u00e1s el a\u00f1o de aprendizaje de un acad\u00e9mico.<\/strong> con un regalo de $7,500 o m\u00e1s.<\/li>\n<li><strong>Eres un pilar de la comunidad High Jump<\/strong>, haciendo una inversi\u00f3n profunda y duradera en su comunidad a nivel individual.<\/li>\n<li><a href=\"https:\/\/highjumpchicago.org\/es\/the-essential-impact-of-the-sustaining-leaders-fund\/\"><strong><u>Est\u00e1s garantizando que High Jump pueda seguir teniendo un impacto incre\u00edble y duradero.<\/u><\/strong><\/a> en la pr\u00f3xima generaci\u00f3n, ayudando a transformar el panorama educativo de Chicago.<\/li>\n<\/ul>\n\t\t\t\t\t<img decoding=\"async\" src=\"https:\/\/i.ytimg.com\/vi\/gSSJOJHRnV0\/maxresdefault.jpg\" alt=\"youtube-video-thumbnail\"\/>\n\t\t<h1>High Jump necesita tu apoyo para continuar:<\/h1>\n\t\t<ul>\n<li><strong>Crecer<\/strong> Nuestros acad\u00e9micos prestaron servicios en nuestros programas a m\u00e1s de 500 anualmente por primera vez.<\/li>\n<li><strong>Dar<\/strong> Apoyo individualizado de los acad\u00e9micos con profesionales de la salud mental para satisfacer sus crecientes necesidades.<\/li>\n<li><strong>Apoyo<\/strong> nuestros incre\u00edbles maestros aumentando el salario, el desarrollo profesional y el tiempo de planificaci\u00f3n<\/li>\n<li><strong>Proveer<\/strong> Cada estudiante con comidas y computadoras port\u00e1tiles mientras los costos se disparan debido a la inflaci\u00f3n<\/li>\n<li><strong>Mantenga el salto de altura gratuito<\/strong> capacitar a nuestros estudiantes para que abran sus propios caminos hacia el \u00e9xito<\/li>\n<\/ul>\n<p><b>Ser un l\u00edder sustentador. <\/b>Comun\u00edquese con Molly Gilbride, directora de desarrollo, en <a href=\"mailto:mgilbride@highjumpchicago.org\"><u>mgilbride@highjumpchicago.org<\/u><\/a> para hacer su regalo o donar en l\u00ednea usando el bot\u00f3n a continuaci\u00f3n.<\/p>\n\t\t\t<a href=\"https:\/\/giving.classy.org\/campaign\/627693\/donate\"  target=\"_self\">\n\t\t\t\t\t\t\tDonar en l\u00ednea\n\t\t\t\t\t<\/a>\n\t<h3>Almuerzo del Fondo para L\u00edderes Sustentadores<\/h3>\n<h3><em>Escuelas P\u00fablicas de Chicago: Perspectivas y an\u00e1lisis actuales<\/em><\/h3>\n\t<p>Nuestro almuerzo del Fondo de L\u00edderes Sostenibles de 2025 cont\u00f3 con la participaci\u00f3n de oradores invitados como Becky Vevea, jefa de la oficina de Chicago de Chalkbeat, y Daniel Anello, director ejecutivo de Kids First Chicago, quienes compartieron sus valiosos conocimientos en una conversaci\u00f3n con nosotros.<\/p>\n<p>Nuestra discusi\u00f3n toc\u00f3 la historia de CPS, el impacto que la historia ha tenido en las CPS de hoy, los desaf\u00edos a menudo mencionados que el distrito ha enfrentado y seguir\u00e1 enfrentando, los \u00e9xitos menos discutidos del distrito a lo largo de los a\u00f1os y las oportunidades para continuar mejorando para servir mejor y satisfacer las necesidades de los j\u00f3venes acad\u00e9micos en nuestra ciudad.<\/p>\n<h5>Daniel Anello y Becky Vevea compartieron sus ideas, entre otras cosas, sobre c\u00f3mo brindarles a los padres la informaci\u00f3n que necesitan para apoyar mejor a sus hijos y c\u00f3mo interactuar con la nueva Junta Escolar de Chicago.<\/h5>\n<figure itemscope itemtype=\"https:\/\/schema.org\/ImageObject\">\n\t\t\t\t<img decoding=\"async\" src=\"https:\/\/highjumpchicago.org\/wp-content\/uploads\/2025\/07\/FY25-SLF-Luncheon-05-1024x768.jpg\" alt=\"FY25 SLF Luncheon 05\" height=\"768\" width=\"1024\" title=\"Almuerzo SLF FY25 05\" onerror=\"this.style.display='none'\" loading=\"lazy\" \/>\n\t<\/figure>\n\t<h3>\u00danase al Sustaining Leaders Fund y reciba los siguientes beneficios:<\/h3>\n<ul>\n<li><strong>Una invitaci\u00f3n<\/strong> a la exclusiva <em>Almuerzo de agradecimiento a los donantes de Sustaining Leaders<\/em> presentando una voz inspiradora en la comunidad de Chicago. Los oradores anteriores incluyen al exsecretario de Educaci\u00f3n de EE. UU. Arne Duncan, documentalista de Chicago y director de<em> Sue\u00f1os de aro<\/em> y <em>Am\u00e9rica para m\u00ed<\/em> Steve James y la ex directora ejecutiva de las Escuelas P\u00fablicas de Chicago, Janice Jackson.<\/li>\n<li><strong>Reconocimiento<\/strong> en salto de altura <em>Beneficio Primavera de Oportunidad<\/em>, el sitio web de High Jump, nuestro informe anual y m\u00e1s.<\/li>\n<li><b>Comunicaci\u00f3n especial<\/b> del director ejecutivo Nate Pietrini<\/li>\n<li><strong>Una muestra anual de nuestro agradecimiento<\/strong><\/li>\n<\/ul>\n<h1>\n\t\t\tInforme anual de salto de altura\t<\/h1>\n\t<div class=\"_df_book df-lite\" id=\"df_130391\"  _slug=\"high-jump-annual-report\" data-title=\"high-jump-annual-report-2023-2024\" wpoptions=\"true\" thumb=\"https:\/\/highjumpchicago.org\/wp-content\/uploads\/2025\/10\/Thumbnail-High-Jump-Annual-Report-2023-2024_Page_01.jpg\" thumbtype=\"\" ><\/div><script class=\"df-shortcode-script\" nowprocket type=\"application\/javascript\">window.option_df_130391 = {\"outline\":[],\"backgroundColor\":\"#2cafa4\",\"autoEnableOutline\":\"false\",\"autoEnableThumbnail\":\"false\",\"overwritePDFOutline\":\"false\",\"direction\":\"1\",\"pageSize\":\"0\",\"source\":\"https:\\\/\\\/highjumpchicago.org\\\/wp-content\\\/uploads\\\/2025\\\/10\\\/High-Jump-Annual-Report-2023-2024.pdf\",\"wpOptions\":\"true\"}; if(window.DFLIP && window.DFLIP.parseBooks){window.DFLIP.parseBooks();}<\/script>\n\t<h2 id=\"members\">High Jump quisiera agradecer a los miembros del Sustaining Leaders Fund por proporcionar donaciones ilimitadas al fondo anual de m\u00e1s de $7,500.<\/h2>\n\tAn\u00f3nimo<br \/>\nNavneet Arora y Lori Eppstein<br \/>\nkatie y chris peluquero<br \/>\nCarol Bernstein Eckstein y Marty Eckstein<br \/>\nShanelle Brown<br \/>\nJohn y Jacolyn Bucksbaum<br \/>\nSally B. Carton y John Carton<br \/>\nChristopher y Elisa Cartwright<br \/>\nErica y Krishnan Chandrasekhar<br \/>\nJymme y Steve Chaouki<br \/>\nLauren y David Chazen<br \/>\nSara y John Cobb<br \/>\nVicente Cozzi<br \/>\nPaula Crown y la familia Crown<br \/>\nKaren y Arne Duncan<br \/>\nLauren y Michael Erdin<br \/>\nJenny Friedes y Steve Florsheim<br \/>\nPaula y Tim Friedman<br \/>\nLara Frohlich y John Bremen<br \/>\nJock Fullmer y el Fondo de Alegr\u00eda de la Familia Fullmer<br \/>\nArla y Joel Gomberg<br \/>\nFundaci\u00f3n de la familia Michael y Pamela Gordon<br \/>\nB\u00e1rbara Goodman Manilow<br \/>\nBrian y Christina Greviskes<br \/>\nLa familia Grodnick<br \/>\nAlison y Tom Hafner<br \/>\nDavid Herro y Jay Franke<br \/>\nMariana y Paul Ingersoll<br \/>\nGeorge Jasinski<br \/>\nKrissan y John Jennings Lena y Andrew Jessen<br \/>\nBruce y Marcia Johnson-Reid<br \/>\nLori y Stephen Kaufman<br \/>\nMichael y Rosalind Keiser<br \/>\nPriscila y Steven Kersten<br \/>\nDr. Erik y Adrienne King<br \/>\nCatharyn Cutright y Randall W. Larrimore<br \/>\nJohn y Jill Levi<br \/>\nPeggy y Yung Bong Lim<br \/>\nAmi y Eric Liu<br \/>\nNichole L\u00f3pez-Tackett y Jaron Parry-Tackett<br \/>\nKim Lynch<br \/>\nKerrie Maloney Laytin<br \/>\nNicole y Brad Mann<br \/>\nJoe Mansueto y Rika Yoshida<br \/>\nMateo D. Medios<br \/>\nLiz y Constantine Mihas<br \/>\nDara y Ross Milner<br \/>\njames mitchell<br \/>\nAmy y Jay Novak<br \/>\nCindy y Michael O&#039;Connor<br \/>\nGeorgy Ann y William Peluchiwski<br \/>\nAbby y Mason Phelps<br \/>\nscott y laurie rose<br \/>\nJalen Ross y Elizabeth LaBossiere<br \/>\nDiane Saltoun y Bruce Braun<br \/>\nEl Fondo de la Smart Family Foundation de Illinois en la Chicago Community Foundation<br \/>\nKatrina Veerhusen y Hugh R. McCombs<br \/>\nsara piedra<br \/>\nPeg Zerega","protected":false},"excerpt":{"rendered":"<p>Inicio Donar Fondo Sustaining Leaders El Fondo Sustaining Leaders es un grupo esencial de donantes dedicados a apoyar la misi\u00f3n de High Jump de igualar las oportunidades educativas en Chicago. Done en l\u00ednea Ser un l\u00edder sustentador significa: Apoyar\u00e1 el a\u00f1o de aprendizaje de un acad\u00e9mico con una donaci\u00f3n de $7,500 o m\u00e1s. Eres un pilar de la...<\/p>","protected":false},"author":8,"featured_media":0,"parent":2056,"menu_order":0,"comment_status":"closed","ping_status":"closed","template":"","meta":{"_seopress_robots_primary_cat":"","_seopress_titles_title":"","_seopress_titles_desc":"","_seopress_robots_index":"","inline_featured_image":false,"footnotes":""},"class_list":["post-1780","page","type-page","status-publish","hentry"],"_links":{"self":[{"href":"https:\/\/highjumpchicago.org\/es\/wp-json\/wp\/v2\/pages\/1780","targetHints":{"allow":["GET"]}}],"collection":[{"href":"https:\/\/highjumpchicago.org\/es\/wp-json\/wp\/v2\/pages"}],"about":[{"href":"https:\/\/highjumpchicago.org\/es\/wp-json\/wp\/v2\/types\/page"}],"author":[{"embeddable":true,"href":"https:\/\/highjumpchicago.org\/es\/wp-json\/wp\/v2\/users\/8"}],"replies":[{"embeddable":true,"href":"https:\/\/highjumpchicago.org\/es\/wp-json\/wp\/v2\/comments?post=1780"}],"version-history":[{"count":10,"href":"https:\/\/highjumpchicago.org\/es\/wp-json\/wp\/v2\/pages\/1780\/revisions"}],"predecessor-version":[{"id":175695,"href":"https:\/\/highjumpchicago.org\/es\/wp-json\/wp\/v2\/pages\/1780\/revisions\/175695"}],"up":[{"embeddable":true,"href":"https:\/\/highjumpchicago.org\/es\/wp-json\/wp\/v2\/pages\/2056"}],"wp:attachment":[{"href":"https:\/\/highjumpchicago.org\/es\/wp-json\/wp\/v2\/media?parent=1780"}],"curies":[{"name":"gracias","href":"https:\/\/api.w.org\/{rel}","templated":true}]}}