{"id":1955,"date":"2019-12-12T19:45:39","date_gmt":"2019-12-13T01:45:39","guid":{"rendered":"https:\/\/d46e648428.nxcli.io\/?page_id=1955"},"modified":"2025-10-02T16:31:45","modified_gmt":"2025-10-02T21:31:45","slug":"ways-to-donate","status":"publish","type":"page","link":"https:\/\/highjumpchicago.org\/es\/donate\/ways-to-donate\/","title":{"rendered":"Formas de donar"},"content":{"rendered":"<nav  aria-label=\"migaja de pan\"><ol itemscope itemtype=\"https:\/\/schema.org\/BreadcrumbList\"><li itemprop=\"itemListElement\" itemscope itemtype=\"https:\/\/schema.org\/ListItem\"><a itemscope itemtype=\"https:\/\/schema.org\/WebPage\" itemprop=\"item\" itemid=\"https:\/\/highjumpchicago.org\" href=\"https:\/\/highjumpchicago.org\/es\/\">Casa<\/a><meta itemprop=\"position\" content=\"1\"\/><\/li><li itemprop=\"itemListElement\" itemscope itemtype=\"https:\/\/schema.org\/ListItem\"><a itemscope itemtype=\"https:\/\/schema.org\/WebPage\" itemprop=\"item\" itemid=\"https:\/\/highjumpchicago.org\/donate\/\" href=\"https:\/\/highjumpchicago.org\/es\/donate\/\">Donar<\/a><meta itemprop=\"position\" content=\"2\"\/><\/li><li aria-current=\"page\" itemprop=\"itemListElement\" itemscope itemtype=\"https:\/\/schema.org\/ListItem\">Formas de donar<meta itemprop=\"position\" content=\"3\"\/><\/li><\/ol><\/nav>\n\t\t\t\t<img decoding=\"async\" src=\"https:\/\/highjumpchicago.org\/wp-content\/uploads\/2024\/04\/Science-Lab-Students.jpg\" alt=\"Science Lab Students\" itemprop=\"image\" height=\"1365\" width=\"2048\" title=\"Estudiantes del laboratorio de ciencias\" onerror=\"this.style.display='none'\" loading=\"lazy\" \/>\n<h2>\n\t\t\tHaz una donaci\u00f3n\t<\/h2>\n\t<p><strong>\u00danete a nuestra comunidad de seguidores<\/strong> e invertir en Scholars a escala individual.<\/p>\n\t\t\t<a href=\"?campaign=524397\" target=\"_self\">\n\t\t\t\t\t\t\tDONE AHORA\n\t\t\t\t\t<\/a>\n\t\t\t<a href=\"https:\/\/highjumpchicago.org\/wp-content\/uploads\/2025\/07\/High-Jump-Donation-Options-FY26.pdf\" target=\"_blank\" rel=\"noopener\">\n\t\t\t\t\t\t\tHaga clic aqu\u00ed para conocer MANERAS DE DONAR al salto de altura\n\t\t\t\t\t<\/a>\n\t\t\t<a href=\"https:\/\/www.charitynavigator.org\/donor-basics\/giving-101\/employee-match-programs\/#:~:text=See%20if%20your%20employer%20will%20match%20your%20donation!\" target=\"_blank\" rel=\"noopener\">\n\t\t\t\t\t\t\t\u00bfMi empleador igualar\u00e1 mi donaci\u00f3n? Haga clic aqu\u00ed para descubrirlo en Charity Navigator.\n\t\t\t\t\t<\/a>\n<h2  id=\"daf-anchor\">\n\t\t\tLos fondos asesorados por donantes hacen que donar sea f\u00e1cil e intencional.\t<\/h2>\n\t<strong>Al elegir High Jump, est\u00e1s invirtiendo directamente en el futuro de nuestros estudiantes.<\/strong>-garantizar que cuenten con las herramientas acad\u00e9micas, la tutor\u00eda y las oportunidades para tener \u00e9xito en la escuela secundaria, la universidad y m\u00e1s all\u00e1.\n\t\t\t\t<img decoding=\"async\" src=\"https:\/\/highjumpchicago.org\/wp-content\/uploads\/2025\/06\/HighJump_MovingUpCeremony2025_0117-3236.jpg\" alt=\"HighJump_MovingUpCeremony2025_0117-3236\" itemprop=\"image\" height=\"1365\" width=\"2048\" title=\"Ceremonia de ascenso de salto alto2025_0117-3236\" onerror=\"this.style.display='none'\" loading=\"lazy\" \/>\n\t\t\t\t<img decoding=\"async\" src=\"https:\/\/highjumpchicago.org\/wp-content\/uploads\/2022\/01\/LRP_9744.jpg\" alt=\"LRP_9744\" itemprop=\"image\" height=\"1365\" width=\"2048\" title=\"LRP_9744\" onerror=\"this.style.display='none'\" loading=\"lazy\" \/>\n\t<h3>\n\t\t\t\tPatrocine nuestro Beneficio Primavera de Oportunidades\n\t\t\t<\/h3>\n\t<p><b>Haz una mayor contribuci\u00f3n, haz un mayor impacto.<\/b> Nuestro beneficio se lleva a cabo anualmente en mayo, pero puede iniciar la conversaci\u00f3n durante todo el a\u00f1o. Contamos con una variedad de niveles de patrocinio desde $2,500.<\/p>\n\t\t\t<a href=\"https:\/\/www.classy.org\/event\/2026-high-jump-spring-of-opportunity-benefit\/e704247\" target=\"_blank\" rel=\"noopener\">\n\t\t\t\t\t\t\tConvi\u00e9rtete en patrocinador\n\t\t\t\t\t<\/a>\n<h2>\n\t\t\t\u00danase al Fondo de Sostenimiento de L\u00edderes\t<\/h2>\n\t<p><strong>Allane el camino para los futuros pioneros de Chicago.<\/strong> Los miembros del Sustaining Leaders Fund hacen donaciones anuales que igualan o superan el costo de la matr\u00edcula de un estudiante.<\/p>\n\t\t\t<a href=\"https:\/\/highjumpchicago.org\/es\/sustaining-leaders-fund\/\" target=\"_self\">\n\t\t\t\t\t\t\tConvi\u00e9rtase en un l\u00edder sustentador\n\t\t\t\t\t<\/a>\n\t\t\t\t<img decoding=\"async\" src=\"https:\/\/highjumpchicago.org\/wp-content\/uploads\/2024\/05\/6-Amy-Salinas-2.jpg\" alt=\"Two high Jump students stand holding their diplomas\" itemprop=\"image\" height=\"1366\" width=\"2048\" title=\"amy\" onerror=\"this.style.display='none'\" loading=\"lazy\" \/>\n<h2>\n\t\t\t\u00a1Celebra con Salto de Altura!\t<\/h2>\n\t<p><strong>Convierte tus celebraciones en una fuerza para el bien con una p\u00e1gina de recaudaci\u00f3n de fondos para celebraciones de salto de altura.<\/strong> \u00a1Invita a tus amigos y familiares a donar para igualar el acceso a la educaci\u00f3n para tu evento especial!<\/p>\n\t\t\t<a href=\"https:\/\/www.classy.org\/campaign\/celebrate-with-high-jump\/c530211\" target=\"_self\">\n\t\t\t\t\t\t\tIniciar una recaudaci\u00f3n de fondos\n\t\t\t\t\t<\/a>\n\t\t\t\t<img decoding=\"async\" src=\"https:\/\/highjumpchicago.org\/wp-content\/uploads\/2020\/05\/IMG_1434-scaled-1.jpg\" alt=\"IMG_1434\" itemprop=\"image\" height=\"1366\" width=\"2048\" title=\"IMG_1434\" onerror=\"this.style.display='none'\" loading=\"lazy\" \/>\n\t\t\t\t<img decoding=\"async\" src=\"https:\/\/highjumpchicago.org\/wp-content\/uploads\/2025\/06\/Corp-Sponsor-IMG_0541.jpg\" alt=\"Corp Sponsor IMG_0541\" itemprop=\"image\" height=\"1365\" width=\"2048\" title=\"Patrocinador corporativo IMG_0541\" onerror=\"this.style.display='none'\" loading=\"lazy\" \/>\n<h2>\n\t\t\tConvi\u00e9rtase en un patrocinador corporativo\t<\/h2>\n\t<p>\u00bfQuiere su empresa tener un impacto duradero en el panorama educativo de Chicago mientras invierte en el futuro de la pr\u00f3xima generaci\u00f3n de l\u00edderes de Chicago? <strong>\u00a1Descubre el impacto que puedes tener como Patrocinador Corporativo de High Jump!<\/strong><\/p>\n\t\t\t<a href=\"https:\/\/highjumpchicago.org\/es\/donate\/sponsor-us\/\" target=\"_self\">\n\t\t\t\t\t\t\tConvi\u00e9rtase en un patrocinador corporativo\n\t\t\t\t\t<\/a>\n<h2>\n\t\t\tVoluntario con nosotros\t<\/h2>\n\t<p><strong>Con\u00e9ctese con los estudiantes<\/strong> en nuestras oportunidades anuales de voluntariado: entrevistas simuladas en el oto\u00f1o; Entrevistas de admisi\u00f3n en la primavera; y Career Day en el verano.<\/p>\n\t\t\t<a href=\"https:\/\/highjumpchicago.org\/es\/donate\/volunteer\/\" target=\"_self\">\n\t\t\t\t\t\t\tAprende m\u00e1s\n\t\t\t\t\t<\/a>\n\t\t\t\t<img decoding=\"async\" src=\"https:\/\/highjumpchicago.org\/wp-content\/uploads\/2022\/10\/IMG_1271.jpg\" alt=\"IMG_1271\" itemprop=\"image\" height=\"2048\" width=\"1536\" title=\"IMG_1271\" onerror=\"this.style.display='none'\" loading=\"lazy\" \/>\n\t\t\t<a href=\"https:\/\/highjumpchicago.org\/wp-content\/uploads\/2025\/07\/High-Jump-Donation-Options-FY26.pdf\" target=\"_blank\" rel=\"noopener\">\n\t\t\t\t\t\t\tHaga clic aqu\u00ed para conocer MANERAS DE DONAR al salto de altura\n\t\t\t\t\t<\/a>\n<h2>\n\t\t\tSu contribuci\u00f3n en acci\u00f3n\t<\/h2>\n\t<ul>\n\t\t<li>\t\t\t\t\n\t\t<h3>Enriquecimiento acad\u00e9mico sin matr\u00edcula<\/h3><\/li><li>\t\t\t\t\n\t\t<h3>Meriendas y comidas para estudiantes.<\/h3><\/li><li>\t\t\t\t\n\t\t<h3>Laptops permanentes para estudiantes<\/h3><\/li>\t<\/ul>\n\t<ul>\n\t\t<li>\t\t\t\t\n\t\t<h3>Profesorado y personal dedicado<\/h3><\/li><li>\t\t\t\t\n\t\t<h3>Apoyo pr\u00e1ctico para estudiantes <\/h3><\/li><li>\t\t\t\t\n\t\t<h3>Todos los materiales de aprendizaje proporcionados.<\/h3><\/li>\t<\/ul>","protected":false},"excerpt":{"rendered":"<p>Inicio Donar Formas de donar Haz una donaci\u00f3n \u00danete a nuestra comunidad de colaboradores e invierte en becarios a nivel individual. DONA AHORA Haz clic aqu\u00ed para ver las FORMAS DE DONAR a High Jump. \u00bfMi empleador igualar\u00e1 mi donaci\u00f3n? Haz clic aqu\u00ed para descubrirlo en Charity Navigator. Los Fondos Asesorados por Donantes facilitan las donaciones y las hacen intencionales. Al elegir\u2026<\/p>","protected":false},"author":8,"featured_media":0,"parent":2056,"menu_order":3,"comment_status":"closed","ping_status":"closed","template":"","meta":{"_seopress_robots_primary_cat":"","_seopress_titles_title":"","_seopress_titles_desc":"","_seopress_robots_index":"","inline_featured_image":false,"footnotes":""},"class_list":["post-1955","page","type-page","status-publish","hentry"],"_links":{"self":[{"href":"https:\/\/highjumpchicago.org\/es\/wp-json\/wp\/v2\/pages\/1955","targetHints":{"allow":["GET"]}}],"collection":[{"href":"https:\/\/highjumpchicago.org\/es\/wp-json\/wp\/v2\/pages"}],"about":[{"href":"https:\/\/highjumpchicago.org\/es\/wp-json\/wp\/v2\/types\/page"}],"author":[{"embeddable":true,"href":"https:\/\/highjumpchicago.org\/es\/wp-json\/wp\/v2\/users\/8"}],"replies":[{"embeddable":true,"href":"https:\/\/highjumpchicago.org\/es\/wp-json\/wp\/v2\/comments?post=1955"}],"version-history":[{"count":5,"href":"https:\/\/highjumpchicago.org\/es\/wp-json\/wp\/v2\/pages\/1955\/revisions"}],"predecessor-version":[{"id":129132,"href":"https:\/\/highjumpchicago.org\/es\/wp-json\/wp\/v2\/pages\/1955\/revisions\/129132"}],"up":[{"embeddable":true,"href":"https:\/\/highjumpchicago.org\/es\/wp-json\/wp\/v2\/pages\/2056"}],"wp:attachment":[{"href":"https:\/\/highjumpchicago.org\/es\/wp-json\/wp\/v2\/media?parent=1955"}],"curies":[{"name":"gracias","href":"https:\/\/api.w.org\/{rel}","templated":true}]}}