{"id":2056,"date":"2020-04-02T14:45:06","date_gmt":"2020-04-02T14:45:06","guid":{"rendered":"https:\/\/d46e648428.nxcli.io\/?page_id=2056"},"modified":"2024-11-01T10:21:53","modified_gmt":"2024-11-01T15:21:53","slug":"donate","status":"publish","type":"page","link":"https:\/\/highjumpchicago.org\/es\/donate\/","title":{"rendered":"Donar"},"content":{"rendered":"<link href=\"https:\/\/doublethedonation.com\/api\/css\/ddplugin.css\" rel=\"stylesheet\">\n<!-- (c) 2022 The SmartTHING Limited File smartdonorcoverolx-display provided under license to masaf@highjumpchicago.org Last updated 03\/07\/2022 05:36:03 pm --> \n<h3>\n\t\t<a href=\"https:\/\/highjumpchicago.org\/es\/donate\/donation-faq\/\" title=\"\u00bfTienes curiosidad por conocer otras formas de donar? Consulte nuestras Preguntas frecuentes sobre donaciones.\" target=\"_self\" rel=\"noopener\">\n\t\t\u00bfTienes curiosidad por conocer otras formas de donar? Consulte nuestras Preguntas frecuentes sobre donaciones.\n\t\t<\/a>\n\t<\/h3>\n<h2>\n\t\tSu contribuci\u00f3n en acci\u00f3n\n\t<\/h2>\n\t<ul>\n\t\t<li>\t\t\t\t\n\t\t<h3>Enriquecimiento acad\u00e9mico sin matr\u00edcula<\/h3><\/li><li>\t\t\t\t\n\t\t<h3>Meriendas y comidas para estudiantes.<\/h3><\/li><li>\t\t\t\t\n\t\t<h3>Laptops permanentes para estudiantes<\/h3><\/li>\t<\/ul>\n\t<ul>\n\t\t<li>\t\t\t\t\n\t\t<h3>Profesorado y personal dedicado<\/h3><\/li><li>\t\t\t\t\n\t\t<h3>Apoyo pr\u00e1ctico para estudiantes <\/h3><\/li><li>\t\t\t\t\n\t\t<h3>Todos los materiales de aprendizaje proporcionados.<\/h3><\/li>\t<\/ul>","protected":false},"excerpt":{"rendered":"<p>\u00bfTienes curiosidad por saber otras formas de donar? Consulte nuestras preguntas frecuentes sobre donaciones. Su contribuci\u00f3n en acci\u00f3n Enriquecimiento acad\u00e9mico sin costo de matr\u00edcula Refrigerios y comidas para estudiantes Computadoras port\u00e1tiles permanentes para estudiantes Profesores y personal dedicados Apoyo pr\u00e1ctico para estudiantes Todos los materiales de aprendizaje proporcionados<\/p>","protected":false},"author":7,"featured_media":4215,"parent":0,"menu_order":8,"comment_status":"closed","ping_status":"closed","template":"","meta":{"_seopress_robots_primary_cat":"","_seopress_titles_title":"","_seopress_titles_desc":"","_seopress_robots_index":"","inline_featured_image":false,"footnotes":""},"class_list":["post-2056","page","type-page","status-publish","has-post-thumbnail","hentry"],"_links":{"self":[{"href":"https:\/\/highjumpchicago.org\/es\/wp-json\/wp\/v2\/pages\/2056","targetHints":{"allow":["GET"]}}],"collection":[{"href":"https:\/\/highjumpchicago.org\/es\/wp-json\/wp\/v2\/pages"}],"about":[{"href":"https:\/\/highjumpchicago.org\/es\/wp-json\/wp\/v2\/types\/page"}],"author":[{"embeddable":true,"href":"https:\/\/highjumpchicago.org\/es\/wp-json\/wp\/v2\/users\/7"}],"replies":[{"embeddable":true,"href":"https:\/\/highjumpchicago.org\/es\/wp-json\/wp\/v2\/comments?post=2056"}],"version-history":[{"count":5,"href":"https:\/\/highjumpchicago.org\/es\/wp-json\/wp\/v2\/pages\/2056\/revisions"}],"predecessor-version":[{"id":21864,"href":"https:\/\/highjumpchicago.org\/es\/wp-json\/wp\/v2\/pages\/2056\/revisions\/21864"}],"wp:featuredmedia":[{"embeddable":true,"href":"https:\/\/highjumpchicago.org\/es\/wp-json\/wp\/v2\/media\/4215"}],"wp:attachment":[{"href":"https:\/\/highjumpchicago.org\/es\/wp-json\/wp\/v2\/media?parent=2056"}],"curies":[{"name":"gracias","href":"https:\/\/api.w.org\/{rel}","templated":true}]}}