{"id":2836,"date":"2020-10-16T18:57:07","date_gmt":"2020-10-16T23:57:07","guid":{"rendered":"https:\/\/d46e648428.nxcli.io\/?page_id=2836"},"modified":"2025-11-19T11:16:25","modified_gmt":"2025-11-19T17:16:25","slug":"staff","status":"publish","type":"page","link":"https:\/\/highjumpchicago.org\/es\/about\/staff\/","title":{"rendered":"Personal"},"content":{"rendered":"<nav  aria-label=\"migaja de pan\"><ol itemscope itemtype=\"https:\/\/schema.org\/BreadcrumbList\"><li itemprop=\"itemListElement\" itemscope itemtype=\"https:\/\/schema.org\/ListItem\"><a itemscope itemtype=\"https:\/\/schema.org\/WebPage\" itemprop=\"item\" itemid=\"https:\/\/highjumpchicago.org\" href=\"https:\/\/highjumpchicago.org\/es\/\">Casa<\/a><meta itemprop=\"position\" content=\"1\"\/><\/li><li itemprop=\"itemListElement\" itemscope itemtype=\"https:\/\/schema.org\/ListItem\"><a itemscope itemtype=\"https:\/\/schema.org\/WebPage\" itemprop=\"item\" itemid=\"https:\/\/highjumpchicago.org\/about\/\" href=\"https:\/\/highjumpchicago.org\/es\/about\/\">Sobre nosotros<\/a><meta itemprop=\"position\" content=\"2\"\/><\/li><li aria-current=\"page\" itemprop=\"itemListElement\" itemscope itemtype=\"https:\/\/schema.org\/ListItem\">Personal<meta itemprop=\"position\" content=\"3\"\/><\/li><\/ol><\/nav>\n\t<p>El bast\u00f3n de High Jump es <b>dedicado a desarrollar, financiar y hacer crecer nuestros programas gratuitos para apoyar a nuestros estudiantes<\/b> conect\u00e1ndolos con las personas y los recursos que necesitan para generar confianza, asumir riesgos y alcanzar sus sue\u00f1os.<\/p>\n\t\t\t\t<img decoding=\"async\" src=\"https:\/\/highjumpchicago.org\/wp-content\/uploads\/bb-plugin\/cache\/Nate-Pietrini-square.jpg\" alt=\"Nate Pietrini\" title=\"Nate Pietrini\" itemprop=\"image\"\/>\n\t\t\t\t \n\t\t<h3>Nate Pietrini, EdD (\u00e9l)<\/h3>Director ejecutivo\t\t\t\t\t\t\t\n\t\t\t\t<a href=\"https:\/\/www.linkedin.com\/in\/nate-pietrini-ed-d-70652354\/\" target=\"_blank\" rel=\"noopener\">\t\t\t\t\n\t\t<\/a>\t\t\t\t \n\t\t\t<a href=\"mailto:npietrini@highjumpchicago.org\" target=\"_self\">\n\t\t\t\t\t\tEnv\u00eda un correo electr\u00f3nico a Natalia\n\t\t\t\t\t<\/a>\n\t\t\t\t\t<a href=\"#\"  id=\"fl-accordion--label-0\" tabindex=\"0\" aria-controls=\"fl-accordion--panel-0\">Leer m\u00e1s sobre Nate<\/a>\n\t\t\t\t\t\t\t\t\t\t\t<a href=\"#\" id=\"fl-accordion--icon-0\" tabindex=\"-1\"><i title=\"Expandir\">Expandir<\/i><\/a>\n\t\t\t\t\t<p>Nate Pietrini, Doctor en Educaci\u00f3n, es el Director Ejecutivo de High Jump, una organizaci\u00f3n sin fines de lucro de Chicago que ofrece enriquecimiento acad\u00e9mico y acceso a la educaci\u00f3n secundaria. Durante su gesti\u00f3n, High Jump ampli\u00f3 la matr\u00edcula estudiantil, lanz\u00f3 nuevos programas en colaboraci\u00f3n con la Universidad Northwestern y mejor\u00f3 las tasas de finalizaci\u00f3n de estudios universitarios de sus exalumnos.<\/p>\n<p>Antes de unirse a High Jump, Nate fue director, subdirector y maestro en las Escuelas P\u00fablicas de Chicago. Es creador y coanfitri\u00f3n del podcast The Ed Couple, miembro del Consejo Asesor de Servicios para Ni\u00f1os y Familias de Illinois designado por el Gobernador Pritzker y miembro de la Junta Directiva de Brightpoint.<\/p>\n<p>Nate es profesor del programa de Educaci\u00f3n y Sociedad de la Universidad de Chicago, tiene experiencia como desarrollador consultor de programaci\u00f3n de liderazgo principal en la Universidad de Illinois en Chicago y forma parte del Consejo Asesor del Proyecto To and Through de la Universidad de Chicago.<\/p>\n<p>\u00c9l y su esposa viven en el barrio Kenwood de Chicago con sus tres hijos.<\/p>\n\t\t\t\t<img decoding=\"async\" src=\"https:\/\/highjumpchicago.org\/wp-content\/uploads\/bb-plugin\/cache\/SR-Staff-square.jpg\" alt=\"SR-Staff\" title=\"Personal de SR\" itemprop=\"image\"\/>\n\t\t\t\t \n\t\t<h3>Shaz Rasul (\u00e9l\/\u00e9l)<\/h3>Director de Programas\t\t\t\t\t\t\t\n\t\t\t\t<a href=\"https:\/\/www.linkedin.com\/in\/shazrasul\/\" target=\"_blank\" rel=\"noopener\">\t\t\t\t\n\t\t<\/a>\t\t\t\t \n\t\t\t<a href=\"mailto:srasul@highjumpchicago.org\" target=\"_self\">\n\t\t\t\t\t\tEnv\u00ede un correo electr\u00f3nico a Shaz\n\t\t\t\t\t<\/a>\n\t\t\t\t\t<a href=\"#\"  id=\"fl-accordion--label-0\" tabindex=\"0\" aria-controls=\"fl-accordion--panel-0\">Leer m\u00e1s sobre Shaz<\/a>\n\t\t\t\t\t\t\t\t\t\t\t<a href=\"#\" id=\"fl-accordion--icon-0\" tabindex=\"-1\"><i title=\"Expandir\">Expandir<\/i><\/a>\n\t\t\t\t\t<p>Shaz Rasul es Director de Programas en High Jump, donde lidera la estrategia y la ejecuci\u00f3n de la iniciativa de verano Scholars, los programas Community Scholars y Alumni Scholars, as\u00ed como los esfuerzos de reclutamiento que priorizan el acceso equitativo.<\/p>\n<p>Cuenta con m\u00e1s de 20 a\u00f1os de experiencia en educaci\u00f3n y participaci\u00f3n comunitaria, incluyendo puestos clave de liderazgo en la Oficina de Participaci\u00f3n C\u00edvica de la Universidad de Chicago. All\u00ed, dirigi\u00f3 el Programa de Escuelas de Vecindario, fund\u00f3 el Acelerador de Programas Comunitarios y lider\u00f3 iniciativas de participaci\u00f3n c\u00edvica estudiantil, desarrollo de capacidades en organizaciones sin fines de lucro, equidad digital y colaboraciones desde preescolar hasta bachillerato.<\/p>\n<p>Anteriormente en su carrera, Shaz sirvi\u00f3 como voluntario del Cuerpo de Paz de los Estados Unidos en Sud\u00e1frica, experiencias que siguen impulsando su compromiso con la equidad educativa. Becario de Leadership Greater Chicago en 2019, tambi\u00e9n forma parte de las juntas directivas de MetroSquash y EasterSeals, que atienden a Chicagoland y Greater Rockford.<\/p>\n<p>Obtuvo una licenciatura en Sociolog\u00eda y una maestr\u00eda en Ciencias de la Computaci\u00f3n de la Universidad de Chicago.<\/p>\n\t\t\t\t<img decoding=\"async\" src=\"https:\/\/highjumpchicago.org\/wp-content\/uploads\/bb-plugin\/cache\/Molly-Gilbride-Headshot-square.jpg\" alt=\"Molly Gilbride Headshot\" title=\"Molly Gilbride: Foto de rostro\" itemprop=\"image\"\/>\n\t\t\t\t \n\t\t<h3>Molly Gilbride (ella)<\/h3>Director de Promoci\u00f3n\t\t\t\t\t\t\t\n\t\t\t\t<a href=\"https:\/\/www.linkedin.com\/in\/molly-k-gilbride-7615378\/\" target=\"_blank\" rel=\"noopener\">\t\t\t\t\n\t\t<\/a>\t\t\t\t \n\t\t\t<a href=\"mailto:mgilbride@highjumpchicago.org\" target=\"_self\">\n\t\t\t\t\t\tEnv\u00eda un correo electr\u00f3nico a Molly\n\t\t\t\t\t<\/a>\n\t\t\t\t\t<a href=\"#\"  id=\"fl-accordion--label-0\" tabindex=\"0\" aria-controls=\"fl-accordion--panel-0\">Lea m\u00e1s sobre Molly<\/a>\n\t\t\t\t\t\t\t\t\t\t\t<a href=\"#\" id=\"fl-accordion--icon-0\" tabindex=\"-1\"><i title=\"Expandir\">Expandir<\/i><\/a>\n\t\t\t\t\t<p>Molly Gilbride es la Directora de Desarrollo de High Jump y se une al equipo para liderar la estrategia de desarrollo, marketing y comunicaci\u00f3n. Lidera la planificaci\u00f3n y ejecuci\u00f3n de campa\u00f1as de recaudaci\u00f3n de fondos, la planificaci\u00f3n de crecimiento plurianual y colabora estrechamente con la alta direcci\u00f3n y la junta directiva para impulsar la misi\u00f3n de High Jump.<\/p>\n<p>Molly, una experimentada l\u00edder en recaudaci\u00f3n de fondos y participaci\u00f3n de organizaciones sin fines de lucro, aporta m\u00e1s de dos d\u00e9cadas de experiencia, de las cuales m\u00e1s de diez a\u00f1os se han dedicado a puestos de promoci\u00f3n, incluyendo relaciones con exalumnos, donaciones anuales, grandes donaciones y donaciones planificadas. Su trayectoria abarca puestos de liderazgo en Ronald McDonald House Charities of Chicagoland, la Escuela de Negocios Booth de la Universidad de Chicago y la Facultad de Medicina de la Universidad Estatal de Ohio, donde forj\u00f3 relaciones con donantes y consigui\u00f3 donaciones transformadoras mediante un enfoque colaborativo, basado en datos y narrativo.<\/p>\n<p>Su pasi\u00f3n por el servicio comenz\u00f3 como miembro de AmeriCorps, trabajando en programas de alfabetizaci\u00f3n, lo que afianz\u00f3 su compromiso con la educaci\u00f3n y la equidad. La experiencia de Molly en alinear la generosidad con el impacto posiciona a High Jump para ampliar el acceso y las oportunidades para los estudiantes que atraviesan transiciones acad\u00e9micas cruciales.<\/p>\n                        <img loading=\"lazy\" decoding=\"async\" src=\"https:\/\/highjumpchicago.org\/wp-content\/uploads\/2023\/05\/Katie-Andorka.jpg\" alt=\"Please use the filename here\" itemprop=\"image\" height=\"2048\" width=\"1656\" title=\"Utilice el nombre de archivo aqu\u00ed\"  \/>\n\t\t                    <h3>Katie Andorra (ella)<\/h3>\n                \t\t        \tDirector de Programas Acad\u00e9micos, Gerente del Campus Latino\n            <ul>\n\t\t\t\t\t\t\t\t\t\t<li>\n\t\t\t\t\t\t\t<a href=\"mailto:kandorka@highjumpchicago.org\" target=\"_blank\" aria-label=\"Correo electr\u00f3nico\">\n\t\t\t\t\t\t\t\t\t\t\t\t\t\t\t<\/a>\n\t\t\t\t\t\t<\/li>\n\t\t\t\t\t\t            <\/ul>\n                        <img loading=\"lazy\" decoding=\"async\" src=\"https:\/\/highjumpchicago.org\/wp-content\/uploads\/2023\/01\/Max-Asaf.jpg\" alt=\"Max Asaf\" itemprop=\"image\" height=\"2048\" width=\"1638\" title=\"Max Asaf\"  \/>\n\t\t                    <h3>Max Asaf (\u00e9l\/\u00e9l)<\/h3>\n                \t\t        \t Director de Avances\n            <ul>\n\t\t\t\t\t\t\t\t\t\t<li>\n\t\t\t\t\t\t\t<a href=\"mailto:masaf@highjumpchicago.org\" target=\"_blank\" aria-label=\"Correo electr\u00f3nico\">\n\t\t\t\t\t\t\t\t\t\t\t\t\t\t\t<\/a>\n\t\t\t\t\t\t<\/li>\n\t\t\t\t\t\t            <\/ul>\n\t\t                    <h3>Allison Davis (ella\/ella)<\/h3>\n                \t\t        \tDirector Asociado de Participaci\u00f3n de los Constituyentes\n            <ul>\n\t\t\t\t\t\t\t\t\t\t<li>\n\t\t\t\t\t\t\t<a href=\"mailto:adavis@highjumpchicago.org\" target=\"_blank\" aria-label=\"Correo electr\u00f3nico\">\n\t\t\t\t\t\t\t\t\t\t\t\t\t\t\t<\/a>\n\t\t\t\t\t\t<\/li>\n\t\t\t\t\t\t            <\/ul>\n                        <img loading=\"lazy\" decoding=\"async\" src=\"https:\/\/highjumpchicago.org\/wp-content\/uploads\/2023\/01\/Sanober-Kanjee.jpg\" alt=\"Sanober Kanjee\" itemprop=\"image\" height=\"2048\" width=\"1656\" title=\"Sanober Kanjee\"  \/>\n\t\t                    <h3>Sanober Kanjee (ella\/ella)<\/h3>\n                \t\t        \tDirector de Programas para J\u00f3venes Exalumnos\n            <ul>\n\t\t\t\t\t\t\t\t\t\t<li>\n\t\t\t\t\t\t\t<a href=\"mailto:skanjee@highjumpchicago.org\" target=\"_blank\" aria-label=\"Correo electr\u00f3nico\">\n\t\t\t\t\t\t\t\t\t\t\t\t\t\t\t<\/a>\n\t\t\t\t\t\t<\/li>\n\t\t\t\t\t\t            <\/ul>\n\t\t                    <h3>Gabi Kizer (ella)<\/h3>\n                \t\t        \tSubdirector de Desarrollo, Operaciones y Participaci\u00f3n \n            <ul>\n\t\t\t\t\t\t\t\t\t\t<li>\n\t\t\t\t\t\t\t<a href=\"mailto:gkizer@highjumpchicago.org\" target=\"_blank\" aria-label=\"Correo electr\u00f3nico\">\n\t\t\t\t\t\t\t\t\t\t\t\t\t\t\t<\/a>\n\t\t\t\t\t\t<\/li>\n\t\t\t\t\t\t            <\/ul>\n                        <img loading=\"lazy\" decoding=\"async\" src=\"https:\/\/highjumpchicago.org\/wp-content\/uploads\/2023\/01\/Tammi-Longsjo.jpg\" alt=\"Tammi Longsjo\" itemprop=\"image\" height=\"2048\" width=\"1638\" title=\"Tammi Longsjo\"  \/>\n\t\t                    <h3>Tammi Longsjo (ella\/ella)<\/h3>\n                \t\t        \tSubdirector de Comunicaciones y Marketing\n            <ul>\n\t\t\t\t\t\t\t\t\t\t<li>\n\t\t\t\t\t\t\t<a href=\"mailto:tlongsjo@highjumpchicago.org\" target=\"_blank\" aria-label=\"Correo electr\u00f3nico\">\n\t\t\t\t\t\t\t\t\t\t\t\t\t\t\t<\/a>\n\t\t\t\t\t\t<\/li>\n\t\t\t\t\t\t            <\/ul>\n\t\t                    <h3>Nashary L\u00f3pez (ella\/ella)<\/h3>\n                \t\t        \tAsistente Ejecutiva\n            <ul>\n\t\t\t\t\t\t\t\t\t\t<li>\n\t\t\t\t\t\t\t<a href=\"mailto:nasharylopez@highjumpchicago.org\" target=\"_blank\" aria-label=\"Correo electr\u00f3nico\">\n\t\t\t\t\t\t\t\t\t\t\t\t\t\t\t<\/a>\n\t\t\t\t\t\t<\/li>\n\t\t\t\t\t\t            <\/ul>\n                        <img loading=\"lazy\" decoding=\"async\" src=\"https:\/\/highjumpchicago.org\/wp-content\/uploads\/2023\/01\/Yasi-Nassiri.jpg\" alt=\"Yasi Nassiri\" itemprop=\"image\" height=\"2048\" width=\"1638\" title=\"Yasi Nassiri\"  \/>\n\t\t                    <h3>Yasi Nassiri (ella\/ella)<\/h3>\n                \t\t        \t Gerente del programa de becarios comunitarios\n            <ul>\n\t\t\t\t\t\t\t\t\t\t<li>\n\t\t\t\t\t\t\t<a href=\"mailto:ynassiri@highjumpchicago.org\" target=\"_blank\" aria-label=\"Correo electr\u00f3nico\">\n\t\t\t\t\t\t\t\t\t\t\t\t\t\t\t<\/a>\n\t\t\t\t\t\t<\/li>\n\t\t\t\t\t\t            <\/ul>\n                        <img loading=\"lazy\" decoding=\"async\" src=\"https:\/\/highjumpchicago.org\/wp-content\/uploads\/2023\/01\/Alison-Hanold-Shah.jpg\" alt=\"Alison Hanold Shah\" itemprop=\"image\" height=\"2048\" width=\"1638\" title=\"Alison Hanold Shah\"  \/>\n\t\t                    <h3>Alison Hanold Shah (ella\/ella)<\/h3>\n                \t\t        \tRedactor de subvenciones\n            <ul>\n\t\t\t\t\t\t\t\t\t\t<li>\n\t\t\t\t\t\t\t<a href=\"mailto:ahanold@highjumpchicago.org\" target=\"_blank\" aria-label=\"Correo electr\u00f3nico\">\n\t\t\t\t\t\t\t\t\t\t\t\t\t\t\t<\/a>\n\t\t\t\t\t\t<\/li>\n\t\t\t\t\t\t            <\/ul>\n                        <img loading=\"lazy\" decoding=\"async\" src=\"https:\/\/highjumpchicago.org\/wp-content\/uploads\/2023\/01\/Amy-Tsegai.jpg\" alt=\"Amy Tsegai\" itemprop=\"image\" height=\"2048\" width=\"1656\" title=\"Amy Tsegai\"  \/>\n\t\t                    <h3>Amy Tsegai (ella\/ella)<\/h3>\n                \t\t        \t Gerente del campus de Parker\n            <ul>\n\t\t\t\t\t\t\t\t\t\t<li>\n\t\t\t\t\t\t\t<a href=\"mailto:atsegai@highjumpchicago.org\" target=\"_blank\" aria-label=\"Correo electr\u00f3nico\">\n\t\t\t\t\t\t\t\t\t\t\t\t\t\t\t<\/a>\n\t\t\t\t\t\t<\/li>\n\t\t\t\t\t\t            <\/ul>\n                        <img loading=\"lazy\" decoding=\"async\" src=\"https:\/\/highjumpchicago.org\/wp-content\/uploads\/2023\/05\/Asia-Ana-Williams.jpg\" alt=\"Please use the filename here\" itemprop=\"image\" height=\"2048\" width=\"1656\" title=\"Utilice el nombre de archivo aqu\u00ed\"  \/>\n\t\t                    <h3>Asia-Ana Williams (ella\/ella)<\/h3>\n                \t\t        \tGerente de campus de laboratorio\n            <ul>\n\t\t\t\t\t\t\t\t\t\t<li>\n\t\t\t\t\t\t\t<a href=\"mailto:aawilliams@highjumpchicago.org\" target=\"_blank\" aria-label=\"Correo electr\u00f3nico\">\n\t\t\t\t\t\t\t\t\t\t\t\t\t\t\t<\/a>\n\t\t\t\t\t\t<\/li>\n\t\t\t\t\t\t            <\/ul>","protected":false},"excerpt":{"rendered":"<p>Obtenga m\u00e1s informaci\u00f3n sobre el dedicado personal de High Jump que apoya e inspira a los estudiantes a tener voz en su educaci\u00f3n y su futuro.<\/p>","protected":false},"author":1,"featured_media":0,"parent":50,"menu_order":5,"comment_status":"closed","ping_status":"closed","template":"","meta":{"_seopress_robots_primary_cat":"","_seopress_titles_title":"","_seopress_titles_desc":"","_seopress_robots_index":"","inline_featured_image":false,"footnotes":""},"class_list":["post-2836","page","type-page","status-publish","hentry"],"_links":{"self":[{"href":"https:\/\/highjumpchicago.org\/es\/wp-json\/wp\/v2\/pages\/2836","targetHints":{"allow":["GET"]}}],"collection":[{"href":"https:\/\/highjumpchicago.org\/es\/wp-json\/wp\/v2\/pages"}],"about":[{"href":"https:\/\/highjumpchicago.org\/es\/wp-json\/wp\/v2\/types\/page"}],"author":[{"embeddable":true,"href":"https:\/\/highjumpchicago.org\/es\/wp-json\/wp\/v2\/users\/1"}],"replies":[{"embeddable":true,"href":"https:\/\/highjumpchicago.org\/es\/wp-json\/wp\/v2\/comments?post=2836"}],"version-history":[{"count":5,"href":"https:\/\/highjumpchicago.org\/es\/wp-json\/wp\/v2\/pages\/2836\/revisions"}],"predecessor-version":[{"id":134426,"href":"https:\/\/highjumpchicago.org\/es\/wp-json\/wp\/v2\/pages\/2836\/revisions\/134426"}],"up":[{"embeddable":true,"href":"https:\/\/highjumpchicago.org\/es\/wp-json\/wp\/v2\/pages\/50"}],"wp:attachment":[{"href":"https:\/\/highjumpchicago.org\/es\/wp-json\/wp\/v2\/media?parent=2836"}],"curies":[{"name":"gracias","href":"https:\/\/api.w.org\/{rel}","templated":true}]}}