{"id":32,"date":"2018-10-08T01:57:03","date_gmt":"2018-10-08T06:57:03","guid":{"rendered":"https:\/\/d46e648428.nxcli.io\/?page_id=32"},"modified":"2026-01-22T17:02:02","modified_gmt":"2026-01-22T23:02:02","slug":"careers","status":"publish","type":"page","link":"https:\/\/highjumpchicago.org\/es\/about\/careers\/","title":{"rendered":"Carreras"},"content":{"rendered":"<nav  aria-label=\"migaja de pan\"><ol itemscope itemtype=\"https:\/\/schema.org\/BreadcrumbList\"><li itemprop=\"itemListElement\" itemscope itemtype=\"https:\/\/schema.org\/ListItem\"><a itemscope itemtype=\"https:\/\/schema.org\/WebPage\" itemprop=\"item\" itemid=\"https:\/\/highjumpchicago.org\" href=\"https:\/\/highjumpchicago.org\/es\/\">Casa<\/a><meta itemprop=\"position\" content=\"1\"\/><\/li><li itemprop=\"itemListElement\" itemscope itemtype=\"https:\/\/schema.org\/ListItem\"><a itemscope itemtype=\"https:\/\/schema.org\/WebPage\" itemprop=\"item\" itemid=\"https:\/\/highjumpchicago.org\/about\/\" href=\"https:\/\/highjumpchicago.org\/es\/about\/\">Sobre nosotros<\/a><meta itemprop=\"position\" content=\"2\"\/><\/li><li aria-current=\"page\" itemprop=\"itemListElement\" itemscope itemtype=\"https:\/\/schema.org\/ListItem\">Carreras<meta itemprop=\"position\" content=\"3\"\/><\/li><\/ol><\/nav>\n\t<h1>Pon tu pasi\u00f3n por la educaci\u00f3n a trabajar.<\/h1>\n<h2>Gracias por visitar la p\u00e1gina de empleo de High Jump. Buscamos personas apasionadas por ampliar el acceso a la educaci\u00f3n y generar un impacto positivo y duradero en las mentes brillantes y las comunidades a las que servimos.<\/h2>\n<h3>\n\t\t\tEscuche a un profesor de salto de altura\t<\/h3>\n\t<iframe allowfullscreen allow=\"autoplay\" data-src=\"https:\/\/www.youtube.com\/embed\/rQtIbIoz4MQ?feature=oembed&amp;start&amp;end&amp;wmode=opaque&amp;loop=0&amp;controls=1&amp;mute=0&amp;rel=0&amp;modestbranding=1\"><\/iframe>\t\t\n\t\t\t\t\tReproduce el video\n\t<p>Revise los puestos vacantes y postule a aquellos que coincidan con sus calificaciones. Correo electr\u00f3nico <b><a href=\"mailto:careers@highjumpchicago.org\" target=\"_blank\" rel=\"noopener\"><u>careers@highjumpchicago.org<\/u><\/a><\/b> Si tienes alguna pregunta. Si no encuentras lo que buscas, s\u00edguenos en <strong><a href=\"https:\/\/www.linkedin.com\/company\/high-jump\">LinkedIn<\/a><\/strong> para ser el primero en enterarse de futuras oportunidades.<\/p>\n\t<h1>Aumentar nuestro impacto<\/h1>\n\t<h2>Como uno de los pocos programas en Chicago que brindan enriquecimiento acad\u00e9mico para estudiantes de secundaria, la demanda de High Jump est\u00e1 en su punto m\u00e1s alto.<\/h2>\n\t\t<!-- Comment to fix spacing issue\n\t-->\n\t\t<h1>0+<\/h1>Estudiantes elegibles cada a\u00f1o\n\t<!-- Comment to fix spacing issue\n\t-->\t\n\t\t<!-- Comment to fix spacing issue\n\t-->\n\t\t<h1>0<\/h1>Solicitudes enviadas y estudiantes entrevistados\n\t<!-- Comment to fix spacing issue\n\t-->\t\n\t\t<!-- Comment to fix spacing issue\n\t-->\n\t\t<h1>0<\/h1>Nuevos becarios aceptados (cohorte 35)\n\t<!-- Comment to fix spacing issue\n\t-->\t\n\t\t<!-- Comment to fix spacing issue\n\t-->\n\t\t<h1>0+<\/h1>Total de becarios matriculados\n\t<!-- Comment to fix spacing issue\n\t-->\t\n\t<h2>Con su ayuda, podemos satisfacer la demanda y aumentar nuestro impacto exponencialmente.<\/h2>\n\t\t\t<a href =\"https:\/\/highjumpchicago.org\/es\/donate\/ways-to-donate\/\" target=\"_self\"  aria-label=\"Invierta en los acad\u00e9micos del ma\u00f1ana \">\n\t\t\t\t\t\t\t\tInvierta en los acad\u00e9micos del ma\u00f1ana\t\t\t\t\t\t\t\n\t\t\t\t\t\t<\/a>","protected":false},"excerpt":{"rendered":"<p>Inicio Qui\u00e9nes somos Carreras Pon a prueba tu pasi\u00f3n por la educaci\u00f3n. Gracias por visitar la p\u00e1gina de empleo de Salto de Altura. Buscamos personas apasionadas por ampliar el acceso a la educaci\u00f3n y generar un impacto positivo y duradero en las mentes brillantes y las comunidades a las que servimos. Escucha a un profesor de salto de altura. Ver video. Por favor, revisa\u2026<\/p>","protected":false},"author":7,"featured_media":49178,"parent":50,"menu_order":5,"comment_status":"closed","ping_status":"closed","template":"","meta":{"_seopress_robots_primary_cat":"","_seopress_titles_title":"","_seopress_titles_desc":"","_seopress_robots_index":"","inline_featured_image":false,"footnotes":""},"class_list":["post-32","page","type-page","status-publish","has-post-thumbnail","hentry"],"_links":{"self":[{"href":"https:\/\/highjumpchicago.org\/es\/wp-json\/wp\/v2\/pages\/32","targetHints":{"allow":["GET"]}}],"collection":[{"href":"https:\/\/highjumpchicago.org\/es\/wp-json\/wp\/v2\/pages"}],"about":[{"href":"https:\/\/highjumpchicago.org\/es\/wp-json\/wp\/v2\/types\/page"}],"author":[{"embeddable":true,"href":"https:\/\/highjumpchicago.org\/es\/wp-json\/wp\/v2\/users\/7"}],"replies":[{"embeddable":true,"href":"https:\/\/highjumpchicago.org\/es\/wp-json\/wp\/v2\/comments?post=32"}],"version-history":[{"count":10,"href":"https:\/\/highjumpchicago.org\/es\/wp-json\/wp\/v2\/pages\/32\/revisions"}],"predecessor-version":[{"id":159639,"href":"https:\/\/highjumpchicago.org\/es\/wp-json\/wp\/v2\/pages\/32\/revisions\/159639"}],"up":[{"embeddable":true,"href":"https:\/\/highjumpchicago.org\/es\/wp-json\/wp\/v2\/pages\/50"}],"wp:featuredmedia":[{"embeddable":true,"href":"https:\/\/highjumpchicago.org\/es\/wp-json\/wp\/v2\/media\/49178"}],"wp:attachment":[{"href":"https:\/\/highjumpchicago.org\/es\/wp-json\/wp\/v2\/media?parent=32"}],"curies":[{"name":"gracias","href":"https:\/\/api.w.org\/{rel}","templated":true}]}}