{"id":322,"date":"2018-11-05T01:16:36","date_gmt":"2018-11-05T01:16:36","guid":{"rendered":"https:\/\/d46e648428.nxcli.io\/?page_id=322"},"modified":"2022-01-25T16:27:18","modified_gmt":"2022-01-25T22:27:18","slug":"high-school-mock-interviews","status":"publish","type":"page","link":"https:\/\/highjumpchicago.org\/es\/donate\/volunteer\/high-school-mock-interviews\/","title":{"rendered":"Entrevistas simuladas de la escuela secundaria"},"content":{"rendered":"<nav  aria-label=\"migaja de pan\"><ol itemscope itemtype=\"https:\/\/schema.org\/BreadcrumbList\"><li itemprop=\"itemListElement\" itemscope itemtype=\"https:\/\/schema.org\/ListItem\"><a itemscope itemtype=\"http:\/\/schema.org\/WebPage\" itemprop=\"item\" itemid=\"https:\/\/highjumpchicago.org\" href=\"https:\/\/highjumpchicago.org\/es\/\">Casa<\/a><meta itemprop=\"position\" content=\"1\" \/><\/li><li itemprop=\"itemListElement\" itemscope itemtype=\"https:\/\/schema.org\/ListItem\"><a itemscope itemtype=\"http:\/\/schema.org\/WebPage\" itemprop=\"item\" itemid=\"https:\/\/highjumpchicago.org\/volunteer\/\" href=\"https:\/\/highjumpchicago.org\/es\/volunteer\/\">Voluntario con nosotros<\/a><meta itemprop=\"position\" content=\"2\" \/><\/li><li aria-current=\"page\" itemprop=\"itemListElement\" itemscope itemtype=\"https:\/\/schema.org\/ListItem\">Entrevistas simuladas de la escuela secundaria<meta itemprop=\"position\" content=\"3\" \/><\/li><\/ol><\/nav>\n\t\t\t\t<img loading=\"lazy\" decoding=\"async\" src=\"https:\/\/highjumpchicago.org\/wp-content\/uploads\/2018\/11\/volunteer-1-1.jpg\" alt=\"students at a high school mock interview | High Jump Chicago\" itemprop=\"image\" height=\"267\" width=\"400\" title=\"Entrevistas simuladas de la escuela secundaria | salto de altura chicago\" onerror=\"this.style.display='none'\"  \/>\n\t<b>Fecha de primavera TBD<\/b><br \/>\n<b>Compromiso m\u00ednimo de 3 horas<\/b>\n\t<p>Este evento brinda a los estudiantes una pr\u00e1ctica individual para ayudarlos a perfeccionar sus habilidades de entrevista.<\/p>\n<p>Los voluntarios realizar\u00e1n de tres a cinco entrevistas de 15 minutos y brindar\u00e1n comentarios constructivos que los maestros compartir\u00e1n con los estudiantes para ayudarlos a prepararse para el competitivo proceso de admisi\u00f3n a la escuela secundaria.<\/p>\n<p>Por favor <a href=\"https:\/\/highjumpchicago.org\/es\/contact\/\">Cont\u00e1ctenos<\/a> para fechas y horas voluntarias espec\u00edficas.<\/p>","protected":false},"excerpt":{"rendered":"<p>Inicio Sea voluntario con nosotros Entrevistas simuladas en la escuela secundaria Fecha de primavera por determinar Compromiso m\u00ednimo de 3 horas Este evento brinda a los estudiantes pr\u00e1ctica individual para ayudarlos a perfeccionar sus habilidades para las entrevistas. Los voluntarios realizar\u00e1n de tres a cinco entrevistas de 15 minutos y brindar\u00e1n comentarios constructivos que los maestros compartir\u00e1n con los estudiantes para ayudarlos a prepararse para la competencia...<\/p>","protected":false},"author":7,"featured_media":0,"parent":63,"menu_order":1,"comment_status":"closed","ping_status":"closed","template":"","meta":{"_seopress_robots_primary_cat":"","_seopress_titles_title":"","_seopress_titles_desc":"","_seopress_robots_index":"","inline_featured_image":false,"footnotes":""},"class_list":["post-322","page","type-page","status-publish","hentry"],"_links":{"self":[{"href":"https:\/\/highjumpchicago.org\/es\/wp-json\/wp\/v2\/pages\/322","targetHints":{"allow":["GET"]}}],"collection":[{"href":"https:\/\/highjumpchicago.org\/es\/wp-json\/wp\/v2\/pages"}],"about":[{"href":"https:\/\/highjumpchicago.org\/es\/wp-json\/wp\/v2\/types\/page"}],"author":[{"embeddable":true,"href":"https:\/\/highjumpchicago.org\/es\/wp-json\/wp\/v2\/users\/7"}],"replies":[{"embeddable":true,"href":"https:\/\/highjumpchicago.org\/es\/wp-json\/wp\/v2\/comments?post=322"}],"version-history":[{"count":5,"href":"https:\/\/highjumpchicago.org\/es\/wp-json\/wp\/v2\/pages\/322\/revisions"}],"predecessor-version":[{"id":4314,"href":"https:\/\/highjumpchicago.org\/es\/wp-json\/wp\/v2\/pages\/322\/revisions\/4314"}],"up":[{"embeddable":true,"href":"https:\/\/highjumpchicago.org\/es\/wp-json\/wp\/v2\/pages\/63"}],"wp:attachment":[{"href":"https:\/\/highjumpchicago.org\/es\/wp-json\/wp\/v2\/media?parent=322"}],"curies":[{"name":"gracias","href":"https:\/\/api.w.org\/{rel}","templated":true}]}}