{"id":327,"date":"2018-11-05T01:24:11","date_gmt":"2018-11-05T01:24:11","guid":{"rendered":"https:\/\/d46e648428.nxcli.io\/?page_id=327"},"modified":"2022-01-25T16:41:15","modified_gmt":"2022-01-25T22:41:15","slug":"career-day","status":"publish","type":"page","link":"https:\/\/highjumpchicago.org\/es\/donate\/volunteer\/career-day\/","title":{"rendered":"Dia de la carrera"},"content":{"rendered":"<nav aria-label=\"migaja de pan\"><ol itemscope=\"\" itemtype=\"https:\/\/schema.org\/BreadcrumbList\"><li itemprop=\"itemListElement\" itemscope=\"\" itemtype=\"https:\/\/schema.org\/ListItem\"><a itemscope=\"\" itemtype=\"http:\/\/schema.org\/WebPage\" itemprop=\"item\" itemid=\"https:\/\/highjumpchicago.org\" href=\"https:\/\/highjumpchicago.org\/es\/\">Casa<\/a><meta itemprop=\"position\" content=\"1\"><\/li><li itemprop=\"itemListElement\" itemscope=\"\" itemtype=\"https:\/\/schema.org\/ListItem\"><a itemscope=\"\" itemtype=\"http:\/\/schema.org\/WebPage\" itemprop=\"item\" itemid=\"https:\/\/highjumpchicago.org\/volunteer\/\" href=\"https:\/\/highjumpchicago.org\/es\/volunteer\/\">Voluntario con nosotros<\/a><meta itemprop=\"position\" content=\"2\"><\/li><li aria-current=\"page\" itemprop=\"itemListElement\" itemscope=\"\" itemtype=\"https:\/\/schema.org\/ListItem\">Carrera Mostrar y contar<meta itemprop=\"position\" content=\"3\"><\/li><\/ol><\/nav>\n\t\t\t\t<img loading=\"lazy\" decoding=\"async\" src=\"https:\/\/highjumpchicago.org\/wp-content\/uploads\/2018\/11\/volunteer-2-1.jpg\" alt=\"students at a career show and tell event | High Jump Chicago\" itemprop=\"image\" height=\"267\" width=\"400\" title=\"Mostrar y contar carreras | salto de altura chicago\" onerror=\"this.style.display='none'\">\n\tPrimavera<br>\nCompromiso m\u00ednimo de 3 horas\n\t<p>Este evento tiene como objetivo ayudar a los estudiantes a articular sus objetivos, ya sea para convertirse en neurocirujano, ingeniero qu\u00edmico o abogado de derechos civiles.<\/p>\n<p>Buscamos voluntarios para dar cuatro presentaciones de 15 minutos a peque\u00f1os grupos de estudiantes. El prop\u00f3sito del d\u00eda de la carrera es exponer a los estudiantes a diferentes carreras que pueden seguir e inspirarlos a sobresalir en estos campos.<\/p>\n<p>Por favor <a href=\"https:\/\/highjumpchicago.org\/es\/contact\/\">Cont\u00e1ctenos<\/a> para fechas y horas voluntarias espec\u00edficas.<\/p>","protected":false},"excerpt":{"rendered":"<p>Inicio Sea voluntario con nosotros Career Show &amp; Tell Spring Compromiso m\u00ednimo de 3 horas Este evento tiene como objetivo ayudar a los estudiantes a articular sus objetivos, ya sea convertirse en neurocirujano, ingeniero qu\u00edmico o abogado de derechos civiles. Buscamos voluntarios para dar cuatro presentaciones de 15 minutos a peque\u00f1os grupos de estudiantes. El prop\u00f3sito del d\u00eda de la carrera es...<\/p>","protected":false},"author":7,"featured_media":0,"parent":63,"menu_order":2,"comment_status":"closed","ping_status":"closed","template":"","meta":{"_seopress_robots_primary_cat":"","_seopress_titles_title":"","_seopress_titles_desc":"","_seopress_robots_index":"","inline_featured_image":false,"footnotes":""},"class_list":["post-327","page","type-page","status-publish","hentry"],"_links":{"self":[{"href":"https:\/\/highjumpchicago.org\/es\/wp-json\/wp\/v2\/pages\/327","targetHints":{"allow":["GET"]}}],"collection":[{"href":"https:\/\/highjumpchicago.org\/es\/wp-json\/wp\/v2\/pages"}],"about":[{"href":"https:\/\/highjumpchicago.org\/es\/wp-json\/wp\/v2\/types\/page"}],"author":[{"embeddable":true,"href":"https:\/\/highjumpchicago.org\/es\/wp-json\/wp\/v2\/users\/7"}],"replies":[{"embeddable":true,"href":"https:\/\/highjumpchicago.org\/es\/wp-json\/wp\/v2\/comments?post=327"}],"version-history":[{"count":5,"href":"https:\/\/highjumpchicago.org\/es\/wp-json\/wp\/v2\/pages\/327\/revisions"}],"predecessor-version":[{"id":4317,"href":"https:\/\/highjumpchicago.org\/es\/wp-json\/wp\/v2\/pages\/327\/revisions\/4317"}],"up":[{"embeddable":true,"href":"https:\/\/highjumpchicago.org\/es\/wp-json\/wp\/v2\/pages\/63"}],"wp:attachment":[{"href":"https:\/\/highjumpchicago.org\/es\/wp-json\/wp\/v2\/media?parent=327"}],"curies":[{"name":"gracias","href":"https:\/\/api.w.org\/{rel}","templated":true}]}}