{"id":3441,"date":"2021-02-09T16:53:16","date_gmt":"2021-02-09T22:53:16","guid":{"rendered":"https:\/\/d46e648428.nxcli.io\/?page_id=3441"},"modified":"2023-10-06T11:15:39","modified_gmt":"2023-10-06T16:15:39","slug":"gift-of-high-jump","status":"publish","type":"page","link":"https:\/\/highjumpchicago.org\/es\/donate\/ways-to-donate\/gift-of-high-jump\/","title":{"rendered":"Regala el Salto de Altura"},"content":{"rendered":"<img loading=\"lazy\" decoding=\"async\" src=\"https:\/\/highjumpchicago.org\/wp-content\/uploads\/2021\/02\/Gift-of-High-Jump-Banner.jpg\" alt=\"Gift-of-High-Jump-Banner\" itemprop=\"image\" height=\"600\" width=\"1950\" title=\"Banner de regalo de salto de altura\" onerror=\"this.style.display='none'\">\n\t<nav aria-label=\"migaja de pan\"><ol itemscope=\"\" itemtype=\"https:\/\/schema.org\/BreadcrumbList\"><li itemprop=\"itemListElement\" itemscope=\"\" itemtype=\"https:\/\/schema.org\/ListItem\"><a itemscope=\"\" itemtype=\"http:\/\/schema.org\/WebPage\" itemprop=\"item\" itemid=\"https:\/\/highjumpchicago.org\" href=\"https:\/\/highjumpchicago.org\/es\/\">Casa<\/a><meta itemprop=\"position\" content=\"1\"><\/li><li itemprop=\"itemListElement\" itemscope=\"\" itemtype=\"https:\/\/schema.org\/ListItem\"><a itemscope=\"\" itemtype=\"http:\/\/schema.org\/WebPage\" itemprop=\"item\" itemid=\"https:\/\/highjumpchicago.org\/donate\/\" href=\"https:\/\/highjumpchicago.org\/es\/donate\/\">Donar<\/a><meta itemprop=\"position\" content=\"2\"><\/li><li itemprop=\"itemListElement\" itemscope=\"\" itemtype=\"https:\/\/schema.org\/ListItem\"><a itemscope=\"\" itemtype=\"http:\/\/schema.org\/WebPage\" itemprop=\"item\" itemid=\"https:\/\/highjumpchicago.org\/donate\/ways-to-donate\/\" href=\"https:\/\/highjumpchicago.org\/es\/donate\/ways-to-donate\/\">Formas de donar<\/a><meta itemprop=\"position\" content=\"3\"><\/li><li aria-current=\"page\" itemprop=\"itemListElement\" itemscope=\"\" itemtype=\"https:\/\/schema.org\/ListItem\">Regala el Salto de Altura<meta itemprop=\"position\" content=\"4\"><\/li><\/ol><\/nav><h2>\n\t\t\u00a1D\u00e9 el regalo que devuelve y honre a aquellos que son especiales para usted!\n\t<\/h2>\n\t<p><strong>Cuando dona un regalo en honor a alguien, puede descargar una tarjeta imprimible para personalizarla y enviarla por correo o una imagen para compartir por correo electr\u00f3nico o mensaje de texto. Es una excelente manera de informar a sus amigos y familiares sobre el impacto del regalo que hizo en su nombre.<\/strong><\/p>\n<p><b>Su apoyo tendr\u00e1 un impacto duradero en la vida de un estudiante.<\/b> a trav\u00e9s del enriquecimiento acad\u00e9mico gratuito y el apoyo socioemocional en el que pueden confiar.<\/p>\n\t\t\t\t<img loading=\"lazy\" decoding=\"async\" src=\"https:\/\/highjumpchicago.org\/wp-content\/uploads\/2021\/02\/gift-of-high-jump-card-pic.png\" alt=\"gift-of-high-jump-card-pic\" itemprop=\"image\" height=\"300\" width=\"300\" title=\"regalo-de-salto-de-alto-tarjeta-foto\" onerror=\"this.style.display='none'\">\n\t<p><em>Despu\u00e9s de procesar su donaci\u00f3n, recibir\u00e1 un correo electr\u00f3nico de confirmaci\u00f3n con un enlace a la tarjeta descargable y la imagen para compartir su regalo imprimi\u00e9ndolo o envi\u00e1ndolo electr\u00f3nicamente.&nbsp;<\/em><\/p>\n\n<h2>\n\t\tSu contribuci\u00f3n en acci\u00f3n\n\t<\/h2>\n\t<ul>\n\t\t<li>\t\t\t\t\n\t\t<h3>Enriquecimiento acad\u00e9mico sin matr\u00edcula<\/h3><\/li><li>\t\t\t\t\n\t\t<h3>Meriendas y comidas para estudiantes.<\/h3><\/li><li>\t\t\t\t\n\t\t<h3>Laptops permanentes para estudiantes<\/h3><\/li>\t<\/ul>\n\t<ul>\n\t\t<li>\t\t\t\t\n\t\t<h3>Profesorado y personal dedicado<\/h3><\/li><li>\t\t\t\t\n\t\t<h3>Apoyo pr\u00e1ctico para estudiantes <\/h3><\/li><li>\t\t\t\t\n\t\t<h3>Todos los materiales de aprendizaje proporcionados.<\/h3><\/li>\t<\/ul>","protected":false},"excerpt":{"rendered":"<p>Inicio Donar Formas de donar Dar el regalo de High Jump \u00a1Dar el regalo que retribuye y honrar a aquellos que son especiales para ti! Cuando dona un regalo en honor a alguien, puede descargar una tarjeta imprimible para personalizarla y enviarla por correo o una imagen para compartir por correo electr\u00f3nico o mensaje de texto. Es un\u2026<\/p>","protected":false},"author":7,"featured_media":3445,"parent":1955,"menu_order":0,"comment_status":"closed","ping_status":"closed","template":"","meta":{"_seopress_robots_primary_cat":"","_seopress_titles_title":"","_seopress_titles_desc":"","_seopress_robots_index":"","inline_featured_image":false,"footnotes":""},"class_list":["post-3441","page","type-page","status-publish","has-post-thumbnail","hentry"],"_links":{"self":[{"href":"https:\/\/highjumpchicago.org\/es\/wp-json\/wp\/v2\/pages\/3441","targetHints":{"allow":["GET"]}}],"collection":[{"href":"https:\/\/highjumpchicago.org\/es\/wp-json\/wp\/v2\/pages"}],"about":[{"href":"https:\/\/highjumpchicago.org\/es\/wp-json\/wp\/v2\/types\/page"}],"author":[{"embeddable":true,"href":"https:\/\/highjumpchicago.org\/es\/wp-json\/wp\/v2\/users\/7"}],"replies":[{"embeddable":true,"href":"https:\/\/highjumpchicago.org\/es\/wp-json\/wp\/v2\/comments?post=3441"}],"version-history":[{"count":5,"href":"https:\/\/highjumpchicago.org\/es\/wp-json\/wp\/v2\/pages\/3441\/revisions"}],"predecessor-version":[{"id":20808,"href":"https:\/\/highjumpchicago.org\/es\/wp-json\/wp\/v2\/pages\/3441\/revisions\/20808"}],"up":[{"embeddable":true,"href":"https:\/\/highjumpchicago.org\/es\/wp-json\/wp\/v2\/pages\/1955"}],"wp:featuredmedia":[{"embeddable":true,"href":"https:\/\/highjumpchicago.org\/es\/wp-json\/wp\/v2\/media\/3445"}],"wp:attachment":[{"href":"https:\/\/highjumpchicago.org\/es\/wp-json\/wp\/v2\/media?parent=3441"}],"curies":[{"name":"gracias","href":"https:\/\/api.w.org\/{rel}","templated":true}]}}