{"id":3546,"date":"2021-02-18T17:06:00","date_gmt":"2021-02-18T23:06:00","guid":{"rendered":"https:\/\/d46e648428.nxcli.io\/?page_id=3546"},"modified":"2026-04-14T14:03:24","modified_gmt":"2026-04-14T19:03:24","slug":"associate-board","status":"publish","type":"page","link":"https:\/\/highjumpchicago.org\/es\/about\/associate-board\/","title":{"rendered":"Junta Asociada"},"content":{"rendered":"<h1>Nuestra misi\u00f3n<\/h1>\n<h3>To bring together leaders who are passionate about positively contributing to High Jump&#8217;s mission to expand access to education in Chicago by committing to three core pillars:<\/h3>\n\t<ul>\n\t\t<li>\t\t\t\t\n\t\t<h3>Apoyo estrat\u00e9gico para la recaudaci\u00f3n de fondos<\/h3><\/li><li>\t\t\t\t\n\t\t<h3>Participaci\u00f3n comunitaria y representaci\u00f3n<\/h3><\/li><li>\t\t\t\t\n\t\t<h3>Desarrollo profesional y creaci\u00f3n de relaciones.<\/h3><\/li>\t<\/ul>\n\t<h1>Compromiso<\/h1>\n\t\t\t\t\t\t<h3>Requisitos generales<\/h3>\n\t\t\t\t\t\t<ul><li>Comprom\u00e9tase a formar parte de la junta directiva durante 2 a\u00f1os.<\/li><li>Participa como voluntario dos veces al a\u00f1o y asiste a un evento para recaudar fondos.<\/li><li>Dedica entre 5 y 10 horas al mes a las reuniones trimestrales y participa en al menos un comit\u00e9.<\/li><\/ul>\n\t\t\t\t\t\t<!-- CTA -->\n\t\t\t\t\t\t<h3>Apoyo estrat\u00e9gico para la recaudaci\u00f3n de fondos<\/h3>\n\t\t\t\t\t\t<ul><li>Support High Jump&#8217;s fundraising efforts throughout the year.\u00a0<\/li><li>Contribuir a la planificaci\u00f3n estrat\u00e9gica y a la ejecuci\u00f3n de los dos eventos anuales de recaudaci\u00f3n de fondos de AB.<\/li><li>Dona un m\u00ednimo de $250 y recauda al menos $500 por a\u00f1o fiscal.<\/li><\/ul>\n\t\t\t\t\t\t<!-- CTA -->\n\t\t\t\t\t\t<h3>Participaci\u00f3n comunitaria y representaci\u00f3n<\/h3>\n\t\t\t\t\t\t<ul>\n<li>Champion High Jump&#8217;s values by supporting key campaigns and initiatives.<\/li>\n<li>Genera conciencia y despierta inter\u00e9s por el salto de altura dentro de tus redes personales y profesionales.<\/li>\n<\/ul>\n\t\t\t\t\t\t<!-- CTA -->\n\t\t\t\t\t\t<h3>Desarrollo profesional y creaci\u00f3n de relaciones.<\/h3>\n\t\t\t\t\t\t<ul>\n<li>Aproveche las oportunidades para mejorar sus habilidades profesionales, que incluyen eventos para establecer contactos, mentor\u00eda por parte de la junta directiva, roles de liderazgo y momentos exclusivos de voluntariado.\n\t\t\t\t\t\t<!-- CTA -->\n\t<h1>C\u00f3mo unirse<\/h1>\n<figure itemscope itemtype=\"https:\/\/schema.org\/ImageObject\">\n\t\t\t\t<img decoding=\"async\" src=\"https:\/\/highjumpchicago.org\/wp-content\/uploads\/2026\/04\/IMG_2889-e1775079511493.jpeg\" alt=\"Associate Board - Event\" height=\"672\" width=\"1754\" title=\"Junta de Asociados - Evento\" onerror=\"this.style.display='none'\" loading=\"lazy\" \/>\n\t<\/figure>\n\t<h1>\u00bfEst\u00e1 interesado en unirse o aprender m\u00e1s sobre la Junta de Asociados de High Jump?<\/h1>\n<p>Membership is open to individuals who demonstrate an interest in High Jump&#8217;s mission and will actively participate in Associate Board activities and adhere to the commitments. Applications to join the Associate Board are accepted twice per year, with application cycles in the Spring (March-May) and Fall (Sept-Nov).<\/p>\n<p>Los posibles miembros (mayores de 21 a\u00f1os) deben completar y enviar una solicitud y enviar un correo electr\u00f3nico a nuestro Subdirector de Desarrollo, <strong><a href=\"mailto:gkizer@highjumpchicago.org?subject=Associate%20Board%20Statement%20of%20Interest\" rel=\"noopener\">Gabi Kizer<\/a><\/strong>, with a statement of interest. We&#8217;ll set up a brief introductory meeting to gauge if we&#8217;re the right fit for each other.<\/p>\n<p><strong>We&#8217;re looking forward to meeting you and making a positive impact, together!<\/strong><\/p>\n\t\t\t<a href=\"https:\/\/docs.google.com\/forms\/d\/e\/1FAIpQLSfuoTzjgsZIz02D8porUS1ciGjSB4DohYe3gyos82KO58JA3w\/viewform\"  target=\"_blank\" rel=\"noopener\">\n\t\t\t\t\t\t\tAPLICAR AQU\u00cd\n\t\t\t\t\t<\/a>\n\t<h1>Conozca a la Junta de Asociados de Salto de Altura<\/h1>\n\t<h2>\n\t\t\t\tSilla\n\t\t\t<\/h2>\n\t<strong>Shawn Manning<\/strong><br \/>\n<em>Tostada<\/em>\n\t<h2>\n\t\t\t\tPresidentes de subcomit\u00e9s\n\t\t\t<\/h2>\n\t<b>Emanuele Macchi<br \/>\n<\/b><em>Sistemas de tracci\u00f3n<\/em>\n<b>Sara Kohler<br \/>\n<\/b><em>Blue Cross Blue Shield de Illinois<\/em>\n<b>miguel monte<br \/>\n<\/b><em>Gesti\u00f3n de TI<\/em>\n\t<h2>\n\t\t\t\tmiembros\n\t\t\t<\/h2>\n\t<strong>juan bancos<\/strong><br \/>\n<em>JEB Capital Socios<\/em>\n<strong>Tevin Bowens<\/strong><br \/>\n<em>Adelman &amp; Gettleman, Ltd.<\/em>\n<strong>Nabid Hern\u00e1ndez<\/strong><br \/>\nAlumbre de salto de altura<br \/>\n<em>BMO EE. UU.<\/em>\n<strong>Andr\u00e9s Jessen<\/strong><em><br \/>\nGuillermo Blair<\/em>\n<strong>Alec Klimowicz<\/strong><br \/>\n<em>Willkie Farr y Gallagher<\/em>\n<strong>Dilara menor<\/strong><br \/>\nAlumbre de salto de altura<br \/>\n<em>proyecto44<\/em>\n\n\t<strong>Angelina Ly<br \/>\n<\/strong>Gr\u00faa EE.UU.\n<strong>G\u00e9nesis Mart\u00ednez<\/strong><br \/>\nAlumbre de salto de altura<br \/>\n<em>KPMG EE.UU.<\/em>\n<strong>Richard Mbouombouo<\/strong><br \/>\nAlumbre de salto de altura<br \/>\n<em> PPM Am\u00e9rica<\/em>\n<strong>Brenda Olvera<\/strong><br \/>\n<em>Bufete de abogados de la <\/em><em>Defensor P\u00fablico del Condado de Cook<\/em>\n<strong>Arianna P\u00e9rez<br \/>\n<\/strong>Alumbre de salto de altura<br \/>\n<em>CIBC<\/em>\n<strong>Anas Rahman<\/strong><br \/>\nAlumbre de salto de altura<br \/>\n<em>Centro M\u00e9dico Rush<\/em>\n\t<strong>Jason Riddell<\/strong><br \/>\n<em>Grupo de consultas de Boston<\/em>\n<strong>jalen ross<\/strong><br \/>\n<em>Socios Ellery<br \/>\nEl colectivo de c\u00e1maras<\/em>\n<strong>Karlie Stanton<\/strong><em><br \/>\nConsultor\u00eda Deloitte<\/em>\n<strong>James Tallis<\/strong><em><br \/>\nChapman y Cutler LLP<\/em>\n<b>Mike Tremeski<br \/>\n<\/b><i>Katten Muchin Rosenman<\/i>\n<strong>Nate ganando<\/strong><br \/>\n<i>KPMG<\/i>\n\n\t<p><strong>\u00bfEst\u00e1 interesado en unirse o aprender m\u00e1s sobre la Junta de Asociados de High Jump? <\/strong>Comun\u00edquese con Gabi Kizer en <a href=\"mailto:gkizer@highjumpchicago.org?subject=Associate Board Inquiry\">gkizer@highjumpchicago.org<\/a><\/p>\n<\/li><\/ul>","protected":false},"excerpt":{"rendered":"<p>Our Mission To bring together leaders who are passionate about positively contributing to High Jump&#8217;s mission to expand access to education in Chicago by committing to three core pillars: Strategic Fundraising Support Community Engagement &amp; Ambassadorship Professional Development &amp; Relationship Building Commitment General Requirements Commit to serving on the board for 2 years. Volunteer twice&hellip;<\/p>","protected":false},"author":7,"featured_media":205496,"parent":50,"menu_order":0,"comment_status":"closed","ping_status":"closed","template":"","meta":{"_seopress_robots_primary_cat":"","_seopress_titles_title":"","_seopress_titles_desc":"","_seopress_robots_index":"","inline_featured_image":false,"footnotes":""},"class_list":["post-3546","page","type-page","status-publish","has-post-thumbnail","hentry"],"_links":{"self":[{"href":"https:\/\/highjumpchicago.org\/es\/wp-json\/wp\/v2\/pages\/3546","targetHints":{"allow":["GET"]}}],"collection":[{"href":"https:\/\/highjumpchicago.org\/es\/wp-json\/wp\/v2\/pages"}],"about":[{"href":"https:\/\/highjumpchicago.org\/es\/wp-json\/wp\/v2\/types\/page"}],"author":[{"embeddable":true,"href":"https:\/\/highjumpchicago.org\/es\/wp-json\/wp\/v2\/users\/7"}],"replies":[{"embeddable":true,"href":"https:\/\/highjumpchicago.org\/es\/wp-json\/wp\/v2\/comments?post=3546"}],"version-history":[{"count":24,"href":"https:\/\/highjumpchicago.org\/es\/wp-json\/wp\/v2\/pages\/3546\/revisions"}],"predecessor-version":[{"id":209710,"href":"https:\/\/highjumpchicago.org\/es\/wp-json\/wp\/v2\/pages\/3546\/revisions\/209710"}],"up":[{"embeddable":true,"href":"https:\/\/highjumpchicago.org\/es\/wp-json\/wp\/v2\/pages\/50"}],"wp:featuredmedia":[{"embeddable":true,"href":"https:\/\/highjumpchicago.org\/es\/wp-json\/wp\/v2\/media\/205496"}],"wp:attachment":[{"href":"https:\/\/highjumpchicago.org\/es\/wp-json\/wp\/v2\/media?parent=3546"}],"curies":[{"name":"gracias","href":"https:\/\/api.w.org\/{rel}","templated":true}]}}