{"id":3775,"date":"2021-04-30T12:45:09","date_gmt":"2021-04-30T17:45:09","guid":{"rendered":"https:\/\/d46e648428.nxcli.io\/?page_id=3775"},"modified":"2025-10-14T16:51:39","modified_gmt":"2025-10-14T21:51:39","slug":"community-scholars","status":"publish","type":"page","link":"https:\/\/highjumpchicago.org\/es\/our-programs\/community-scholars\/","title":{"rendered":"Becarios de la comunidad"},"content":{"rendered":"<nav  aria-label=\"migaja de pan\"><ol itemscope itemtype=\"https:\/\/schema.org\/BreadcrumbList\"><li itemprop=\"itemListElement\" itemscope itemtype=\"https:\/\/schema.org\/ListItem\"><a itemscope itemtype=\"https:\/\/schema.org\/WebPage\" itemprop=\"item\" itemid=\"https:\/\/highjumpchicago.org\" href=\"https:\/\/highjumpchicago.org\/es\/\">Casa<\/a><meta itemprop=\"position\" content=\"1\"\/><\/li><li itemprop=\"itemListElement\" itemscope itemtype=\"https:\/\/schema.org\/ListItem\"><a itemscope itemtype=\"https:\/\/schema.org\/WebPage\" itemprop=\"item\" itemid=\"https:\/\/highjumpchicago.org\/our-programs\/\" href=\"https:\/\/highjumpchicago.org\/es\/our-programs\/\">Nuestros Programas<\/a><meta itemprop=\"position\" content=\"2\"\/><\/li><li aria-current=\"page\" itemprop=\"itemListElement\" itemscope itemtype=\"https:\/\/schema.org\/ListItem\">Becarios de la comunidad<meta itemprop=\"position\" content=\"3\"\/><\/li><\/ol><\/nav>\n<h1>\n\t\t\tEstudiante-primero. Las manos en. M\u00e1s accesible.\t<\/h1>\n\t<h3>High Jump Community Scholars es un programa gratuito con experiencias \u00fanicas, acceso a recursos y oportunidades educativas.<\/h3>\n<p>Los estudiantes son intelectualmente curiosos y acad\u00e9micamente motivados, y buscan una experiencia en la escuela secundaria que los desaf\u00ede social y acad\u00e9micamente. El programa est\u00e1 dise\u00f1ado para llevar la programaci\u00f3n a las escuelas del vecindario y llegar a m\u00e1s estudiantes en todo Chicago.<\/p>\n\t\t\t\t\t\t<h3>Qui\u00e9n puede aplicar?<\/h3>\n\t\t\t\t\t\t<ul><li><strong>Todos los estudiantes actualmente en sexto grado que est\u00e1n inscritos en un sitio de Community Scholars<\/strong><\/li><li>Estudiantes <strong>con un promedio de B o superior<\/strong><\/li><li>Aquellos <strong>que son intelectualmente curiosos y acad\u00e9micamente motivados<\/strong><\/li><li>Estudiantes que buscan una experiencia en la escuela secundaria que los desaf\u00ede social y acad\u00e9micamente<\/li><li>Estudiantes que cumplen con los umbrales de ingresos requeridos<\/li><\/ul>\n\t\t\t\t\t\t<!-- CTA -->\n\t\t\t\t\t\t<h3>Materiales y Comidas<\/h3>\n\t\t\t\t\t\t<p><strong>Se proporcionar\u00e1n todos los materiales de aprendizaje para el programa.<\/strong> Los estudiantes tambi\u00e9n recibir\u00e1n <strong>bocadillos gratis<\/strong> en cada d\u00eda de programaci\u00f3n al que asisten.<\/p>\n\t\t\t\t\t\t<!-- CTA -->\n\t\t\t\t\t\t<h3>\u00bfD\u00f3nde asisto a High Jump?<\/h3>\n\t\t\t\t\t\t<p>Community Scholars est\u00e1 alojado actualmente en:<\/p>\n<ul>\n<li><strong>Escuela Primaria George B. Armstrong<\/strong>\u00a0<\/li>\n<li><strong>Escuela Primaria de Bellas Artes Philip Rogers<\/strong><\/li>\n<\/ul>\n<p><strong>Los becarios comunitarios asisten al programa en su escuela p\u00fablica. <\/strong>El programa comienza inmediatamente despu\u00e9s de la salida y es impartido por maestros de su escuela. El programa comienza inmediatamente despu\u00e9s de la salida y es impartido por maestros de su escuela.<\/p>\n\t\t\t\t\t\t<!-- CTA -->\n\t\t\t\t\t\t<h3>Apoyo a la selecci\u00f3n de la escuela secundaria<\/h3>\n\t\t\t\t\t\t<p>Durante el octavo grado, <strong>High Jump apoya a los estudiantes y sus familias con admisiones a la escuela secundaria, ayuda financiera e informaci\u00f3n sobre becas.<\/strong> Necesitan prepararse para la escuela secundaria y m\u00e1s all\u00e1.<\/p>\n\t\t\t\t\t\t<!-- CTA -->\n\t\t\t\t\t\t<h1>\u00bfC\u00f3mo me inscribo?<\/h1>\n\t\t\t\t\t\t<p>Actualmente, la participaci\u00f3n es limitada y los estudiantes ser\u00e1n nominados por su escuela seg\u00fan las recomendaciones de los maestros, las calificaciones, la asistencia y los puntajes de las pruebas.<\/p>\n\t\t\t\t\t\t<!-- CTA -->","protected":false},"excerpt":{"rendered":"<p>Inicio Nuestros Programas Becarios Comunitarios El estudiante primero. Aprendizaje pr\u00e1ctico. Mayor accesibilidad. El programa Becarios Comunitarios de High Jump es un programa gratuito que ofrece experiencias \u00fanicas, acceso a recursos y oportunidades educativas. Los estudiantes son intelectualmente curiosos y acad\u00e9micamente motivados, y buscan una experiencia de preparatoria que los desaf\u00ede tanto social como acad\u00e9micamente. El programa est\u00e1 dise\u00f1ado para llevar la programaci\u00f3n a\u2026<\/p>","protected":false},"author":7,"featured_media":130274,"parent":52,"menu_order":0,"comment_status":"closed","ping_status":"closed","template":"","meta":{"_seopress_robots_primary_cat":"","_seopress_titles_title":"","_seopress_titles_desc":"","_seopress_robots_index":"","inline_featured_image":false,"footnotes":""},"class_list":["post-3775","page","type-page","status-publish","has-post-thumbnail","hentry"],"_links":{"self":[{"href":"https:\/\/highjumpchicago.org\/es\/wp-json\/wp\/v2\/pages\/3775","targetHints":{"allow":["GET"]}}],"collection":[{"href":"https:\/\/highjumpchicago.org\/es\/wp-json\/wp\/v2\/pages"}],"about":[{"href":"https:\/\/highjumpchicago.org\/es\/wp-json\/wp\/v2\/types\/page"}],"author":[{"embeddable":true,"href":"https:\/\/highjumpchicago.org\/es\/wp-json\/wp\/v2\/users\/7"}],"replies":[{"embeddable":true,"href":"https:\/\/highjumpchicago.org\/es\/wp-json\/wp\/v2\/comments?post=3775"}],"version-history":[{"count":5,"href":"https:\/\/highjumpchicago.org\/es\/wp-json\/wp\/v2\/pages\/3775\/revisions"}],"predecessor-version":[{"id":130276,"href":"https:\/\/highjumpchicago.org\/es\/wp-json\/wp\/v2\/pages\/3775\/revisions\/130276"}],"up":[{"embeddable":true,"href":"https:\/\/highjumpchicago.org\/es\/wp-json\/wp\/v2\/pages\/52"}],"wp:featuredmedia":[{"embeddable":true,"href":"https:\/\/highjumpchicago.org\/es\/wp-json\/wp\/v2\/media\/130274"}],"wp:attachment":[{"href":"https:\/\/highjumpchicago.org\/es\/wp-json\/wp\/v2\/media?parent=3775"}],"curies":[{"name":"gracias","href":"https:\/\/api.w.org\/{rel}","templated":true}]}}