{"id":4338,"date":"2022-01-25T17:17:10","date_gmt":"2022-01-25T23:17:10","guid":{"rendered":"https:\/\/d46e648428.nxcli.io\/?page_id=4338"},"modified":"2026-01-26T14:45:56","modified_gmt":"2026-01-26T20:45:56","slug":"scholars","status":"publish","type":"page","link":"https:\/\/highjumpchicago.org\/es\/our-programs\/scholars\/","title":{"rendered":"eruditos"},"content":{"rendered":"<nav  aria-label=\"migaja de pan\"><ol itemscope itemtype=\"https:\/\/schema.org\/BreadcrumbList\"><li itemprop=\"itemListElement\" itemscope itemtype=\"https:\/\/schema.org\/ListItem\"><a itemscope itemtype=\"https:\/\/schema.org\/WebPage\" itemprop=\"item\" itemid=\"https:\/\/highjumpchicago.org\" href=\"https:\/\/highjumpchicago.org\/es\/\">Casa<\/a><meta itemprop=\"position\" content=\"1\"\/><\/li><li itemprop=\"itemListElement\" itemscope itemtype=\"https:\/\/schema.org\/ListItem\"><a itemscope itemtype=\"https:\/\/schema.org\/WebPage\" itemprop=\"item\" itemid=\"https:\/\/highjumpchicago.org\/our-programs\/\" href=\"https:\/\/highjumpchicago.org\/es\/our-programs\/\">Nuestros Programas<\/a><meta itemprop=\"position\" content=\"2\"\/><\/li><li aria-current=\"page\" itemprop=\"itemListElement\" itemscope itemtype=\"https:\/\/schema.org\/ListItem\">eruditos<meta itemprop=\"position\" content=\"3\"\/><\/li><\/ol><\/nav>\n<h1>\n\t\t\tEstudiante Primero. Las manos en. Basado en el campus.\t<\/h1>\n\t<h3>High Jump Scholars es un programa gratuito con experiencias \u00fanicas, acceso a recursos y oportunidades educativas.<\/h3>\n<p>Los estudiantes son intelectualmente curiosos y acad\u00e9micamente motivados, y buscan una experiencia en la escuela secundaria que los desaf\u00ede social y acad\u00e9micamente. El programa se lleva a cabo en tres campus de Chicago con profesores de toda la ciudad.<\/p>\n\t<h1>\u00bfQu\u00e9 es el salto de altura?<\/h1>\n<h3>Enriquecimiento acad\u00e9mico gratuito durante todo el a\u00f1o<\/h3>\n\t\t\t\t\t\t<h3>\u00bfCu\u00e1ndo sucede High Jump?<\/h3>\n\t\t\t\t\t\t<ul><li>El salto de altura es un <strong>programa de enriquecimiento academico <\/strong>que asistas <strong>adem\u00e1s de tu escuela<\/strong>.<\/li><li>El programa cumple <strong>5 semanas en el verano<\/strong> y <strong>2-3 veces al mes los s\u00e1bados<\/strong> durante el a\u00f1o escolar.<\/li><\/ul>\n\t\t\t\t\t\t<!-- CTA -->\n\t\t\t\t\t\t<h3>\u00bfD\u00f3nde asisto a High Jump?<\/h3>\n\t\t\t\t\t\t<ul><li><strong>Escuela Latina de Chicago: <\/strong>59 W. North Blvd.<\/li><li><strong>Escuela Francis W. Parker: <\/strong>330 W. Webster<\/li><li><strong>Escuela Laboratorio de la Universidad de Chicago: <\/strong>1362 E. Calle 59<\/li><\/ul>\n\t\t\t\t\t\t<!-- CTA -->\n\t\t<iframe loading=\"lazy\" width=\"560\" height=\"315\" src=\"https:\/\/www.youtube.com\/embed\/as9bU1DY0kU\" title=\"reproductor de videos de youtube\" frameborder=\"0\" allow=\"accelerometer; autoplay; clipboard-write; encrypted-media; gyroscope; picture-in-picture\" allowfullscreen><\/iframe>\t\n\t\t\t\t\t\t<h3>Qui\u00e9n puede aplicar?<\/h3>\n\t\t\t\t\t\t<ul><li>Actual<strong> Estudiantes de 6to grado<\/strong><\/li><li>Estudiantes <strong>con un promedio de B o superior<\/strong> (A\u00fan se anima a los estudiantes con C a postularse)<\/li><li><strong>Estudiantes intelectualmente curiosos y motivados acad\u00e9micamente.<\/strong><\/li><li>Estudiantes que buscan una <strong>Una experiencia desafiante en la escuela secundaria<\/strong><\/li><li>Estudiantes con <strong>Necesidad financiera demostrada<\/strong><\/li><\/ul>\n\t\t\t\t\t\t<!-- CTA -->\n\t\t\t\t\t\t<h3>Experiencia del estudiante<\/h3>\n\t\t\t\t\t\t<ul><li><strong>Haz nuevos amigos y gana experiencias significativas,<\/strong> incluyendo viajes de campo, trabajo en red de la escuela secundaria y actividades pr\u00e1cticas de aprendizaje.<\/li><li><strong>Descubre nuevos intereses<\/strong> \u00a1Con asignaturas optativas como artes visuales, estudios cinematogr\u00e1ficos, historia de la m\u00fasica y m\u00e1s!<\/li><\/ul>\n\t\t\t\t\t\t<!-- CTA -->\n\t\t\t\t\t\t<h3>Apoyo a la selecci\u00f3n de la escuela secundaria<\/h3>\n\t\t\t\t\t\t<p>Durante el octavo grado, <strong>High Jump apoya a los estudiantes y sus familias con admisiones a la escuela secundaria, ayuda financiera e informaci\u00f3n sobre becas.<\/strong> Necesitan prepararse para la escuela secundaria y m\u00e1s all\u00e1.<\/p>\n\t\t\t\t\t\t<!-- CTA -->\n\t\t\t\t\t\t<h3>Materiales y Comidas<\/h3>\n\t\t\t\t\t\t<p><strong>Todos los materiales de aprendizaje para el programa se proporcionar\u00e1n sin costo alguno.<\/strong> Los estudiantes tambi\u00e9n recibir\u00e1n <strong>Desayuno y almuerzo gratis<\/strong>\u00a0en cada d\u00eda de programaci\u00f3n al que asisten.<\/p>\n\t\t\t\t\t\t<!-- CTA -->\n\t\t\t\t\t\t<h1>\u00bfC\u00f3mo me inscribo?<\/h1>\n\t\t\t\t\t\t<h2>Las solicitudes se abren en l\u00ednea el 25 de octubre de 2025.<\/h2><ul><li><strong>Las solicitudes en l\u00ednea deben presentarse antes del 20 de enero de 2026.<\/strong><\/li><li><strong>Los requisitos de solicitud incluyen:<\/strong><ul><li>1 ensayo personal<\/li><li>Boletas de calificaciones de 5to y 6to grado<\/li><li>3 Recomendaciones del maestro\/escuela<\/li><li>Declaraciones de impuestos familiares de 2024<\/li><\/ul><\/li><li><strong>Los solicitantes calificados ser\u00e1n invitados a una entrevista en marzo de 2026.<\/strong><\/li><li><strong>Dirija cualquier pregunta o inquietud sobre su solicitud a <a href=\"mailto:apply@highjumpchicago.org\"><u>apply@highjumpchicago.org<\/u><\/a><\/strong><\/li><\/ul>\n\t\t\t\t\t\t<!-- CTA -->\n<h1>\n\t\t\tHaga un recorrido de clase\t<\/h1>\n\t<h3>Mira estos videos para hacerte una idea de c\u00f3mo son las clases de High Jump.<\/h3>\n\t\t<a href=\"https:\/\/highjumpchicago.org\/es\/our-programs\/virtual-tour\/virtual-tour-chemistry-lab\/\" target=\"_self\">\n\t\t\t\t\t\t\t\t\t\t\t<img decoding=\"async\" src=\"https:\/\/highjumpchicago.org\/wp-content\/uploads\/2020\/05\/HighJump_080214_143-crop.jpg\" alt=\"HighJump_080214_143-crop\"\/>\n\t\t\t\t\t<p>Los acad\u00e9micos exploran conceptos de cambio f\u00edsico y qu\u00edmico, reacciones qu\u00edmicas, estructura at\u00f3mica y m\u00e1s. Aprenden a observar y registrar datos, analizar resultados y comunicar de manera efectiva sus hallazgos a trav\u00e9s de laboratorios pr\u00e1cticos.<\/p>\t\t\t\t\t\n\t\t\t\t\t\t<h3>\n\t\t\t\t\t\tQu\u00edmica\t\t<\/h3>\n\t\t<\/a>\n\t\t<a href=\"https:\/\/highjumpchicago.org\/es\/our-programs\/virtual-tour\/virtual-tour-biology-dissections\/\" target=\"_self\">\n\t\t\t\t\t\t\t\t\t\t\t<img decoding=\"async\" src=\"https:\/\/highjumpchicago.org\/wp-content\/uploads\/2018\/11\/curriculum-1-e1566316882346.jpg\" alt=\"High Jump Chicago\"\/>\n\t\t\t\t\t<p>Los acad\u00e9micos obtienen una descripci\u00f3n general intensiva de las c\u00e9lulas, la herencia y la clasificaci\u00f3n antes de pasar a los sistemas y la salud del cuerpo humano. Practican el dise\u00f1o de laboratorios, realizan experimentos y realizan disecciones pr\u00e1cticas de animales.<\/p>\t\t\t\t\t\n\t\t\t\t\t\t<h3>\n\t\t\t\t\t\tBiolog\u00eda\t\t<\/h3>\n\t\t<\/a>\n\t\t<a href=\"https:\/\/highjumpchicago.org\/es\/our-programs\/virtual-tour\/virtual-tour-humanities\/\" target=\"_self\">\n\t\t\t\t\t\t\t\t\t\t\t<img decoding=\"async\" src=\"https:\/\/highjumpchicago.org\/wp-content\/uploads\/2019\/08\/HighJump-031117-8350-1024x683.jpg\" alt=\"Issues and Ideas\"\/>\n\t\t\t\t\t<p>Los acad\u00e9micos exploran los problemas sociales, pol\u00edticos, econ\u00f3micos y ambientales que dan forma a su mundo. Aprenden a analizar y discutir perspectivas, desarrollar el pensamiento cr\u00edtico y responder en narrativas personales y escritos expositivos.<\/p>\t\t\t\t\t\n\t\t\t\t\t\t<h3>\n\t\t\t\t\t\tHumanidades\t\t<\/h3>\n\t\t<\/a>\n<h1>\n\t\t\tConstruyendo la pr\u00f3xima generaci\u00f3n de l\u00edderes.\t<\/h1>\n\t<h2>En High Jump, ayudamos a los estudiantes a desarrollar las habilidades que necesitan para prosperar dondequiera que vayan. Nuestro plan de estudios expone a los estudiantes a literatura culturalmente relevante, instrucci\u00f3n matem\u00e1tica rigurosa y aprendizaje experiencial para ayudarlos a prepararse para la escuela secundaria, la universidad y m\u00e1s all\u00e1.<\/h2>\n\t\t\t\t<img decoding=\"async\" src=\"https:\/\/highjumpchicago.org\/wp-content\/uploads\/2022\/02\/HighJump-100122-1150-1024x683.jpg\" alt=\"High Jump at Latin School on Saturday 1st, 2022. Photos by Jasmin Shah\" itemprop=\"image\" height=\"683\" width=\"1024\" title=\"Salto de altura en Latin School el s\u00e1bado 1 de 2022. Fotos de Jasmin Shah\" onerror=\"this.style.display='none'\" loading=\"lazy\" \/>\n\t<p><strong>Nuestra proporci\u00f3n de estudiante por maestro de 16: 1 ayuda a los estudiantes a prosperar.<\/strong> El tama\u00f1o peque\u00f1o de la clase significa m\u00e1s tiempo uno a uno con los maestros para brindar un entorno de aprendizaje de apoyo emocional que sea m\u00e1s significativo para los estudiantes.<\/p>\n<p><strong>Los estudiantes hacen nuevos amigos, adquieren experiencias significativas y desarrollan la confianza para seguir sus sue\u00f1os.<\/strong> \u00bfInteresado en aplicar? \u00bfTienes m\u00e1s preguntas sobre c\u00f3mo funciona? <a href=\"https:\/\/highjumpchicago.org\/es\/our-programs\/program-faq\/\"><u>Consulte las preguntas frecuentes de nuestro programa.<\/u><\/a><\/p>","protected":false},"excerpt":{"rendered":"<p>Inicio Nuestros programas Acad\u00e9micos El estudiante primero. Las manos en. Basado en el campus. High Jump Scholars es un programa gratuito con experiencias \u00fanicas, acceso a recursos y oportunidades educativas. Los estudiantes son intelectualmente curiosos y acad\u00e9micamente motivados, y buscan una experiencia de escuela secundaria que los desaf\u00ede social y acad\u00e9micamente. El programa se lleva a cabo en tres campus en Chicago...<\/p>","protected":false},"author":7,"featured_media":130270,"parent":52,"menu_order":0,"comment_status":"closed","ping_status":"closed","template":"","meta":{"_seopress_robots_primary_cat":"","_seopress_titles_title":"","_seopress_titles_desc":"","_seopress_robots_index":"","inline_featured_image":false,"footnotes":""},"class_list":["post-4338","page","type-page","status-publish","has-post-thumbnail","hentry"],"_links":{"self":[{"href":"https:\/\/highjumpchicago.org\/es\/wp-json\/wp\/v2\/pages\/4338","targetHints":{"allow":["GET"]}}],"collection":[{"href":"https:\/\/highjumpchicago.org\/es\/wp-json\/wp\/v2\/pages"}],"about":[{"href":"https:\/\/highjumpchicago.org\/es\/wp-json\/wp\/v2\/types\/page"}],"author":[{"embeddable":true,"href":"https:\/\/highjumpchicago.org\/es\/wp-json\/wp\/v2\/users\/7"}],"replies":[{"embeddable":true,"href":"https:\/\/highjumpchicago.org\/es\/wp-json\/wp\/v2\/comments?post=4338"}],"version-history":[{"count":5,"href":"https:\/\/highjumpchicago.org\/es\/wp-json\/wp\/v2\/pages\/4338\/revisions"}],"predecessor-version":[{"id":130231,"href":"https:\/\/highjumpchicago.org\/es\/wp-json\/wp\/v2\/pages\/4338\/revisions\/130231"}],"up":[{"embeddable":true,"href":"https:\/\/highjumpchicago.org\/es\/wp-json\/wp\/v2\/pages\/52"}],"wp:featuredmedia":[{"embeddable":true,"href":"https:\/\/highjumpchicago.org\/es\/wp-json\/wp\/v2\/media\/130270"}],"wp:attachment":[{"href":"https:\/\/highjumpchicago.org\/es\/wp-json\/wp\/v2\/media?parent=4338"}],"curies":[{"name":"gracias","href":"https:\/\/api.w.org\/{rel}","templated":true}]}}