{"id":4346,"date":"2022-01-25T17:29:20","date_gmt":"2022-01-25T23:29:20","guid":{"rendered":"https:\/\/d46e648428.nxcli.io\/?page_id=4346"},"modified":"2025-10-14T17:05:33","modified_gmt":"2025-10-14T22:05:33","slug":"donation-faq","status":"publish","type":"page","link":"https:\/\/highjumpchicago.org\/es\/donate\/donation-faq\/","title":{"rendered":"Preguntas frecuentes sobre donaciones"},"content":{"rendered":"<nav  aria-label=\"migaja de pan\"><ol itemscope itemtype=\"https:\/\/schema.org\/BreadcrumbList\"><li itemprop=\"itemListElement\" itemscope itemtype=\"https:\/\/schema.org\/ListItem\"><a itemscope itemtype=\"https:\/\/schema.org\/WebPage\" itemprop=\"item\" itemid=\"https:\/\/highjumpchicago.org\" href=\"https:\/\/highjumpchicago.org\/es\/\">Casa<\/a><meta itemprop=\"position\" content=\"1\"\/><\/li><li itemprop=\"itemListElement\" itemscope itemtype=\"https:\/\/schema.org\/ListItem\"><a itemscope itemtype=\"https:\/\/schema.org\/WebPage\" itemprop=\"item\" itemid=\"https:\/\/highjumpchicago.org\/donate\/\" href=\"https:\/\/highjumpchicago.org\/es\/donate\/\">Donar<\/a><meta itemprop=\"position\" content=\"2\"\/><\/li><li aria-current=\"page\" itemprop=\"itemListElement\" itemscope itemtype=\"https:\/\/schema.org\/ListItem\">Preguntas frecuentes sobre donaciones<meta itemprop=\"position\" content=\"3\"\/><\/li><\/ol><\/nav>\n\t\t\t<a href=\"https:\/\/highjumpchicago.org\/wp-content\/uploads\/2025\/07\/High-Jump-Donation-Options-FY26.pdf\" target=\"_blank\" rel=\"noopener\">\n\t\t\t\t\t\t\tHaga clic aqu\u00ed para conocer MANERAS DE DONAR al salto de altura\n\t\t\t\t\t<\/a>\n\t\t\t\t\u00bfC\u00f3mo puedo donar?\n\t\t\t\t<p>Aceptamos donaciones <a href=\"?campaign=524397\">en l\u00ednea<\/a>, mediante cheque, transferencia bancaria, transferencia de valores y m\u00e1s. Obtenga m\u00e1s informaci\u00f3n sobre las formas en las que puede donar <a href=\"https:\/\/highjumpchicago.org\/wp-content\/uploads\/2025\/04\/High-Jump-Donation-Options-FY25.pdf\">aqu\u00ed<\/a>.<\/p>\n\t\t\t\t\u00bfMis donaciones son deducibles de impuestos? \n\t\t\t\t<p>S\u00ed. <strong>High Jump es una organizaci\u00f3n ben\u00e9fica sin fines de lucro 501(c)(3) con EIN 36-4470186.<\/strong> A menos que se indique lo contrario, todos los obsequios realizados son deducibles de impuestos en la medida permitida por la ley.<\/p>\n\t\t\t\t\u00bfC\u00f3mo puedo donar por transferencia bancaria o ACH?\n\t\t\t\t<p>Para donar mediante transferencia bancaria o ACH, env\u00ede un correo electr\u00f3nico\u00a0<a href=\"mailto:advancement@highjumpchicago.org?subject=ACH Transfer Inquiry\">advancement@highjumpchicago.org<\/a> para nuestra informaci\u00f3n de transferencia.<\/p>\n\t\t\t\t\u00bfC\u00f3mo obtengo una copia de mi recibo a efectos fiscales? \n\t\t\t\t<p>Cada vez que realiza una donaci\u00f3n a High Jump (a excepci\u00f3n de los fondos recomendados por donantes), le enviamos autom\u00e1ticamente una carta de reconocimiento de impuestos. Su carta indicar\u00e1 el monto de su regalo, la fecha en que lo hizo y el monto deducible de impuestos. Si necesita una copia de su carta de reconocimiento de impuestos, comun\u00edquese con <a href=\"mailto:advancement@highjumpchicago.org?subject=Tax Letter Request\">advancement@highjumpchicago.org<\/a>.<\/p>\n\t\t\t\t\u00bfPuedo donar a trav\u00e9s de una fundaci\u00f3n o un fondo asesorado por donantes?\n\t\t\t\t<p>S\u00ed. Consulte con su asesor financiero sobre c\u00f3mo recomendar una donaci\u00f3n a High Jump a trav\u00e9s de su fundaci\u00f3n o fondo recomendado por donantes. Tambi\u00e9n puede enviar un correo electr\u00f3nico <a href=\"mailto:advancement@highjumpchicago.org?subject=Donor Advised Fund Inquiry\">advancement@highjumpchicago.org<\/a> con preguntas adicionales.\u00a0<\/p>\n\t\t\t\t\u00bfPuedo hacer una donaci\u00f3n de Valores?\n\t\t\t\t<p>S\u00ed. P\u00f3ngase en contacto con su corredor <a href=\"mailto:advancement@highjumpchicago.org?subject=Securities Gift\">advancement@highjumpchicago.org<\/a> con su nombre, el n\u00famero de acciones y la fecha prevista de transferencia.<\/p>\n\t\t\t\tMe gustar\u00eda donar con cheque. \u00bfD\u00f3nde debo enviarlo?\n\t\t\t\t<p>Por favor haga los cheques a nombre de <strong>Salto alto<\/strong> y correo a:<\/p>\n<p>Salto alto<br \/>A la atenci\u00f3n de: Molly Gilbride<br \/>820 W Jackson Blvd.<br \/>Suite 310<br \/>Chicago, IL 60607<\/p>\n\t\t\t\t\u00bfC\u00f3mo puedo donar un regalo en Honor\/Memoria de alguien?\n\t\t\t\t<p>Como parte de la <a href=\"?campaign=524397\">proceso de donaci\u00f3n<\/a>, puede seleccionar opciones para un obsequio en homenaje. Si elige hacer un obsequio en homenaje, se lo notificaremos a la persona a quien homenajeamos en su nombre.<\/p>\n<p>Si desea notificar a alguien utilizando una tarjeta electr\u00f3nica o una tarjeta pdf imprimible, haga su regalo utilizando nuestro <a href=\"https:\/\/highjumpchicago.org\/es\/gift-of-high-jump\/\">P\u00e1gina Regala el Salto de Altura<\/a>. Despu\u00e9s de procesar su donaci\u00f3n, su correo electr\u00f3nico de confirmaci\u00f3n incluir\u00e1 un enlace a la tarjeta descargable y la imagen para compartir su regalo. Por favor, p\u00f3ngase en contacto con nosotros con cualquier pregunta o problema en <a href=\"mailto:advancement@highjumpchicago.org?subject=Honor\/Memory Gift Inquiry\">advancement@highjumpchicago.org<\/a>.<\/p>\n\t\t\t\t\u00bfC\u00f3mo hago una donaci\u00f3n mensual?\n\t\t\t\t<p>Antes de seleccionar su nivel de donaci\u00f3n, puede utilizar los botones de arriba para seleccionar &#039;Recurrente&#039; <a href=\"?campaign=524397\">Haz tu donaci\u00f3n<\/a> mensual.<\/p>\n\t\t\t\t\u00bfApoya las contribuciones paralelas del empleador?\n\t\t\t\t<p>S\u00ed, High Jump apoya y alienta las contribuciones paralelas del empleador.<\/p>\n<p><a href=\"https:\/\/www.charitynavigator.org\/donor-basics\/giving-101\/employee-match-programs\/\">haga clic aqu\u00ed<\/a> Visita Charity Navigator para averiguar si tu empleador igualar\u00e1 tu donaci\u00f3n. Tambi\u00e9n puedes consultar con el departamento de Recursos Humanos de tu empresa para ver si igualan las donaciones ben\u00e9ficas.<\/p>\n<p>Muchos empleadores lo hacen, y esta es una de las formas m\u00e1s sencillas de duplicar o incluso triplicar su donaci\u00f3n.<\/p>\n\t\t\t\t\u00bfC\u00f3mo puedo iniciar una recaudaci\u00f3n de fondos para High Jump?\n\t\t\t\t<p><strong>Convierte tus celebraciones en una fuerza para el bien con un <a href=\"https:\/\/www.classy.org\/campaign\/celebrate-with-high-jump\/c530211\">P\u00e1gina de recaudaci\u00f3n de fondos para celebraciones<\/a><\/strong> para salto de altura. \u00a1Invita a tus amigos y familiares a donar para igualar el acceso a la educaci\u00f3n para tu evento o d\u00eda especial!<\/p>\n\t\t\t\t\u00bfA d\u00f3nde va mi donaci\u00f3n?\n\t\t\t\t<p>Su donaci\u00f3n a High Jump apoya nuestros programas Scholars, Community Scholars y Alumni Scholars. \u00a1Su donaci\u00f3n ayuda a High Jump a continuar brindando enriquecimiento acad\u00e9mico, recursos, redes y apoyo a m\u00e1s de 1,000 estudiantes en todos nuestros programas!<\/p>\n\t\t\t\t\u00bfC\u00f3mo puedo convertirme en patrocinador o partidario corporativo?\n\t\t\t\t<p>Puede leer sobre nuestro programa de donaciones corporativas <a href=\"https:\/\/highjumpchicago.org\/es\/donate\/sponsor-us\/\">aqu\u00ed<\/a> y comun\u00edquese con Molly Gilbride en <a href=\"mailto:mgilbride@highjumpchicago.org?subject=Corporate Sponsorship Inquiry\">mgilbride@highjumpchicago.org<\/a> aprender m\u00e1s.<\/p>\n\t\t\t\t\u00bfTienes un programa de voluntariado?\n\t\t\t\t<p>\u00a1Lo hacemos! <a href=\"https:\/\/highjumpchicago.org\/es\/volunteer\/\">Obtenga m\u00e1s informaci\u00f3n sobre el voluntariado con nosotros<\/a>\u00a0y puedes comunicarte con Max Asaf en <a href=\"mailto:masaf@highjumpchicago.org\" target=\"_blank\" rel=\"noopener\">masaf@highjumpchicago.org<\/a> \u00a1Reg\u00edstrese para recibir nuestros correos electr\u00f3nicos de voluntarios y sea el primero en inscribirse para oportunidades!<\/p>\n<h1>\n\t\t\tInforme anual de salto de altura\t<\/h1>\n\t<div class=\"_df_book df-lite\" id=\"df_60754\"  _slug=\"high-jump-annual-report-2021-2022-2\" data-title=\"high-jump-annual-report-2022-2023\" wpoptions=\"true\" thumbtype=\"\" ><\/div><script class=\"df-shortcode-script\" nowprocket type=\"application\/javascript\">window.option_df_60754 = {\"outline\":[],\"backgroundColor\":\"#2cafa4\",\"autoEnableOutline\":\"false\",\"autoEnableThumbnail\":\"false\",\"overwritePDFOutline\":\"false\",\"direction\":\"1\",\"pageSize\":\"0\",\"source\":\"https:\\\/\\\/highjumpchicago.org\\\/wp-content\\\/uploads\\\/2024\\\/11\\\/High-Jump-Annual-Report-2022-2023.pdf\",\"wpOptions\":\"true\"}; if(window.DFLIP && window.DFLIP.parseBooks){window.DFLIP.parseBooks();}<\/script>","protected":false},"excerpt":{"rendered":"<p>Inicio Donar Preguntas frecuentes sobre donaciones Haga clic aqu\u00ed para conocer MANERAS DE DONAR a High Jump \u00bfC\u00f3mo puedo donar? Aceptamos donaciones en l\u00ednea, mediante cheque, transferencia bancaria, transferencia de valores y m\u00e1s. Obtenga m\u00e1s informaci\u00f3n sobre las formas en que puede donar aqu\u00ed. \u00bfMis donaciones son deducibles de impuestos? S\u00ed. High Jump es una organizaci\u00f3n ben\u00e9fica sin fines de lucro 501(c)(3) con EIN 36-4470186. A menos que\u2026<\/p>","protected":false},"author":1,"featured_media":0,"parent":2056,"menu_order":0,"comment_status":"closed","ping_status":"closed","template":"","meta":{"_seopress_robots_primary_cat":"","_seopress_titles_title":"","_seopress_titles_desc":"","_seopress_robots_index":"","inline_featured_image":false,"footnotes":""},"class_list":["post-4346","page","type-page","status-publish","hentry"],"_links":{"self":[{"href":"https:\/\/highjumpchicago.org\/es\/wp-json\/wp\/v2\/pages\/4346","targetHints":{"allow":["GET"]}}],"collection":[{"href":"https:\/\/highjumpchicago.org\/es\/wp-json\/wp\/v2\/pages"}],"about":[{"href":"https:\/\/highjumpchicago.org\/es\/wp-json\/wp\/v2\/types\/page"}],"author":[{"embeddable":true,"href":"https:\/\/highjumpchicago.org\/es\/wp-json\/wp\/v2\/users\/1"}],"replies":[{"embeddable":true,"href":"https:\/\/highjumpchicago.org\/es\/wp-json\/wp\/v2\/comments?post=4346"}],"version-history":[{"count":5,"href":"https:\/\/highjumpchicago.org\/es\/wp-json\/wp\/v2\/pages\/4346\/revisions"}],"predecessor-version":[{"id":130281,"href":"https:\/\/highjumpchicago.org\/es\/wp-json\/wp\/v2\/pages\/4346\/revisions\/130281"}],"up":[{"embeddable":true,"href":"https:\/\/highjumpchicago.org\/es\/wp-json\/wp\/v2\/pages\/2056"}],"wp:attachment":[{"href":"https:\/\/highjumpchicago.org\/es\/wp-json\/wp\/v2\/media?parent=4346"}],"curies":[{"name":"gracias","href":"https:\/\/api.w.org\/{rel}","templated":true}]}}