{"id":47,"date":"2018-09-27T19:22:50","date_gmt":"2018-09-27T19:22:50","guid":{"rendered":"https:\/\/d46e648428.nxcli.io\/?page_id=3"},"modified":"2023-07-05T13:16:06","modified_gmt":"2023-07-05T18:16:06","slug":"privacy-policy","status":"publish","type":"page","link":"https:\/\/highjumpchicago.org\/es\/privacy-policy\/","title":{"rendered":"Pol\u00edtica de privacidad"},"content":{"rendered":"<h1>Aviso de Privacidad<\/h1>\n<p>Este aviso de privacidad revela las pr\u00e1cticas de privacidad de www.highjumpchicago.org. Este aviso de privacidad se aplica \u00fanicamente a la informaci\u00f3n recopilada por este sitio web. Le notificar\u00e1 lo siguiente:<\/p>\n<ul>\n<li>Qu\u00e9 informaci\u00f3n de identificaci\u00f3n personal se recopila de usted a trav\u00e9s del sitio web, c\u00f3mo se utiliza y con qui\u00e9n se puede compartir.<\/li>\n<li>Qu\u00e9 opciones est\u00e1n disponibles para usted con respecto al uso de sus datos.<\/li>\n<li>Los procedimientos de seguridad establecidos para proteger el uso indebido de su informaci\u00f3n.<\/li>\n<li>C\u00f3mo puede corregir cualquier inexactitud en la informaci\u00f3n.<\/li>\n<\/ul>\n<p><strong>Recopilaci\u00f3n, uso e intercambio de informaci\u00f3n<\/strong><\/p>\n<p>Recopilaci\u00f3n de informaci\u00f3n: solo tenemos acceso a\/recopilamos informaci\u00f3n que usted nos proporciona voluntariamente por correo electr\u00f3nico u otro contacto directo suyo. No venderemos ni alquilaremos esta informaci\u00f3n a nadie. Usaremos su informaci\u00f3n para responderle sobre el motivo por el que se comunic\u00f3 con nosotros.<\/p>\n<p>Lista de correo: cuando se registra en nuestro sitio web para recibir nuestro bolet\u00edn electr\u00f3nico, acepta recibir correos electr\u00f3nicos de marketing de: High Jump, 820 W Jackson Blvd, Suite 310, Chicago, IL, 60607, https:\/\/highjumpchicago.org . Puede revocar su consentimiento para recibir correos electr\u00f3nicos en cualquier momento utilizando el enlace SafeUnsubscribe\u00ae, que se encuentra en la parte inferior de cada correo electr\u00f3nico. Los correos electr\u00f3nicos son atendidos por Constant Contact.<\/p>\n<p>Proveedores de servicios externos: High Jump permite que proveedores de servicios externos seleccionados tengan acceso a su informaci\u00f3n personal cuando creemos que el proveedor de servicios est\u00e1 en mejores condiciones de realizar una funci\u00f3n espec\u00edfica, por ejemplo, servicios de aplicaciones y recolecci\u00f3n de donaciones. Algunos de estos proveedores de servicios necesitan informaci\u00f3n personal para poder realizar el servicio. Para otros servicios, el proveedor puede tener acceso t\u00e9cnico a su informaci\u00f3n, pero no necesita ni utiliza la informaci\u00f3n para realizar el servicio contratado. Nos esforzamos por seleccionar proveedores de servicios que demuestren su compromiso con la protecci\u00f3n de la informaci\u00f3n personal que les confiamos y que mantengan salvaguardas de seguridad y confidencialidad adecuadas que sean consistentes con nuestra Pol\u00edtica de Privacidad. Estos terceros tienen prohibido usar o divulgar su informaci\u00f3n personal excepto para realizar sus servicios en nombre de High Jump.<\/p>\n<p>An\u00e1lisis: utilizamos herramientas de an\u00e1lisis web de Google y herramientas similares para evaluar el rendimiento de nuestro sitio web y recopilar informaci\u00f3n sobre el uso del sitio web y los visitantes. Google declara que procesa datos para el uso del sitio web y otros datos para fines leg\u00edtimos sin revelar ninguna informaci\u00f3n personal que lo identifique individualmente. Para obtener m\u00e1s informaci\u00f3n sobre c\u00f3mo Google recopila y procesa datos de sitios web con fines publicitarios y de an\u00e1lisis de datos, visite <a href=\"https:\/\/policies.google.com\/technologies\/partner-sites\" target=\"_blank\" rel=\"noopener noreferrer\">https:\/\/policies.google.com\/technologies\/partner-sites<\/a>.<\/p>\n<p><strong>Su acceso y control sobre la informaci\u00f3n<\/strong><\/p>\n<p>Puede optar por no recibir ning\u00fan contacto futuro con nosotros en cualquier momento. Puede hacer lo siguiente en cualquier momento poni\u00e9ndose en contacto con nosotros a trav\u00e9s de la direcci\u00f3n de correo electr\u00f3nico o el n\u00famero de tel\u00e9fono que figura en nuestro sitio web:<\/p>\n<ul>\n<li>Vea qu\u00e9 datos tenemos sobre usted, si los hubiera.<\/li>\n<li>Cambiar\/corregir cualquier dato que tengamos sobre usted.<\/li>\n<li>P\u00eddanos que eliminemos cualquier dato que tengamos sobre usted.<\/li>\n<li>Expresar cualquier inquietud que tenga sobre nuestro uso de sus datos.<\/li>\n<\/ul>\n<p><strong>Seguridad<\/strong><\/p>\n<p>Tomamos precauciones para proteger su informaci\u00f3n. Cuando env\u00eda informaci\u00f3n confidencial a trav\u00e9s del sitio web, su informaci\u00f3n est\u00e1 protegida tanto en l\u00ednea como fuera de l\u00ednea.<\/p>\n<p>Siempre que recopilamos informaci\u00f3n confidencial (como datos de tarjetas de cr\u00e9dito), esa informaci\u00f3n se cifra y se nos transmite de forma segura. Puede verificar esto buscando un icono de candado en la barra de direcciones y buscando &quot;https&quot; al principio de la direcci\u00f3n de la p\u00e1gina web.<\/p>\n<p>Si bien utilizamos cifrado para proteger la informaci\u00f3n confidencial transmitida en l\u00ednea, tambi\u00e9n protegemos su informaci\u00f3n fuera de l\u00ednea. S\u00f3lo los empleados que necesitan la informaci\u00f3n para realizar un trabajo espec\u00edfico (por ejemplo, procesamiento de donaciones o servicio al cliente) tienen acceso a informaci\u00f3n de identificaci\u00f3n personal. Las computadoras\/servidores en los que almacenamos informaci\u00f3n de identificaci\u00f3n personal se mantienen en un entorno seguro.<\/p>\n<p>Si cree que no cumplimos con esta pol\u00edtica de privacidad, debe comunicarse con nosotros de inmediato por tel\u00e9fono al 312-582-7700 o por correo electr\u00f3nico a <a href=\"mailto:ask@highjumpchicago.org\">ask@highjumpchicago.org<\/a><\/p>","protected":false},"excerpt":{"rendered":"<p>Aviso de privacidad Este aviso de privacidad revela las pr\u00e1cticas de privacidad de www.highjumpchicago.org. Este aviso de privacidad se aplica \u00fanicamente a la informaci\u00f3n recopilada por este sitio web. Le notificar\u00e1 lo siguiente: qu\u00e9 informaci\u00f3n de identificaci\u00f3n personal se recopila de usted a trav\u00e9s del sitio web, c\u00f3mo se usa y con qui\u00e9n se puede compartir. \u00bfQu\u00e9 opciones est\u00e1n disponibles\u2026<\/p>","protected":false},"author":7,"featured_media":0,"parent":0,"menu_order":200,"comment_status":"closed","ping_status":"closed","template":"","meta":{"_seopress_robots_primary_cat":"","_seopress_titles_title":"","_seopress_titles_desc":"","_seopress_robots_index":"","inline_featured_image":false,"footnotes":""},"class_list":["post-47","page","type-page","status-publish","hentry"],"_links":{"self":[{"href":"https:\/\/highjumpchicago.org\/es\/wp-json\/wp\/v2\/pages\/47","targetHints":{"allow":["GET"]}}],"collection":[{"href":"https:\/\/highjumpchicago.org\/es\/wp-json\/wp\/v2\/pages"}],"about":[{"href":"https:\/\/highjumpchicago.org\/es\/wp-json\/wp\/v2\/types\/page"}],"author":[{"embeddable":true,"href":"https:\/\/highjumpchicago.org\/es\/wp-json\/wp\/v2\/users\/7"}],"replies":[{"embeddable":true,"href":"https:\/\/highjumpchicago.org\/es\/wp-json\/wp\/v2\/comments?post=47"}],"version-history":[{"count":5,"href":"https:\/\/highjumpchicago.org\/es\/wp-json\/wp\/v2\/pages\/47\/revisions"}],"predecessor-version":[{"id":15796,"href":"https:\/\/highjumpchicago.org\/es\/wp-json\/wp\/v2\/pages\/47\/revisions\/15796"}],"wp:attachment":[{"href":"https:\/\/highjumpchicago.org\/es\/wp-json\/wp\/v2\/media?parent=47"}],"curies":[{"name":"gracias","href":"https:\/\/api.w.org\/{rel}","templated":true}]}}