{"id":4826,"date":"2022-02-13T20:35:44","date_gmt":"2022-02-14T02:35:44","guid":{"rendered":"https:\/\/d46e648428.nxcli.io\/?page_id=4826"},"modified":"2022-11-03T19:13:57","modified_gmt":"2022-11-04T00:13:57","slug":"mision","status":"publish","type":"page","link":"https:\/\/highjumpchicago.org\/es\/en-espanol\/mision\/","title":{"rendered":"Misi\u00f3n"},"content":{"rendered":"<nav  aria-label=\"migaja de pan\"><ol itemscope itemtype=\"https:\/\/schema.org\/BreadcrumbList\"><li itemprop=\"itemListElement\" itemscope itemtype=\"https:\/\/schema.org\/ListItem\"><a itemscope itemtype=\"http:\/\/schema.org\/WebPage\" itemprop=\"item\" itemid=\"https:\/\/highjumpchicago.org\" href=\"https:\/\/highjumpchicago.org\/es\/\">Casa<\/a><meta itemprop=\"position\" content=\"1\" \/><\/li><li itemprop=\"itemListElement\" itemscope itemtype=\"https:\/\/schema.org\/ListItem\"><a itemscope itemtype=\"http:\/\/schema.org\/WebPage\" itemprop=\"item\" itemid=\"https:\/\/highjumpchicago.org\/en-espanol\/\" href=\"https:\/\/highjumpchicago.org\/es\/en-espanol\/\">English<\/a><meta itemprop=\"position\" content=\"2\" \/><\/li><li aria-current=\"page\" itemprop=\"itemListElement\" itemscope itemtype=\"https:\/\/schema.org\/ListItem\">Misi\u00f3n<meta itemprop=\"position\" content=\"3\" \/><\/li><\/ol><\/nav>\n<h2>\n\t\tEn 1989, High Jump comenz\u00f3 con una sola y poderosa misi\u00f3n:\n\t<\/h2>\n\t<h3>Brindar equidad a la educaci\u00f3n para los estudiantes de grado medio de Chicago que han demostrado ambici\u00f3n y potencial acad\u00e9mico y que tienen recursos econ\u00f3micos limitados.<\/h3>\n\t<p><strong>Hoy, esa misi\u00f3n es m\u00e1s fuerte que nunca.<\/strong> High Jump empodera a los estudiantes de secundaria de Chicago para que se conviertan en l\u00edderes completos a trav\u00e9s de nuestros programas gratuitos con experiencias \u00fanicas, recursos y apoyo educativo para estudiantes curiosos y motivados de 7.\u00b0 y 8.\u00b0 grado que desean desafiarse a s\u00ed mismos acad\u00e9micamente.<\/p>\n\t<ul>\n\t\t<li>\t\t\t\t\n\t\t<h3>ENRIQUECIMIENTO ACAD\u00c9MICO<\/h3><p>Clases avanzadas de matematicas, ciencias, literatura y humanidades<\/p>\n<\/li><li>\t\t\t\t\n\t\t<h3>APRENDIZAJE SOCIAL-EMOCIONAL<\/h3><p>Entorno de apoyo emocional que ense\u00f1a habilidades no cognitivas necesarias para tener \u00e9xito<\/p>\n<\/li><li>\t\t\t\t\n\t\t<h3>SELECCI\u00d3N DE ESCUELA SECUNDARIA<\/h3><p>Apoyo para aplicaciones de escuela secundaria, ayuda financiera y becas.<\/p>\n<\/li>\t<\/ul>\n<h1>\n\t\tEscuche a nuestro Director Ejecutivo<br \/>\n\t<\/h1>\n\t<iframe loading=\"lazy\" width=\"560\" height=\"315\" src=\"https:\/\/www.youtube.com\/embed\/EMTXi6ujdcA?rel=0\" title=\"reproductor de videos de youtube\" frameborder=\"0\" allow=\"accelerometer; autoplay; clipboard-write; encrypted-media; gyroscope; picture-in-picture\" allowfullscreen><\/iframe>","protected":false},"excerpt":{"rendered":"<p>Home In English Misi\u00f3n En 1989, High Jump comenz\u00f3 con una \u00fanica y poderosa misi\u00f3n: traer equidad a la educaci\u00f3n para los estudiantes de grado medio de Chicago que han demostrado ambici\u00f3n y potencial acad\u00e9mico y que tienen recursos econ\u00f3micos limitados. Hoy, esa misi\u00f3n es m\u00e1s fuerte que nunca. High Jump permite a los estudiantes de secundaria de Chicago convertirse en l\u00edderes integrales...<\/p>","protected":false},"author":7,"featured_media":4600,"parent":59,"menu_order":1,"comment_status":"closed","ping_status":"closed","template":"","meta":{"_seopress_robots_primary_cat":"","_seopress_titles_title":"","_seopress_titles_desc":"Equalizing access to education for Chicago middle school students who have exhibited academic ambition and potential and who are of limited economic means. ","_seopress_robots_index":"","inline_featured_image":false,"footnotes":""},"class_list":["post-4826","page","type-page","status-publish","has-post-thumbnail","hentry"],"_links":{"self":[{"href":"https:\/\/highjumpchicago.org\/es\/wp-json\/wp\/v2\/pages\/4826","targetHints":{"allow":["GET"]}}],"collection":[{"href":"https:\/\/highjumpchicago.org\/es\/wp-json\/wp\/v2\/pages"}],"about":[{"href":"https:\/\/highjumpchicago.org\/es\/wp-json\/wp\/v2\/types\/page"}],"author":[{"embeddable":true,"href":"https:\/\/highjumpchicago.org\/es\/wp-json\/wp\/v2\/users\/7"}],"replies":[{"embeddable":true,"href":"https:\/\/highjumpchicago.org\/es\/wp-json\/wp\/v2\/comments?post=4826"}],"version-history":[{"count":5,"href":"https:\/\/highjumpchicago.org\/es\/wp-json\/wp\/v2\/pages\/4826\/revisions"}],"predecessor-version":[{"id":5643,"href":"https:\/\/highjumpchicago.org\/es\/wp-json\/wp\/v2\/pages\/4826\/revisions\/5643"}],"up":[{"embeddable":true,"href":"https:\/\/highjumpchicago.org\/es\/wp-json\/wp\/v2\/pages\/59"}],"wp:featuredmedia":[{"embeddable":true,"href":"https:\/\/highjumpchicago.org\/es\/wp-json\/wp\/v2\/media\/4600"}],"wp:attachment":[{"href":"https:\/\/highjumpchicago.org\/es\/wp-json\/wp\/v2\/media?parent=4826"}],"curies":[{"name":"gracias","href":"https:\/\/api.w.org\/{rel}","templated":true}]}}