{"id":49,"date":"2018-09-27T19:47:10","date_gmt":"2018-09-27T19:47:10","guid":{"rendered":"https:\/\/d46e648428.nxcli.io\/techedu-home-1\/"},"modified":"2026-02-14T13:48:06","modified_gmt":"2026-02-14T19:48:06","slug":"home","status":"publish","type":"page","link":"https:\/\/highjumpchicago.org\/es\/","title":{"rendered":"Casa"},"content":{"rendered":"<h1>\n\t\t\t\u00bfPor qu\u00e9 salto de altura?\t<\/h1>\n\t<h2>En 1989, High Jump comenz\u00f3 con una \u00fanica y poderosa misi\u00f3n: brindar equidad a la educaci\u00f3n para los estudiantes de grado medio de Chicago que han demostrado ambici\u00f3n y potencial acad\u00e9mico y que tienen recursos econ\u00f3micos limitados.<\/h2>\n\t<p><strong>Hoy, esa misi\u00f3n es m\u00e1s fuerte que nunca.<\/strong> High Jump empodera a los estudiantes de secundaria de Chicago para que se conviertan en l\u00edderes completos a trav\u00e9s de nuestros programas gratuitos con experiencias \u00fanicas, recursos y apoyo educativo para estudiantes curiosos y motivados de 7.\u00b0 y 8.\u00b0 grado que desean desafiarse a s\u00ed mismos acad\u00e9micamente.<\/p>\n\t\t<h1>0%<\/h1>finalizaci\u00f3n de la universidad de 4 a\u00f1os\n\t<h1>Cuando decimos &quot;invertir&quot; lo decimos en serio.<\/h1>\n<h2>Cada a\u00f1o, nuestros estudiantes reciben 300 horas de enriquecimiento acad\u00e9mico gratuito, asesoramiento personalizado y apoyo dedicado.<\/h2>\n<h2>La parte m\u00e1s importante: funciona.<\/h2>\n\t<h1>2 A\u00d1OS<\/h1>\n\t<p>de crecimiento acad\u00e9mico <em>por a\u00f1o<\/em> de salto de altura<\/p>\n\t\t\t\t\t<h1>0%<\/h1>\t\t\t\t\n\t\t\tde los alumnos de High Jump ahora asisten a la universidad\t\n\t\t\t<a href =\"https:\/\/highjumpchicago.org\/es\/about\/impact\/\" target=\"_self\"  aria-label=\"Vea nuestro Impacto para ver lo que nuestros acad\u00e9micos han logrado.\">\n\t\t\t\t\t\t\t\tVea nuestro Impacto para ver lo que nuestros acad\u00e9micos han logrado.\t\t\t\t\t\t\t\n\t\t\t\t\t\t<\/a>\n\t\t<h1>\n\t\t\tConstruyendo la pr\u00f3xima generaci\u00f3n de l\u00edderes.\t<\/h1>\n\t<h2>En High Jump, ayudamos a los estudiantes a desarrollar las habilidades que necesitan para prosperar dondequiera que vayan. Nuestro plan de estudios expone a los estudiantes a literatura culturalmente relevante, instrucci\u00f3n matem\u00e1tica rigurosa y aprendizaje experiencial para ayudarlos a prepararse para la escuela secundaria, la universidad y m\u00e1s all\u00e1.<\/h2>\n<figure itemscope itemtype=\"https:\/\/schema.org\/ImageObject\">\n\t\t\t\t<img decoding=\"async\" src=\"https:\/\/highjumpchicago.org\/wp-content\/uploads\/2022\/02\/HighJump-100122-1150-1024x683.jpg\" alt=\"High Jump at Latin School on Saturday 1st, 2022. Photos by Jasmin Shah\" height=\"683\" width=\"1024\" title=\"Salto de altura en Latin School el s\u00e1bado 1 de 2022. Fotos de Jasmin Shah\" onerror=\"this.style.display='none'\" loading=\"lazy\" \/>\n\t<\/figure>\n\t<p><strong>Nuestra proporci\u00f3n de estudiante por maestro de 16: 1 ayuda a los estudiantes a prosperar.<\/strong> El tama\u00f1o peque\u00f1o de la clase significa m\u00e1s tiempo uno a uno con los maestros para brindar un entorno de aprendizaje de apoyo emocional que sea m\u00e1s significativo para los estudiantes.<\/p>\n<p><strong>Los estudiantes hacen nuevos amigos, adquieren experiencias significativas y desarrollan la confianza para seguir sus sue\u00f1os.<\/strong> \u00bfInteresado en aplicar? \u00bfTienes m\u00e1s preguntas sobre c\u00f3mo funciona? <a href=\"https:\/\/highjumpchicago.org\/es\/our-programs\/program-faq\/\"><u>Consulte las preguntas frecuentes de nuestro programa.<\/u><\/a><\/p>\n<h1>\n\t\t\tEl impacto es para toda la vida: Conozca a nuestros exalumnos\t<\/h1>\n\t<h2>La experiencia High Jump dura mucho m\u00e1s que los dos a\u00f1os del programa. Nuestros exalumnos toman riesgos, logran sus sue\u00f1os y hacen su parte para mejorar el mundo, pero no nos lo quiten.<\/h2>\n<h2>Lea sus historias.<\/h2>\n\t<meta itemscope itemprop=\"mainEntityOfPage\" itemtype=\"https:\/\/schema.org\/WebPage\" itemid=\"https:\/\/highjumpchicago.org\/richards-story-of-high-jump-success\/\" content=\"Richard's Story of High Jump Success\" \/><meta itemprop=\"datePublished\" content=\"2024-06-25\" \/><meta itemprop=\"dateModified\" content=\"2025-10-14\" \/><meta itemprop=\"name\" content=\"High Jump\"\/><meta itemprop=\"url\" content=\"https:\/\/highjumpchicago.org\/author\/max\/\" \/><meta itemprop=\"name\" content=\"Max Asaf\" \/><meta itemprop=\"url\" content=\"https:\/\/highjumpchicago.org\/wp-content\/uploads\/2024\/06\/HighJump-Gala-050324-9475.jpg\" \/><meta itemprop=\"width\" content=\"2048\" \/><meta itemprop=\"height\" content=\"1365\" \/><meta itemprop=\"interactionType\" content=\"https:\/\/schema.org\/CommentAction\" \/><meta itemprop=\"userInteractionCount\" content=\"0\" \/>\n\t\t\t\t\t\t<a href='https:\/\/highjumpchicago.org\/es\/richards-story-of-high-jump-success\/' title='Ricardo's story of high jump success'><img width=\"1024\" height=\"683\" src=\"https:\/\/highjumpchicago.org\/wp-content\/uploads\/2024\/06\/HighJump-Gala-050324-9475-1024x683.jpg\" alt=\"Richard speaks at a podium at the High Jump gala\" itemprop=\"image\" decoding=\"async\" loading=\"lazy\" srcset=\"https:\/\/highjumpchicago.org\/wp-content\/uploads\/2024\/06\/HighJump-Gala-050324-9475-1024x683.jpg 1024w, https:\/\/highjumpchicago.org\/wp-content\/uploads\/2024\/06\/HighJump-Gala-050324-9475-300x200.jpg 300w, https:\/\/highjumpchicago.org\/wp-content\/uploads\/2024\/06\/HighJump-Gala-050324-9475-768x512.jpg 768w, https:\/\/highjumpchicago.org\/wp-content\/uploads\/2024\/06\/HighJump-Gala-050324-9475-1536x1024.jpg 1536w, https:\/\/highjumpchicago.org\/wp-content\/uploads\/2024\/06\/HighJump-Gala-050324-9475-18x12.jpg 18w, https:\/\/highjumpchicago.org\/wp-content\/uploads\/2024\/06\/HighJump-Gala-050324-9475.jpg 2048w\" sizes=\"auto, (max-width: 1024px) 100vw, 1024px\" \/><\/a>\n\t\t\t\t\t<h3><a href='https:\/\/highjumpchicago.org\/es\/richards-story-of-high-jump-success\/' title='Ricardo's story of high jump success'>La historia de \u00e9xito de Richard en el salto de altura<\/a><\/h3>\n\t\t\t\t\t\t<p>Cuando analizamos el impacto que ha tenido el salto de altura en el transcurso de los \u00faltimos 35 a\u00f1os,...<\/p>\n\t\t\t\t\t\n\t\t\t\t\t\t<a href='https:\/\/highjumpchicago.org\/es\/richards-story-of-high-jump-success\/' title='Leer m\u00e1s &quot;'>Leer m\u00e1s &quot;<\/a>\n\t\t\t\t\t\n\t<meta itemscope itemprop=\"mainEntityOfPage\" itemtype=\"https:\/\/schema.org\/WebPage\" itemid=\"https:\/\/highjumpchicago.org\/alumni-spotlight-jessica-cohort-25-is-racing-towards-her-future\/\" content=\"Alumni Spotlight: Jessica, Cohort 25, Is Racing Towards Her Future\" \/><meta itemprop=\"datePublished\" content=\"2024-05-29\" \/><meta itemprop=\"dateModified\" content=\"2024-05-29\" \/><meta itemprop=\"name\" content=\"High Jump\"\/><meta itemprop=\"url\" content=\"https:\/\/highjumpchicago.org\/author\/max\/\" \/><meta itemprop=\"name\" content=\"Max Asaf\" \/><meta itemprop=\"url\" content=\"https:\/\/highjumpchicago.org\/wp-content\/uploads\/2024\/05\/1700576011028-e1761344912770.jpeg\" \/><meta itemprop=\"width\" content=\"961\" \/><meta itemprop=\"height\" content=\"641\" \/><meta itemprop=\"interactionType\" content=\"https:\/\/schema.org\/CommentAction\" \/><meta itemprop=\"userInteractionCount\" content=\"0\" \/>\n\t\t\t\t\t\t<a href='https:\/\/highjumpchicago.org\/es\/alumni-spotlight-jessica-cohort-25-is-racing-towards-her-future\/' title='Exalumnos destacados: Jessica, cohorte 25, est\u00e1 corriendo hacia su futuro'><img width=\"961\" height=\"641\" src=\"https:\/\/highjumpchicago.org\/wp-content\/uploads\/2024\/05\/1700576011028-e1761344912770.jpeg\" alt=\"Jess stands in front of Lewis Hamilton&#039;s F1 Mercedes car\" itemprop=\"image\" decoding=\"async\" loading=\"lazy\" srcset=\"https:\/\/highjumpchicago.org\/wp-content\/uploads\/2024\/05\/1700576011028-e1761344912770.jpeg 961w, https:\/\/highjumpchicago.org\/wp-content\/uploads\/2024\/05\/1700576011028-e1761344912770-300x200.jpeg 300w, https:\/\/highjumpchicago.org\/wp-content\/uploads\/2024\/05\/1700576011028-e1761344912770-768x512.jpeg 768w, https:\/\/highjumpchicago.org\/wp-content\/uploads\/2024\/05\/1700576011028-e1761344912770-18x12.jpeg 18w\" sizes=\"auto, (max-width: 961px) 100vw, 961px\" \/><\/a>\n\t\t\t\t\t<h3><a href='https:\/\/highjumpchicago.org\/es\/alumni-spotlight-jessica-cohort-25-is-racing-towards-her-future\/' title='Exalumnos destacados: Jessica, cohorte 25, est\u00e1 corriendo hacia su futuro'>Exalumnos destacados: Jessica, cohorte 25, est\u00e1 corriendo hacia su futuro<\/a><\/h3>\n\t\t\t\t\t\t<p>Jessica siempre ha tenido la carrera en ella. Su amor por la ingenier\u00eda de deportes de motor y las carreras de coches la ha llevado de...<\/p>\n\t\t\t\t\t\n\t\t\t\t\t\t<a href='https:\/\/highjumpchicago.org\/es\/alumni-spotlight-jessica-cohort-25-is-racing-towards-her-future\/' title='Leer m\u00e1s &quot;'>Leer m\u00e1s &quot;<\/a>\n\t\t\t\t\t\n\t<meta itemscope itemprop=\"mainEntityOfPage\" itemtype=\"https:\/\/schema.org\/WebPage\" itemid=\"https:\/\/highjumpchicago.org\/from-high-jump-to-hollywood-an-interview-with-aris-mendoza-cohort-10\/\" content=\"From High Jump to Hollywood: An Interview with Aris Mendoza, Cohort 10\" \/><meta itemprop=\"datePublished\" content=\"2024-04-10\" \/><meta itemprop=\"dateModified\" content=\"2024-06-17\" \/><meta itemprop=\"name\" content=\"High Jump\"\/><meta itemprop=\"url\" content=\"https:\/\/highjumpchicago.org\/author\/max\/\" \/><meta itemprop=\"name\" content=\"Max Asaf\" \/><meta itemprop=\"url\" content=\"https:\/\/highjumpchicago.org\/wp-content\/uploads\/2024\/04\/NKP00514-3b.jpg\" \/><meta itemprop=\"width\" content=\"2048\" \/><meta itemprop=\"height\" content=\"1591\" \/><meta itemprop=\"interactionType\" content=\"https:\/\/schema.org\/CommentAction\" \/><meta itemprop=\"userInteractionCount\" content=\"0\" \/>\n\t\t\t\t\t\t<a href='https:\/\/highjumpchicago.org\/es\/from-high-jump-to-hollywood-an-interview-with-aris-mendoza-cohort-10\/' title='Del salto de altura a Hollywood: una entrevista con Aris Mendoza, cohorte 10'><img width=\"1024\" height=\"796\" src=\"https:\/\/highjumpchicago.org\/wp-content\/uploads\/2024\/04\/NKP00514-3b-1024x796.jpg\" alt=\"\" itemprop=\"image\" decoding=\"async\" loading=\"lazy\" srcset=\"https:\/\/highjumpchicago.org\/wp-content\/uploads\/2024\/04\/NKP00514-3b-1024x796.jpg 1024w, https:\/\/highjumpchicago.org\/wp-content\/uploads\/2024\/04\/NKP00514-3b-300x233.jpg 300w, https:\/\/highjumpchicago.org\/wp-content\/uploads\/2024\/04\/NKP00514-3b-768x597.jpg 768w, https:\/\/highjumpchicago.org\/wp-content\/uploads\/2024\/04\/NKP00514-3b-1536x1193.jpg 1536w, https:\/\/highjumpchicago.org\/wp-content\/uploads\/2024\/04\/NKP00514-3b-15x12.jpg 15w, https:\/\/highjumpchicago.org\/wp-content\/uploads\/2024\/04\/NKP00514-3b.jpg 2048w\" sizes=\"auto, (max-width: 1024px) 100vw, 1024px\" \/><\/a>\n\t\t\t\t\t<h3><a href='https:\/\/highjumpchicago.org\/es\/from-high-jump-to-hollywood-an-interview-with-aris-mendoza-cohort-10\/' title='Del salto de altura a Hollywood: una entrevista con Aris Mendoza, cohorte 10'>Del salto de altura a Hollywood: una entrevista con Aris Mendoza, cohorte 10<\/a><\/h3>\n\t\t\t\t\t\t<p>Desde sus inicios, el \u00e9nfasis del salto de altura no ha sido poner a los estudiantes en un camino espec\u00edfico hacia una definici\u00f3n espec\u00edfica\u2026<\/p>\n\t\t\t\t\t\n\t\t\t\t\t\t<a href='https:\/\/highjumpchicago.org\/es\/from-high-jump-to-hollywood-an-interview-with-aris-mendoza-cohort-10\/' title='Leer m\u00e1s &quot;'>Leer m\u00e1s &quot;<\/a>\n\t\t\t\t\t\n\t<meta itemscope itemprop=\"mainEntityOfPage\" itemtype=\"https:\/\/schema.org\/WebPage\" itemid=\"https:\/\/highjumpchicago.org\/alumni-spotlight-aji-cohort-20\/\" content=\"Alumni Spotlight: Aji, Cohort 20\" \/><meta itemprop=\"datePublished\" content=\"2023-11-16\" \/><meta itemprop=\"dateModified\" content=\"2024-01-20\" \/><meta itemprop=\"name\" content=\"High Jump\"\/><meta itemprop=\"url\" content=\"https:\/\/highjumpchicago.org\/author\/max\/\" \/><meta itemprop=\"name\" content=\"Max Asaf\" \/><meta itemprop=\"url\" content=\"https:\/\/highjumpchicago.org\/wp-content\/uploads\/2023\/11\/Screenshot-2023-11-13-at-9.55.56-AM.jpg\" \/><meta itemprop=\"width\" content=\"1916\" \/><meta itemprop=\"height\" content=\"953\" \/><meta itemprop=\"interactionType\" content=\"https:\/\/schema.org\/CommentAction\" \/><meta itemprop=\"userInteractionCount\" content=\"0\" \/>\n\t\t\t\t\t\t<a href='https:\/\/highjumpchicago.org\/es\/alumni-spotlight-aji-cohort-20\/' title='Exalumnos destacados: Aji, cohorte 20'><img width=\"1024\" height=\"509\" src=\"https:\/\/highjumpchicago.org\/wp-content\/uploads\/2023\/11\/Screenshot-2023-11-13-at-9.55.56-AM-1024x509.jpg\" alt=\"\" itemprop=\"image\" decoding=\"async\" loading=\"lazy\" srcset=\"https:\/\/highjumpchicago.org\/wp-content\/uploads\/2023\/11\/Screenshot-2023-11-13-at-9.55.56-AM-1024x509.jpg 1024w, https:\/\/highjumpchicago.org\/wp-content\/uploads\/2023\/11\/Screenshot-2023-11-13-at-9.55.56-AM-300x149.jpg 300w, https:\/\/highjumpchicago.org\/wp-content\/uploads\/2023\/11\/Screenshot-2023-11-13-at-9.55.56-AM-768x382.jpg 768w, https:\/\/highjumpchicago.org\/wp-content\/uploads\/2023\/11\/Screenshot-2023-11-13-at-9.55.56-AM-1536x764.jpg 1536w, https:\/\/highjumpchicago.org\/wp-content\/uploads\/2023\/11\/Screenshot-2023-11-13-at-9.55.56-AM-18x9.jpg 18w, https:\/\/highjumpchicago.org\/wp-content\/uploads\/2023\/11\/Screenshot-2023-11-13-at-9.55.56-AM.jpg 1916w\" sizes=\"auto, (max-width: 1024px) 100vw, 1024px\" \/><\/a>\n\t\t\t\t\t<h3><a href='https:\/\/highjumpchicago.org\/es\/alumni-spotlight-aji-cohort-20\/' title='Exalumnos destacados: Aji, cohorte 20'>Exalumnos destacados: Aji, cohorte 20<\/a><\/h3>\n\t\t\t\t\t\t<p>Desde peque\u00f1o, Aji ha tenido una mente incre\u00edblemente activa, siempre buscando salidas para explorar sus intereses, ampliar sus...<\/p>\n\t\t\t\t\t\n\t\t\t\t\t\t<a href='https:\/\/highjumpchicago.org\/es\/alumni-spotlight-aji-cohort-20\/' title='Leer m\u00e1s &quot;'>Leer m\u00e1s &quot;<\/a>\n\t\t\t\t\t\n\t\t\t\t\t\t<a href=\"?campaign=524397\" target=\"_self\">\n\t\t\t\t\t\t\t\t<h3>Haz una donaci\u00f3n<\/h3>\n\t\t\t\t\t\t\t\t\t<p>\u00danase a nuestra comunidad de seguidores e invierta en su comunidad a escala individual<\/p>\n\t\t\t\t\t\t\t\t\t\t<\/a>\n\t\t\t\t\t\t<a href=\"https:\/\/highjumpchicago.org\/es\/volunteer\/\" target=\"_self\">\n\t\t\t\t\t\t\t\t<h3>Voluntario con nosotros<\/h3>\n\t\t\t\t\t\t\t\t\t<p>Conozca las oportunidades de voluntariado durante todo el a\u00f1o donde se conecta con nuestros estudiantes.<\/p>\n\t\t\t\t\t\t\t\t\t\t<\/a>\n\t\t\t\t\t\t<a href=\"https:\/\/highjumpchicago.org\/es\/donate\/sponsor-us\/\" target=\"_self\">\n\t\t\t\t\t\t\t\t<h3> Convi\u00e9rtase en un patrocinador corporativo<\/h3>\n\t\t\t\t\t\t\t\t\t<p>Su compromiso nos ayuda a expandir nuestros recursos a m\u00e1s estudiantes en todo Chicago.<\/p>\n\t\t\t\t\t\t\t\t\t\t<\/a>\n<h3>\n\t\t\tLea m\u00e1s sobre lo que hemos estado haciendo.\t<\/h3>\n<h3>\n\t\t\tLO \u00daLTIMO SOBRE NUESTROS ESTUDIANTES. DIRECTO A TU INBOX.\t<\/h3>\n\t<p>Vea nuestras \u00faltimas noticias electr\u00f3nicas:\u00a0<a href=\"https:\/\/conta.cc\/480k9Or\" target=\"_blank\" rel=\"noopener noreferrer\">Est\u00e1s abriendo puertas para futuros l\u00edderes<\/a>\u00a0para ver qu\u00e9 puedes esperar.<\/p>\n\t<div data-form-id=\"3031\" id=\"ctct-form-wrapper-0\" class=\"ctct-form-wrapper\"><span class=\"ctct-form-description\" ><p class=\"ctct-form-text\" data-qe-id=\"form-description\">Suscr\u00edbase al bolet\u00edn de High Jump para recibir noticias sobre el programa y nuestros estudiantes y ex alumnos.<\/p>\n<\/span><form class=\"ctct-form ctct-form-3031 comment-form  no-recaptcha ctct-default\" id=\"ctct-form-1958262960\" data-doajax=\"off\" style=\"\" action=\"\" method=\"post\" data-trp-original-action=\"\"><p class=\"ctct-form-field ctct-form-field-text ctct-form-field-required\"><span class=\"ctct-label-top\"><label for=\"first_name___7e7a6eef7e0a3734f39d6757b27d474b_0_4140847299\">Primer nombre <span class=\"ctct-required-indicatior\" title=\"Este campo es obligatorio.\">*<\/span><\/label><\/span><input required aria-required=\"true\"  type=\"text\" id=\"first_name___7e7a6eef7e0a3734f39d6757b27d474b_0_4140847299\" name=\"first_name___7e7a6eef7e0a3734f39d6757b27d474b\"  value=\"\" class=\"ctct-text ctct-label-top first_name___7e7a6eef7e0a3734f39d6757b27d474b\" maxlength=\"255\" placeholder=\"\"   \/><\/p><p class=\"ctct-form-field ctct-form-field-text ctct-form-field-required\"><span class=\"ctct-label-top\"><label for=\"last_name___86b6d953df0fd1bff8e02cde526c2b3c_0_2266017785\">Apellido <span class=\"ctct-required-indicatior\" title=\"Este campo es obligatorio.\">*<\/span><\/label><\/span><input required aria-required=\"true\"  type=\"text\" id=\"last_name___86b6d953df0fd1bff8e02cde526c2b3c_0_2266017785\" name=\"last_name___86b6d953df0fd1bff8e02cde526c2b3c\"  value=\"\" class=\"ctct-text ctct-label-top last_name___86b6d953df0fd1bff8e02cde526c2b3c\" maxlength=\"255\" placeholder=\"\"   \/><\/p><p class=\"ctct-form-field ctct-form-field-email ctct-form-field-required\"><span class=\"ctct-label-top\"><label for=\"email___3c59495a3edf2d27cd20fc1987544522_0_3160921733\">correo electronico (requerido) <span class=\"ctct-required-indicatior\" title=\"Este campo es obligatorio.\">*<\/span><\/label><\/span><input required aria-required=\"true\"  type=\"email\" id=\"email___3c59495a3edf2d27cd20fc1987544522_0_3160921733\" name=\"email___3c59495a3edf2d27cd20fc1987544522\"  value=\"\" class=\"ctct-email ctct-label-top email___3c59495a3edf2d27cd20fc1987544522\"  placeholder=\"\"   \/><\/p><div class='ctct-list-selector' style='display:none;'><div class=\"ctct-form-field ctct-form-field-checkbox ctct-form-field-required\"><fieldset><legend class=\"ctct-label-top\">Seleccione la(s) lista(s) para suscribirse<\/legend><input type=\"checkbox\" name=\"lists___6c1e4c5317f823ed81b935f63ae5029a[]\" id=\"lists___6c1e4c5317f823ed81b935f63ae5029a_0_0\" value=\"f425d910-e2b1-11e8-b04a-d4ae52754dbc\" class=\"ctct-checkbox ctct-label-right\" checked \/><span class=\"ctct-label-right\"><label for=\"lists___6c1e4c5317f823ed81b935f63ae5029a_0_0\">**Formulario integrado de suscripci\u00f3n a noticias electr\u00f3nicas**<\/label><\/span><\/fieldset><\/div><\/div><p class=\"ctct-form-field ctct-form-field-checkbox\"><span class=\"ctct-input-container\"><input type=\"checkbox\"  name=\"ctct-opt-in\" class=\"ctct-checkbox ctct-opt-in\" value=\"1\" id=\"ctct-opt-in_0\" \/><label for=\"ctct-opt-in_0\"> S\u00ed, me gustar\u00eda recibir correos electr\u00f3nicos de High Jump. (Puedes darte de baja en cualquier momento).<\/label><\/span><\/p><p class=\"ctct-form-field ctct-form-field-submit\"><input aria-required=\"false\"  type=\"submit\" id=\"ctct-submitted_0_698568066\" name=\"ctct-submitted\"  value=\"Reg\u00edstrate\" class=\"ctct-submit ctct-label-top ctct-submitted\"     \/><\/p><div class=\"ctct_usage\" style=\"border: 0 none; clip: rect( 0, 0, 0, 0 ); height: 1px; margin: -1px; overflow: hidden; padding: 0; position: absolute; width: 1px;\"><label for=\"ctct_usage_field\">Uso de contacto constante. Por favor, deje este campo en blanco.<\/label><input type=\"text\" value=\"\" id=\"ctct_usage_field\" name=\"ctct_usage_field\" class=\"ctct_usage_field\" tabindex=\"-1\" \/><\/div><input type=\"hidden\" name=\"ctct-id\" value=\"3031\" \/><input type=\"hidden\" name=\"ctct-verify\" value=\"JSqMp7zszmNjFkXbUgXWhYNXB\" \/><input type=\"hidden\" name=\"ctct-instance\" value=\"0\" \/><input type=\"hidden\" name=\"ctct_time\" value=\"1776753016\" \/><input type=\"hidden\" name=\"ctct_must_opt_in\" value=\"yes\" \/><input type=\"hidden\" name=\"trp-form-language\" value=\"es\"\/><\/form><div class=\"ctct-disclosure\"><hr><small>Al enviar este formulario, usted acepta recibir correos electr\u00f3nicos de marketing de: . Puede revocar su consentimiento para recibir correos electr\u00f3nicos en cualquier momento utilizando el enlace SafeUnsubscribe\u00ae, que se encuentra en la parte inferior de cada correo electr\u00f3nico. <a href=\"https:\/\/www.constantcontact.com\/legal\/about-constant-contact\" target=\"_blank\" rel=\"noopener noreferrer\" aria-label=\"Los correos electr\u00f3nicos son atendidos por Constant Contact, abre una nueva ventana\">Los correos electr\u00f3nicos son atendidos por Constant Contact<\/a><\/small><\/div><script type=\"text\/javascript\">var ajaxurl = \"https:\/\/highjumpchicago.org\/wp-admin\/admin-ajax.php\";<\/script><\/div>","protected":false},"excerpt":{"rendered":"<p>\u00bfPor qu\u00e9 salto de altura? En 1989, High Jump comenz\u00f3 con una \u00fanica y poderosa misi\u00f3n: brindar equidad a la educaci\u00f3n para los estudiantes de grado medio de Chicago que han demostrado ambici\u00f3n y potencial acad\u00e9mico y que tienen recursos econ\u00f3micos limitados. Hoy, esa misi\u00f3n es m\u00e1s fuerte que nunca. High Jump permite a los estudiantes de secundaria de Chicago convertirse en l\u00edderes integrales a trav\u00e9s de...<\/p>","protected":false},"author":7,"featured_media":0,"parent":0,"menu_order":1,"comment_status":"closed","ping_status":"closed","template":"","meta":{"_seopress_robots_primary_cat":"","_seopress_titles_title":"","_seopress_titles_desc":"","_seopress_robots_index":"","inline_featured_image":false,"footnotes":""},"class_list":["post-49","page","type-page","status-publish","hentry"],"_links":{"self":[{"href":"https:\/\/highjumpchicago.org\/es\/wp-json\/wp\/v2\/pages\/49","targetHints":{"allow":["GET"]}}],"collection":[{"href":"https:\/\/highjumpchicago.org\/es\/wp-json\/wp\/v2\/pages"}],"about":[{"href":"https:\/\/highjumpchicago.org\/es\/wp-json\/wp\/v2\/types\/page"}],"author":[{"embeddable":true,"href":"https:\/\/highjumpchicago.org\/es\/wp-json\/wp\/v2\/users\/7"}],"replies":[{"embeddable":true,"href":"https:\/\/highjumpchicago.org\/es\/wp-json\/wp\/v2\/comments?post=49"}],"version-history":[{"count":10,"href":"https:\/\/highjumpchicago.org\/es\/wp-json\/wp\/v2\/pages\/49\/revisions"}],"predecessor-version":[{"id":168329,"href":"https:\/\/highjumpchicago.org\/es\/wp-json\/wp\/v2\/pages\/49\/revisions\/168329"}],"wp:attachment":[{"href":"https:\/\/highjumpchicago.org\/es\/wp-json\/wp\/v2\/media?parent=49"}],"curies":[{"name":"gracias","href":"https:\/\/api.w.org\/{rel}","templated":true}]}}