{"id":4947,"date":"2022-08-02T15:38:09","date_gmt":"2022-08-02T20:38:09","guid":{"rendered":"https:\/\/d46e648428.nxcli.io\/?page_id=4947"},"modified":"2022-11-03T17:53:47","modified_gmt":"2022-11-03T22:53:47","slug":"descripcion-general","status":"publish","type":"page","link":"https:\/\/highjumpchicago.org\/es\/en-espanol\/descripcion-general\/","title":{"rendered":"Descripci\u00f3n general"},"content":{"rendered":"<nav  aria-label=\"migaja de pan\"><ol itemscope itemtype=\"https:\/\/schema.org\/BreadcrumbList\"><li itemprop=\"itemListElement\" itemscope itemtype=\"https:\/\/schema.org\/ListItem\"><a itemscope itemtype=\"http:\/\/schema.org\/WebPage\" itemprop=\"item\" itemid=\"https:\/\/highjumpchicago.org\" href=\"https:\/\/highjumpchicago.org\/es\/\">Casa<\/a><meta itemprop=\"position\" content=\"1\" \/><\/li><li itemprop=\"itemListElement\" itemscope itemtype=\"https:\/\/schema.org\/ListItem\"><a itemscope itemtype=\"http:\/\/schema.org\/WebPage\" itemprop=\"item\" itemid=\"https:\/\/highjumpchicago.org\/en-espanol\/\" href=\"https:\/\/highjumpchicago.org\/es\/en-espanol\/\">English<\/a><meta itemprop=\"position\" content=\"2\" \/><\/li><li aria-current=\"page\" itemprop=\"itemListElement\" itemscope itemtype=\"https:\/\/schema.org\/ListItem\">Descripci\u00f3n general<meta itemprop=\"position\" content=\"3\" \/><\/li><\/ol><\/nav>\n<h1>\n\t\tEnriquecimiento Acad\u00e9mico. Apoyo socioemocional. El aprendizaje permanente.<br \/>\n\t<\/h1>\n\t<h3>High Jump empodera a los estudiantes de secundaria de Chicago para que se conviertan en l\u00edderes completos a trav\u00e9s de nuestros programas gratuitos con experiencias \u00fanicas, recursos y apoyo educativo para estudiantes curiosos y motivados de 7.\u00b0 y 8.\u00b0 grado que desean desafiarse a s\u00ed mismos acad\u00e9micamente.<\/h3>\n\t<p><strong>\u00bfQu\u00e9 hace que un estudiante sea un erudito?<\/strong> Un amor por el aprendizaje y un deseo de buscar experiencias para desafiarse social y acad\u00e9micamente. Nuestros estudiantes son intelectualmente curiosos y acad\u00e9micamente motivados; muchos son los primeros miembros de sus familias en asistir a la universidad.<\/p>\n<p><strong>Los estudiantes de High Jump se grad\u00faan de nuestro programa, listos para lo que sigue.<\/strong> Nuestros alumnos son estudiantes de por vida que buscan recursos y oportunidades para mejorar sus vidas. Se defienden a s\u00ed mismos y a sus grandes ideas y se mantienen conectados con sus compa\u00f1eros de High Jump a medida que crecen y mejoran sus comunidades.<\/p>\n<p><strong>Apoyamos a nuestros estudiantes con enriquecimiento acad\u00e9mico, pero es mucho m\u00e1s.<\/strong> High Jump se dedica a estar ah\u00ed para nuestros estudiantes. Brindamos programas y apoyo durante la escuela secundaria y somos un recurso continuo para ellos durante la universidad.<\/p>\n\t<ul>\n\t\t<li>\t\t\t\t\n\t\t<h3>ESCUELA INTERMEDIA<\/h3><p>Comprom\u00e9tase a dos a\u00f1os de enriquecimiento acad\u00e9mico sin costo de matr\u00edcula a trav\u00e9s de nuestro programa Scholars o Community Scholars.<\/p><\/li><li>\t\t\t\t\n\t\t<h3>ESCUELA SECUNDARIA<\/h3><p>Enriquecimiento acad\u00e9mico continuo, asesoramiento y preparaci\u00f3n para la universidad, y alfabetizaci\u00f3n sobre ayuda financiera para llegar a la universidad y terminarla.<\/p><\/li><li>\t\t\t\t\n\t\t<h3>FACULTAD<\/h3><p>Mant\u00e9ngase conectado y si\u00e9ntase apoyado durante todo el camino a la universidad con nuestros programas de apoyo para ex alumnos.<\/p><\/li>\t<\/ul>\n\t\t\t\t<img loading=\"lazy\" decoding=\"async\" src=\"https:\/\/highjumpchicago.org\/wp-content\/uploads\/2022\/01\/Sustaining-Leaders-e1643325677181.jpg\" alt=\"Student in class\" itemprop=\"image\" height=\"256\" width=\"512\" title=\"Salto de altura | alumno\" onerror=\"this.style.display='none'\"  \/>\n<h2>\n\t\tConvi\u00e9rtete en un erudito de salto de altura\n\t<\/h2>\n\t\t\t<a href=\"https:\/\/highjumpchicago.org\/es\/en-espanol\/preguntas-mas-frecuentes\/\" target=\"_self\" role=\"button\" rel=\"noopener\">\n\t\t\t\t\t\t\tObtenga m\u00e1s informaci\u00f3n y APLICAR\n\t\t\t\t\t<\/a>","protected":false},"excerpt":{"rendered":"<p>Inicio English Descripci\u00f3n Enriquecimiento Acad\u00e9mico General. Apoyo socioemocional. El aprendizaje permanente. High Jump permite a los estudiantes de secundaria de Chicago convertirse en l\u00edderes integrales a trav\u00e9s de nuestros programas gratuitos con experiencias, recursos y apoyo educativo \u00fanicos para estudiantes de s\u00e9ptimo y octavo grado curiosos y motivados que desean desafiarse a s\u00ed mismos acad\u00e9micamente. \u00bfQu\u00e9 hace que un estudiante sea un erudito? Un amor de\u2026<\/p>","protected":false},"author":7,"featured_media":5231,"parent":59,"menu_order":3,"comment_status":"closed","ping_status":"closed","template":"","meta":{"_seopress_robots_primary_cat":"","_seopress_titles_title":"","_seopress_titles_desc":"","_seopress_robots_index":"","inline_featured_image":false,"footnotes":""},"class_list":["post-4947","page","type-page","status-publish","has-post-thumbnail","hentry"],"_links":{"self":[{"href":"https:\/\/highjumpchicago.org\/es\/wp-json\/wp\/v2\/pages\/4947","targetHints":{"allow":["GET"]}}],"collection":[{"href":"https:\/\/highjumpchicago.org\/es\/wp-json\/wp\/v2\/pages"}],"about":[{"href":"https:\/\/highjumpchicago.org\/es\/wp-json\/wp\/v2\/types\/page"}],"author":[{"embeddable":true,"href":"https:\/\/highjumpchicago.org\/es\/wp-json\/wp\/v2\/users\/7"}],"replies":[{"embeddable":true,"href":"https:\/\/highjumpchicago.org\/es\/wp-json\/wp\/v2\/comments?post=4947"}],"version-history":[{"count":5,"href":"https:\/\/highjumpchicago.org\/es\/wp-json\/wp\/v2\/pages\/4947\/revisions"}],"predecessor-version":[{"id":5624,"href":"https:\/\/highjumpchicago.org\/es\/wp-json\/wp\/v2\/pages\/4947\/revisions\/5624"}],"up":[{"embeddable":true,"href":"https:\/\/highjumpchicago.org\/es\/wp-json\/wp\/v2\/pages\/59"}],"wp:featuredmedia":[{"embeddable":true,"href":"https:\/\/highjumpchicago.org\/es\/wp-json\/wp\/v2\/media\/5231"}],"wp:attachment":[{"href":"https:\/\/highjumpchicago.org\/es\/wp-json\/wp\/v2\/media?parent=4947"}],"curies":[{"name":"gracias","href":"https:\/\/api.w.org\/{rel}","templated":true}]}}