{"id":50911,"date":"2024-09-18T15:32:50","date_gmt":"2024-09-18T20:32:50","guid":{"rendered":"https:\/\/highjumpchicago.org\/?page_id=50911"},"modified":"2025-10-09T13:51:02","modified_gmt":"2025-10-09T18:51:02","slug":"35years","status":"publish","type":"page","link":"https:\/\/highjumpchicago.org\/es\/35years\/","title":{"rendered":"Igualar la educaci\u00f3n. Maximizar las oportunidades."},"content":{"rendered":"<img loading=\"lazy\" decoding=\"async\" src=\"https:\/\/highjumpchicago.org\/wp-content\/uploads\/2024\/09\/35th-Year-Logo-1.png\" alt=\"35th Year Logo\" itemprop=\"image\" height=\"388\" width=\"575\" title=\"Logotipo del 35\u00ba aniversario\" onerror=\"this.style.display='none'\"  \/>\n\t<meta itemprop=\"url\" content=\"https:\/\/highjumpchicago.org\/wp-content\/uploads\/2024\/09\/1-What-does-High-Jump-mean-to-you_-8th-Grade-SUBS.mp4\" \/><div style=\"width: 640px;\" class=\"wp-video\"><video muted class=\"wp-video-shortcode\" id=\"video-50911-1\" width=\"640\" height=\"360\" autoplay preload=\"metadata\" controls=\"controls\"><source type=\"video\/mp4\" src=\"https:\/\/highjumpchicago.org\/wp-content\/uploads\/2024\/09\/1-What-does-High-Jump-mean-to-you_-8th-Grade-SUBS.mp4?_=1\" \/><source type=\"video\/mp4\" src=\"https:\/\/highjumpchicago.org\/wp-content\/uploads\/2024\/09\/1-What-does-High-Jump-mean-to-you_-8th-Grade-SUBS.mp4?_=1\" \/><a href=\"https:\/\/highjumpchicago.org\/wp-content\/uploads\/2024\/09\/1-What-does-High-Jump-mean-to-you_-8th-Grade-SUBS.mp4\">https:\/\/highjumpchicago.org\/wp-content\/uploads\/2024\/09\/1-What-does-High-Jump-mean-to-you_-8th-Grade-SUBS.mp4<\/a><\/video><\/div>\n\t\t\t<a href=\"https:\/\/highjumpchicago.org\/es\/donate\/\" target=\"_blank\" rel=\"noopener\">\n\t\t\t\t\t\t\tDONA HOY PARA APOYAR A LOS ESTUDIANTES\n\t\t\t\t\t<\/a>\n\n\t<h2>Durante 35 a\u00f1os, High Jump ha transformado el panorama educativo de Chicago.<\/h2>\n<p>Ante las enormes desigualdades que enfrentan los estudiantes de secundaria con recursos econ\u00f3micos limitados, High Jump ha brindado oportunidades a m\u00e1s de 3000 estudiantes para que desarrollen con confianza su potencial como estudiantes y l\u00edderes que prosperar\u00e1n en la escuela secundaria, la universidad y m\u00e1s all\u00e1. El poder transformador de la educaci\u00f3n en High Jump contin\u00faa impactando profundamente las vidas de todos y cada uno de nuestros estudiantes, sus familias, sus comunidades y nuestra ciudad hoy y en los a\u00f1os venideros.<\/p>\n\t\t\t\t<img loading=\"lazy\" decoding=\"async\" src=\"https:\/\/highjumpchicago.org\/wp-content\/uploads\/2024\/09\/HighJump-Gala-050622-8207-e1726846611872.jpg\" alt=\"The High Jump Gala at the Four Seasons in Chicago, IL on Friday, May 6th, 2022. Photos by Jasmin Shah\" itemprop=\"image\" height=\"267\" width=\"267\" title=\"Gala de HighJump-050622-8207\" onerror=\"this.style.display='none'\"  \/>\n\t<h3>\u201cM\u00e1s de 3.000 ni\u00f1os han asistido o asisten a excelentes escuelas secundarias que los desafiaron y los prepararon para una variedad de excelentes universidades en todo el pa\u00eds, de las cuales se grad\u00faan un extraordinario 87% de ellos\u201d.<\/h3>\n\t<h4>Eleanor Nicholson, <i>Fundador del salto de altura<\/i><\/h4>\n\t\t\t<a href=\"https:\/\/highjumpchicago.org\/es\/founder-eleanor-nicholson-on-the-hope-that-launched-high-jump\/\" target=\"_self\">\n\t\t\t\t\t\t\tLEER M\u00c1S: La fundadora, Eleanor Nicholson, sobre la esperanza que impuls\u00f3 a High Jump\n\t\t\t\t\t<\/a>\n\t\t\t<a href =\"https:\/\/highjumpchicago.org\/es\/about\/history\/\" target=\"_self\">\n\t\t\t\t\t\t\t\tLa l\u00ednea de tiempo del salto de altura Vea lo que hemos estado haciendo desde 1989.\t\t\t\t\t\t\t\n\t\t\t\t\t\t<\/a>\n\t\t<!-- Comment to fix spacing issue\n\t-->\n\t\t<h1>0<\/h1>Becarios\/A\u00f1o\n\t<!-- Comment to fix spacing issue\n\t-->\t\n\t\t<!-- Comment to fix spacing issue\n\t-->\n\t\t<h1>0%<\/h1>Graduaci\u00f3n de la escuela secundaria\n\t<!-- Comment to fix spacing issue\n\t-->\t\n\t\t<!-- Comment to fix spacing issue\n\t-->\n\t\t<h1>0%<\/h1>Colegio de posgrado\n\t<!-- Comment to fix spacing issue\n\t-->\t\n\t\t<!-- Comment to fix spacing issue\n\t-->\n\t\t<h1>0<\/h1>Antiguos alumnos atendidos\n\t<!-- Comment to fix spacing issue\n\t-->\t\n\t\t\t<a href =\"https:\/\/highjumpchicago.org\/es\/about\/impact\/\" target=\"_self\">\n\t\t\t\t\t\t\t\tVea nuestro impacto Vea lo que nuestros acad\u00e9micos han logrado.\t\t\t\t\t\t\t\n\t\t\t\t\t\t<\/a>\n\t\t<h1>\n\t\tInforme anual de salto de altura\n\t<\/h1>\n\t<div class=\"_df_book df-lite\" id=\"df_60754\"  _slug=\"high-jump-annual-report-2021-2022-2\" data-title=\"high-jump-annual-report-2022-2023\" wpoptions=\"true\" thumbtype=\"\" ><\/div><script class=\"df-shortcode-script\" nowprocket type=\"application\/javascript\">window.option_df_60754 = {\"outline\":[],\"backgroundColor\":\"#2cafa4\",\"autoEnableOutline\":\"false\",\"autoEnableThumbnail\":\"false\",\"overwritePDFOutline\":\"false\",\"direction\":\"1\",\"pageSize\":\"0\",\"source\":\"https:\\\/\\\/highjumpchicago.org\\\/wp-content\\\/uploads\\\/2024\\\/11\\\/High-Jump-Annual-Report-2022-2023.pdf\",\"wpOptions\":\"true\"}; if(window.DFLIP && window.DFLIP.parseBooks){window.DFLIP.parseBooks();}<\/script>\n\t<h3>&quot;High Jump es un testimonio pr\u00f3spero de que cada peque\u00f1a inversi\u00f3n que hacemos en nuestras comunidades y en los acad\u00e9micos del ma\u00f1ana se agrava exponencialmente a medida que pasa el tiempo&quot;.<\/h3>\n\t<h4>Dilara Akgunduz Menor, <i>Alumbre de salto de altura<\/i><\/h4>\n\t<meta itemprop=\"url\" content=\"https:\/\/highjumpchicago.org\/wp-content\/uploads\/2024\/09\/Dilara-Empower-the-scholars-of-tomorrow.mp4\" \/><div style=\"width: 640px;\" class=\"wp-video\"><video class=\"wp-video-shortcode\" id=\"video-50911-2\" width=\"640\" height=\"360\" poster=\"https:\/\/highjumpchicago.org\/wp-content\/uploads\/2022\/09\/Cover-Photo-Dilara-2-scaled.jpg\" preload=\"none\" controls=\"controls\"><source type=\"video\/mp4\" src=\"https:\/\/highjumpchicago.org\/wp-content\/uploads\/2024\/09\/Dilara-Empower-the-scholars-of-tomorrow.mp4?_=2\" \/><source type=\"video\/mp4\" src=\"https:\/\/highjumpchicago.org\/wp-content\/uploads\/2024\/09\/Dilara-Empower-the-scholars-of-tomorrow.mp4?_=2\" \/><a href=\"https:\/\/highjumpchicago.org\/wp-content\/uploads\/2024\/09\/Dilara-Empower-the-scholars-of-tomorrow.mp4\">https:\/\/highjumpchicago.org\/wp-content\/uploads\/2024\/09\/Dilara-Empower-the-scholars-of-tomorrow.mp4<\/a><\/video><\/div>\n<h2>\n\t\tHigh Jump est\u00e1 igualando la educaci\u00f3n y maximizando las oportunidades para los estudiantes de la escuela secundaria de Chicago.\n\t<\/h2>\n\t<p>El poder transformador de una educaci\u00f3n de salto de altura seguir\u00e1 resonando, impactando profundamente las vidas de los estudiantes, sus familias y nuestras comunidades.<\/p>\n\t\t\t<a href=\"?campaign=524397\" target=\"_self\">\n\t\t\t\t\t\t\tDONA HOY PARA APOYAR A LOS ESTUDIANTES\n\t\t\t\t\t<\/a>\n\t\t\t\t<img loading=\"lazy\" decoding=\"async\" src=\"https:\/\/highjumpchicago.org\/wp-content\/uploads\/2024\/06\/6-Amy-2.jpg\" alt=\"Two high Jump students stand holding their diplomas\" itemprop=\"image\" height=\"1366\" width=\"2048\" title=\"6-Amy-2\" onerror=\"this.style.display='none'\"  \/>","protected":false},"excerpt":{"rendered":"<p>DONA HOY PARA APOYAR A LOS ESTUDIANTES Durante 35 a\u00f1os, High Jump ha transformado el panorama educativo de Chicago. Frente a las abrumadoras desigualdades que enfrentan los estudiantes de secundaria con recursos econ\u00f3micos limitados, High Jump ha brindado oportunidades para que m\u00e1s de 3000 estudiantes desarrollen con confianza su potencial como estudiantes y como l\u00edderes que contin\u00faan\u2026<\/p>","protected":false},"author":7,"featured_media":50918,"parent":0,"menu_order":0,"comment_status":"closed","ping_status":"closed","template":"","meta":{"_seopress_robots_primary_cat":"","_seopress_titles_title":"","_seopress_titles_desc":"","_seopress_robots_index":"","inline_featured_image":false,"footnotes":""},"class_list":["post-50911","page","type-page","status-publish","has-post-thumbnail","hentry"],"_links":{"self":[{"href":"https:\/\/highjumpchicago.org\/es\/wp-json\/wp\/v2\/pages\/50911","targetHints":{"allow":["GET"]}}],"collection":[{"href":"https:\/\/highjumpchicago.org\/es\/wp-json\/wp\/v2\/pages"}],"about":[{"href":"https:\/\/highjumpchicago.org\/es\/wp-json\/wp\/v2\/types\/page"}],"author":[{"embeddable":true,"href":"https:\/\/highjumpchicago.org\/es\/wp-json\/wp\/v2\/users\/7"}],"replies":[{"embeddable":true,"href":"https:\/\/highjumpchicago.org\/es\/wp-json\/wp\/v2\/comments?post=50911"}],"version-history":[{"count":5,"href":"https:\/\/highjumpchicago.org\/es\/wp-json\/wp\/v2\/pages\/50911\/revisions"}],"predecessor-version":[{"id":60761,"href":"https:\/\/highjumpchicago.org\/es\/wp-json\/wp\/v2\/pages\/50911\/revisions\/60761"}],"wp:featuredmedia":[{"embeddable":true,"href":"https:\/\/highjumpchicago.org\/es\/wp-json\/wp\/v2\/media\/50918"}],"wp:attachment":[{"href":"https:\/\/highjumpchicago.org\/es\/wp-json\/wp\/v2\/media?parent=50911"}],"curies":[{"name":"gracias","href":"https:\/\/api.w.org\/{rel}","templated":true}]}}