{"id":512,"date":"2018-11-08T18:56:31","date_gmt":"2018-11-08T18:56:31","guid":{"rendered":"https:\/\/d46e648428.nxcli.io\/?page_id=512"},"modified":"2025-07-09T16:38:12","modified_gmt":"2025-07-09T21:38:12","slug":"alumni","status":"publish","type":"page","link":"https:\/\/highjumpchicago.org\/es\/our-programs\/alumni\/","title":{"rendered":"Alumnos becarios"},"content":{"rendered":"<nav  aria-label=\"migaja de pan\"><ol itemscope itemtype=\"https:\/\/schema.org\/BreadcrumbList\"><li itemprop=\"itemListElement\" itemscope itemtype=\"https:\/\/schema.org\/ListItem\"><a itemscope itemtype=\"https:\/\/schema.org\/WebPage\" itemprop=\"item\" itemid=\"https:\/\/highjumpchicago.org\" href=\"https:\/\/highjumpchicago.org\/es\/\">Casa<\/a><meta itemprop=\"position\" content=\"1\"\/><\/li><li itemprop=\"itemListElement\" itemscope itemtype=\"https:\/\/schema.org\/ListItem\"><a itemscope itemtype=\"https:\/\/schema.org\/WebPage\" itemprop=\"item\" itemid=\"https:\/\/highjumpchicago.org\/our-programs\/\" href=\"https:\/\/highjumpchicago.org\/es\/our-programs\/\">Nuestros Programas<\/a><meta itemprop=\"position\" content=\"2\"\/><\/li><li aria-current=\"page\" itemprop=\"itemListElement\" itemscope itemtype=\"https:\/\/schema.org\/ListItem\">Alumnos becarios<meta itemprop=\"position\" content=\"3\"\/><\/li><\/ol><\/nav>\n<h1>\n\t\t\tUna vez erudito, siempre erudito.\t<\/h1>\n\t\t\t\t\t<h1>0+ <\/h1>\t\t\t\t\n\t\t\tAlumbres y contando\t\n\t<h3>Cada estudiante de 8.\u00ba grado de High Jump trabaja individualmente con los maestros y el personal para garantizar una selecci\u00f3n de escuela secundaria adecuada que apoye sus necesidades y objetivos. Tambi\u00e9n trabajamos con los estudiantes y sus familias en el proceso de admisi\u00f3n a la escuela secundaria, incluida la ayuda financiera y las opciones de becas.<\/h3>\n\t<p><strong>Nuestros alumnos de secundaria y universitarios tienen muchas oportunidades para mantenerse comprometidos y conectados con la comunidad de High Jump:<\/strong><\/p>\n<ul>\n<li aria-level=\"1\">Regresando como asistentes de ense\u00f1anza en nuestro programa Scholars<\/li>\n<li aria-level=\"1\">Programas de enriquecimiento de verano que apoyan la transici\u00f3n de la escuela primaria a la secundaria<\/li>\n<li aria-level=\"1\">Talleres para apoyar el proceso de solicitud universitaria y preparaci\u00f3n para el SAT<\/li>\n<li aria-level=\"1\">Redes, colocaci\u00f3n laboral y m\u00e1s para el desarrollo y crecimiento profesional<\/li>\n<\/ul>\n<p><b>Brindamos oportunidades para que nuestros alumnos de secundaria y universitarios se mantengan comprometidos y conectados con la comunidad de High Jump.<\/b> Regresar al programa como asistente de maestro remunerado ayuda a apoyar a nuevos grupos de becarios de salto de altura y, al mismo tiempo, obtiene una experiencia laboral invaluable en el mundo real.<\/p>\n<b>\u00bfEres un ex alumno que quiere involucrarse o conectarse con otros ex alumnos?<\/b><br \/>\nContactanos en <a href=\"mailto:ask@highjumpchicago.org\">ask@highjumpchicago.org<\/a>\u00a0para m\u00e1s informaci\u00f3n.\n<b>\u00bfEs usted un exalumno interesado en unirse a nuestra Junta de Asociados?<\/b><br \/>\nComun\u00edquese con Molly Gilbride en <a href=\"mailto:mgilbride@highjumpchicago.org\">mgilbride@highjumpchicago.org<\/a> para m\u00e1s informaci\u00f3n.\n<h1>\n\t\t\tEl impacto es para toda la vida: Conozca a nuestros exalumnos\t<\/h1>\n\t<h2>La experiencia High Jump dura mucho m\u00e1s que los dos a\u00f1os del programa. Nuestros exalumnos toman riesgos, logran sus sue\u00f1os y hacen su parte para mejorar el mundo, pero no nos lo quiten.<\/h2>\n<h2>Lea sus historias.<\/h2>\n\t<meta itemscope itemprop=\"mainEntityOfPage\" itemtype=\"https:\/\/schema.org\/WebPage\" itemid=\"https:\/\/highjumpchicago.org\/richards-story-of-high-jump-success\/\" content=\"Richard's Story of High Jump Success\" \/><meta itemprop=\"datePublished\" content=\"2024-06-25\" \/><meta itemprop=\"dateModified\" content=\"2024-09-19\" \/><meta itemprop=\"name\" content=\"High Jump\"\/><meta itemprop=\"url\" content=\"https:\/\/highjumpchicago.org\/author\/max\/\" \/><meta itemprop=\"name\" content=\"Max Asaf\" \/><meta itemprop=\"url\" content=\"https:\/\/highjumpchicago.org\/wp-content\/uploads\/2024\/06\/HighJump-Gala-050324-9475.jpg\" \/><meta itemprop=\"width\" content=\"2048\" \/><meta itemprop=\"height\" content=\"1365\" \/><meta itemprop=\"interactionType\" content=\"https:\/\/schema.org\/CommentAction\" \/><meta itemprop=\"userInteractionCount\" content=\"0\" \/>\n\t\t\t\t\t\t<a href='https:\/\/highjumpchicago.org\/es\/richards-story-of-high-jump-success\/' title='Ricardo's story of high jump success'><img width=\"1024\" height=\"683\" src=\"https:\/\/highjumpchicago.org\/wp-content\/uploads\/2024\/06\/HighJump-Gala-050324-9475-1024x683.jpg\" alt=\"Richard speaks at a podium at the High Jump gala\" itemprop=\"image\" decoding=\"async\" loading=\"lazy\" srcset=\"https:\/\/highjumpchicago.org\/wp-content\/uploads\/2024\/06\/HighJump-Gala-050324-9475-1024x683.jpg 1024w, https:\/\/highjumpchicago.org\/wp-content\/uploads\/2024\/06\/HighJump-Gala-050324-9475-300x200.jpg 300w, https:\/\/highjumpchicago.org\/wp-content\/uploads\/2024\/06\/HighJump-Gala-050324-9475-768x512.jpg 768w, https:\/\/highjumpchicago.org\/wp-content\/uploads\/2024\/06\/HighJump-Gala-050324-9475-1536x1024.jpg 1536w, https:\/\/highjumpchicago.org\/wp-content\/uploads\/2024\/06\/HighJump-Gala-050324-9475-18x12.jpg 18w, https:\/\/highjumpchicago.org\/wp-content\/uploads\/2024\/06\/HighJump-Gala-050324-9475.jpg 2048w\" sizes=\"auto, (max-width: 1024px) 100vw, 1024px\" \/><\/a>\n\t\t\t\t\t<h3><a href='https:\/\/highjumpchicago.org\/es\/richards-story-of-high-jump-success\/' title='Ricardo's story of high jump success'>La historia de \u00e9xito de Richard en el salto de altura<\/a><\/h3>\n\t\t\t\t\t\t<p>Cuando analizamos el impacto que ha tenido el salto de altura en el transcurso de los \u00faltimos 35 a\u00f1os,...<\/p>\n\t\t\t\t\t\n\t\t\t\t\t\t<a href='https:\/\/highjumpchicago.org\/es\/richards-story-of-high-jump-success\/' title='Leer m\u00e1s &quot;'>Leer m\u00e1s &quot;<\/a>\n\t\t\t\t\t\n\t<meta itemscope itemprop=\"mainEntityOfPage\" itemtype=\"https:\/\/schema.org\/WebPage\" itemid=\"https:\/\/highjumpchicago.org\/alumni-spotlight-jessica-cohort-25-is-racing-towards-her-future\/\" content=\"Alumni Spotlight: Jessica, Cohort 25, Is Racing Towards Her Future\" \/><meta itemprop=\"datePublished\" content=\"2024-05-29\" \/><meta itemprop=\"dateModified\" content=\"2024-05-29\" \/><meta itemprop=\"name\" content=\"High Jump\"\/><meta itemprop=\"url\" content=\"https:\/\/highjumpchicago.org\/author\/max\/\" \/><meta itemprop=\"name\" content=\"Max Asaf\" \/><meta itemprop=\"url\" content=\"https:\/\/highjumpchicago.org\/wp-content\/uploads\/2024\/05\/1700576011028.jpeg\" \/><meta itemprop=\"width\" content=\"961\" \/><meta itemprop=\"height\" content=\"710\" \/><meta itemprop=\"interactionType\" content=\"https:\/\/schema.org\/CommentAction\" \/><meta itemprop=\"userInteractionCount\" content=\"0\" \/>\n\t\t\t\t\t\t<a href='https:\/\/highjumpchicago.org\/es\/alumni-spotlight-jessica-cohort-25-is-racing-towards-her-future\/' title='Exalumnos destacados: Jessica, cohorte 25, est\u00e1 corriendo hacia su futuro'><img width=\"961\" height=\"710\" src=\"https:\/\/highjumpchicago.org\/wp-content\/uploads\/2024\/05\/1700576011028.jpeg\" alt=\"Jess stands in front of Lewis Hamilton&#039;s F1 Mercedes car\" itemprop=\"image\" decoding=\"async\" loading=\"lazy\" srcset=\"https:\/\/highjumpchicago.org\/wp-content\/uploads\/2024\/05\/1700576011028.jpeg 961w, https:\/\/highjumpchicago.org\/wp-content\/uploads\/2024\/05\/1700576011028-300x222.jpeg 300w, https:\/\/highjumpchicago.org\/wp-content\/uploads\/2024\/05\/1700576011028-768x567.jpeg 768w, https:\/\/highjumpchicago.org\/wp-content\/uploads\/2024\/05\/1700576011028-16x12.jpeg 16w\" sizes=\"auto, (max-width: 961px) 100vw, 961px\" \/><\/a>\n\t\t\t\t\t<h3><a href='https:\/\/highjumpchicago.org\/es\/alumni-spotlight-jessica-cohort-25-is-racing-towards-her-future\/' title='Exalumnos destacados: Jessica, cohorte 25, est\u00e1 corriendo hacia su futuro'>Exalumnos destacados: Jessica, cohorte 25, est\u00e1 corriendo hacia su futuro<\/a><\/h3>\n\t\t\t\t\t\t<p>Jessica siempre ha tenido la carrera en ella. Su amor por la ingenier\u00eda de deportes de motor y las carreras de coches la ha llevado de...<\/p>\n\t\t\t\t\t\n\t\t\t\t\t\t<a href='https:\/\/highjumpchicago.org\/es\/alumni-spotlight-jessica-cohort-25-is-racing-towards-her-future\/' title='Leer m\u00e1s &quot;'>Leer m\u00e1s &quot;<\/a>\n\t\t\t\t\t\n\t<meta itemscope itemprop=\"mainEntityOfPage\" itemtype=\"https:\/\/schema.org\/WebPage\" itemid=\"https:\/\/highjumpchicago.org\/from-high-jump-to-hollywood-an-interview-with-aris-mendoza-cohort-10\/\" content=\"From High Jump to Hollywood: An Interview with Aris Mendoza, Cohort 10\" \/><meta itemprop=\"datePublished\" content=\"2024-04-10\" \/><meta itemprop=\"dateModified\" content=\"2024-06-17\" \/><meta itemprop=\"name\" content=\"High Jump\"\/><meta itemprop=\"url\" content=\"https:\/\/highjumpchicago.org\/author\/max\/\" \/><meta itemprop=\"name\" content=\"Max Asaf\" \/><meta itemprop=\"url\" content=\"https:\/\/highjumpchicago.org\/wp-content\/uploads\/2024\/04\/NKP00514-3b.jpg\" \/><meta itemprop=\"width\" content=\"2048\" \/><meta itemprop=\"height\" content=\"1591\" \/><meta itemprop=\"interactionType\" content=\"https:\/\/schema.org\/CommentAction\" \/><meta itemprop=\"userInteractionCount\" content=\"0\" \/>\n\t\t\t\t\t\t<a href='https:\/\/highjumpchicago.org\/es\/from-high-jump-to-hollywood-an-interview-with-aris-mendoza-cohort-10\/' title='Del salto de altura a Hollywood: una entrevista con Aris Mendoza, cohorte 10'><img width=\"1024\" height=\"796\" src=\"https:\/\/highjumpchicago.org\/wp-content\/uploads\/2024\/04\/NKP00514-3b-1024x796.jpg\" alt=\"\" itemprop=\"image\" decoding=\"async\" loading=\"lazy\" srcset=\"https:\/\/highjumpchicago.org\/wp-content\/uploads\/2024\/04\/NKP00514-3b-1024x796.jpg 1024w, https:\/\/highjumpchicago.org\/wp-content\/uploads\/2024\/04\/NKP00514-3b-300x233.jpg 300w, https:\/\/highjumpchicago.org\/wp-content\/uploads\/2024\/04\/NKP00514-3b-768x597.jpg 768w, https:\/\/highjumpchicago.org\/wp-content\/uploads\/2024\/04\/NKP00514-3b-1536x1193.jpg 1536w, https:\/\/highjumpchicago.org\/wp-content\/uploads\/2024\/04\/NKP00514-3b-15x12.jpg 15w, https:\/\/highjumpchicago.org\/wp-content\/uploads\/2024\/04\/NKP00514-3b.jpg 2048w\" sizes=\"auto, (max-width: 1024px) 100vw, 1024px\" \/><\/a>\n\t\t\t\t\t<h3><a href='https:\/\/highjumpchicago.org\/es\/from-high-jump-to-hollywood-an-interview-with-aris-mendoza-cohort-10\/' title='Del salto de altura a Hollywood: una entrevista con Aris Mendoza, cohorte 10'>Del salto de altura a Hollywood: una entrevista con Aris Mendoza, cohorte 10<\/a><\/h3>\n\t\t\t\t\t\t<p>Desde sus inicios, el \u00e9nfasis del salto de altura no ha sido poner a los estudiantes en un camino espec\u00edfico hacia una definici\u00f3n espec\u00edfica\u2026<\/p>\n\t\t\t\t\t\n\t\t\t\t\t\t<a href='https:\/\/highjumpchicago.org\/es\/from-high-jump-to-hollywood-an-interview-with-aris-mendoza-cohort-10\/' title='Leer m\u00e1s &quot;'>Leer m\u00e1s &quot;<\/a>\n\t\t\t\t\t\n\t<meta itemscope itemprop=\"mainEntityOfPage\" itemtype=\"https:\/\/schema.org\/WebPage\" itemid=\"https:\/\/highjumpchicago.org\/alumni-spotlight-aji-cohort-20\/\" content=\"Alumni Spotlight: Aji, Cohort 20\" \/><meta itemprop=\"datePublished\" content=\"2023-11-16\" \/><meta itemprop=\"dateModified\" content=\"2024-01-20\" \/><meta itemprop=\"name\" content=\"High Jump\"\/><meta itemprop=\"url\" content=\"https:\/\/highjumpchicago.org\/author\/max\/\" \/><meta itemprop=\"name\" content=\"Max Asaf\" \/><meta itemprop=\"url\" content=\"https:\/\/highjumpchicago.org\/wp-content\/uploads\/2023\/11\/Screenshot-2023-11-13-at-9.55.56-AM.jpg\" \/><meta itemprop=\"width\" content=\"1916\" \/><meta itemprop=\"height\" content=\"953\" \/><meta itemprop=\"interactionType\" content=\"https:\/\/schema.org\/CommentAction\" \/><meta itemprop=\"userInteractionCount\" content=\"0\" \/>\n\t\t\t\t\t\t<a href='https:\/\/highjumpchicago.org\/es\/alumni-spotlight-aji-cohort-20\/' title='Exalumnos destacados: Aji, cohorte 20'><img width=\"1024\" height=\"509\" src=\"https:\/\/highjumpchicago.org\/wp-content\/uploads\/2023\/11\/Screenshot-2023-11-13-at-9.55.56-AM-1024x509.jpg\" alt=\"\" itemprop=\"image\" decoding=\"async\" loading=\"lazy\" srcset=\"https:\/\/highjumpchicago.org\/wp-content\/uploads\/2023\/11\/Screenshot-2023-11-13-at-9.55.56-AM-1024x509.jpg 1024w, https:\/\/highjumpchicago.org\/wp-content\/uploads\/2023\/11\/Screenshot-2023-11-13-at-9.55.56-AM-300x149.jpg 300w, https:\/\/highjumpchicago.org\/wp-content\/uploads\/2023\/11\/Screenshot-2023-11-13-at-9.55.56-AM-768x382.jpg 768w, https:\/\/highjumpchicago.org\/wp-content\/uploads\/2023\/11\/Screenshot-2023-11-13-at-9.55.56-AM-1536x764.jpg 1536w, https:\/\/highjumpchicago.org\/wp-content\/uploads\/2023\/11\/Screenshot-2023-11-13-at-9.55.56-AM-18x9.jpg 18w, https:\/\/highjumpchicago.org\/wp-content\/uploads\/2023\/11\/Screenshot-2023-11-13-at-9.55.56-AM.jpg 1916w\" sizes=\"auto, (max-width: 1024px) 100vw, 1024px\" \/><\/a>\n\t\t\t\t\t<h3><a href='https:\/\/highjumpchicago.org\/es\/alumni-spotlight-aji-cohort-20\/' title='Exalumnos destacados: Aji, cohorte 20'>Exalumnos destacados: Aji, cohorte 20<\/a><\/h3>\n\t\t\t\t\t\t<p>Desde peque\u00f1o, Aji ha tenido una mente incre\u00edblemente activa, siempre buscando salidas para explorar sus intereses, ampliar sus...<\/p>\n\t\t\t\t\t\n\t\t\t\t\t\t<a href='https:\/\/highjumpchicago.org\/es\/alumni-spotlight-aji-cohort-20\/' title='Leer m\u00e1s &quot;'>Leer m\u00e1s &quot;<\/a>","protected":false},"excerpt":{"rendered":"<p>Lea acerca de algunas de las muchas historias de \u00e9xito de High Jump.<\/p>","protected":false},"author":7,"featured_media":5515,"parent":52,"menu_order":5,"comment_status":"closed","ping_status":"closed","template":"","meta":{"_seopress_robots_primary_cat":"","_seopress_titles_title":"","_seopress_titles_desc":"","_seopress_robots_index":"","inline_featured_image":false,"footnotes":""},"class_list":["post-512","page","type-page","status-publish","has-post-thumbnail","hentry"],"_links":{"self":[{"href":"https:\/\/highjumpchicago.org\/es\/wp-json\/wp\/v2\/pages\/512","targetHints":{"allow":["GET"]}}],"collection":[{"href":"https:\/\/highjumpchicago.org\/es\/wp-json\/wp\/v2\/pages"}],"about":[{"href":"https:\/\/highjumpchicago.org\/es\/wp-json\/wp\/v2\/types\/page"}],"author":[{"embeddable":true,"href":"https:\/\/highjumpchicago.org\/es\/wp-json\/wp\/v2\/users\/7"}],"replies":[{"embeddable":true,"href":"https:\/\/highjumpchicago.org\/es\/wp-json\/wp\/v2\/comments?post=512"}],"version-history":[{"count":5,"href":"https:\/\/highjumpchicago.org\/es\/wp-json\/wp\/v2\/pages\/512\/revisions"}],"predecessor-version":[{"id":106205,"href":"https:\/\/highjumpchicago.org\/es\/wp-json\/wp\/v2\/pages\/512\/revisions\/106205"}],"up":[{"embeddable":true,"href":"https:\/\/highjumpchicago.org\/es\/wp-json\/wp\/v2\/pages\/52"}],"wp:featuredmedia":[{"embeddable":true,"href":"https:\/\/highjumpchicago.org\/es\/wp-json\/wp\/v2\/media\/5515"}],"wp:attachment":[{"href":"https:\/\/highjumpchicago.org\/es\/wp-json\/wp\/v2\/media?parent=512"}],"curies":[{"name":"gracias","href":"https:\/\/api.w.org\/{rel}","templated":true}]}}