{"id":52,"date":"2018-10-08T01:57:50","date_gmt":"2018-10-08T01:57:50","guid":{"rendered":"https:\/\/d46e648428.nxcli.io\/?page_id=37"},"modified":"2026-04-01T15:28:55","modified_gmt":"2026-04-01T20:28:55","slug":"our-programs","status":"publish","type":"page","link":"https:\/\/highjumpchicago.org\/es\/our-programs\/","title":{"rendered":"Nuestros Programas"},"content":{"rendered":"<nav  aria-label=\"migaja de pan\"><ol itemscope itemtype=\"https:\/\/schema.org\/BreadcrumbList\"><li itemprop=\"itemListElement\" itemscope itemtype=\"https:\/\/schema.org\/ListItem\"><a itemscope itemtype=\"https:\/\/schema.org\/WebPage\" itemprop=\"item\" itemid=\"https:\/\/highjumpchicago.org\" href=\"https:\/\/highjumpchicago.org\/es\/\">Casa<\/a><meta itemprop=\"position\" content=\"1\"\/><\/li><li aria-current=\"page\" itemprop=\"itemListElement\" itemscope itemtype=\"https:\/\/schema.org\/ListItem\">Nuestros Programas<meta itemprop=\"position\" content=\"2\"\/><\/li><\/ol><\/nav>\n<h1>\n\t\t\tEnriquecimiento acad\u00e9mico. Apoyo socioemocional. Transici\u00f3n a la escuela preparatoria.\t<\/h1>\n\t<h3>High Jump empodera a los estudiantes de secundaria de Chicago para que se conviertan en l\u00edderes completos a trav\u00e9s de nuestros programas gratuitos con experiencias \u00fanicas, recursos y apoyo educativo para estudiantes curiosos y motivados de 7.\u00b0 y 8.\u00b0 grado que desean desafiarse a s\u00ed mismos acad\u00e9micamente.<\/h3>\n\t<p><strong>\u00bfQu\u00e9 hace que un estudiante sea un erudito?<\/strong> Un amor por el aprendizaje y un deseo de buscar experiencias para desafiarse social y acad\u00e9micamente. Nuestros estudiantes son intelectualmente curiosos y acad\u00e9micamente motivados; muchos son los primeros miembros de sus familias en asistir a la universidad.<\/p>\n<p><strong>Los estudiantes de High Jump se grad\u00faan de nuestro programa, listos para lo que sigue.<\/strong> Nuestros alumnos son estudiantes de por vida que buscan recursos y oportunidades para mejorar sus vidas. Se defienden a s\u00ed mismos y a sus grandes ideas y se mantienen conectados con sus compa\u00f1eros de High Jump a medida que crecen y mejoran sus comunidades.<\/p>\n<p><strong>Apoyamos a nuestros estudiantes con enriquecimiento acad\u00e9mico, pero es mucho m\u00e1s.<\/strong> High Jump se dedica a estar ah\u00ed para nuestros estudiantes. Brindamos programas y apoyo durante la escuela secundaria y somos un recurso continuo para ellos durante la universidad.<\/p>\n\t<ul>\n\t\t<li>\t\t\t\t\n\t\t<h3>ESCUELA INTERMEDIA<\/h3><p>Comprometerse a <strong>dos a\u00f1os<\/strong> de <strong>matr\u00edcula gratuita<\/strong> enriquecimiento acad\u00e9mico a trav\u00e9s de nuestro programa Scholars o Community Scholars.<\/p><\/li><li>\t\t\t\t\n\t\t<h3>ESCUELA SECUNDARIA<\/h3><p>Enriquecimiento acad\u00e9mico continuo, asesoramiento y preparaci\u00f3n para la universidad, y alfabetizaci\u00f3n sobre ayuda financiera <strong>apoyo<\/strong> para <strong>llegar y pasar la universidad<\/strong>.<\/p><\/li><li>\t\t\t\t\n\t\t<h3>FACULTAD<\/h3><p><strong>Mantente conectado<\/strong> y sentirse apoyado <strong>todo el camino a trav\u00e9s de la universidad<\/strong> con nuestros programas de apoyo a ex alumnos.<\/p><\/li>\t<\/ul>\n<h1>\n\t\t\tConvi\u00e9rtete en un erudito de salto de altura\t<\/h1>\n\t<h3>High Jump Scholars es un programa de aprendizaje hol\u00edstico dise\u00f1ado para ayudar a los estudiantes a desarrollar las habilidades que necesitan para prosperar dondequiera que vayan.<\/h3>\n\t<p>El programa consta de seis semanas de instrucci\u00f3n diaria en el verano y un promedio de dos s\u00e1bados cada mes durante el a\u00f1o escolar. Nuestro plan de estudios expone a los estudiantes a literatura y temas culturalmente relevantes, instrucci\u00f3n matem\u00e1tica rigurosa y aprendizaje experiencial.<\/p>\n<p>Los estudiantes se unir\u00e1n a nosotros en uno de nuestros tres campus en Chicago: la Escuela Latina de Chicago, la Escuela Francis W. Parker y la Escuela Laboratorio de la Universidad de Chicago.<\/p>\n\t\t\t<a href=\"https:\/\/highjumpchicago.org\/es\/program-overview\/scholars\/\"  target=\"_self\">\n\t\t\t\t\t\t\tObtenga m\u00e1s informaci\u00f3n y APLICAR\n\t\t\t\t\t<\/a>\n<figure itemscope itemtype=\"https:\/\/schema.org\/ImageObject\">\n\t\t\t\t<img decoding=\"async\" src=\"https:\/\/highjumpchicago.org\/wp-content\/uploads\/2022\/01\/Sustaining-Leaders-e1643325677181.jpg\" alt=\"Student in class\" height=\"256\" width=\"512\" title=\"Salto de altura | alumno\" onerror=\"this.style.display='none'\" loading=\"lazy\" \/>\n\t<\/figure>\n<h1>\n\t\t\tLos agentes de cambio del ma\u00f1ana.\t<\/h1>\n\t<h3>Nuestros becarios est\u00e1n descubriendo nuevas pasiones, generando confianza y siguiendo sus sue\u00f1os.<\/h3>\n<h2>\n\t\t\tObtenga informaci\u00f3n sobre el Programa piloto de becarios comunitarios\t<\/h2>\n\t<p>Community Scholars es una asociaci\u00f3n con la Escuela de Educaci\u00f3n y Pol\u00edtica Social de la Universidad Northwestern y el apoyo de las Escuelas P\u00fablicas de Chicago y el Distrito 65 Evanston\/Skokie. El programa est\u00e1 dise\u00f1ado para llevar la programaci\u00f3n a las escuelas del vecindario y llegar a m\u00e1s estudiantes en todo Chicago.<\/p>\n\t\t\t<a href=\"https:\/\/highjumpchicago.org\/es\/program-overview\/community-scholars\/\"  target=\"_self\">\n\t\t\t\t\t\t\tAprende m\u00e1s\n\t\t\t\t\t<\/a>\n<figure data-animation-delay=\"1\" data-animation-duration=\"1\" itemscope itemtype=\"https:\/\/schema.org\/ImageObject\">\n\t\t\t\t<img decoding=\"async\" src=\"https:\/\/highjumpchicago.org\/wp-content\/uploads\/2022\/02\/IMG_7924-scaled.jpg\" alt=\"IMG_7924\" height=\"1536\" width=\"2048\" title=\"IMG_7924\" onerror=\"this.style.display='none'\" loading=\"lazy\" \/>\n\t<\/figure>","protected":false},"excerpt":{"rendered":"<p>Inicio Nuestros Programas Enriquecimiento Acad\u00e9mico. Apoyo Socioemocional. Transici\u00f3n a la Preparatoria. High Jump empodera a los estudiantes de secundaria de Chicago para que se conviertan en l\u00edderes integrales a trav\u00e9s de nuestros programas gratuitos con experiencias \u00fanicas, recursos y apoyo educativo para estudiantes de 7.\u00ba y 8.\u00ba grado curiosos y motivados que buscan desafiarse acad\u00e9micamente. \u00bfQu\u00e9 hace a un estudiante un estudiante destacado? El amor por el aprendizaje\u2026<\/p>","protected":false},"author":7,"featured_media":130277,"parent":0,"menu_order":3,"comment_status":"closed","ping_status":"closed","template":"","meta":{"_seopress_robots_primary_cat":"","_seopress_titles_title":"","_seopress_titles_desc":"","_seopress_robots_index":"","inline_featured_image":false,"footnotes":""},"class_list":["post-52","page","type-page","status-publish","has-post-thumbnail","hentry"],"_links":{"self":[{"href":"https:\/\/highjumpchicago.org\/es\/wp-json\/wp\/v2\/pages\/52","targetHints":{"allow":["GET"]}}],"collection":[{"href":"https:\/\/highjumpchicago.org\/es\/wp-json\/wp\/v2\/pages"}],"about":[{"href":"https:\/\/highjumpchicago.org\/es\/wp-json\/wp\/v2\/types\/page"}],"author":[{"embeddable":true,"href":"https:\/\/highjumpchicago.org\/es\/wp-json\/wp\/v2\/users\/7"}],"replies":[{"embeddable":true,"href":"https:\/\/highjumpchicago.org\/es\/wp-json\/wp\/v2\/comments?post=52"}],"version-history":[{"count":7,"href":"https:\/\/highjumpchicago.org\/es\/wp-json\/wp\/v2\/pages\/52\/revisions"}],"predecessor-version":[{"id":159392,"href":"https:\/\/highjumpchicago.org\/es\/wp-json\/wp\/v2\/pages\/52\/revisions\/159392"}],"wp:featuredmedia":[{"embeddable":true,"href":"https:\/\/highjumpchicago.org\/es\/wp-json\/wp\/v2\/media\/130277"}],"wp:attachment":[{"href":"https:\/\/highjumpchicago.org\/es\/wp-json\/wp\/v2\/media?parent=52"}],"curies":[{"name":"gracias","href":"https:\/\/api.w.org\/{rel}","templated":true}]}}