{"id":53,"date":"2018-10-08T01:58:01","date_gmt":"2018-10-08T06:58:01","guid":{"rendered":"https:\/\/d46e648428.nxcli.io\/?page_id=39"},"modified":"2024-06-21T15:00:47","modified_gmt":"2024-06-21T20:00:47","slug":"partners","status":"publish","type":"page","link":"https:\/\/highjumpchicago.org\/es\/about\/partners\/","title":{"rendered":"Socios"},"content":{"rendered":"<nav  aria-label=\"migaja de pan\"><ol itemscope itemtype=\"https:\/\/schema.org\/BreadcrumbList\"><li itemprop=\"itemListElement\" itemscope itemtype=\"https:\/\/schema.org\/ListItem\"><a itemscope itemtype=\"http:\/\/schema.org\/WebPage\" itemprop=\"item\" itemid=\"https:\/\/highjumpchicago.org\" href=\"https:\/\/highjumpchicago.org\/es\/\">Casa<\/a><meta itemprop=\"position\" content=\"1\"\/><\/li><li itemprop=\"itemListElement\" itemscope itemtype=\"https:\/\/schema.org\/ListItem\"><a itemscope itemtype=\"http:\/\/schema.org\/WebPage\" itemprop=\"item\" itemid=\"https:\/\/highjumpchicago.org\/about\/\" href=\"https:\/\/highjumpchicago.org\/es\/about\/\">Sobre nosotros<\/a><meta itemprop=\"position\" content=\"2\"\/><\/li><li aria-current=\"page\" itemprop=\"itemListElement\" itemscope itemtype=\"https:\/\/schema.org\/ListItem\">Socios<meta itemprop=\"position\" content=\"3\"\/><\/li><\/ol><\/nav>\n<h2>SOCIOS DEL CAMPUS<\/h2>\n<p>High Jump se lleva a cabo en los campus de la <strong>escuela latina de chicago<\/strong>, <strong>Escuela Francis W. Parker<\/strong> y el <strong>Escuelas de laboratorio de la Universidad de Chicago<\/strong>. La Escuela Latina de Chicago tambi\u00e9n alberga la sede de High Jump.<\/p>\n<p>El generoso apoyo en especie de estos socios escolares es fundamental para el modelo y el \u00e9xito de High Jump. Nuestros socios trabajan con nosotros para hacer tangibles las oportunidades semana tras semana para cientos de j\u00f3venes de Chicago.<\/p>\n        \t<a href=\"https:\/\/www.fwparker.org\/\" target=\"_self\" rel=\"noopener\">            \n\t\t\t\t\t\t<img decoding=\"async\" src=\"https:\/\/highjumpchicago.org\/wp-content\/uploads\/2018\/11\/parker-logo.jpg\" alt=\"Parker\" data-no-lazy=\"1\" \/>\t\t\t\t\t\n            <\/a>\t\t\n        \t<a href=\"https:\/\/www.latinschool.org\/\" target=\"_self\" rel=\"noopener\">            \n\t\t\t\t\t\t<img decoding=\"async\" src=\"https:\/\/highjumpchicago.org\/wp-content\/uploads\/2018\/11\/latin-logo.jpg\" alt=\"Latin School of Chicago\" data-no-lazy=\"1\" \/>\t\t\t\t\t\n            <\/a>\t\t\n        \t<a href=\"https:\/\/www.ucls.uchicago.edu\/\" target=\"_self\" rel=\"noopener\">            \n\t\t\t\t\t\t<img decoding=\"async\" src=\"https:\/\/highjumpchicago.org\/wp-content\/uploads\/2018\/11\/uofc-logo.jpg\" alt=\"The University of Chicago Laboratory Schools\" data-no-lazy=\"1\" \/>\t\t\t\t\t\n            <\/a>\t\t\n<h2>SOCIOS COMUNITARIOS<\/h2>\n<p>Para garantizar que nuestros estudiantes est\u00e9n conectados con los mejores recursos, High Jump se asocia con l\u00edderes en educaci\u00f3n en todo Chicago. Estamos orgullosos de tener relaciones s\u00f3lidas con estas escuelas y organizaciones comunitarias que ayudan a hacer posible nuestro trabajo.<\/p>\n        \t<a href=\"https:\/\/careerspring.org\/students\/\" target=\"_self\" rel=\"noopener\">            \n\t\t\t\t\t\t<img decoding=\"async\" src=\"https:\/\/highjumpchicago.org\/wp-content\/uploads\/2022\/02\/logo-small-4-2.jpg\" alt=\"https:\/\/highjumpchicago.org\/wp-content\/uploads\/2022\/02\/logo-small-4-2.jpg\" data-no-lazy=\"1\" \/>\t\t\t\t\t\n            <\/a>\t\t\n        \t<a href=\"https:\/\/www.cps.edu\/\" target=\"_self\" rel=\"noopener\">            \n\t\t\t\t\t\t<img decoding=\"async\" src=\"https:\/\/highjumpchicago.org\/wp-content\/uploads\/2018\/11\/cps-logo.jpg\" alt=\"Chicago Public Schools\" data-no-lazy=\"1\" \/>\t\t\t\t\t\n            <\/a>\t\t\n        \t<a href=\"https:\/\/www.dmsf.org\/\" target=\"_self\" rel=\"noopener\">            \n\t\t\t\t\t\t<img decoding=\"async\" src=\"https:\/\/highjumpchicago.org\/wp-content\/uploads\/2020\/10\/dmsf-300x60.png\" alt=\"https:\/\/highjumpchicago.org\/wp-content\/uploads\/2020\/10\/dmsf-300x60.png\" data-no-lazy=\"1\" \/>\t\t\t\t\t\n            <\/a>\t\t\n        \t<a href=\"https:\/\/www.facinghistory.org\/\" target=\"_self\" rel=\"noopener\">            \n\t\t\t\t\t\t<img decoding=\"async\" src=\"https:\/\/highjumpchicago.org\/wp-content\/uploads\/2024\/06\/FH_logo_RGB_teal-black.png\" alt=\"Facing History &#038; Ourselves logo\" data-no-lazy=\"1\" \/>\t\t\t\t\t\n            <\/a>","protected":false},"excerpt":{"rendered":"<p>Inicio Qui\u00e9nes somos Socios SOCIOS DEL CAMPUS High Jump se lleva a cabo en los campus de Latin School of Chicago, Francis W. Parker School y University of Chicago Laboratory Schools. La Escuela Latina de Chicago tambi\u00e9n alberga la sede de High Jump. El generoso apoyo en especie de estos socios escolares es fundamental para el modelo de High Jump y...<\/p>","protected":false},"author":7,"featured_media":0,"parent":50,"menu_order":2,"comment_status":"closed","ping_status":"closed","template":"","meta":{"_seopress_robots_primary_cat":"","_seopress_titles_title":"","_seopress_titles_desc":"","_seopress_robots_index":"","inline_featured_image":false,"footnotes":""},"class_list":["post-53","page","type-page","status-publish","hentry"],"_links":{"self":[{"href":"https:\/\/highjumpchicago.org\/es\/wp-json\/wp\/v2\/pages\/53","targetHints":{"allow":["GET"]}}],"collection":[{"href":"https:\/\/highjumpchicago.org\/es\/wp-json\/wp\/v2\/pages"}],"about":[{"href":"https:\/\/highjumpchicago.org\/es\/wp-json\/wp\/v2\/types\/page"}],"author":[{"embeddable":true,"href":"https:\/\/highjumpchicago.org\/es\/wp-json\/wp\/v2\/users\/7"}],"replies":[{"embeddable":true,"href":"https:\/\/highjumpchicago.org\/es\/wp-json\/wp\/v2\/comments?post=53"}],"version-history":[{"count":5,"href":"https:\/\/highjumpchicago.org\/es\/wp-json\/wp\/v2\/pages\/53\/revisions"}],"predecessor-version":[{"id":41128,"href":"https:\/\/highjumpchicago.org\/es\/wp-json\/wp\/v2\/pages\/53\/revisions\/41128"}],"up":[{"embeddable":true,"href":"https:\/\/highjumpchicago.org\/es\/wp-json\/wp\/v2\/pages\/50"}],"wp:attachment":[{"href":"https:\/\/highjumpchicago.org\/es\/wp-json\/wp\/v2\/media?parent=53"}],"curies":[{"name":"gracias","href":"https:\/\/api.w.org\/{rel}","templated":true}]}}