{"id":5334,"date":"2022-10-31T15:40:24","date_gmt":"2022-10-31T20:40:24","guid":{"rendered":"https:\/\/d46e648428.nxcli.io\/?page_id=5334"},"modified":"2025-07-03T11:27:15","modified_gmt":"2025-07-03T16:27:15","slug":"celebration-of-high-jump","status":"publish","type":"page","link":"https:\/\/highjumpchicago.org\/es\/donate\/ways-to-donate\/celebration-of-high-jump\/","title":{"rendered":"Celebraci\u00f3n del salto de altura"},"content":{"rendered":"<nav  aria-label=\"migaja de pan\"><ol itemscope itemtype=\"https:\/\/schema.org\/BreadcrumbList\"><li itemprop=\"itemListElement\" itemscope itemtype=\"https:\/\/schema.org\/ListItem\"><a itemscope itemtype=\"https:\/\/schema.org\/WebPage\" itemprop=\"item\" itemid=\"https:\/\/highjumpchicago.org\" href=\"https:\/\/highjumpchicago.org\/es\/\">Casa<\/a><meta itemprop=\"position\" content=\"1\"\/><\/li><li itemprop=\"itemListElement\" itemscope itemtype=\"https:\/\/schema.org\/ListItem\"><a itemscope itemtype=\"https:\/\/schema.org\/WebPage\" itemprop=\"item\" itemid=\"https:\/\/highjumpchicago.org\/donate\/\" href=\"https:\/\/highjumpchicago.org\/es\/donate\/\">Donar<\/a><meta itemprop=\"position\" content=\"2\"\/><\/li><li itemprop=\"itemListElement\" itemscope itemtype=\"https:\/\/schema.org\/ListItem\"><a itemscope itemtype=\"https:\/\/schema.org\/WebPage\" itemprop=\"item\" itemid=\"https:\/\/highjumpchicago.org\/donate\/ways-to-donate\/\" href=\"https:\/\/highjumpchicago.org\/es\/donate\/ways-to-donate\/\">Formas de donar<\/a><meta itemprop=\"position\" content=\"3\"\/><\/li><li aria-current=\"page\" itemprop=\"itemListElement\" itemscope itemtype=\"https:\/\/schema.org\/ListItem\">Celebraci\u00f3n del salto de altura<meta itemprop=\"position\" content=\"4\"\/><\/li><\/ol><\/nav>\n\t\t<iframe loading=\"lazy\" width=\"560\" height=\"315\" src=\"https:\/\/www.youtube.com\/embed\/aehKgXG0sl4\" title=\"reproductor de videos de youtube\" frameborder=\"0\" allow=\"accelerometer; autoplay; clipboard-write; encrypted-media; gyroscope; picture-in-picture\" allowfullscreen><\/iframe>\t\n\t<h3>Mira el video completo con:<\/h3>\n<ul>\n<li>Alumnos y ex alumnos de salto de altura<\/li>\n<li>La oradora principal y exalumna de Una Primavera de Oportunidades, Heidi Ortolaza-Alvear<\/li>\n<li>Nuestro premio anual Alumni of the Year<\/li>\n<li>Todo esto y mucho m\u00e1s presentado por el director ejecutivo Nate Pietrini<\/li>\n<\/ul>\n\t<h3>O elija uno de los segmentos a continuaci\u00f3n.<\/h3>\n\t<p><strong>Finalizaci\u00f3n de la universidad y crecimiento<\/strong><\/p>\n\t\t<iframe loading=\"lazy\" width=\"560\" height=\"315\" src=\"https:\/\/www.youtube.com\/embed\/EMTXi6ujdcA\" title=\"reproductor de videos de youtube\" frameborder=\"0\" allow=\"accelerometer; autoplay; clipboard-write; encrypted-media; gyroscope; picture-in-picture\" allowfullscreen><\/iframe>\t\n\t<p><strong>La historia de Heidi<\/strong><\/p>\n\t\t<iframe loading=\"lazy\" width=\"560\" height=\"315\" src=\"https:\/\/www.youtube.com\/embed\/tKw16PLviYU\" title=\"reproductor de videos de youtube\" frameborder=\"0\" allow=\"accelerometer; autoplay; clipboard-write; encrypted-media; gyroscope; picture-in-picture\" allowfullscreen><\/iframe>\t\n\t<p><strong>El impacto del salto de altura<\/strong><\/p>\n\t\t<iframe loading=\"lazy\" width=\"560\" height=\"315\" src=\"https:\/\/www.youtube.com\/embed\/9kANPPvewOg\" title=\"reproductor de videos de youtube\" frameborder=\"0\" allow=\"accelerometer; autoplay; clipboard-write; encrypted-media; gyroscope; picture-in-picture\" allowfullscreen><\/iframe>","protected":false},"excerpt":{"rendered":"<p>Inicio Donar Formas de donar Celebraci\u00f3n del salto de altura Vea el video completo con: Estudiantes y exalumnos de salto de altura La oradora principal y exalumna de Una primavera de oportunidades, Heidi Ortolaza-Alvear Nuestro premio anual Exalumno del a\u00f1o Todo esto y m\u00e1s presentado por el director ejecutivo Nate Pietrini O elija uno de los segmentos a continuaci\u00f3n. Universidad\u2026<\/p>","protected":false},"author":7,"featured_media":0,"parent":1955,"menu_order":0,"comment_status":"closed","ping_status":"closed","template":"","meta":{"_seopress_robots_primary_cat":"","_seopress_titles_title":"","_seopress_titles_desc":"","_seopress_robots_index":"","inline_featured_image":false,"footnotes":""},"class_list":["post-5334","page","type-page","status-publish","hentry"],"_links":{"self":[{"href":"https:\/\/highjumpchicago.org\/es\/wp-json\/wp\/v2\/pages\/5334","targetHints":{"allow":["GET"]}}],"collection":[{"href":"https:\/\/highjumpchicago.org\/es\/wp-json\/wp\/v2\/pages"}],"about":[{"href":"https:\/\/highjumpchicago.org\/es\/wp-json\/wp\/v2\/types\/page"}],"author":[{"embeddable":true,"href":"https:\/\/highjumpchicago.org\/es\/wp-json\/wp\/v2\/users\/7"}],"replies":[{"embeddable":true,"href":"https:\/\/highjumpchicago.org\/es\/wp-json\/wp\/v2\/comments?post=5334"}],"version-history":[{"count":4,"href":"https:\/\/highjumpchicago.org\/es\/wp-json\/wp\/v2\/pages\/5334\/revisions"}],"predecessor-version":[{"id":105146,"href":"https:\/\/highjumpchicago.org\/es\/wp-json\/wp\/v2\/pages\/5334\/revisions\/105146"}],"up":[{"embeddable":true,"href":"https:\/\/highjumpchicago.org\/es\/wp-json\/wp\/v2\/pages\/1955"}],"wp:attachment":[{"href":"https:\/\/highjumpchicago.org\/es\/wp-json\/wp\/v2\/media?parent=5334"}],"curies":[{"name":"gracias","href":"https:\/\/api.w.org\/{rel}","templated":true}]}}