{"id":54,"date":"2018-10-08T01:58:13","date_gmt":"2018-10-08T01:58:13","guid":{"rendered":"https:\/\/d46e648428.nxcli.io\/?page_id=41"},"modified":"2024-11-08T13:25:35","modified_gmt":"2024-11-08T19:25:35","slug":"program-faq","status":"publish","type":"page","link":"https:\/\/highjumpchicago.org\/es\/our-programs\/program-faq\/","title":{"rendered":"Preguntas frecuentes sobre el programa"},"content":{"rendered":"<nav  aria-label=\"migaja de pan\"><ol itemscope itemtype=\"https:\/\/schema.org\/BreadcrumbList\"><li itemprop=\"itemListElement\" itemscope itemtype=\"https:\/\/schema.org\/ListItem\"><a itemscope itemtype=\"https:\/\/schema.org\/WebPage\" itemprop=\"item\" itemid=\"https:\/\/highjumpchicago.org\" href=\"https:\/\/highjumpchicago.org\/es\/\">Casa<\/a><meta itemprop=\"position\" content=\"1\"\/><\/li><li itemprop=\"itemListElement\" itemscope itemtype=\"https:\/\/schema.org\/ListItem\"><a itemscope itemtype=\"https:\/\/schema.org\/WebPage\" itemprop=\"item\" itemid=\"https:\/\/highjumpchicago.org\/our-programs\/\" href=\"https:\/\/highjumpchicago.org\/es\/our-programs\/\">Nuestros Programas<\/a><meta itemprop=\"position\" content=\"2\"\/><\/li><li aria-current=\"page\" itemprop=\"itemListElement\" itemscope itemtype=\"https:\/\/schema.org\/ListItem\">Preguntas frecuentes sobre el programa<meta itemprop=\"position\" content=\"3\"\/><\/li><\/ol><\/nav>\n\t\t\t\t\u00bfQu\u00e9 es el salto de altura?\n\t\t\t\t<p>High Jump ofrece dos programas sin costo de matr\u00edcula con experiencias \u00fanicas, acceso a recursos y oportunidades educativas para estudiantes de 7.\u00b0 y 8.\u00b0 grado que cumplen con los umbrales de ingresos requeridos.<\/p>\n<p>Nuestros programas est\u00e1n dise\u00f1ados para estudiantes intelectualmente curiosos y acad\u00e9micamente motivados que buscan una experiencia en la escuela secundaria que los desaf\u00ede social y acad\u00e9micamente.<br \/>High Jump es una organizaci\u00f3n sin fines de lucro 501c(3).<\/p>\n\t\t\t\t\u00bfQu\u00e9 hace que un estudiante sea un erudito?\u00a0\u00a0\n\t\t\t\t<p><strong>Un amor por el aprendizaje y un deseo de buscar experiencias para desafiarse social y acad\u00e9micamente.\u00a0<\/strong>Nuestros estudiantes son intelectualmente curiosos y acad\u00e9micamente motivados; muchos son los primeros miembros de sus familias en asistir a la universidad.<\/p>\n\t\t\t\tQui\u00e9n puede aplicar?\n\t\t\t\t<ul>\n<li>Todos los estudiantes actualmente en 6to grado<\/li>\n<li>Estudiantes con un promedio de B o superior (los estudiantes con C a\u00fan son considerados y se les anima a postularse)<\/li>\n<li>Aquellos que son intelectualmente curiosos y acad\u00e9micamente motivados.<\/li>\n<li>Estudiantes que buscan una experiencia en la escuela secundaria que los desaf\u00ede social y acad\u00e9micamente<\/li>\n<li>Estudiantes que demuestren necesidad financiera<\/li>\n<\/ul>\n<p>High Jump admite estudiantes de sexto grado y comienzan el programa el verano anterior al s\u00e9ptimo grado.\u00a0<strong>High Jump no acepta solicitudes de estudiantes de 7.\u00ba y 8.\u00ba grado.<\/strong><\/p>\n\t\t\t\t\u00bfQu\u00e9 se considera \u201cmedios econ\u00f3micos limitados\u201d?\u00a0\u00a0\n\t\t\t\t<p>Por lo general, nos fijamos en familias que ganan entre 1 y 71 000 d\u00f3lares o menos. Si gana m\u00e1s de eso, nuestro equipo lo deriva al Departamento de Vivienda y Desarrollo Urbano de Illinois.<br \/>Criterios de elegibilidad para almuerzo gratuito o reducido de la Junta de Educaci\u00f3n para comprender mejor la elegibilidad del programa.<\/p>\n\t\t\t\t\u00bfC\u00f3mo me inscribo?\n\t\t\t\t<ul>\n<li>Las postulaciones se abren en l\u00ednea el 2 de noviembre de 2024<\/li>\n<li>Env\u00ede su solicitud antes del 21 de enero de 2025<\/li>\n<li>Los requisitos de solicitud incluyen:\n<ul>\n<li>1 ensayo personal<\/li>\n<li>Boletas de calificaciones de quinto y sexto grado<\/li>\n<li>3 Recomendaciones del maestro\/escuela<\/li>\n<li>Declaraciones de impuestos del a\u00f1o 2023<\/li>\n<\/ul>\n<\/li>\n<\/ul>\n<p>Una vez que se revise la solicitud, los solicitantes calificados ser\u00e1n invitados a una entrevista en marzo. Los candidatos son<br \/>Notificaci\u00f3n de aceptaci\u00f3n en abril\/mayo.<\/p>\n\t\t\t\t\u00bfCuando es la fecha limite para aplicar?\u00a0\u00a0\n\t\t\t\t<p>La fecha l\u00edmite para presentar la solicitud es el martes 21 de enero de 2025. La solicitud solo est\u00e1 disponible en l\u00ednea. Visite nuestra <a href=\"https:\/\/highjumpchicago.org\/es\/our-programs\/scholars\/apply\/\">p\u00e1gina de la aplicaci\u00f3n<\/a>\u00a0para actualizaciones y para acceder a la aplicaci\u00f3n.<\/p>\n\t\t\t\t\u00bfHigh Jump es un servicio de tutor\u00eda?\n\t\t\t\t<p>High Jump NO es un servicio de tutor\u00eda. Ofrecemos enriquecimiento acad\u00e9mico que consiste en presentarles a los estudiantes<br \/>nuevas ideas, habilidades o temas que puedan ayudarlos a crecer. Piense en ello como actividades divertidas y desafiantes adicionales que<br \/>\u00a1Haz que el aprendizaje sea emocionante!<\/p>\n\t\t\t\t\u00bfQu\u00e9 hacen los estudiantes en High Jump?\n\t\t\t\t<p>Los estudiantes obtienen exposici\u00f3n a conceptos avanzados de matem\u00e1ticas y ciencias, que incluyen pre\u00e1lgebra, \u00e1lgebra, qu\u00edmica y f\u00edsica. Participan en ejercicios de aprendizaje socioemocional, como c\u00edrculos de conversaci\u00f3n centrados en el estudiante. Adem\u00e1s, los acad\u00e9micos participan en discusiones animadas y responden por escrito a art\u00edculos, textos y temas culturalmente relevantes.<\/p>\n\t\t\t\t\u00bfLa familia tiene que pagar algo?\u00a0\u00a0\n\t\t\t\t<p><strong>No hay costo.<\/strong>\u00a0Se proporcionar\u00e1n todos los materiales de aprendizaje para el programa. Las actividades de High Jump que se ofrecen a los estudiantes son totalmente gratuitas. Esto incluye desayuno y almuerzo diarios, todos los materiales de aprendizaje para el programa, excursiones, actividades y eventos.<\/p>\n\t\t\t\t\u00bfCu\u00e1l es el compromiso y cu\u00e1ndo asisten los estudiantes a Salto de Altura? High Jump es un programa de dos a\u00f1os. Los compromisos personales y familiares deben programarse en torno a las sesiones de clase.<br \/>\nLos estudiantes asisten a clases y otras actividades del programa:\n<ul>\n<li>2-3 veces al mes los s\u00e1bados durante el a\u00f1o escolar<\/li>\n<li>D\u00edas completos en verano, de mediados de junio a julio<\/li>\n<\/ul>\n<p>Se espera que los estudiantes asistan y vengan preparados para cada clase, completen todas las tareas asignadas y participen activamente en discusiones de clase y proyectos grupales.<\/p>\n\t\t\t\t\u00bfD\u00f3nde est\u00e1 Salto de Altura?\n\t\t\t\t<p>La programaci\u00f3n de High Jump Scholars tiene tres ubicaciones en Chicago:<\/p>\n<ul>\n<li>Escuela Latina de Chicago (59 W. North Blvd)<\/li>\n<li>Escuela Francis W. Parker (330 W. Webster)<\/li>\n<li>Escuela Laboratorio de la Universidad de Chicago (1362 E. 59th Street)<\/li>\n<\/ul>\n\t\t\t\t\u00bfSe proporciona transporte?\u00a0\u00a0\n\t\t\t\t<p>No, no se proporciona transporte. Los padres\/tutores son responsables de proporcionar transporte para sus hijos a cada sesi\u00f3n de High Jump. High Jump puede ofrecer una opci\u00f3n de transporte de terceros en el futuro. A\u00fan as\u00ed, les pedimos a los padres\/tutores que se comprometan a llevar a sus estudiantes hacia y desde la programaci\u00f3n.<\/p>\n\t\t\t\t\u00bfHigh Jump ofrece becas para la escuela secundaria?\n\t\t\t\t<p>No ofrecemos becas, sin embargo, muchos de nuestros estudiantes de salto de altura terminan recibiendo incre\u00edbles<br \/>\u00a1Paquetes de ayuda financiera y\/o becas como el Fondo de Becas Daniel Murphy, HFS y m\u00e1s!<\/p>","protected":false},"excerpt":{"rendered":"<p>Inicio Nuestros programas Programa Preguntas frecuentes \u00bfQu\u00e9 es el salto de altura? High Jump ofrece dos programas gratuitos con experiencias \u00fanicas, acceso a recursos y oportunidades educativas para estudiantes de s\u00e9ptimo y octavo grado que cumplan con los umbrales de ingresos requeridos. Nuestros programas est\u00e1n dise\u00f1ados para estudiantes intelectualmente curiosos y acad\u00e9micamente motivados que buscan una experiencia de escuela secundaria que los desaf\u00ede...<\/p>","protected":false},"author":7,"featured_media":0,"parent":52,"menu_order":3,"comment_status":"closed","ping_status":"closed","template":"","meta":{"_seopress_robots_primary_cat":"","_seopress_titles_title":"","_seopress_titles_desc":"","_seopress_robots_index":"","inline_featured_image":false,"footnotes":""},"class_list":["post-54","page","type-page","status-publish","hentry"],"_links":{"self":[{"href":"https:\/\/highjumpchicago.org\/es\/wp-json\/wp\/v2\/pages\/54","targetHints":{"allow":["GET"]}}],"collection":[{"href":"https:\/\/highjumpchicago.org\/es\/wp-json\/wp\/v2\/pages"}],"about":[{"href":"https:\/\/highjumpchicago.org\/es\/wp-json\/wp\/v2\/types\/page"}],"author":[{"embeddable":true,"href":"https:\/\/highjumpchicago.org\/es\/wp-json\/wp\/v2\/users\/7"}],"replies":[{"embeddable":true,"href":"https:\/\/highjumpchicago.org\/es\/wp-json\/wp\/v2\/comments?post=54"}],"version-history":[{"count":5,"href":"https:\/\/highjumpchicago.org\/es\/wp-json\/wp\/v2\/pages\/54\/revisions"}],"predecessor-version":[{"id":58874,"href":"https:\/\/highjumpchicago.org\/es\/wp-json\/wp\/v2\/pages\/54\/revisions\/58874"}],"up":[{"embeddable":true,"href":"https:\/\/highjumpchicago.org\/es\/wp-json\/wp\/v2\/pages\/52"}],"wp:attachment":[{"href":"https:\/\/highjumpchicago.org\/es\/wp-json\/wp\/v2\/media?parent=54"}],"curies":[{"name":"gracias","href":"https:\/\/api.w.org\/{rel}","templated":true}]}}