{"id":58,"date":"2018-10-08T01:59:14","date_gmt":"2018-10-08T06:59:14","guid":{"rendered":"https:\/\/d46e648428.nxcli.io\/?page_id=49"},"modified":"2026-02-14T13:46:31","modified_gmt":"2026-02-14T19:46:31","slug":"apply","status":"publish","type":"page","link":"https:\/\/highjumpchicago.org\/es\/our-programs\/scholars\/apply\/","title":{"rendered":"Solicitud, pasos y cronograma"},"content":{"rendered":"<nav  aria-label=\"migaja de pan\"><ol itemscope itemtype=\"https:\/\/schema.org\/BreadcrumbList\"><li itemprop=\"itemListElement\" itemscope itemtype=\"https:\/\/schema.org\/ListItem\"><a itemscope itemtype=\"https:\/\/schema.org\/WebPage\" itemprop=\"item\" itemid=\"https:\/\/highjumpchicago.org\" href=\"https:\/\/highjumpchicago.org\/es\/\">Casa<\/a><meta itemprop=\"position\" content=\"1\"\/><\/li><li itemprop=\"itemListElement\" itemscope itemtype=\"https:\/\/schema.org\/ListItem\"><a itemscope itemtype=\"https:\/\/schema.org\/WebPage\" itemprop=\"item\" itemid=\"https:\/\/highjumpchicago.org\/our-programs\/\" href=\"https:\/\/highjumpchicago.org\/es\/our-programs\/\">Nuestros Programas<\/a><meta itemprop=\"position\" content=\"2\"\/><\/li><li itemprop=\"itemListElement\" itemscope itemtype=\"https:\/\/schema.org\/ListItem\"><a itemscope itemtype=\"https:\/\/schema.org\/WebPage\" itemprop=\"item\" itemid=\"https:\/\/highjumpchicago.org\/our-programs\/scholars\/\" href=\"https:\/\/highjumpchicago.org\/es\/our-programs\/scholars\/\">eruditos<\/a><meta itemprop=\"position\" content=\"3\"\/><\/li><li aria-current=\"page\" itemprop=\"itemListElement\" itemscope itemtype=\"https:\/\/schema.org\/ListItem\">Solicitud, pasos y cronograma<meta itemprop=\"position\" content=\"4\"\/><\/li><\/ol><\/nav>\n\t<h1>El plazo de solicitud para el a\u00f1o acad\u00e9mico 2025-2026 para estudiantes de 6.\u00ba grado ya est\u00e1 cerrado. Si tiene alguna pregunta, env\u00edenos un correo electr\u00f3nico a <a href=\"mailto:apply@highjumpchicago.org\" target=\"_blank\" rel=\"noopener\"><u>apply@highjumpchicago.org<\/u><\/a> para obtener m\u00e1s ayuda.<\/h1>\n\t<h3>High Jump ayuda a los estudiantes de secundaria de Chicago a desarrollar su curiosidad, confianza y habilidades acad\u00e9micas en una comunidad de estudiantes solidarios.<\/h3>\n\t<p>El programa tiene una duraci\u00f3n de dos a\u00f1os e incluye seis semanas de clases diarias durante el verano y dos sesiones los s\u00e1bados al mes durante el a\u00f1o escolar. Los estudiantes aprenden a trav\u00e9s de actividades acad\u00e9micas din\u00e1micas, lecturas culturalmente relevantes y actividades pr\u00e1cticas en uno de nuestros tres campus asociados: el <strong>escuela latina de chicago<\/strong>, <strong>Escuela Francis W. Parker<\/strong>, y el <strong>Escuelas de laboratorio de la Universidad de Chicago<\/strong>.<\/p>\n\t\t\t<a href=\"https:\/\/highjumpchicago.org\/es\/our-programs\/scholars\/\"  target=\"_self\">\n\t\t\t\t\t\t\tObt\u00e9n m\u00e1s informaci\u00f3n sobre los becarios de salto de altura\n\t\t\t\t\t<\/a>\n\t<p>Para los estudiantes que asisten <strong>Escuela Primaria George B. Armstrong<\/strong> o <strong>Escuela Primaria de Bellas Artes Philip Rogers<\/strong>, quiz\u00e1s le interese nuestro programa Community Scholars.<\/p>\n\t\t\t<a href=\"https:\/\/highjumpchicago.org\/es\/our-programs\/community-scholars\/\"  target=\"_self\">\n\t\t\t\t\t\t\tConozca a los Becarios de la Comunidad\n\t\t\t\t\t<\/a>\n\t<p><i>Utilice esto <strong>Lista de verificaci\u00f3n de la aplicaci\u00f3n de salto de altura<\/strong> para realizar un seguimiento del progreso de su solicitud. <\/i><\/p>\n<figure itemscope itemtype=\"https:\/\/schema.org\/ImageObject\">\n\t\t\t\t<a href=\"https:\/\/highjumpchicago.org\/wp-content\/uploads\/2025\/10\/2025-26-Application-Checklist-Student-Friendly.pdf\"  target=\"_blank\" rel=\"noopener\"  itemprop=\"url\">\n\t\t\t\t<img decoding=\"async\" src=\"https:\/\/highjumpchicago.org\/wp-content\/uploads\/2024\/10\/Application-Checklist-Student-Friendly-232x300.jpg\" alt=\"Application Checklist (Student Friendly)\" height=\"300\" width=\"232\" title=\"Lista de verificaci\u00f3n de solicitud (apto para estudiantes)\" onerror=\"this.style.display='none'\" loading=\"lazy\" \/>\n\t\t\t\t<\/a>\n\t<\/figure>\n\t<a href=\"https:\/\/highjumpchicago.org\/wp-content\/uploads\/2025\/10\/2025-26-Application-Checklist-Student-Friendly.pdf\" target=\"_self\" role=\"button\" download=\"2025-26-Application-Checklist-Student-Friendly.pdf\" aria-label=\"DESCARGAR MI LISTA DE VERIFICACI\u00d3N\">\n\t\t\t\t\t\tDESCARGAR MI LISTA DE VERIFICACI\u00d3N\n\t\t\t<\/a>\n<h1>\n\t\t\tGu\u00eda de solicitud de salto de altura\t<\/h1>\n\t<h3>Inf\u00f3rmate sobre el proceso de solicitud, explora las fechas l\u00edmite clave y accede a recursos que te ayudar\u00e1n a presentar tu solicitud. High Jump es donde los estudiantes motivados comienzan su camino hacia el crecimiento acad\u00e9mico y el liderazgo. <\/h3>\n\t\t\t\t\t\t\t\t\t\t\t\t\t\t\t\t\t\t\t<p>25 de octubre de 2025 \u2013 20 de enero de 2026<\/p>\n\t\t\t\t\t\t\t\t\t\t\t\t\t\t\t\t\t\t\t\t\t\t\t<h4>Solicitud abierta<\/h4> \t\t\t\t\t\t\t\t\t\t\t\n\t\t\t\t\t\t\t\t\t\t\t\t\t\t\t\t\t\t\t\t\t\t\t\t\t\t\t\t\t\t\t\t\t\t\t\t\t\t\t\t\t\t\t\t\t\t\t\t\t\t\t\t\t\t\t\t<ul><li>Estudiantes actualmente en <b>6to grado<\/b> puede aplicar.<\/li><li>Re\u00fane todos los materiales:<ul><li><b>\u00a1Escribe tu ensayo!<\/b> Elija una de las indicaciones que aparecen en la solicitud.<ul><li><strong>Indicaci\u00f3n #1:<\/strong> \u00bfQu\u00e9 persona, real o ficticia, te ha inspirado este a\u00f1o? Comparte 2 o 3 razones por las que te inspira y c\u00f3mo te ha ayudado a pensar de forma diferente sobre el aprendizaje o la perseverancia.<\/li><li><strong>Indicaci\u00f3n #2:<\/strong> High Jump es un programa para estudiantes que perseveran ante las dificultades, disfrutan aprendiendo cosas nuevas y creen en su capacidad de superaci\u00f3n. \u00bfQu\u00e9 cualidades tienes que demuestren que est\u00e1s listo para este reto? Da ejemplos de c\u00f3mo has demostrado estas cualidades en tu vida.<\/li><li><strong>Indicaci\u00f3n #3:<\/strong> Si pudieras compartir una lecci\u00f3n que has aprendido con tu yo m\u00e1s joven, \u00bfcu\u00e1l ser\u00eda? Proporciona 2-3 ejemplos de ocasiones en las que esta lecci\u00f3n ha influido en tu forma de aprender, afrontar desaf\u00edos o tomar decisiones, y explica c\u00f3mo podr\u00eda guiarte en el futuro.<\/li><\/ul><\/li><li><b>Obtenga sus boletines de calificaciones:<\/b> Re\u00fana su bolet\u00edn de calificaciones del primer trimestre de 6.\u00ba grado y su bolet\u00edn de calificaciones completo de 5.\u00ba grado.<\/li><li><b>Recomendaciones de los profesores:<\/b> Informe a sus profesores que completen sus formularios de recomendaci\u00f3n.<\/li><li><b>Formularios de impuestos familiares:<\/b> Prepare los \u00faltimos formularios de impuestos de su familia para verificar la elegibilidad.<\/li><\/ul><\/li><li>\u00bfNecesitas m\u00e1s informaci\u00f3n? Consulta nuestra <b><a href=\"https:\/\/drive.google.com\/drive\/folders\/1-PfdGW1JueWDdA_my7zfYpvyXUwjFEIi?usp=sharing\"><u>Kit de herramientas informativo sobre salto de altura aqu\u00ed<\/u><\/a> \u00a1Para recursos \u00fatiles!<\/b><\/li><\/ul> \t\t\t\t\t\t\t\t\t\t\t\t\t\t\t\t\t\t\t\t\t\t\t\t\t\t\t\t\t\n\t\t\t\t\t\t\t\t\t\t\t\t\t\t\t\t\t\t\t<p>Enero \u2013 marzo<\/p>\n\t\t\t\t\t\t\t\t\t\t\t\t\t\t\t\t\t\t\t\t\t\t\t<h4>Revisi\u00f3n de la aplicaci\u00f3n<\/h4> \t\t\t\t\t\t\t\t\t\t\t\n\t\t\t\t\t\t\t\t\t\t\t\t\t\t\t\t\t\t\t\t\t\t\t\t\t\t\t\t\t\t\t\t\t\t\t\t\t\t\t\t\t\t\t\t\t\t\t\t\t\t\t\t\t\t\t\t<ul>\n<li>Nuestro equipo revisa cuidadosamente todas las solicitudes.<\/li>\n<\/ul>\n\t\t\t\t\t\t\t\t\t\t\t\t\t\t\t\t\t\t\t<p>Principios de marzo<\/p>\n\t\t\t\t\t\t\t\t\t\t\t\t\t\t\t\t\t\t\t\t\t\t\t<h4>Invitaciones a entrevistas<\/h4> \t\t\t\t\t\t\t\t\t\t\t\n\t\t\t\t\t\t\t\t\t\t\t\t\t\t\t\t\t\t\t\t\t\t\t\t\t\t\t\t\t\t\t\t\t\t\t\t\t\t\t\t\t\t\t\t\t\t\t\t\t\t\t\t\t\t\t\t<ul>\n<li>Los estudiantes elegibles est\u00e1n invitados a la siguiente ronda: la <b>entrevista<\/b>.<\/li>\n<\/ul>\n\t\t\t\t\t\t\t\t\t\t\t\t\t\t\t\t\t\t\t<p>Marzo<\/p>\n\t\t\t\t\t\t\t\t\t\t\t\t\t\t\t\t\t\t\t\t\t\t\t<h4>Entrevistas<\/h4> \t\t\t\t\t\t\t\t\t\t\t\n\t\t\t\t\t\t\t\t\t\t\t\t\t\t\t\t\t\t\t\t\t\t\t\t\t\t\t\t\t\t\t\t\t\t\t\t\t\t\t\t\t\t\t\t\t\t\t\t\t\t\t\t\t\t\t\t<ul>\n<li>Los estudiantes participan en entrevistas.<\/li>\n<\/ul>\n\t\t\t\t\t\t\t\t\t\t\t\t\t\t\t\t\t\t\t<p>Abril<\/p>\n\t\t\t\t\t\t\t\t\t\t\t\t\t\t\t\t\t\t\t\t\t\t\t<h4>Anuncios de decisiones<\/h4> \t\t\t\t\t\t\t\t\t\t\t\n\t\t\t\t\t\t\t\t\t\t\t\t\t\t\t\t\t\t\t\t\t\t\t\t\t\t\t\t\t\t\t\t\t\t\t\t\t\t\t\t\t\t\t\t\t\t\t\t\t\t\t\t\t\t\t\t<li>Enviamos las decisiones finales a los estudiantes.<\/li>\n\t\t\t\t\t\t\t\t\t\t\t\t\t\t\t\t\t\t\t<p>Junio<\/p>\n\t\t\t\t\t\t\t\t\t\t\t\t\t\t\t\t\t\t\t\t\t\t\t<h4>Inicio del programa<\/h4> \t\t\t\t\t\t\t\t\t\t\t\n\t\t\t\t\t\t\t\t\t\t\t\t\t\t\t\t\t\t\t\t\t\t\t\t\t\t\t\t\t\t\t\t\t\t\t\t\t\t\t\t\t\t\t\t\t\t\t\t\t\t\t\t\t\t\t\t<ul><li>Los estudiantes aceptados comenzar\u00e1n el <strong>Programa de salto de altura<\/strong> El verano antes de su <strong>\u00a17mo a\u00f1o de grado!<\/strong><\/li><\/ul>","protected":false},"excerpt":{"rendered":"<p>Inicio Nuestros Programas Becarios Solicitud, Pasos y Cronograma El proceso de solicitud para el a\u00f1o acad\u00e9mico 2025-2026 para estudiantes de 6.\u00ba grado ya est\u00e1 cerrado. Si tiene alguna pregunta, env\u00edenos un correo electr\u00f3nico a apply@highjumpchicago.org para obtener m\u00e1s ayuda. High Jump ayuda a los estudiantes de secundaria de Chicago a desarrollar su curiosidad, confianza y habilidades acad\u00e9micas en una comunidad de estudiantes que los apoya. El programa tiene una duraci\u00f3n de 2 a\u00f1os\u2026<\/p>","protected":false},"author":7,"featured_media":130269,"parent":4338,"menu_order":2,"comment_status":"closed","ping_status":"closed","template":"","meta":{"_seopress_robots_primary_cat":"","_seopress_titles_title":"","_seopress_titles_desc":"","_seopress_robots_index":"","inline_featured_image":false,"footnotes":""},"class_list":["post-58","page","type-page","status-publish","has-post-thumbnail","hentry"],"_links":{"self":[{"href":"https:\/\/highjumpchicago.org\/es\/wp-json\/wp\/v2\/pages\/58","targetHints":{"allow":["GET"]}}],"collection":[{"href":"https:\/\/highjumpchicago.org\/es\/wp-json\/wp\/v2\/pages"}],"about":[{"href":"https:\/\/highjumpchicago.org\/es\/wp-json\/wp\/v2\/types\/page"}],"author":[{"embeddable":true,"href":"https:\/\/highjumpchicago.org\/es\/wp-json\/wp\/v2\/users\/7"}],"replies":[{"embeddable":true,"href":"https:\/\/highjumpchicago.org\/es\/wp-json\/wp\/v2\/comments?post=58"}],"version-history":[{"count":10,"href":"https:\/\/highjumpchicago.org\/es\/wp-json\/wp\/v2\/pages\/58\/revisions"}],"predecessor-version":[{"id":168327,"href":"https:\/\/highjumpchicago.org\/es\/wp-json\/wp\/v2\/pages\/58\/revisions\/168327"}],"up":[{"embeddable":true,"href":"https:\/\/highjumpchicago.org\/es\/wp-json\/wp\/v2\/pages\/4338"}],"wp:featuredmedia":[{"embeddable":true,"href":"https:\/\/highjumpchicago.org\/es\/wp-json\/wp\/v2\/media\/130269"}],"wp:attachment":[{"href":"https:\/\/highjumpchicago.org\/es\/wp-json\/wp\/v2\/media?parent=58"}],"curies":[{"name":"gracias","href":"https:\/\/api.w.org\/{rel}","templated":true}]}}