{"id":5906,"date":"2022-11-07T10:07:19","date_gmt":"2022-11-07T16:07:19","guid":{"rendered":"https:\/\/d46e648428.nxcli.io\/?page_id=5906"},"modified":"2025-10-20T10:28:18","modified_gmt":"2025-10-20T15:28:18","slug":"employee-matching-gifts","status":"publish","type":"page","link":"https:\/\/highjumpchicago.org\/es\/donate\/ways-to-donate\/employee-matching-gifts\/","title":{"rendered":"Regalos equivalentes para empleados"},"content":{"rendered":"<nav  aria-label=\"migaja de pan\"><ol itemscope itemtype=\"https:\/\/schema.org\/BreadcrumbList\"><li itemprop=\"itemListElement\" itemscope itemtype=\"https:\/\/schema.org\/ListItem\"><a itemscope itemtype=\"https:\/\/schema.org\/WebPage\" itemprop=\"item\" itemid=\"https:\/\/highjumpchicago.org\" href=\"https:\/\/highjumpchicago.org\/es\/\">Casa<\/a><meta itemprop=\"position\" content=\"1\"\/><\/li><li itemprop=\"itemListElement\" itemscope itemtype=\"https:\/\/schema.org\/ListItem\"><a itemscope itemtype=\"https:\/\/schema.org\/WebPage\" itemprop=\"item\" itemid=\"https:\/\/highjumpchicago.org\/donate\/\" href=\"https:\/\/highjumpchicago.org\/es\/donate\/\">Donar<\/a><meta itemprop=\"position\" content=\"2\"\/><\/li><li itemprop=\"itemListElement\" itemscope itemtype=\"https:\/\/schema.org\/ListItem\"><a itemscope itemtype=\"https:\/\/schema.org\/WebPage\" itemprop=\"item\" itemid=\"https:\/\/highjumpchicago.org\/donate\/ways-to-donate\/\" href=\"https:\/\/highjumpchicago.org\/es\/donate\/ways-to-donate\/\">Formas de donar<\/a><meta itemprop=\"position\" content=\"3\"\/><\/li><li aria-current=\"page\" itemprop=\"itemListElement\" itemscope itemtype=\"https:\/\/schema.org\/ListItem\">Regalos equivalentes para empleados<meta itemprop=\"position\" content=\"4\"\/><\/li><\/ol><\/nav>\n\t<h2>\u00bfSab\u00edas que miles de empresas igualan las donaciones realizadas por sus empleados a organizaciones como High Jump?<\/h2>\n<p><strong>Su empresa podr\u00eda ser una de las que podr\u00eda ayudar a multiplicar el impacto de su apoyo e inversi\u00f3n<\/strong> en la educaci\u00f3n de los futuros l\u00edderes de Chicago!<\/p>\n<p><strong>Utilice el bot\u00f3n a continuaci\u00f3n para ver si su empresa igualar\u00e1 su donaci\u00f3n.<\/strong> y para acceder a los formularios, pautas e instrucciones que necesita para enviar una donaci\u00f3n equivalente.<\/p>\n\t\t\t<a href=\"https:\/\/www.charitynavigator.org\/donor-basics\/giving-101\/employee-match-programs\/#:~:text=See%20if%20your%20employer%20will%20match%20your%20donation!\" target=\"_blank\" rel=\"noopener\">\n\t\t\t\t\t\t\t\u00bfMi empleador igualar\u00e1 mi donaci\u00f3n? Haga clic aqu\u00ed para descubrirlo en Charity Navigator.\n\t\t\t\t\t<\/a>\n\t<p><strong>Informaci\u00f3n de salto de altura<\/strong><\/p>\n<p>Al enviar una donaci\u00f3n equivalente a trav\u00e9s de su empresa, es posible que necesite la siguiente informaci\u00f3n:<\/p>\n<strong>Nuestro NIE:<\/strong><br \/>\n36-4470186\n<strong>Nuestra direcci\u00f3n postal:<\/strong><br \/>\nSalto alto<br \/>\n820 W. Jackson Blvd.<br \/>\nSuite 310<br \/>\nChicago, IL 60607\n<strong>Nuestra informaci\u00f3n de contacto:<\/strong><br \/>\nTel\u00e9fono: (312) 582-7712<br \/>\nCorreo electr\u00f3nico: advancement@highjumpchicago.org","protected":false},"excerpt":{"rendered":"<p>Inicio Donar Formas de donar Donaciones de contrapartida de empleados \u00bfSab\u00edas que miles de empresas igualan las donaciones de sus empleados a organizaciones como High Jump? \u00a1Tu empresa podr\u00eda ser una de las que ayude a multiplicar el impacto de tu apoyo e inversi\u00f3n en la educaci\u00f3n de los futuros l\u00edderes de Chicago! Usa el bot\u00f3n\u2026<\/p>","protected":false},"author":7,"featured_media":0,"parent":1955,"menu_order":0,"comment_status":"closed","ping_status":"closed","template":"","meta":{"_seopress_robots_primary_cat":"","_seopress_titles_title":"","_seopress_titles_desc":"","_seopress_robots_index":"","inline_featured_image":false,"footnotes":""},"class_list":["post-5906","page","type-page","status-publish","hentry"],"_links":{"self":[{"href":"https:\/\/highjumpchicago.org\/es\/wp-json\/wp\/v2\/pages\/5906","targetHints":{"allow":["GET"]}}],"collection":[{"href":"https:\/\/highjumpchicago.org\/es\/wp-json\/wp\/v2\/pages"}],"about":[{"href":"https:\/\/highjumpchicago.org\/es\/wp-json\/wp\/v2\/types\/page"}],"author":[{"embeddable":true,"href":"https:\/\/highjumpchicago.org\/es\/wp-json\/wp\/v2\/users\/7"}],"replies":[{"embeddable":true,"href":"https:\/\/highjumpchicago.org\/es\/wp-json\/wp\/v2\/comments?post=5906"}],"version-history":[{"count":5,"href":"https:\/\/highjumpchicago.org\/es\/wp-json\/wp\/v2\/pages\/5906\/revisions"}],"predecessor-version":[{"id":130674,"href":"https:\/\/highjumpchicago.org\/es\/wp-json\/wp\/v2\/pages\/5906\/revisions\/130674"}],"up":[{"embeddable":true,"href":"https:\/\/highjumpchicago.org\/es\/wp-json\/wp\/v2\/pages\/1955"}],"wp:attachment":[{"href":"https:\/\/highjumpchicago.org\/es\/wp-json\/wp\/v2\/media?parent=5906"}],"curies":[{"name":"gracias","href":"https:\/\/api.w.org\/{rel}","templated":true}]}}