{"id":5930,"date":"2022-11-07T15:35:03","date_gmt":"2022-11-07T21:35:03","guid":{"rendered":"https:\/\/d46e648428.nxcli.io\/?page_id=5930"},"modified":"2025-07-11T15:57:34","modified_gmt":"2025-07-11T20:57:34","slug":"high-jump-endowment","status":"publish","type":"page","link":"https:\/\/highjumpchicago.org\/es\/donate\/ways-to-donate\/high-jump-endowment\/","title":{"rendered":"Dotaci\u00f3n de salto de altura"},"content":{"rendered":"<nav  aria-label=\"migaja de pan\"><ol itemscope itemtype=\"https:\/\/schema.org\/BreadcrumbList\"><li itemprop=\"itemListElement\" itemscope itemtype=\"https:\/\/schema.org\/ListItem\"><a itemscope itemtype=\"https:\/\/schema.org\/WebPage\" itemprop=\"item\" itemid=\"https:\/\/highjumpchicago.org\" href=\"https:\/\/highjumpchicago.org\/es\/\">Casa<\/a><meta itemprop=\"position\" content=\"1\"\/><\/li><li itemprop=\"itemListElement\" itemscope itemtype=\"https:\/\/schema.org\/ListItem\"><a itemscope itemtype=\"https:\/\/schema.org\/WebPage\" itemprop=\"item\" itemid=\"https:\/\/highjumpchicago.org\/donate\/\" href=\"https:\/\/highjumpchicago.org\/es\/donate\/\">Donar<\/a><meta itemprop=\"position\" content=\"2\"\/><\/li><li itemprop=\"itemListElement\" itemscope itemtype=\"https:\/\/schema.org\/ListItem\"><a itemscope itemtype=\"https:\/\/schema.org\/WebPage\" itemprop=\"item\" itemid=\"https:\/\/highjumpchicago.org\/donate\/ways-to-donate\/\" href=\"https:\/\/highjumpchicago.org\/es\/donate\/ways-to-donate\/\">Formas de donar<\/a><meta itemprop=\"position\" content=\"3\"\/><\/li><li aria-current=\"page\" itemprop=\"itemListElement\" itemscope itemtype=\"https:\/\/schema.org\/ListItem\">Dotaci\u00f3n de salto de altura<meta itemprop=\"position\" content=\"4\"\/><\/li><\/ol><\/nav>\n\t\t\t\t<img decoding=\"async\" src=\"https:\/\/highjumpchicago.org\/wp-content\/uploads\/2023\/01\/Endowment_logo-e1674163343678-214x300.png\" alt=\"Endowment_logo\" itemprop=\"image\" height=\"300\" width=\"214\" title=\"Dotaci\u00f3n_logo\" onerror=\"this.style.display='none'\" loading='lazy' \/>\n<h1>\n\t\t\tAmpliando la capacidad, creando oportunidades: fondo dotado de High Jump para el crecimiento y la innovaci\u00f3n de programas\t<\/h1>\n\t<p><a href=\"https:\/\/highjumpchicago.org\/es\/our-programs\/\">nuestros programas<\/a> cerrar efectivamente las brechas de logros y oportunidades para los j\u00f3venes que han exhibido ambici\u00f3n acad\u00e9mica y provienen de medios econ\u00f3micos limitados. En High Jump, nosotros <a href=\"https:\/\/highjumpchicago.org\/es\/\">ayudar a los alumnos a desarrollar las habilidades que necesitan para prosperar dondequiera que vayan.<\/a> Nuestro plan de estudios expone a los estudiantes a literatura culturalmente relevante, instrucci\u00f3n matem\u00e1tica rigurosa y aprendizaje experiencial para ayudarlos a prepararse para la escuela secundaria, la universidad y m\u00e1s all\u00e1.<\/p>\n\t<ul>\n\t\t<li>\t\t\t\t\n\t\t<h3>ENRIQUECIMIENTO ACAD\u00c9MICO<\/h3><p><strong>Avanzado<\/strong> matem\u00e1ticas, ciencias, literatura y humanidades <strong>clases<\/strong><\/p><\/li><li>\t\t\t\t\n\t\t<h3>APRENDIZAJE SOCIAL-EMOCIONAL<\/h3><p><strong>Ambiente de apoyo emocional<\/strong> que ense\u00f1a habilidades no cognitivas necesarias para tener \u00e9xito<\/p><\/li><li>\t\t\t\t\n\t\t<h3>SELECCI\u00d3N DE ESCUELA SECUNDARIA<\/h3><p><strong>apoyo a la escuela secundaria<\/strong> incluyendo solicitudes, ayuda financiera y becas<\/p><\/li>\t<\/ul>\n\t<h3>Los estudiantes y exalumnos de High Jump logran lo siguiente:<\/h3>\n\t\t<h1>0%<\/h1>\t\t\n\t\tde los estudiosos de salto de altura <b>matriculados en las mejores y m\u00e1s rigurosas escuelas secundarias preparatorias para la universidad<\/b>\t\n\t\t<h1>0%<\/h1>\t\t\n\t\tde ex alumnos de salto de altura <strong>graduado de la secundaria<\/><\/strong>\t\n\t\t<h1>0%<\/h1>\t\t\n\t\tde ex alumnos de High Jump ser\u00e1 el <b>primeros en sus familias en asistir a la universidad<\/b>\t\n\t<h3>Y por cada a\u00f1o de High Jump, los puntajes de las pruebas de matem\u00e1ticas y lectura de los estudiantes mejoran a casi el doble de la tasa del estudiante promedio de escuela intermedia a nivel nacional.<\/h3>\n\t<h1>\u00bfQu\u00e9 ayudar\u00e1 a High Jump con una dotaci\u00f3n?<\/h1>\n\t<p><img decoding=\"async\" role=\"img\" draggable=\"false\" src=\"https:\/\/s.w.org\/images\/core\/emoji\/14.0.0\/svg\/2714.svg\" alt=\"\u2714\" \/> Sostener nuestro crecimiento y apoyar nuestra independencia.<\/p>\n<p><img decoding=\"async\" role=\"img\" draggable=\"false\" src=\"https:\/\/s.w.org\/images\/core\/emoji\/14.0.0\/svg\/2714.svg\" alt=\"\u2714\" \/> Crecer para llegar a todos los estudiantes elegibles en Chicago<\/p>\n<p><img decoding=\"async\" role=\"img\" draggable=\"false\" src=\"https:\/\/s.w.org\/images\/core\/emoji\/14.0.0\/svg\/2714.svg\" alt=\"\u2714\" \/> Sea \u00e1gil y receptivo a las oportunidades de innovaci\u00f3n<\/p>\n\t<h3>\u201cAmbos crecimos en familias que valoraban mucho la educaci\u00f3n como un camino esencial hacia el futuro y experimentamos de primera mano la diferencia que pueden hacer las oportunidades que brinda una educaci\u00f3n de calidad, no solo para un estudiante en particular sino para toda su familia. En este momento en el que invertir en el futuro de nuestros j\u00f3venes nunca ha sido tan importante, les pedimos a todos que piensen en el papel que jug\u00f3 la educaci\u00f3n en su propio \u00e9xito y se unan a nosotros para que High Jump pueda servir a m\u00e1s estudiantes que puedan obtener esos mismos beneficios. y convertirnos en los l\u00edderes del ma\u00f1ana\u201d.<\/h3>\n<strong>Georgy Ann y Bill Peluchiwski<\/strong><br \/>\nDonantes de subvenciones paralelas del fondo de dotaci\u00f3n\n\t\t\t\t<img decoding=\"async\" src=\"https:\/\/highjumpchicago.org\/wp-content\/uploads\/2022\/12\/HighJump_Headshots_2022-0028-7650-751x1024.jpg\" alt=\"\" itemprop=\"image\" height=\"1024\" width=\"751\" onerror=\"this.style.display='none'\" loading='lazy' \/>\n\t<strong>\u00bfEn qu\u00e9 aspectos ayuda la dotaci\u00f3n a High Jump?<\/strong><br \/>\nNuestro Fondo de Dotaci\u00f3n proporciona el apoyo que High Jump necesita para ser \u00e1gil y estar atento a las oportunidades de innovaci\u00f3n y atender a a\u00fan m\u00e1s estudiantes. Durante los pr\u00f3ximos cinco a\u00f1os, nuestra prioridad estrat\u00e9gica es expandir nuestros programas de Becas y Becas Comunitarias para llegar a m\u00e1s estudiantes de secundaria de m\u00e1s vecindarios de Chicago, con el objetivo de que alg\u00fan d\u00eda podamos atender a todos los estudiantes interesados y elegibles. La creaci\u00f3n de este fondo de dotaci\u00f3n garantiza la seguridad financiera a largo plazo de High Jump, sustentando nuestro crecimiento, impulsando nuestra independencia y ayud\u00e1ndonos a estar presentes para la pr\u00f3xima generaci\u00f3n de estudiantes.\n<strong>\u00bfCu\u00e1l es el objetivo de recaudaci\u00f3n de fondos a largo plazo de High Jump Endowment?<\/strong><br \/>\nRecaudar $5M en fondos durante los pr\u00f3ximos a\u00f1os, lo que representa el doble del presupuesto operativo anual actual de High Jump. Durante el a\u00f1o fiscal 2025, superamos el umbral de $1M, lo que nos permiti\u00f3 empezar a utilizar fondos de la dotaci\u00f3n para financiar nuestro presupuesto operativo.\n<strong>Cu\u00e9ntame sobre el regalo del desaf\u00edo familiar Peluchiwski<\/strong><br \/>\nPara dar inicio a nuestro Fondo de Donaciones, la familia Peluchiwski prometi\u00f3 generosamente $$500,000 como incentivo para iniciar la donaci\u00f3n de donaciones.\n<ul>\n<li>$250,000 despu\u00e9s de recibir obsequios o promesas por un total de $250,000 (\u00a1desaf\u00edo cumplido!)<\/li>\n<li>$250,000 despu\u00e9s de que 100% de los miembros de la Junta hayan hecho su donaci\u00f3n o compromiso (\u00a1desaf\u00edo cumplido!)<\/li>\n<\/ul>\n<p><strong>\u00bfTiene preguntas o desea obtener m\u00e1s informaci\u00f3n sobre c\u00f3mo hacer su donaci\u00f3n de dotaci\u00f3n?<\/strong> Comun\u00edquese con Molly Gilbride, directora de desarrollo, en <a href=\"mailto:mgilbride@highjumpchicago.org?subject=Endowment Gift Inquiry\">mgilbride@highjumpchicago.org<\/a>.<\/p>\n<h1>\n\t\t\tInforme anual de salto de altura\t<\/h1>\n\t<div class=\"_df_book df-lite\" id=\"df_60754\"  _slug=\"high-jump-annual-report-2021-2022-2\" data-title=\"high-jump-annual-report-2022-2023\" wpoptions=\"true\" thumbtype=\"\" ><\/div><script class=\"df-shortcode-script\" nowprocket type=\"application\/javascript\">window.option_df_60754 = {\"outline\":[],\"backgroundColor\":\"#2cafa4\",\"autoEnableOutline\":\"false\",\"autoEnableThumbnail\":\"false\",\"overwritePDFOutline\":\"false\",\"direction\":\"1\",\"pageSize\":\"0\",\"source\":\"https:\\\/\\\/highjumpchicago.org\\\/wp-content\\\/uploads\\\/2024\\\/11\\\/High-Jump-Annual-Report-2022-2023.pdf\",\"wpOptions\":\"true\"}; if(window.DFLIP && window.DFLIP.parseBooks){window.DFLIP.parseBooks();}<\/script>\n\t<h1>Cuando decimos &quot;invertir&quot; lo decimos en serio.<\/h1>\n<h3>Cada a\u00f1o, nuestros estudiantes reciben 300 horas de enriquecimiento acad\u00e9mico gratuito, asesoramiento personalizado y apoyo dedicado.<\/h3>\n<h2>La parte m\u00e1s importante: funciona.<\/h2>\n\t<h1>2 A\u00d1OS<\/h1>\n\t<p>de crecimiento acad\u00e9mico <em>por a\u00f1o<\/em> de salto de altura<\/p>\n\t\t\t\t\t<h1>0%<\/h1>\t\t\t\t\n\t\t\tde los alumnos de High Jump ahora asisten a la universidad\t\n\t\t\t<a href =\"https:\/\/highjumpchicago.org\/es\/about\/impact\/\" target=\"_self\"  aria-label=\"Vea nuestro Impacto para ver lo que nuestros acad\u00e9micos han logrado.\">\n\t\t\t\t\t\t\t\tVea nuestro Impacto para ver lo que nuestros acad\u00e9micos han logrado.\t\t\t\t\t\t\t\n\t\t\t\t\t\t<\/a>","protected":false},"excerpt":{"rendered":"<p>Inicio Donar Formas de donar High Jump Endowment Ampliando la capacidad y creando oportunidades - Fondo dotado de High Jump para el crecimiento y la innovaci\u00f3n de programas Nuestros programas cierran eficazmente las brechas de logros y oportunidades para los j\u00f3venes que han demostrado ambici\u00f3n acad\u00e9mica y provienen de medios econ\u00f3micos limitados. En High Jump, ayudamos a los estudiantes a desarrollar las habilidades que necesitan...<\/p>","protected":false},"author":7,"featured_media":6999,"parent":1955,"menu_order":0,"comment_status":"closed","ping_status":"closed","template":"","meta":{"_seopress_robots_primary_cat":"","_seopress_titles_title":"","_seopress_titles_desc":"","_seopress_robots_index":"","inline_featured_image":false,"footnotes":""},"class_list":["post-5930","page","type-page","status-publish","has-post-thumbnail","hentry"],"_links":{"self":[{"href":"https:\/\/highjumpchicago.org\/es\/wp-json\/wp\/v2\/pages\/5930","targetHints":{"allow":["GET"]}}],"collection":[{"href":"https:\/\/highjumpchicago.org\/es\/wp-json\/wp\/v2\/pages"}],"about":[{"href":"https:\/\/highjumpchicago.org\/es\/wp-json\/wp\/v2\/types\/page"}],"author":[{"embeddable":true,"href":"https:\/\/highjumpchicago.org\/es\/wp-json\/wp\/v2\/users\/7"}],"replies":[{"embeddable":true,"href":"https:\/\/highjumpchicago.org\/es\/wp-json\/wp\/v2\/comments?post=5930"}],"version-history":[{"count":5,"href":"https:\/\/highjumpchicago.org\/es\/wp-json\/wp\/v2\/pages\/5930\/revisions"}],"predecessor-version":[{"id":106362,"href":"https:\/\/highjumpchicago.org\/es\/wp-json\/wp\/v2\/pages\/5930\/revisions\/106362"}],"up":[{"embeddable":true,"href":"https:\/\/highjumpchicago.org\/es\/wp-json\/wp\/v2\/pages\/1955"}],"wp:featuredmedia":[{"embeddable":true,"href":"https:\/\/highjumpchicago.org\/es\/wp-json\/wp\/v2\/media\/6999"}],"wp:attachment":[{"href":"https:\/\/highjumpchicago.org\/es\/wp-json\/wp\/v2\/media?parent=5930"}],"curies":[{"name":"gracias","href":"https:\/\/api.w.org\/{rel}","templated":true}]}}