{"id":6175,"date":"2022-11-10T14:19:34","date_gmt":"2022-11-10T20:19:34","guid":{"rendered":"https:\/\/d46e648428.nxcli.io\/?page_id=6175"},"modified":"2024-04-05T09:17:23","modified_gmt":"2024-04-05T14:17:23","slug":"endowment-donation","status":"publish","type":"page","link":"https:\/\/highjumpchicago.org\/es\/donate\/ways-to-donate\/endowment-donation\/","title":{"rendered":"Donaci\u00f3n de Dotaci\u00f3n"},"content":{"rendered":"<h2>\n\t\tSu contribuci\u00f3n en acci\u00f3n\n\t<\/h2>\n\t<ul>\n\t\t<li>\t\t\t\t\n\t\t<h3>Enriquecimiento acad\u00e9mico sin matr\u00edcula<\/h3><\/li><li>\t\t\t\t\n\t\t<h3>Meriendas y comidas para estudiantes.<\/h3><\/li><li>\t\t\t\t\n\t\t<h3>Laptops permanentes para estudiantes<\/h3><\/li>\t<\/ul>\n\t<ul>\n\t\t<li>\t\t\t\t\n\t\t<h3>Profesorado y personal dedicado<\/h3><\/li><li>\t\t\t\t\n\t\t<h3>Apoyo pr\u00e1ctico para estudiantes <\/h3><\/li><li>\t\t\t\t\n\t\t<h3>Todos los materiales de aprendizaje proporcionados.<\/h3><\/li>\t<\/ul>","protected":false},"excerpt":{"rendered":"<p>Su contribuci\u00f3n en acci\u00f3n Enriquecimiento acad\u00e9mico sin costo de matr\u00edcula Refrigerios y comidas para estudiantes Computadoras port\u00e1tiles permanentes para estudiantes Profesores y personal dedicados Apoyo pr\u00e1ctico para estudiantes Todos los materiales de aprendizaje proporcionados<\/p>","protected":false},"author":7,"featured_media":5523,"parent":1955,"menu_order":8,"comment_status":"closed","ping_status":"closed","template":"","meta":{"_seopress_robots_primary_cat":"","_seopress_titles_title":"","_seopress_titles_desc":"","_seopress_robots_index":"","inline_featured_image":false,"footnotes":""},"class_list":["post-6175","page","type-page","status-publish","has-post-thumbnail","hentry"],"_links":{"self":[{"href":"https:\/\/highjumpchicago.org\/es\/wp-json\/wp\/v2\/pages\/6175","targetHints":{"allow":["GET"]}}],"collection":[{"href":"https:\/\/highjumpchicago.org\/es\/wp-json\/wp\/v2\/pages"}],"about":[{"href":"https:\/\/highjumpchicago.org\/es\/wp-json\/wp\/v2\/types\/page"}],"author":[{"embeddable":true,"href":"https:\/\/highjumpchicago.org\/es\/wp-json\/wp\/v2\/users\/7"}],"replies":[{"embeddable":true,"href":"https:\/\/highjumpchicago.org\/es\/wp-json\/wp\/v2\/comments?post=6175"}],"version-history":[{"count":5,"href":"https:\/\/highjumpchicago.org\/es\/wp-json\/wp\/v2\/pages\/6175\/revisions"}],"predecessor-version":[{"id":29843,"href":"https:\/\/highjumpchicago.org\/es\/wp-json\/wp\/v2\/pages\/6175\/revisions\/29843"}],"up":[{"embeddable":true,"href":"https:\/\/highjumpchicago.org\/es\/wp-json\/wp\/v2\/pages\/1955"}],"wp:featuredmedia":[{"embeddable":true,"href":"https:\/\/highjumpchicago.org\/es\/wp-json\/wp\/v2\/media\/5523"}],"wp:attachment":[{"href":"https:\/\/highjumpchicago.org\/es\/wp-json\/wp\/v2\/media?parent=6175"}],"curies":[{"name":"gracias","href":"https:\/\/api.w.org\/{rel}","templated":true}]}}