{"id":63,"date":"2018-10-08T02:01:14","date_gmt":"2018-10-08T07:01:14","guid":{"rendered":"https:\/\/d46e648428.nxcli.io\/?page_id=63"},"modified":"2026-01-27T16:06:56","modified_gmt":"2026-01-27T22:06:56","slug":"volunteer","status":"publish","type":"page","link":"https:\/\/highjumpchicago.org\/es\/donate\/volunteer\/","title":{"rendered":"Voluntario con nosotros"},"content":{"rendered":"<nav  aria-label=\"migaja de pan\"><ol itemscope itemtype=\"https:\/\/schema.org\/BreadcrumbList\"><li itemprop=\"itemListElement\" itemscope itemtype=\"https:\/\/schema.org\/ListItem\"><a itemscope itemtype=\"https:\/\/schema.org\/WebPage\" itemprop=\"item\" itemid=\"https:\/\/highjumpchicago.org\" href=\"https:\/\/highjumpchicago.org\/es\/\">Casa<\/a><meta itemprop=\"position\" content=\"1\"\/><\/li><li itemprop=\"itemListElement\" itemscope itemtype=\"https:\/\/schema.org\/ListItem\"><a itemscope itemtype=\"https:\/\/schema.org\/WebPage\" itemprop=\"item\" itemid=\"https:\/\/highjumpchicago.org\/donate\/\" href=\"https:\/\/highjumpchicago.org\/es\/donate\/\">Donar<\/a><meta itemprop=\"position\" content=\"2\"\/><\/li><li aria-current=\"page\" itemprop=\"itemListElement\" itemscope itemtype=\"https:\/\/schema.org\/ListItem\">Voluntario con nosotros<meta itemprop=\"position\" content=\"3\"\/><\/li><\/ol><\/nav>\n\t<p><b>Nuestros estudiantes est\u00e1n ansiosos por conocerte.<\/b> Los High Jump Scholars son intelectualmente curiosos y acad\u00e9micamente motivados, y buscan una experiencia en la escuela secundaria que los desaf\u00ede social y acad\u00e9micamente. Cada a\u00f1o, tenemos tres importantes oportunidades de voluntariado en las que te conectas y ayudas a nuestros estudiantes en momentos cruciales de sus experiencias de salto de altura:<\/p>\n<figure data-animation-delay=\"1\" data-animation-duration=\"1\" itemscope itemtype=\"https:\/\/schema.org\/ImageObject\">\n\t\t\t\t<img decoding=\"async\" src=\"https:\/\/highjumpchicago.org\/wp-content\/uploads\/2024\/10\/IMG_7852.jpg\" alt=\"A large cafeteria full of adult volunteers interviewing students at many tables\" height=\"1536\" width=\"2048\" title=\"Imagen_7852\" onerror=\"this.style.display='none'\" loading=\"lazy\" \/>\n\t<\/figure>\n<h2>\n\t\t\tEntrevistas de admisi\u00f3n\t<\/h2>\n\t<p>Cada a\u00f1o admitimos una nueva cohorte de estudiantes y nuestras entrevistas de admisi\u00f3n anuales son una oportunidad \u00fanica para que participes.<\/p>\n\t\t\t\tM\u00c1S INFORMACI\u00d3N\n\t\t\t\t\t<ul>\n<li><b>Cada a\u00f1o en la primavera<\/b><\/li>\n<li><strong>Compromiso de tiempo:<\/strong> 2 horas por sesi\u00f3n<\/li>\n<li><strong>Role:<\/strong> Realice de dos a tres entrevistas de 20 minutos con posibles becarios de salto de altura como \u00faltima etapa de su proceso de solicitud. Proporcionar\u00e1 comentarios sobre cada solicitante que ayudar\u00e1n a nuestro equipo de admisiones a determinar qui\u00e9n ser\u00e1 aceptado en la pr\u00f3xima cohorte de becarios de salto de altura.<\/li>\n<\/ul>\n<p><strong>\u00bfInteresado en ser voluntario?<\/strong><br \/>Env\u00ede un correo electr\u00f3nico a Gabi a <a href=\"mailto:gkizer@highjumpchicago.org\">gkizer@highjumpchicago.org<\/a><\/p>\n<figure data-animation-delay=\"1\" data-animation-duration=\"1\" itemscope itemtype=\"https:\/\/schema.org\/ImageObject\">\n\t\t\t\t<img decoding=\"async\" src=\"https:\/\/highjumpchicago.org\/wp-content\/uploads\/2022\/11\/IMG_1287-1024x768.jpg\" alt=\"IMG_1287\" height=\"768\" width=\"1024\" title=\"IMG_1287\" onerror=\"this.style.display='none'\" loading=\"lazy\" \/>\n\t<\/figure>\n<h2>\n\t\t\tSimulacros de entrevistas\t<\/h2>\n\t<p>Re\u00fanase y entreviste a estudiantes de octavo grado para ayudarlos a prepararse para sus pr\u00f3ximas entrevistas de admisi\u00f3n a la escuela secundaria.<\/p>\n\t\t\t\tM\u00c1S INFORMACI\u00d3N\n\t\t\t\t\t<ul>\n<li><b>Cada a\u00f1o en el oto\u00f1o<\/b><\/li>\n<li><strong>Compromiso de tiempo:<\/strong> 2,5 horas<\/li>\n<li><strong>Role:<\/strong> Realizar tres entrevistas de 30 minutos con alumnos de 8.\u00ba grado de salto de altura. Proporcionar comentarios constructivos sobre las entrevistas que los profesores compartir\u00e1n con los alumnos.<\/li>\n<\/ul>\n<p><strong>\u00bfEst\u00e1s interesado en ser voluntario para las entrevistas simuladas del pr\u00f3ximo a\u00f1o?<\/strong> Contacta con Gabi en <a href=\"mailto:gkizer@highjumpchicago.org\">gkizer@highjumpchicago.org<\/a><\/p>\n\t<p><b>\u00bfEst\u00e1s interesado en ser voluntario de High Jump?<\/b> Contactanos en <a href=\"mailto:advancement@highjumpchicago.org\">advancement@highjumpchicago.org<\/a>\u00a0aprender m\u00e1s.<\/p>","protected":false},"excerpt":{"rendered":"<p>Inicio Donar Sea voluntario con nosotros Nuestros estudiantes est\u00e1n ansiosos por conocerlo. Los estudiantes de High Jump son intelectualmente curiosos y acad\u00e9micamente motivados, y buscan una experiencia de escuela secundaria que los desaf\u00ede social y acad\u00e9micamente. Cada a\u00f1o, tenemos tres importantes oportunidades de voluntariado en las que usted se conecta y ayuda a nuestros estudiantes en momentos cruciales en...<\/p>","protected":false},"author":7,"featured_media":0,"parent":2056,"menu_order":2,"comment_status":"closed","ping_status":"closed","template":"","meta":{"_seopress_robots_primary_cat":"","_seopress_titles_title":"","_seopress_titles_desc":"","_seopress_robots_index":"","inline_featured_image":false,"footnotes":""},"class_list":["post-63","page","type-page","status-publish","hentry"],"_links":{"self":[{"href":"https:\/\/highjumpchicago.org\/es\/wp-json\/wp\/v2\/pages\/63","targetHints":{"allow":["GET"]}}],"collection":[{"href":"https:\/\/highjumpchicago.org\/es\/wp-json\/wp\/v2\/pages"}],"about":[{"href":"https:\/\/highjumpchicago.org\/es\/wp-json\/wp\/v2\/types\/page"}],"author":[{"embeddable":true,"href":"https:\/\/highjumpchicago.org\/es\/wp-json\/wp\/v2\/users\/7"}],"replies":[{"embeddable":true,"href":"https:\/\/highjumpchicago.org\/es\/wp-json\/wp\/v2\/comments?post=63"}],"version-history":[{"count":7,"href":"https:\/\/highjumpchicago.org\/es\/wp-json\/wp\/v2\/pages\/63\/revisions"}],"predecessor-version":[{"id":160991,"href":"https:\/\/highjumpchicago.org\/es\/wp-json\/wp\/v2\/pages\/63\/revisions\/160991"}],"up":[{"embeddable":true,"href":"https:\/\/highjumpchicago.org\/es\/wp-json\/wp\/v2\/pages\/2056"}],"wp:attachment":[{"href":"https:\/\/highjumpchicago.org\/es\/wp-json\/wp\/v2\/media?parent=63"}],"curies":[{"name":"gracias","href":"https:\/\/api.w.org\/{rel}","templated":true}]}}