{"id":65,"date":"2018-10-08T02:01:34","date_gmt":"2018-10-08T07:01:34","guid":{"rendered":"https:\/\/d46e648428.nxcli.io\/?page_id=65"},"modified":"2026-02-12T16:51:19","modified_gmt":"2026-02-12T22:51:19","slug":"sponsor-us","status":"publish","type":"page","link":"https:\/\/highjumpchicago.org\/es\/donate\/sponsor-us\/","title":{"rendered":"Patrocinarnos"},"content":{"rendered":"<nav  aria-label=\"migaja de pan\"><ol itemscope itemtype=\"https:\/\/schema.org\/BreadcrumbList\"><li itemprop=\"itemListElement\" itemscope itemtype=\"https:\/\/schema.org\/ListItem\"><a itemscope itemtype=\"https:\/\/schema.org\/WebPage\" itemprop=\"item\" itemid=\"https:\/\/highjumpchicago.org\" href=\"https:\/\/highjumpchicago.org\/es\/\">Casa<\/a><meta itemprop=\"position\" content=\"1\"\/><\/li><li itemprop=\"itemListElement\" itemscope itemtype=\"https:\/\/schema.org\/ListItem\"><a itemscope itemtype=\"https:\/\/schema.org\/WebPage\" itemprop=\"item\" itemid=\"https:\/\/highjumpchicago.org\/donate\/\" href=\"https:\/\/highjumpchicago.org\/es\/donate\/\">Donar<\/a><meta itemprop=\"position\" content=\"2\"\/><\/li><li aria-current=\"page\" itemprop=\"itemListElement\" itemscope itemtype=\"https:\/\/schema.org\/ListItem\">Patrocinarnos<meta itemprop=\"position\" content=\"3\"\/><\/li><\/ol><\/nav>\n\t<p><strong>Todo comienza con usted.<\/strong> La generosidad de personas individuales, educadores, voluntarios y patrocinadores corporativos, como usted, nos han ayudado a invertir en la pr\u00f3xima generaci\u00f3n de l\u00edderes durante m\u00e1s de treinta a\u00f1os.<\/p>\n<p><strong>El trabajo est\u00e1 en curso.<\/strong> Nuestro objetivo es expandir nuestros recursos a m\u00e1s estudiantes en todo Chicago. Su contribuci\u00f3n nos ayuda a hacer eso y m\u00e1s. \u00danase a nosotros en nuestra misi\u00f3n de proporcionar recursos y enriquecimiento acad\u00e9mico sin costo de matr\u00edcula que capaciten a los estudiantes para llegar m\u00e1s alto y llegar m\u00e1s lejos de lo que nunca pensaron posible.<\/p>\n\t<h3>Patrocinar eventos y servicios para acad\u00e9micos<\/h3>\n\t<p><strong>Su apoyo nos ayuda a lograr un mayor impacto.<\/strong> Al cubrir el costo de los eventos y servicios para nuestro Programa de Becarios, usted garantiza que High Jump pueda seguir teniendo un impacto incre\u00edble y duradero en la pr\u00f3xima generaci\u00f3n de becarios.<\/p>\n\t\t\t<a href=\"https:\/\/highjumpchicago.org\/wp-content\/uploads\/2026\/01\/Corporate-Sponsorship-Opportunities-FY26.pdf\" target=\"_blank\" rel=\"noopener\">\n\t\t\t\t\t\t\tCONOZCA LAS OPORTUNIDADES DE PATROCINIO\n\t\t\t\t\t<\/a>\n\t\t\t\t<img decoding=\"async\" src=\"https:\/\/highjumpchicago.org\/wp-content\/uploads\/2025\/06\/IMG_0918.jpeg\" alt=\"IMG_0918\" itemprop=\"image\" height=\"1365\" width=\"2048\" title=\"Imagen_0918\" onerror=\"this.style.display='none'\" loading=\"lazy\" \/>\n\t<p><strong>\u00bfTiene preguntas o desea obtener m\u00e1s informaci\u00f3n sobre c\u00f3mo convertirse en un patrocinador corporativo?<\/strong> Por favor, p\u00f3ngase en contacto con Molly Gilbride en <a href=\"mailto:vherrera@highjumpchicago.org\">mgilbride@highjumpchicago.org<\/a>.<\/p>\n\t\t\t\t<img decoding=\"async\" src=\"https:\/\/highjumpchicago.org\/wp-content\/uploads\/2022\/01\/LRP_9744.jpg\" alt=\"LRP_9744\" itemprop=\"image\" height=\"1365\" width=\"2048\" title=\"LRP_9744\" onerror=\"this.style.display='none'\" loading=\"lazy\" \/>\n\t<h3>\n\t\t\t\tPatrocine nuestro Beneficio Primavera de Oportunidades\n\t\t\t<\/h3>\n\t<p><b>Haz una mayor contribuci\u00f3n, haz un mayor impacto.<\/b> Nuestro beneficio se lleva a cabo anualmente en mayo, pero puede iniciar la conversaci\u00f3n durante todo el a\u00f1o. Contamos con una variedad de niveles de patrocinio desde $2,500.<\/p>\n\t\t\t<a href=\"https:\/\/www.classy.org\/event\/2026-high-jump-spring-of-opportunity-benefit\/e704247\" target=\"_blank\" rel=\"noopener\">\n\t\t\t\t\t\t\tConvi\u00e9rtete en patrocinador\n\t\t\t\t\t<\/a>\n<h1>\n\t\t\tGracias a nuestros patrocinadores corporativos\t<\/h1>\n\t<p><b>Gracias por invertir en los futuros l\u00edderes de Chicago.<\/b> Gracias a usted, High Jump ha brindado servicios a m\u00e1s estudiantes que nunca, apoyando a los j\u00f3venes de la escuela secundaria de Chicago con experiencias \u00fanicas y acceso a recursos y apoyo educativos. No podr\u00edamos hacer este trabajo sin ustedes y estamos ansiosos por ver c\u00f3mo nuestro pr\u00f3ximo grupo de acad\u00e9micos se desaf\u00eda acad\u00e9micamente.<\/p>\n        \t<a href=\"https:\/\/www.bamfunds.com\/\" target=\"_blank\" rel=\"nofollow noopener\">            \n\t\t\t\t\t\t<img decoding=\"async\" src=\"https:\/\/highjumpchicago.org\/wp-content\/uploads\/2018\/11\/balyasny-RGB-300x96.jpg\" alt=\"Balyasny Asset Management L.P.\" data-no-lazy=\"1\" \/>\t\t\t\t\t\n                            <p>Balyasny Gesti\u00f3n de Activos LP<\/p>\n            <\/a>\t\t\n        \t<a href=\"https:\/\/www.comed.com\/Pages\/default.aspx\" target=\"_blank\" rel=\"nofollow noopener\">            \n\t\t\t\t\t\t<img decoding=\"async\" src=\"https:\/\/highjumpchicago.org\/wp-content\/uploads\/2018\/11\/ComEd_PoweringLogo_NEW.jpg\" alt=\"ComEd\" data-no-lazy=\"1\" \/>\t\t\t\t\t\n                            <p>ComEd<\/p>\n            <\/a>\t\t\n        \t<a href=\"https:\/\/www.countryfinancial.com\/\" target=\"_blank\" rel=\"nofollow noopener\">            \n\t\t\t\t\t\t<img decoding=\"async\" src=\"https:\/\/highjumpchicago.org\/wp-content\/uploads\/2018\/11\/country-financial-logo-300x117.jpg\" alt=\"Country Financial\" data-no-lazy=\"1\" \/>\t\t\t\t\t\n                            <p>Pa\u00eds Financiero<\/p>\n            <\/a>\t\t\n        \t<a href=\"https:\/\/www.fwparker.org\/\" target=\"_blank\" rel=\"nofollow noopener\">            \n\t\t\t\t\t\t<img decoding=\"async\" src=\"https:\/\/highjumpchicago.org\/wp-content\/uploads\/2018\/11\/parker-logo.jpg\" alt=\"F. W. Parker\" data-no-lazy=\"1\" \/>\t\t\t\t\t\n                            <p>Parker<\/p>\n            <\/a>\t\t\n        \t<a href=\"http:\/\/www.grosvenor.com\/home\/\" target=\"_blank\" rel=\"nofollow noopener\">            \n\t\t\t\t\t\t<img decoding=\"async\" src=\"https:\/\/highjumpchicago.org\/wp-content\/uploads\/2018\/11\/grosvenor-RGB-300x65.jpg\" alt=\"GCM Grosvenor\" data-no-lazy=\"1\" \/>\t\t\t\t\t\n                            <p>Grosvenor<\/p>\n            <\/a>\t\t\n        \t<a href=\"https:\/\/jenner.com\/\" target=\"_blank\" rel=\"nofollow noopener\">            \n\t\t\t\t\t\t<img decoding=\"async\" src=\"https:\/\/highjumpchicago.org\/wp-content\/uploads\/2018\/11\/JB-logo-masterBlack-LLP-2-300x16.jpg\" alt=\"Jenner &#038; Block LLP\" data-no-lazy=\"1\" \/>\t\t\t\t\t\n                            <p>Jenner y bloque LLP<\/p>\n            <\/a>\t\t\n        \t<a href=\"https:\/\/www.us.jll.com\/en\" target=\"_blank\" rel=\"nofollow noopener\">            \n\t\t\t\t\t\t<img decoding=\"async\" src=\"https:\/\/highjumpchicago.org\/wp-content\/uploads\/2018\/11\/JLL-Logo-Positive-_30mm-CMYK-300x132.jpg\" alt=\"JLL\" data-no-lazy=\"1\" \/>\t\t\t\t\t\n                            <p>JLL<\/p>\n            <\/a>\t\t\n        \t<a href=\"https:\/\/www.lw.com\/\" target=\"_blank\" rel=\"nofollow noopener\">            \n\t\t\t\t\t\t<img decoding=\"async\" src=\"https:\/\/highjumpchicago.org\/wp-content\/uploads\/2019\/01\/Latham-Logo-Red-300x30.jpg\" alt=\"Latham &#038; Watkins LLP\" data-no-lazy=\"1\" \/>\t\t\t\t\t\n                            <p>Latham &amp; Watkins LLP<\/p>\n            <\/a>\t\t\n        \t<a href=\"https:\/\/www.latinschool.org\/\" target=\"_blank\" rel=\"nofollow noopener\">            \n\t\t\t\t\t\t<img decoding=\"async\" src=\"https:\/\/highjumpchicago.org\/wp-content\/uploads\/2018\/11\/latin-logo.jpg\" alt=\"Latin School of Chicago\" data-no-lazy=\"1\" \/>\t\t\t\t\t\n                            <p>escuela latina de chicago<\/p>\n            <\/a>\t\t\n        \t<a href=\"https:\/\/www.sidley.com\/en\/us\/\" target=\"_blank\" rel=\"nofollow noopener\">            \n\t\t\t\t\t\t<img decoding=\"async\" src=\"https:\/\/highjumpchicago.org\/wp-content\/uploads\/2018\/11\/Sidley_Foundation_Logo-300x44.jpg\" alt=\"The Sidley Austin Foundation\" data-no-lazy=\"1\" \/>\t\t\t\t\t\n                            <p>La Fundaci\u00f3n Sidley Austin<\/p>\n            <\/a>\t\t\n        \t<a href=\"https:\/\/www.ucls.uchicago.edu\/\" target=\"_blank\" rel=\"nofollow noopener\">            \n\t\t\t\t\t\t<img decoding=\"async\" src=\"https:\/\/highjumpchicago.org\/wp-content\/uploads\/2018\/12\/Lab-School_Maroon-1-300x54.png\" alt=\"The University of Chicago Laboratory Schools\" data-no-lazy=\"1\" \/>\t\t\t\t\t\n                            <p>Las escuelas de laboratorio de la Universidad de Chicago<\/p>\n            <\/a>\t\t\n        \t<a href=\"https:\/\/www.ventasreit.com\/\" target=\"_blank\" rel=\"nofollow noopener\">            \n\t\t\t\t\t\t<img decoding=\"async\" src=\"https:\/\/highjumpchicago.org\/wp-content\/uploads\/2018\/11\/ventas-RGB-300x76.jpg\" alt=\"Ventas\" data-no-lazy=\"1\" \/>\t\t\t\t\t\n                            <p>ventas<\/p>\n            <\/a>\t\t\n        \t<a href=\"https:\/\/vivacitytech.com\/blogs\/news\" target=\"_blank\" rel=\"nofollow noopener\">            \n\t\t\t\t\t\t<img decoding=\"async\" src=\"https:\/\/highjumpchicago.org\/wp-content\/uploads\/2023\/03\/Copy-of-logo_horizontal_PURPLE.png\" alt=\"Vivacity Logo\" data-no-lazy=\"1\" \/>\t\t\t\t\t\n                            <p>Logotipo de vivacidad<\/p>\n            <\/a>\t\t\n        \t<a href=\"https:\/\/www.westmonroepartners.com\/\" target=\"_blank\" rel=\"nofollow noopener\">            \n\t\t\t\t\t\t<img decoding=\"async\" src=\"https:\/\/highjumpchicago.org\/wp-content\/uploads\/2018\/11\/WestMonroe-blueyellow-300x52.jpg\" alt=\"West Monroe\" data-no-lazy=\"1\" \/>\t\t\t\t\t\n                            <p>monroe occidental<\/p>\n            <\/a>\t\t\n        \t<a href=\"https:\/\/www.williamblair.com\/\" target=\"_blank\" rel=\"nofollow noopener\">            \n\t\t\t\t\t\t<img decoding=\"async\" src=\"https:\/\/highjumpchicago.org\/wp-content\/uploads\/2018\/11\/william-blair-RGB.jpg\" alt=\"William Blair\" data-no-lazy=\"1\" \/>\t\t\t\t\t\n                            <p>Guillermo Blair<\/p>\n            <\/a>\t\t\n\t<p><strong>con especial agradecimiento a<\/strong><\/p>\nAviva Investors Am\u00e9ricas LLC<br \/>\nBerger Schatz<br \/>\nGaitero DLA<br \/>\nErnst &amp; Young<br \/>\nFincas Ferro<br \/>\nGol\u00edn<br \/>\nGoulston y Storrs<br \/>\nMorgante-Wilson Arquitectos<br \/>\nsalesforce.org<br \/>\nWeiss &amp; Company LLP","protected":false},"excerpt":{"rendered":"<p>Inicio Donar Patrocinanos Todo comienza contigo. La generosidad de personas individuales, educadores, voluntarios y patrocinadores corporativos, como usted, nos ha ayudado a invertir en la pr\u00f3xima generaci\u00f3n de l\u00edderes durante m\u00e1s de treinta a\u00f1os. El trabajo est\u00e1 en curso. Nuestro objetivo es ampliar nuestros recursos a m\u00e1s estudiantes en todo Chicago. Tu aporte ayuda...<\/p>","protected":false},"author":7,"featured_media":0,"parent":2056,"menu_order":3,"comment_status":"closed","ping_status":"closed","template":"","meta":{"_seopress_robots_primary_cat":"","_seopress_titles_title":"","_seopress_titles_desc":"","_seopress_robots_index":"","inline_featured_image":false,"footnotes":""},"class_list":["post-65","page","type-page","status-publish","hentry"],"_links":{"self":[{"href":"https:\/\/highjumpchicago.org\/es\/wp-json\/wp\/v2\/pages\/65","targetHints":{"allow":["GET"]}}],"collection":[{"href":"https:\/\/highjumpchicago.org\/es\/wp-json\/wp\/v2\/pages"}],"about":[{"href":"https:\/\/highjumpchicago.org\/es\/wp-json\/wp\/v2\/types\/page"}],"author":[{"embeddable":true,"href":"https:\/\/highjumpchicago.org\/es\/wp-json\/wp\/v2\/users\/7"}],"replies":[{"embeddable":true,"href":"https:\/\/highjumpchicago.org\/es\/wp-json\/wp\/v2\/comments?post=65"}],"version-history":[{"count":6,"href":"https:\/\/highjumpchicago.org\/es\/wp-json\/wp\/v2\/pages\/65\/revisions"}],"predecessor-version":[{"id":154950,"href":"https:\/\/highjumpchicago.org\/es\/wp-json\/wp\/v2\/pages\/65\/revisions\/154950"}],"up":[{"embeddable":true,"href":"https:\/\/highjumpchicago.org\/es\/wp-json\/wp\/v2\/pages\/2056"}],"wp:attachment":[{"href":"https:\/\/highjumpchicago.org\/es\/wp-json\/wp\/v2\/media?parent=65"}],"curies":[{"name":"gracias","href":"https:\/\/api.w.org\/{rel}","templated":true}]}}