{"id":67,"date":"2018-10-08T02:01:49","date_gmt":"2018-10-08T02:01:49","guid":{"rendered":"https:\/\/d46e648428.nxcli.io\/?page_id=67"},"modified":"2023-10-19T12:05:26","modified_gmt":"2023-10-19T17:05:26","slug":"benefit","status":"publish","type":"page","link":"https:\/\/highjumpchicago.org\/es\/donate\/benefit\/","title":{"rendered":"Una primavera de oportunidades"},"content":{"rendered":"<nav  aria-label=\"migaja de pan\"><ol itemscope itemtype=\"https:\/\/schema.org\/BreadcrumbList\"><li itemprop=\"itemListElement\" itemscope itemtype=\"https:\/\/schema.org\/ListItem\"><a itemscope itemtype=\"http:\/\/schema.org\/WebPage\" itemprop=\"item\" itemid=\"https:\/\/highjumpchicago.org\" href=\"https:\/\/highjumpchicago.org\/es\/\">Casa<\/a><meta itemprop=\"position\" content=\"1\"\/><\/li><li itemprop=\"itemListElement\" itemscope itemtype=\"https:\/\/schema.org\/ListItem\"><a itemscope itemtype=\"http:\/\/schema.org\/WebPage\" itemprop=\"item\" itemid=\"https:\/\/highjumpchicago.org\/donate\/\" href=\"https:\/\/highjumpchicago.org\/es\/donate\/\">Donar<\/a><meta itemprop=\"position\" content=\"2\"\/><\/li><li aria-current=\"page\" itemprop=\"itemListElement\" itemscope itemtype=\"https:\/\/schema.org\/ListItem\">Una primavera de oportunidades<meta itemprop=\"position\" content=\"3\"\/><\/li><\/ol><\/nav>\n\t<h1>\u00a1Guarde la fecha y \u00fanase a nosotros!<\/h1>\n\t<h2>Una primavera de oportunidades<br \/>\nviernes, 3 de mayo de 2024<\/h2>\n<h3>Hotel Four Seasons Chicago<\/h3>\n\t<p><strong>\u00danase a nosotros para una primavera de oportunidades,<\/strong> un evento dedicado a celebrar la pr\u00f3xima generaci\u00f3n de l\u00edderes de Chicago y apoyarlos en sus trayectorias acad\u00e9micas.<\/p>\n<p><strong>Esperamos que puedas ayudar<\/strong> <strong>celebrar<\/strong> este programa que cambia vidas y escuche las inspiradoras historias de acad\u00e9micos y ex alumnos del programa.<\/p>\n\t<h3>Copresidentes del beneficio 2024: Jenny Bekkerman, Jymme Chaouki, Meg Frey, Catherine Rosenberg y Daisie Siska<\/h3>\n\t\t\t\t<img loading=\"lazy\" decoding=\"async\" src=\"https:\/\/highjumpchicago.org\/wp-content\/uploads\/2023\/10\/HighJump-Gala-050523-8596.jpg\" alt=\"2023 Benefit Co-ChairsL to R: Lena Jessen, Kimberly Picciola, Krissan Jennings, Erica Chandrasekhar, Meg Frey, and J.R. Berger\" itemprop=\"image\" height=\"800\" width=\"1200\" title=\"Copresidentes ben\u00e9ficos de una primavera de oportunidades\" onerror=\"this.style.display='none'\"  \/>\n\t\tCopresidentes ben\u00e9ficos de 2023 de izquierda a derecha: Lena Jessen, Kimberly Picciola, Krissan Jennings, Erica Chandrasekhar, Meg Frey y JR Berger\n\t\t\t<a href=\"https:\/\/highjumpchicago.org\/wp-content\/uploads\/2023\/10\/A-Spring-of-Opportunity-Annual-Benefit-Event.pdf\" target=\"_self\" rel=\"noopener\">\n\t\t\t\t\t\t\u00a1Vea nuestros NUEVOS niveles de patrocinio este a\u00f1o!\n\t\t\t\t\t<\/a>\n\t<p><strong>\u00bfTiene preguntas o desea obtener m\u00e1s informaci\u00f3n sobre las oportunidades de patrocinio de beneficios disponibles este a\u00f1o?<\/strong> Comun\u00edquese con Alison Hanold Shah, subdirectora de donaciones organizacionales, al (312) 582-7700 o <a href=\"mailto:ahanold@highjumpchicago.org\"><u>ahanold@highjumpchicago.org<\/u><\/a>.<\/p>\n<h2>\n\t\tUn agradecimiento especial a nuestros patrocinadores de beneficios de 2023\n\t<\/h2>\n<p><strong>Patrocinadores presentadores<\/strong><\/p>\n<p>Arla y Joel Gomberg<\/p>\n<p>Fundaci\u00f3n de la familia Michael y Pamela Gordon<\/p>\n<p>Lena y Andrew Jessen<\/p>\n<p>John y Jill Levi<\/p>\n<p>Nicole y Brad Mann<\/p>\n<p>Diane Saltoun y Bruce Braun<\/p>\n<p><img loading=\"lazy\" decoding=\"async\" id=\"img_60465073861044\" src=\"https:\/\/assets.classy.org\/25207127\/8a11f5da-c98f-11ed-b719-0a58a9feac02.png\" width=\"198\" height=\"200\" data-airgap-id=\"51\" \/><\/p>\n<p><img loading=\"lazy\" decoding=\"async\" id=\"img_62144659902009\" src=\"https:\/\/assets.classy.org\/25207127\/94a71c28-c98f-11ed-8939-0a58a9feac02.png\" width=\"201\" height=\"74\" data-airgap-id=\"52\" \/><\/p>\n<p><img loading=\"lazy\" decoding=\"async\" id=\"img_48778209831849\" src=\"https:\/\/assets.classy.org\/25207127\/59734344-df96-11ed-bb7c-0a8ce0170929.png\" width=\"204\" height=\"49\" data-airgap-id=\"53\" \/><\/p>\n<p><img loading=\"lazy\" decoding=\"async\" id=\"img_50473582037100\" src=\"https:\/\/assets.classy.org\/25207127\/9b89906a-e3a3-11ed-a1db-0a58a9feac02.png\" width=\"200\" height=\"36\" data-airgap-id=\"54\" \/><\/p>\n<p>&nbsp;<\/p>\n<p><strong>Patrocinadores de acceso<\/strong><\/p>\n<p>J.R. y Katie Berger<\/p>\n<p>Paula y Tim Friedman<\/p>\n<p>Anna Meytina-Lurye y Alexander Lurye<\/p>\n<p>Cindy y Mike O&#039;Connor<\/p>\n<p>Georgy Ann y Bill Peluchiwski<\/p>\n<p><img loading=\"lazy\" decoding=\"async\" id=\"img_58755449708865\" src=\"https:\/\/assets.classy.org\/25207127\/44e5de84-c1c1-11ed-b2f8-0e2be2e3693d.png\" width=\"196\" height=\"34\" data-airgap-id=\"55\" \/><\/p>\n<p>&nbsp;<\/p>\n<p><strong>Patrocinadores de becas<\/strong><\/p>\n<p>An\u00f3nimo<\/p>\n<p>Katherine Buck y Kevin Preloger<\/p>\n<p>david chazen<\/p>\n<p>Sara y John Cobb<\/p>\n<p>Vicente Cozzi<\/p>\n<p>Mar\u00eda y Christopher Fifield<\/p>\n<p>Meg y Karl Frey<\/p>\n<p>Wilkingson y Nathalie Germain<\/p>\n<p>Cynthia Heusing y David Kistenbroker<\/p>\n<p>Krissan y John Jennings<\/p>\n<p>Erik y Adrienne King<\/p>\n<p>Karen y Liam Krehbiel<\/p>\n<p>cathy y mike lee<\/p>\n<p>Deneese Walia Levin y Matthew Levin<\/p>\n<p>Kim Lynch<\/p>\n<p>Mateo D. Medios<\/p>\n<p>Thomas Meyers y Suzanne Lynch<\/p>\n<p>Liz y Dean Mihas<\/p>\n<p>Abby y Mason Phelps<\/p>\n<p>Kim y Manny Picciola<\/p>\n<p>Laurie y Scott Rose<\/p>\n<p><img loading=\"lazy\" decoding=\"async\" id=\"img_178394331238664\" src=\"https:\/\/assets.classy.org\/25207127\/396ee99e-e84d-11ed-8cbf-0e1c36e8742d.png\" width=\"199\" height=\"71\" data-airgap-id=\"56\" \/><\/p>\n<p><img loading=\"lazy\" decoding=\"async\" id=\"img_57226293240724\" src=\"https:\/\/assets.classy.org\/25207127\/cf0d3272-e9c3-11ed-8df4-0e6d54e3559f.png\" width=\"198\" height=\"62\" data-airgap-id=\"57\" \/><\/p>\n<p><img loading=\"lazy\" decoding=\"async\" id=\"img_47043459880004\" src=\"https:\/\/assets.classy.org\/25207127\/97955262-ce74-11ed-8b79-0a58a9feac02.png\" width=\"199\" height=\"108\" data-airgap-id=\"58\" \/><\/p>\n<p>\u00a0<img loading=\"lazy\" decoding=\"async\" id=\"img_46961268321212\" src=\"https:\/\/assets.classy.org\/25207127\/0d2c23fc-b3c2-11ed-80c6-0a58a9feac03.png\" width=\"201\" height=\"171\" data-airgap-id=\"59\" \/><\/p>\n<p><img loading=\"lazy\" decoding=\"async\" id=\"img_48595204430703\" src=\"https:\/\/assets.classy.org\/25207127\/7fdbacea-a631-11ed-b767-0e49d21fe4e1.png\" width=\"198\" height=\"72\" data-airgap-id=\"60\" \/><\/p>\n<p><img loading=\"lazy\" decoding=\"async\" id=\"img_48793695447541\" src=\"https:\/\/assets.classy.org\/25207127\/a25cf07a-e471-11ed-8f57-0a58a9feac02.png\" width=\"197\" height=\"43\" data-airgap-id=\"61\" \/><\/p>\n<p><img loading=\"lazy\" decoding=\"async\" id=\"img_61895609671058\" src=\"https:\/\/assets.classy.org\/25207127\/8c173cde-8c57-11ed-b45d-0edeccf13cd3.png\" width=\"196\" height=\"34\" data-airgap-id=\"62\" \/><\/p>\n<p><img loading=\"lazy\" decoding=\"async\" id=\"img_46919802113772\" src=\"https:\/\/assets.classy.org\/25207127\/fa92fcaa-a649-11ed-af70-0a58a9feac02.png\" width=\"198\" height=\"105\" data-airgap-id=\"63\" \/><\/p>\n<p>&nbsp;<\/p>\n<p><strong>Patrocinadores de oportunidades<\/strong><\/p>\n<p>katie y chris peluquero<\/p>\n<p>Fundaci\u00f3n de la familia John y Jacolyn Bucksbaum<\/p>\n<p>Jymme y Steve Chaouki<\/p>\n<p>Joan Craig y Peter Ruggiero<\/p>\n<p>Charlie y Mar\u00eda Gofen<\/p>\n<p>Mariana y Paul Ingersoll<\/p>\n<p>Dara y Ross Milner<\/p>\n<p>Cheryl y Thomas Rudbeck<\/p>\n<p><img loading=\"lazy\" decoding=\"async\" id=\"img_47088735652952\" src=\"https:\/\/assets.classy.org\/25207127\/71e1b740-dd29-11ed-b5f4-0a58a9feac02.png\" width=\"208\" height=\"56\" data-airgap-id=\"64\" \/><\/p>\n<p><img loading=\"lazy\" decoding=\"async\" id=\"img_46975608002736\" src=\"https:\/\/assets.classy.org\/25207127\/734f7ee8-b86a-11ed-aef6-0a58a9feac02.png\" width=\"198\" height=\"181\" data-airgap-id=\"65\" \/><\/p>\n<p><img loading=\"lazy\" decoding=\"async\" id=\"img_176711337517470\" src=\"https:\/\/assets.classy.org\/25207127\/98985faa-e84c-11ed-8ef3-0a58a9feac02.png\" width=\"247\" height=\"37\" data-airgap-id=\"66\" \/><\/p>\n<p>&nbsp;<\/p>\n<p><strong>Patrocinadores de enriquecimiento<\/strong><\/p>\n<p>Farah y Praveen Adhi<\/p>\n<p>Fundaci\u00f3n de la familia Arkes<\/p>\n<p>Diana Aixal\u00e1 y Gavin Campbell<\/p>\n<p>Ranjini y Jos\u00e9 Ball\u00e9n<\/p>\n<p>Leslie y Bill Barker<\/p>\n<p>Jenny y Jerry Bekkerman<\/p>\n<p>Sonia Chae y Bob Agler<\/p>\n<p>Michelle y Tom Cusick\u00a0<\/p>\n<p>Wende Fox Lawson y James Lawson<\/p>\n<p>Meggan Friedman y Sam Valenzisi<\/p>\n<p>Suzanne Gignilliat y Tom Hinkes<\/p>\n<p>Levi y Wallis Larson<\/p>\n<p>Sonya Malunda y Charles Lampley<\/p>\n<p>Zanna y Aram Nikitas<\/p>\n<p>Heidi Ortolaza-Alvear y Andr\u00e9s Alvear<\/p>\n<p>Trisha Rooney<\/p>\n<p>Dra. Stephanie Ross<\/p>\n<p>Lynn Sasamoto y Todd Kurisu<\/p>\n<p>Daisie y Michael Siska<\/p>\n<p>Julia y Errett Van Nice<\/p>\n<p>Ger y Margo Wolf O&#039;Donnell<\/p>","protected":false},"excerpt":{"rendered":"<p>Inicio Donar Una primavera de oportunidades \u00a1Reserva la fecha y \u00fanete a nosotros! Una primavera de oportunidades Viernes, 3 de mayo de 2024 Four Seasons Hotel Chicago \u00danase a nosotros en Una primavera de oportunidades, un evento dedicado a celebrar la pr\u00f3xima generaci\u00f3n de l\u00edderes de Chicago y apoyarlos en sus trayectorias acad\u00e9micas. Esperamos que puedas ayudar a celebrar esto...<\/p>","protected":false},"author":7,"featured_media":3477,"parent":2056,"menu_order":4,"comment_status":"closed","ping_status":"closed","template":"","meta":{"_seopress_robots_primary_cat":"","_seopress_titles_title":"","_seopress_titles_desc":"","_seopress_robots_index":"","inline_featured_image":false,"footnotes":""},"class_list":["post-67","page","type-page","status-publish","has-post-thumbnail","hentry"],"_links":{"self":[{"href":"https:\/\/highjumpchicago.org\/es\/wp-json\/wp\/v2\/pages\/67","targetHints":{"allow":["GET"]}}],"collection":[{"href":"https:\/\/highjumpchicago.org\/es\/wp-json\/wp\/v2\/pages"}],"about":[{"href":"https:\/\/highjumpchicago.org\/es\/wp-json\/wp\/v2\/types\/page"}],"author":[{"embeddable":true,"href":"https:\/\/highjumpchicago.org\/es\/wp-json\/wp\/v2\/users\/7"}],"replies":[{"embeddable":true,"href":"https:\/\/highjumpchicago.org\/es\/wp-json\/wp\/v2\/comments?post=67"}],"version-history":[{"count":5,"href":"https:\/\/highjumpchicago.org\/es\/wp-json\/wp\/v2\/pages\/67\/revisions"}],"predecessor-version":[{"id":21442,"href":"https:\/\/highjumpchicago.org\/es\/wp-json\/wp\/v2\/pages\/67\/revisions\/21442"}],"up":[{"embeddable":true,"href":"https:\/\/highjumpchicago.org\/es\/wp-json\/wp\/v2\/pages\/2056"}],"wp:featuredmedia":[{"embeddable":true,"href":"https:\/\/highjumpchicago.org\/es\/wp-json\/wp\/v2\/media\/3477"}],"wp:attachment":[{"href":"https:\/\/highjumpchicago.org\/es\/wp-json\/wp\/v2\/media?parent=67"}],"curies":[{"name":"gracias","href":"https:\/\/api.w.org\/{rel}","templated":true}]}}