{"id":9720,"date":"2023-02-03T15:50:13","date_gmt":"2023-02-03T21:50:13","guid":{"rendered":"https:\/\/d46e648428.nxcli.io\/?page_id=9720"},"modified":"2023-02-03T15:51:43","modified_gmt":"2023-02-03T21:51:43","slug":"mobile-messaging-terms-and-conditions","status":"publish","type":"page","link":"https:\/\/highjumpchicago.org\/es\/mobile-messaging-terms-and-conditions\/","title":{"rendered":"T\u00e9rminos y condiciones de mensajer\u00eda m\u00f3vil"},"content":{"rendered":"<h1><strong>T\u00e9rminos y condiciones de mensajer\u00eda m\u00f3vil<\/strong><\/h1>\n<h4>\u00daltima actualizaci\u00f3n: 3 de febrero de 2023<\/h4>\n<p>High Jump Chicago opera un programa de mensajer\u00eda m\u00f3vil (el &quot;Programa&quot;) sujeto a estos T\u00e9rminos y condiciones de mensajer\u00eda m\u00f3vil (los &quot;T\u00e9rminos de mensajer\u00eda m\u00f3vil&quot;). El Programa y nuestra recopilaci\u00f3n y uso de su informaci\u00f3n personal tambi\u00e9n est\u00e1n sujetos a nuestra <a href=\"https:\/\/highjumpchicago.org\/es\/privacy-policy\/\">Pol\u00edtica de privacidad<\/a>. Al inscribirse, registrarse o aceptar participar en el Programa, usted acepta y est\u00e1 de acuerdo con estos T\u00e9rminos de mensajer\u00eda m\u00f3vil y nuestro <a href=\"https:\/\/highjumpchicago.org\/es\/privacy-policy\/\">Pol\u00edtica de privacidad<\/a>.<\/p>\n<ol>\n<li><strong>Descripci\u00f3n del programa:<\/strong> Podemos enviar mensajes m\u00f3viles promocionales y transaccionales en varios formatos a trav\u00e9s del Programa. Los mensajes promocionales anuncian y promocionan nuestros productos y servicios y pueden incluir recordatorios de aplicaciones, actualizaciones del programa High Jump y cualquier informaci\u00f3n relacionada con el programa High Jump. Mensajes transaccionales relacionados con una transacci\u00f3n existente o en curso y pueden incluir actualizaciones del estado de la solicitud, recordatorios de entrevistas, recordatorios de fechas l\u00edmite y cualquier informaci\u00f3n relacionada con el programa High Jump. Los mensajes m\u00f3viles pueden enviarse utilizando una tecnolog\u00eda automatizada, incluido un marcador autom\u00e1tico, un sistema automatizado o un sistema de marcaci\u00f3n telef\u00f3nica autom\u00e1tica. La frecuencia de los mensajes variar\u00e1 pero no exceder\u00e1 los 3 mensajes por mes. Usted acepta que nosotros, nuestros afiliados y cualquier proveedor de servicios de terceros podemos enviarle mensajes sobre los temas anteriores o cualquier tema y que dichos mensajes y\/o llamadas pueden realizarse o realizarse utilizando diferentes n\u00fameros de tel\u00e9fono o c\u00f3digos cortos. No cobramos por los mensajes m\u00f3viles enviados a trav\u00e9s del Programa, pero usted es responsable de las tarifas de mensajes y datos impuestas por su proveedor de telefon\u00eda m\u00f3vil, ya que pueden aplicarse tarifas de mensajes y datos est\u00e1ndar para alertas de SMS y MMS.<\/li>\n<li><strong>Opci\u00f3n de usuario:<\/strong> Al proporcionarnos su n\u00famero de tel\u00e9fono m\u00f3vil, usted se inscribe voluntariamente en el Programa y acepta recibir mensajes m\u00f3viles recurrentes de nuestra parte en el n\u00famero de tel\u00e9fono m\u00f3vil asociado con su suscripci\u00f3n, incluso si dicho n\u00famero est\u00e1 registrado en cualquier registro estatal o federal. Lista &quot;No llamar&quot;. Usted acepta que cualquier n\u00famero de tel\u00e9fono m\u00f3vil que nos proporcione es un n\u00famero de tel\u00e9fono m\u00f3vil v\u00e1lido del cual usted es el propietario o usuario autorizado. Si cambia su n\u00famero de tel\u00e9fono m\u00f3vil o ya no es el propietario o usuario autorizado del n\u00famero de tel\u00e9fono m\u00f3vil, acepta notificarnos de inmediato a <a href=\"mailto:apply@highjumpchicago.org\">apply@highjumpchicago.org<\/a>. No se requiere su participaci\u00f3n en el Programa para realizar ninguna compra con nosotros y su participaci\u00f3n en el Programa es completamente voluntaria.<\/li>\n<li><strong>Opci\u00f3n de exclusi\u00f3n del usuario y soporte:<\/strong> Puede darse de baja del Programa en cualquier momento. Si desea optar por no participar en el Programa y dejar de recibir nuestros mensajes m\u00f3viles, o si ya no acepta estos T\u00e9rminos de mensajer\u00eda m\u00f3vil, responda <strong>DETENER, SALIR, CANCELAR, EXCLUIR,<\/strong> y\/o <strong>BAJAR<\/strong> a cualquier mensaje m\u00f3vil de nosotros. Puede continuar recibiendo mensajes de texto durante un per\u00edodo breve mientras procesamos su solicitud y puede recibir un mensaje de confirmaci\u00f3n de exclusi\u00f3n por \u00fanica vez. Usted comprende y acepta que lo anterior es el \u00fanico m\u00e9todo razonable para optar por no participar. Para soporte, responde <strong>AYUDA<\/strong> a cualquier mensaje m\u00f3vil de nosotros. Es posible que nuestra plataforma de mensajer\u00eda m\u00f3vil no reconozca las solicitudes que modifican los comandos anteriores, y usted acepta que ni nosotros ni nuestros proveedores de servicios seremos responsables por no cumplir con las solicitudes que no cumplan con los requisitos de estos T\u00e9rminos de mensajer\u00eda m\u00f3vil. Tambi\u00e9n podemos cambiar el n\u00famero de tel\u00e9fono o el c\u00f3digo corto que usamos para operar el Programa y le notificaremos sobre dicho cambio. Usted reconoce que es posible que no recibamos ninguna solicitud enviada a un n\u00famero de tel\u00e9fono o c\u00f3digo corto que se haya cambiado y no seremos responsables de no cumplir con una solicitud enviada a un n\u00famero de tel\u00e9fono o c\u00f3digo corto que se haya cambiado.<\/li>\n<li><strong>Descargo de responsabilidad y garant\u00eda:<\/strong> El Programa se ofrece &quot;tal cual&quot; y es posible que no est\u00e9 disponible en todas las \u00e1reas, en todo momento o en todos los proveedores de telefon\u00eda m\u00f3vil. Usted acepta que ni nosotros ni nuestros proveedores de servicios seremos responsables de cualquier entrega fallida, retrasada o mal dirigida de cualquier mensaje m\u00f3vil o informaci\u00f3n enviada a trav\u00e9s del Programa.<\/li>\n<li><strong>Modificaciones:<\/strong> Podemos modificar o cancelar el Programa o cualquiera de sus caracter\u00edsticas en cualquier momento, con o sin previo aviso. En la medida permitida por la ley aplicable, tambi\u00e9n podemos modificar estos T\u00e9rminos de mensajer\u00eda m\u00f3vil en cualquier momento. Cualquier modificaci\u00f3n entrar\u00e1 en vigor cuando se publique en nuestro sitio web. Usted acepta revisar estos T\u00e9rminos de mensajer\u00eda m\u00f3vil peri\u00f3dicamente para asegurarse de estar al tanto de cualquier modificaci\u00f3n. Su participaci\u00f3n continua en el Programa constituir\u00e1 su aceptaci\u00f3n de dichas modificaciones.<\/li>\n<\/ol>","protected":false},"excerpt":{"rendered":"<p>T\u00e9rminos y condiciones de mensajer\u00eda m\u00f3vil \u00daltima actualizaci\u00f3n: 3 de febrero de 2023 High Jump Chicago opera un programa de mensajer\u00eda m\u00f3vil (el \u201cPrograma\u201d) sujeto a estos T\u00e9rminos y condiciones de mensajer\u00eda m\u00f3vil (los \u201cT\u00e9rminos de mensajer\u00eda m\u00f3vil\u201d). El Programa y nuestra recopilaci\u00f3n y uso de su informaci\u00f3n personal tambi\u00e9n est\u00e1n sujetos a nuestra Pol\u00edtica de Privacidad. Al inscribirse, registrarse o\u2026<\/p>","protected":false},"author":7,"featured_media":0,"parent":0,"menu_order":0,"comment_status":"closed","ping_status":"closed","template":"","meta":{"_seopress_robots_primary_cat":"","_seopress_titles_title":"","_seopress_titles_desc":"","_seopress_robots_index":"","inline_featured_image":false,"footnotes":""},"class_list":["post-9720","page","type-page","status-publish","hentry"],"_links":{"self":[{"href":"https:\/\/highjumpchicago.org\/es\/wp-json\/wp\/v2\/pages\/9720","targetHints":{"allow":["GET"]}}],"collection":[{"href":"https:\/\/highjumpchicago.org\/es\/wp-json\/wp\/v2\/pages"}],"about":[{"href":"https:\/\/highjumpchicago.org\/es\/wp-json\/wp\/v2\/types\/page"}],"author":[{"embeddable":true,"href":"https:\/\/highjumpchicago.org\/es\/wp-json\/wp\/v2\/users\/7"}],"replies":[{"embeddable":true,"href":"https:\/\/highjumpchicago.org\/es\/wp-json\/wp\/v2\/comments?post=9720"}],"version-history":[{"count":3,"href":"https:\/\/highjumpchicago.org\/es\/wp-json\/wp\/v2\/pages\/9720\/revisions"}],"predecessor-version":[{"id":9725,"href":"https:\/\/highjumpchicago.org\/es\/wp-json\/wp\/v2\/pages\/9720\/revisions\/9725"}],"wp:attachment":[{"href":"https:\/\/highjumpchicago.org\/es\/wp-json\/wp\/v2\/media?parent=9720"}],"curies":[{"name":"gracias","href":"https:\/\/api.w.org\/{rel}","templated":true}]}}