{"id":130,"date":"2018-10-18T03:26:52","date_gmt":"2018-10-18T03:26:52","guid":{"rendered":"https:\/\/d46e648428.nxcli.io\/about-layers\/"},"modified":"2024-12-11T15:25:45","modified_gmt":"2024-12-11T21:25:45","slug":"mission","status":"publish","type":"page","link":"https:\/\/highjumpchicago.org\/pl\/about\/mission\/","title":{"rendered":"Misja"},"content":{"rendered":"<nav  aria-label=\"bu\u0142ka tarta\"><ol itemscope itemtype=\"https:\/\/schema.org\/BreadcrumbList\"><li itemprop=\"itemListElement\" itemscope itemtype=\"https:\/\/schema.org\/ListItem\"><a itemscope itemtype=\"https:\/\/schema.org\/WebPage\" itemprop=\"item\" itemid=\"https:\/\/highjumpchicago.org\" href=\"https:\/\/highjumpchicago.org\/pl\/\">Dom<\/a><meta itemprop=\"position\" content=\"1\"\/><\/li><li itemprop=\"itemListElement\" itemscope itemtype=\"https:\/\/schema.org\/ListItem\"><a itemscope itemtype=\"https:\/\/schema.org\/WebPage\" itemprop=\"item\" itemid=\"https:\/\/highjumpchicago.org\/about\/\" href=\"https:\/\/highjumpchicago.org\/pl\/about\/\">O nas<\/a><meta itemprop=\"position\" content=\"2\"\/><\/li><li aria-current=\"page\" itemprop=\"itemListElement\" itemscope itemtype=\"https:\/\/schema.org\/ListItem\">Misja<meta itemprop=\"position\" content=\"3\"\/><\/li><\/ol><\/nav>\n<h1>\n\t\tW 1989 roku High Jump rozpocz\u0105\u0142 si\u0119 od jednej, pot\u0119\u017cnej misji:\n\t<\/h1>\n\t<h2>Zapewnienie r\u00f3wno\u015bci w edukacji dla uczni\u00f3w klas \u015brednich z Chicago, kt\u00f3rzy wykazali si\u0119 ambicjami i potencja\u0142em akademickim oraz kt\u00f3rzy maj\u0105 ograniczone \u015brodki finansowe.<\/h2>\n\t<p>Dzisiaj,<strong> ta misja jest silniejsza ni\u017c kiedykolwiek.<\/strong> Skok wzwy\u017c pozwala gimnazjalistom z Chicago sta\u0107 si\u0119 wszechstronnymi liderami dzi\u0119ki naszym szkoleniom <strong>programy bezp\u0142atne<\/strong> dzi\u0119ki unikalnym do\u015bwiadczeniom, zasobom i wsparciu edukacyjnemu <strong>dla ciekawskich i zmotywowanych<\/strong> <strong>uczniowie klas 7 i 8<\/strong> kt\u00f3rzy chc\u0105 rzuci\u0107 sobie wyzwanie akademickie.<\/p>\n\t<ul>\n\t\t<li>\t\t\t\t\n\t\t<h3>WZBOGACENIE AKADEMII<\/h3><p><strong>Zaawansowany<\/strong> matematyka, nauki \u015bcis\u0142e, literatura i nauki humanistyczne <strong>klasy<\/strong><\/p><\/li><li>\t\t\t\t\n\t\t<h3>NAUKA SPO\u0141ECZNO-EMOCJONALNA<\/h3><p><strong>\u015arodowisko wspieraj\u0105ce emocjonalnie<\/strong> kt\u00f3ra uczy umiej\u0119tno\u015bci pozapoznawczych potrzebnych do odniesienia sukcesu<\/p><\/li><li>\t\t\t\t\n\t\t<h3>WYB\u00d3R SZKO\u0141Y \u015aREDNIEJ<\/h3><p><strong>Wsparcie dla liceum<\/strong> w tym wniosk\u00f3w, pomocy finansowej i stypendi\u00f3w<\/p><\/li>\t<\/ul>\n\t<ul>\n\t\t<li>\t\t\t\t\n\t\t<h3>GIMNAZJUM<\/h3><p>Zobowi\u0105za\u0107 si\u0119 do <strong>dwa lata<\/strong> z <strong>bez czesnego<\/strong> wzbogacenie akademickie poprzez nasz program Scholars lub Community Scholars.<\/p><\/li><li>\t\t\t\t\n\t\t<h3>LICEUM<\/h3><p>Ci\u0105g\u0142e wzbogacenie akademickie, doradztwo i gotowo\u015b\u0107 do nauki w college&#039;u oraz umiej\u0119tno\u015b\u0107 korzystania z pomocy finansowej <strong>wsparcie<\/strong> Do <strong>dosta\u0107 si\u0119 na studia i je uko\u0144czy\u0107<\/strong>.<\/p><\/li><li>\t\t\t\t\n\t\t<h3>SZKO\u0141A WY\u017bSZA<\/h3><p><strong>Pozostawanie w kontakcie<\/strong> i poczuj wsparcie <strong>przez ca\u0142e studia<\/strong> z naszymi programami wsparcia absolwent\u00f3w.<\/p><\/li>\t<\/ul>\n\t\t\t\t<img loading=\"lazy\" decoding=\"async\" src=\"https:\/\/highjumpchicago.org\/wp-content\/uploads\/2021\/06\/HighJump_Graduation_2021-4703.jpg\" alt=\"student at moving up ceremony | High Jump Chicago\" itemprop=\"image\" height=\"1331\" width=\"2000\" title=\"HighJump_Graduation_2021-4703\" onerror=\"this.style.display='none'\"  \/>\n<h2>\n\t\tWspieranie naukowc\u00f3w od 1989 r.\n\t<\/h2>\n\t<p>Od 1989 roku High Jump kontynuuje swoj\u0105 misj\u0119, aby zlikwidowa\u0107 luk\u0119 w mo\u017cliwo\u015bciach edukacyjnych w Chicago i zapewni\u0107 d\u0142ugoterminowe sukcesy akademickie ambitnym gimnazjalistom. Sp\u00f3jrz na nasz\u0105 o\u015b czasu, aby zobaczy\u0107, jak High Jump od ponad 30 lat inspiruje kolejne pokolenie lider\u00f3w.<\/p>\n\t\t\t<a href=\"https:\/\/highjumpchicago.org\/pl\/history\/\" target=\"_self\">\n\t\t\t\t\t\t\tZobacz nasz\u0105 o\u015b czasu\n\t\t\t\t\t<\/a>\n\t<h1>Misja skoku wzwy\u017c<\/h1>\n\t<h2>High Jump wyr\u00f3wnuje dost\u0119p do edukacji dla uczni\u00f3w gimnazj\u00f3w w Chicago, kt\u00f3rzy wykazali si\u0119 ambicjami i potencja\u0142em akademickim oraz kt\u00f3rzy maj\u0105 ograniczone \u015brodki finansowe.<\/h2>\n\t<p>Zapewniamy wzbogacenie akademickie, doradztwo i wsparcie studentom z r\u00f3\u017cnych \u015brodowisk, maj\u0105c na celu wys\u0142anie naszych uczestnik\u00f3w do wy\u017cszych szk\u00f3\u0142 przygotowawczych do college&#039;u, zapewnienie im sukcesu podczas ich pobytu oraz zwi\u0119kszenie ich zdolno\u015bci do przyj\u0119cia na wysoko cenione czteroletnie uczelnie i uniwersytety.<\/p>\n<h2>\n\t\tPos\u0142uchaj naszego dyrektora wykonawczego\n\t<\/h2>\n\t<meta itemprop=\"name\" content=\"College Completion &amp; Program Growth - Celebration of High Jump\" \/><meta itemprop=\"uploadDate\" content=\"2022-05-09T00:00:00+00:00\" \/><meta itemprop=\"thumbnailUrl\" content=\"https:\/\/highjumpchicago.org\/wp-content\/uploads\/2022\/02\/Nate-screenshot.jpg\" \/><meta itemprop=\"description\" content=\"Hear from Nate Pietrini about the importance of college completion, the impact of our program on student outcomes, and what&#039;s in store for the future of High Jump.\" \/><meta itemprop=\"contentUrl\" content=\"https:\/\/youtu.be\/EMTXi6ujdcA\" \/><meta itemprop=\"embedUrl\" content=\"https:\/\/highjumpchicago.org\/about\/impact\/\" \/><iframe loading=\"lazy\" width=\"560\" height=\"315\" src=\"https:\/\/www.youtube.com\/embed\/EMTXi6ujdcA?rel=0\" title=\"Odtwarzacz wideo YouTube\" frameborder=\"0\" allow=\"accelerometer; autoplay; clipboard-write; encrypted-media; gyroscope; picture-in-picture\" allowfullscreen><\/iframe>\n<h1>\n\t\tRoczny raport ze skoku wzwy\u017c\n\t<\/h1>\n\t<div class=\"_df_book df-lite\" id=\"df_60754\"  _slug=\"high-jump-annual-report-2021-2022-2\" data-title=\"high-jump-annual-report-2022-2023\" wpoptions=\"true\" thumbtype=\"\" ><\/div><script class=\"df-shortcode-script\" nowprocket type=\"application\/javascript\">window.option_df_60754 = {\"outline\":[],\"backgroundColor\":\"#2cafa4\",\"autoEnableOutline\":\"false\",\"autoEnableThumbnail\":\"false\",\"overwritePDFOutline\":\"false\",\"direction\":\"1\",\"pageSize\":\"0\",\"source\":\"https:\\\/\\\/highjumpchicago.org\\\/wp-content\\\/uploads\\\/2024\\\/11\\\/High-Jump-Annual-Report-2022-2023.pdf\",\"wpOptions\":\"true\"}; if(window.DFLIP && window.DFLIP.parseBooks){window.DFLIP.parseBooks();}<\/script>","protected":false},"excerpt":{"rendered":"<p>Strona g\u0142\u00f3wna O nas Misja W 1989 roku High Jump rozpocz\u0105\u0142 swoj\u0105 dzia\u0142alno\u015b\u0107 od jednej, pot\u0119\u017cnej misji: zapewnienia r\u00f3wno\u015bci w edukacji uczniom klas \u015brednich z Chicago, kt\u00f3rzy wykazali si\u0119 ambicjami i potencja\u0142em akademickim oraz kt\u00f3rzy maj\u0105 ograniczone \u015brodki finansowe. Dzi\u015b ta misja jest silniejsza ni\u017c kiedykolwiek. Skok wzwy\u017c pozwala gimnazjalistom z Chicago sta\u0107 si\u0119 wszechstronnymi liderami\u2026<\/p>","protected":false},"author":7,"featured_media":5526,"parent":50,"menu_order":1,"comment_status":"closed","ping_status":"closed","template":"","meta":{"_seopress_robots_primary_cat":"","_seopress_titles_title":"","_seopress_titles_desc":"Equalizing access to education for Chicago middle school students who have exhibited academic ambition and potential and who are of limited economic means. ","_seopress_robots_index":"","inline_featured_image":false,"footnotes":""},"class_list":["post-130","page","type-page","status-publish","has-post-thumbnail","hentry"],"_links":{"self":[{"href":"https:\/\/highjumpchicago.org\/pl\/wp-json\/wp\/v2\/pages\/130","targetHints":{"allow":["GET"]}}],"collection":[{"href":"https:\/\/highjumpchicago.org\/pl\/wp-json\/wp\/v2\/pages"}],"about":[{"href":"https:\/\/highjumpchicago.org\/pl\/wp-json\/wp\/v2\/types\/page"}],"author":[{"embeddable":true,"href":"https:\/\/highjumpchicago.org\/pl\/wp-json\/wp\/v2\/users\/7"}],"replies":[{"embeddable":true,"href":"https:\/\/highjumpchicago.org\/pl\/wp-json\/wp\/v2\/comments?post=130"}],"version-history":[{"count":5,"href":"https:\/\/highjumpchicago.org\/pl\/wp-json\/wp\/v2\/pages\/130\/revisions"}],"predecessor-version":[{"id":69766,"href":"https:\/\/highjumpchicago.org\/pl\/wp-json\/wp\/v2\/pages\/130\/revisions\/69766"}],"up":[{"embeddable":true,"href":"https:\/\/highjumpchicago.org\/pl\/wp-json\/wp\/v2\/pages\/50"}],"wp:featuredmedia":[{"embeddable":true,"href":"https:\/\/highjumpchicago.org\/pl\/wp-json\/wp\/v2\/media\/5526"}],"wp:attachment":[{"href":"https:\/\/highjumpchicago.org\/pl\/wp-json\/wp\/v2\/media?parent=130"}],"curies":[{"name":"wp","href":"https:\/\/api.w.org\/{rel}","templated":true}]}}