{"id":131268,"date":"2025-11-03T16:29:22","date_gmt":"2025-11-03T22:29:22","guid":{"rendered":"https:\/\/highjumpchicago.org\/?page_id=131268"},"modified":"2025-11-17T17:57:02","modified_gmt":"2025-11-17T23:57:02","slug":"impact","status":"publish","type":"page","link":"https:\/\/highjumpchicago.org\/pl\/about\/impact\/","title":{"rendered":"Uderzenie"},"content":{"rendered":"<!-- Comment to fix spacing issue\n\t-->\n\t\t<h1>0<\/h1>Uczniowie\/Rok\n\t<!-- Comment to fix spacing issue\n\t-->\t\n\t\t<!-- Comment to fix spacing issue\n\t-->\n\t\t<h1>0%<\/h1>Uko\u0144czenie szko\u0142y \u015bredniej\n\t<!-- Comment to fix spacing issue\n\t-->\t\n\t\t<!-- Comment to fix spacing issue\n\t-->\n\t\t<h1>0%<\/h1>Kolegium Absolwent\u00f3w\n\t<!-- Comment to fix spacing issue\n\t-->\t\n\t\t<!-- Comment to fix spacing issue\n\t-->\n\t\t<h1>0<\/h1>Obs\u0142ugiwani absolwenci\n\t<!-- Comment to fix spacing issue\n\t-->\t\n\t<h1>Pos\u0142uchaj, co maj\u0105 do powiedzenia nasi naukowcy.<\/h1>\n<h1>\n\t\t\tWyr\u00f3wnywanie szans edukacyjnych i maksymalizacja szans uczni\u00f3w\t<\/h1>\n\t\t<meta itemprop=\"url\" content=\"https:\/\/highjumpchicago.org\/wp-content\/uploads\/2024\/09\/1-What-does-High-Jump-mean-to-you_-8th-Grade-SUBS.mp4\" \/><div style=\"width: 640px;\" class=\"wp-video\"><video muted class=\"wp-video-shortcode\" id=\"video-131268-1\" width=\"640\" height=\"360\" loop autoplay preload=\"metadata\" controls=\"controls\"><source type=\"video\/mp4\" src=\"https:\/\/highjumpchicago.org\/wp-content\/uploads\/2024\/09\/1-What-does-High-Jump-mean-to-you_-8th-Grade-SUBS.mp4?_=1\" \/><source type=\"video\/mp4\" src=\"https:\/\/highjumpchicago.org\/wp-content\/uploads\/2024\/09\/1-What-does-High-Jump-mean-to-you_-8th-Grade-SUBS.mp4?_=1\" \/><a href=\"https:\/\/highjumpchicago.org\/wp-content\/uploads\/2024\/09\/1-What-does-High-Jump-mean-to-you_-8th-Grade-SUBS.mp4\">https:\/\/highjumpchicago.org\/wp-content\/uploads\/2024\/09\/1-What-does-High-Jump-mean-to-you_-8th-Grade-SUBS.mp4<\/a><\/video><\/div>\t\n\t\t\t<a href=\"?campaign=524397\" target=\"_self\">\n\t\t\t\t\t\t\tWESPRZYJ STUDENT\u00d3W JU\u017b DZI\u015a\n\t\t\t\t\t<\/a>\n\t\t<!-- Comment to fix spacing issue\n\t-->\n\t\t<h1>0+<\/h1>Uprawnieni studenci ka\u017cdego roku\n\t<!-- Comment to fix spacing issue\n\t-->\t\n\t\t<!-- Comment to fix spacing issue\n\t-->\n\t\t<h1>0<\/h1>Studenci przes\u0142uchiwani\n\t<!-- Comment to fix spacing issue\n\t-->\t\n\t\t<!-- Comment to fix spacing issue\n\t-->\n\t\t<h1>0<\/h1>Przyj\u0119ci nowi uczeni (kohorta 35)\n\t<!-- Comment to fix spacing issue\n\t-->\t\n\t\t<!-- Comment to fix spacing issue\n\t-->\n\t\t<h1>0+<\/h1>Ca\u0142kowita liczba zarejestrowanych naukowc\u00f3w\n\t<!-- Comment to fix spacing issue\n\t-->\t\n\t<h1>Zobacz, co osi\u0105gn\u0119li absolwenci High Jump.<\/h1>\n\t\t\n\t\t\t<a href =\"https:\/\/highjumpchicago.org\/pl\/about\/history\/\" target=\"_self\"  aria-label=\"Kalendarium skoku wzwy\u017c Zobacz, co robili\u015bmy od 1989 roku.\">\n\t\t\t\t\t\t\t\tKalendarium skoku wzwy\u017c Zobacz, co robili\u015bmy od 1989 roku.\t\t\t\t\t\t\t\n\t\t\t\t\t\t<\/a>\n\t\t\t\t<img decoding=\"async\" src=\"https:\/\/highjumpchicago.org\/wp-content\/uploads\/2024\/09\/HighJump-Gala-050622-8207-e1726846611872.jpg\" alt=\"The High Jump Gala at the Four Seasons in Chicago, IL on Friday, May 6th, 2022. Photos by Jasmin Shah\" itemprop=\"image\" height=\"267\" width=\"267\" title=\"HighJump-Gala-050622-8207\" onerror=\"this.style.display='none'\" loading=\"lazy\" \/>\n\t<h3>\u201ePonad 3000 dzieci ucz\u0119szcza\u0142o lub ucz\u0119szcza do \u015bwietnych szk\u00f3\u0142 \u015brednich, kt\u00f3re stanowi\u0142y dla nich wyzwanie i przygotowywa\u0142y ich do nauki w wielu dobrych szko\u0142ach wy\u017cszych w ca\u0142ym kraju. Uko\u0144czy\u0142o je a\u017c 871 os\u00f3b\u201d.<\/h3>\n\t<h4>Eleanor Nicholson, <i>Za\u0142o\u017cyciel High Jump<\/i><\/h4>\n\t\t\t<a href=\"https:\/\/highjumpchicago.org\/pl\/founder-eleanor-nicholson-on-the-hope-that-launched-high-jump\/\" target=\"_self\">\n\t\t\t\t\t\t\tCZYTAJ WI\u0118CEJ: Za\u0142o\u017cycielka Eleanor Nicholson o nadziei, kt\u00f3ra da\u0142a pocz\u0105tek skokowi wzwy\u017c\n\t\t\t\t\t<\/a>\n\t<h1>\n\t\t\t\tWska\u017aniki uko\u0144czenia 4-letniego college&#039;u\n\t\t\t<\/h1>\n\t\t\t<p>87% stypendyst\u00f3w skoku wzwy\u017c ko\u0144czy czteroletnie kolegia w ci\u0105gu sze\u015bciu lat od uko\u0144czenia szko\u0142y \u015bredniej w por\u00f3wnaniu z 41% ich r\u00f3wie\u015bnik\u00f3w.<\/p>\t\n\t\t\t\t\t<h2>0%<\/h2>\t\t\t\t\n\t\t\tAbsolwenci skoku wzwy\u017c Kohorty 19-21*\t\n\t\t\t\t\t<h2>0%<\/h2>\t\t\t\t\n\t\t\tWszyscy studenci o niskich dochodach, kt\u00f3rzy maj\u0105 dobre wyniki w nauce w ca\u0142ym kraju\u2020\t\n\t\t\t\t\t<h2>0%<\/h2>\t\t\t\t\n\t\t\tWszyscy studenci o wysokich dochodach, posiadaj\u0105cy dobre wyniki w nauce\u2020 *<em>w ci\u0105gu sze\u015bciu lat od uko\u0144czenia szko\u0142y \u015bredniej<\/em><br \/>\n\u2020<em>w ci\u0105gu o\u015bmiu lat od uko\u0144czenia szko\u0142y \u015bredniej<\/em>\n\t\t\t\t<img decoding=\"async\" src=\"https:\/\/highjumpchicago.org\/wp-content\/uploads\/2025\/10\/HighJump-CollegeGrad-image7-1024x683-1.jpg\" alt=\"HighJump-CollegeGrad-image7-1024x683\" itemprop=\"image\" height=\"683\" width=\"1024\" title=\"HighJump-CollegeGrad-image7-1024x683\" onerror=\"this.style.display='none'\" loading=\"lazy\" \/>\n<h1>\n\t\t\tRoczny raport ze skoku wzwy\u017c\t<\/h1>\n\t<div class=\"_df_book df-lite\" id=\"df_130391\"  _slug=\"high-jump-annual-report\" data-title=\"high-jump-annual-report-2023-2024\" wpoptions=\"true\" thumb=\"https:\/\/highjumpchicago.org\/wp-content\/uploads\/2025\/10\/Thumbnail-High-Jump-Annual-Report-2023-2024_Page_01.jpg\" thumbtype=\"\" ><\/div><script class=\"df-shortcode-script\" nowprocket type=\"application\/javascript\">window.option_df_130391 = {\"outline\":[],\"backgroundColor\":\"#2cafa4\",\"autoEnableOutline\":\"false\",\"autoEnableThumbnail\":\"false\",\"overwritePDFOutline\":\"false\",\"direction\":\"1\",\"pageSize\":\"0\",\"source\":\"https:\\\/\\\/highjumpchicago.org\\\/wp-content\\\/uploads\\\/2025\\\/10\\\/High-Jump-Annual-Report-2023-2024.pdf\",\"wpOptions\":\"true\"}; if(window.DFLIP && window.DFLIP.parseBooks){window.DFLIP.parseBooks();}<\/script>","protected":false},"excerpt":{"rendered":"<p>0 stypendyst\u00f3w\/rok 0% Uko\u0144czenie szko\u0142y \u015bredniej 0% Studia podyplomowe 0 absolwent\u00f3w, kt\u00f3rzy odbyli sta\u017c Pos\u0142uchaj, co maj\u0105 do powiedzenia nasi stypendy\u015bci. Wyr\u00f3wnywanie szans edukacyjnych i maksymalizacja szans dla uczni\u00f3w. WESPRZYJ DAROWIZN\u0118 JU\u017b DZI\u015a, ABY wesprze\u0107 uczni\u00f3w. Ponad 0 kwalifikuj\u0105cych si\u0119 uczni\u00f3w ka\u017cdego roku. 0 przes\u0142uchanych uczni\u00f3w. 0 nowych przyj\u0119tych stypendyst\u00f3w (grupa 35). Ponad 0 zapisanych stypendyst\u00f3w. Zobacz, co absolwenci High Jump\u2026<\/p>","protected":false},"author":7,"featured_media":50918,"parent":50,"menu_order":0,"comment_status":"closed","ping_status":"closed","template":"","meta":{"_seopress_robots_primary_cat":"","_seopress_titles_title":"","_seopress_titles_desc":"","_seopress_robots_index":"","inline_featured_image":false,"footnotes":""},"class_list":["post-131268","page","type-page","status-publish","has-post-thumbnail","hentry"],"_links":{"self":[{"href":"https:\/\/highjumpchicago.org\/pl\/wp-json\/wp\/v2\/pages\/131268","targetHints":{"allow":["GET"]}}],"collection":[{"href":"https:\/\/highjumpchicago.org\/pl\/wp-json\/wp\/v2\/pages"}],"about":[{"href":"https:\/\/highjumpchicago.org\/pl\/wp-json\/wp\/v2\/types\/page"}],"author":[{"embeddable":true,"href":"https:\/\/highjumpchicago.org\/pl\/wp-json\/wp\/v2\/users\/7"}],"replies":[{"embeddable":true,"href":"https:\/\/highjumpchicago.org\/pl\/wp-json\/wp\/v2\/comments?post=131268"}],"version-history":[{"count":5,"href":"https:\/\/highjumpchicago.org\/pl\/wp-json\/wp\/v2\/pages\/131268\/revisions"}],"predecessor-version":[{"id":133256,"href":"https:\/\/highjumpchicago.org\/pl\/wp-json\/wp\/v2\/pages\/131268\/revisions\/133256"}],"up":[{"embeddable":true,"href":"https:\/\/highjumpchicago.org\/pl\/wp-json\/wp\/v2\/pages\/50"}],"wp:featuredmedia":[{"embeddable":true,"href":"https:\/\/highjumpchicago.org\/pl\/wp-json\/wp\/v2\/media\/50918"}],"wp:attachment":[{"href":"https:\/\/highjumpchicago.org\/pl\/wp-json\/wp\/v2\/media?parent=131268"}],"curies":[{"name":"wp","href":"https:\/\/api.w.org\/{rel}","templated":true}]}}