{"id":1317,"date":"2019-06-13T18:26:40","date_gmt":"2019-06-13T18:26:40","guid":{"rendered":"https:\/\/d46e648428.nxcli.io\/?page_id=1317"},"modified":"2024-09-20T13:13:03","modified_gmt":"2024-09-20T18:13:03","slug":"media","status":"publish","type":"page","link":"https:\/\/highjumpchicago.org\/pl\/about\/media\/","title":{"rendered":"G\u0142oska bezd\u017awi\u0119czna"},"content":{"rendered":"<nav  aria-label=\"bu\u0142ka tarta\"><ol itemscope itemtype=\"https:\/\/schema.org\/BreadcrumbList\"><li itemprop=\"itemListElement\" itemscope itemtype=\"https:\/\/schema.org\/ListItem\"><a itemscope itemtype=\"https:\/\/schema.org\/WebPage\" itemprop=\"item\" itemid=\"https:\/\/highjumpchicago.org\" href=\"https:\/\/highjumpchicago.org\/pl\/\">Dom<\/a><meta itemprop=\"position\" content=\"1\"\/><\/li><li itemprop=\"itemListElement\" itemscope itemtype=\"https:\/\/schema.org\/ListItem\"><a itemscope itemtype=\"https:\/\/schema.org\/WebPage\" itemprop=\"item\" itemid=\"https:\/\/highjumpchicago.org\/about\/\" href=\"https:\/\/highjumpchicago.org\/pl\/about\/\">O nas<\/a><meta itemprop=\"position\" content=\"2\"\/><\/li><li aria-current=\"page\" itemprop=\"itemListElement\" itemscope itemtype=\"https:\/\/schema.org\/ListItem\">G\u0142oska bezd\u017awi\u0119czna<meta itemprop=\"position\" content=\"3\"\/><\/li><\/ol><\/nav>\n\t<h3>Dodaj\u0105c naukowcom pewno\u015bci siebie, by podejmowa\u0107 ryzyko i realizowa\u0107 swoje marzenia, ludzie zaczynaj\u0105 m\u00f3wi\u0107.<\/h3>\n<h2>Zobacz, co m\u00f3wi\u0105 ludzie.<\/h2>\n<h1>\n\t\tSkok wzwy\u017c w wiadomo\u015bciach\n\t<\/h1>\n\t<p><a href=\"https:\/\/mlchicagosocial.com\/high-jump-spring-benefit-2024\">Nowoczesny luksus | Chicago Social \u2013 Spring Of Opportunity Benefit zbiera ponad 1 milion na programy skok\u00f3w wzwy\u017c<\/a> (pa\u017adziernik 2024)<\/p>\n<p><a href=\"https:\/\/www.wbez.org\/stories\/chicago-education-advocates-on-leading-schools-through-the-age-of-mass-shootings\/e2ce09bd-c571-4854-988a-27d0f1a69bc9\" target=\"_blank\" rel=\"noopener\">WBEZ Chicago \u2013 edukacja w Chicago opowiada si\u0119 za prowadzeniem szk\u00f3\u0142 w epoce masowych strzelanin<\/a> (marzec 2023)<\/p>\n<p><a href=\"https:\/\/www.wbez.org\/stories\/change-is-coming-to-chicagos-high-stakes-high-stress-high-school-admissions-process\/db8feebf-e0c9-4e56-aee3-c62c9c8f168d\" target=\"_blank\" rel=\"noopener\">WBEZ Chicago \u2013 Nadchodz\u0105 zmiany w wymagaj\u0105cym wysokiego ryzyka i stresuj\u0105cym procesie rekrutacji do szk\u00f3\u0142 \u015brednich w Chicago<\/a> (pa\u017adziernik 2021)<\/p>\n<p><a href=\"https:\/\/www.chicagotribune.com\/opinion\/commentary\/ct-opinion-teachers-vaccination-covid-19-students-low-rate-20211014-lgbo6b2bpvh2dcwmpn7kl53rkq-story.html\" target=\"_blank\" rel=\"noopener\">Chicago Tribune \u2013 Op-ed: Nauczyciele, dyrektorzy i pracownicy szk\u00f3\u0142 powinni przewodzi\u0107 dzia\u0142aniom na rzecz szczepie\u0144 uczni\u00f3w<\/a> (pa\u017adziernik 2021)<\/p>\n<p><a href=\"https:\/\/twitter.com\/MikePuenteNews\/status\/1416470422065930241\" target=\"_blank\" rel=\"noopener\">WBEZ Chicago \u2013 Wydarzenie dotycz\u0105ce szczepie\u0144 w Centrum M\u0142odzie\u017cowym Gary&#039;ego Comera<\/a> (lipiec 2021)<\/p>\n<p><a href=\"https:\/\/www.nbcchicago.com\/news\/coronavirus\/as-covid-cases-rise-community-leaders-look-to-boost-vaccination-numbers\/2557427\/\" target=\"_blank\" rel=\"noopener\">NBC Chicago \u2013 W miar\u0119 wzrostu liczby przypadk\u00f3w Covid-19 liderzy spo\u0142eczno\u015bci staraj\u0105 si\u0119 zwi\u0119kszy\u0107 liczb\u0119 szczepie\u0144<\/a> (lipiec 2021)<\/p>\n<p><a href=\"https:\/\/highjumpchicago.org\/pl\/will-the-pandemic-reshape-chicagos-high-stress-high-school-applications\/\" target=\"_blank\" rel=\"noopener\">Chalkbeat Chicago \u2013 <em>Czy pandemia zmieni spos\u00f3b sk\u0142adania aplikacji do szk\u00f3\u0142 \u015brednich w Chicago, w kt\u00f3rych obowi\u0105zuj\u0105 du\u017ce stresy?<\/em> <\/a>(kwiecie\u0144 2021)<\/p>\n<p><a href=\"https:\/\/www.youtube.com\/watch?v=nNmU8rG5YdI&amp;feature=youtu.be\" target=\"_blank\" rel=\"noopener\">ABC 7 Chicago \u2013 <em>Absolwentka skoku wzwy\u017c I&#039;deyah Ricketts w specjalnym programie ABC 7 Chicago Graduation 2020 \u201eThe After Party\u201d <\/em><\/a>(czerwiec 2020)<\/p>\n<p><a href=\"http:\/\/latinschool.uberflip.com\/i\/1209300-latin-magazine-winter-2020\/27?m4=\" target=\"_blank\" rel=\"noopener\">Magazyn \u0141aci\u0144ski \u2013 <em>Trzydzie\u015bci lat i wci\u0105\u017c ro\u015bnie: trwa\u0142y wp\u0142yw skoku wzwy\u017c<\/em> <\/a>(Zima 2020)<\/p>\n<p><a href=\"https:\/\/uhighmidway.com\/5648\/features\/education-program-gives-students-a-boost\/\" target=\"_blank\" rel=\"noopener\">U-High Midway \u2013 <em>Program edukacyjny daje uczniom impuls<\/em><\/a> (grudzie\u0144 2019)<\/p>\n<p><a href=\"https:\/\/abc7chicago.com\/education\/high-jump-program-gives-chicago-middle-schoolers-tuition-free-academic-resources\/5380120\/\" target=\"_blank\" rel=\"noopener\">ABC 7 Chicago \u2013 <em>Program High Jump zapewnia gimnazjalistom z Chicago bezp\u0142atne zasoby akademickie<\/em> <\/a>(lipiec 2019)<\/p>\n<p><a href=\"https:\/\/www.classicchicagomagazine.com\/high-jump-celebrates-young-leaders\/\" target=\"_blank\" rel=\"noopener\">Klasyczne Chicago \u2013 <em>Skok wzwy\u017c \u015bwi\u0119tuje m\u0142odych lider\u00f3w<\/em><\/a><em>\u00a0<\/em>(maj 2019)<\/p>\n<p><a href=\"https:\/\/educationpost.org\/what-every-first-gen-student-needs-to-know-about-attending-a-predominately-white-institution\/\" target=\"_blank\" rel=\"noopener\">Poczta edukacyjna \u2013 <em>Absolwent skoku wzwy\u017c DJ Loma List do uczni\u00f3w pierwszej generacji<\/em><\/a>\u00a0(maj 2019)<\/p>\n<p><a href=\"https:\/\/www.bestcolleges.com\/perspectives\/first-generation-students\/\" target=\"_blank\" rel=\"noopener\">Najlepsze uczelnie: <em>Jak wspiera\u0107 uczni\u00f3w pierwszej generacji<\/em><\/a> (maj 2019)<\/p>\n<p><a href=\"https:\/\/www.chalkbeat.org\/posts\/chicago\/2019\/04\/11\/no-selective-enrollment-offers-second-choices\/?utm_source=republish&amp;utm_medium=web&amp;utm_campaign=republish\" target=\"_blank\" rel=\"noopener\">Kredowy rytm \u2013 <em>Dzie\u0144 decyzji: Co si\u0119 stanie, je\u015bli uczniowie nie dostan\u0105 si\u0119 do szko\u0142y \u015bredniej pierwszego wyboru w Chicago<\/em><\/a> (kwiecie\u0144 2019)<\/p>\n<hr \/>\n<p>&nbsp;<\/p>\n<h1>\n\t\tKomunikaty prasowe\n\t<\/h1>\n\t<p><a href=\"https:\/\/highjumpchicago.org\/wp-content\/uploads\/2024\/09\/High-Jump-Press-Release-35th-Anniversary.pdf\">High Jump \u015bwi\u0119tuje 35-lecie wyr\u00f3wnywania szans edukacyjnych i maksymalizacji szans dla student\u00f3w<\/a> (19 wrze\u015bnia 2024)<\/p>\n<p><a href=\"https:\/\/highjumpchicago.org\/wp-content\/uploads\/2024\/09\/High-Jump-Press-Release-Community-Scholars-Adopted.pdf\">High Jump wsp\u00f3\u0142pracuje ze szko\u0142ami publicznymi w Chicago na rzecz uczni\u00f3w ze spo\u0142eczno\u015bci<\/a> (11 wrze\u015bnia 2024)<\/p>\n<p><a href=\"https:\/\/highjumpchicago.org\/wp-content\/uploads\/2024\/09\/High-Jump-Statement-on-Supreme-Courts-Strike-Down-of-Affirmative-Action.pdf\">O\u015bwiadczenie High Jump Chicago w sprawie uniewa\u017cnienia przez S\u0105d Najwy\u017cszy akcji afirmatywnej<\/a> (30 czerwca 2023)<\/p>\n<p><a href=\"https:\/\/highjumpchicago.org\/wp-content\/uploads\/2022\/08\/Chi-Biz-Strong-Grant-Program.pdf\">Miasto Chicago og\u0142asza laureat\u00f3w grantu Non-profit Chi Biz Strong<\/a> (stycze\u0144 2022)<\/p>\n<a href=\"https:\/\/highjumpchicago.org\/wp-content\/uploads\/2021\/08\/LGC-announces-Class-of-2022-Fellowsfinal.pdf\" target=\"_blank\" rel=\"noopener noreferrer\">Leadership Greater Chicago (LGC) og\u0142asza Klas\u0119 Lider\u00f3w Obywatelskich 2022<br \/>\nCHICAGO, IL<\/a> (20 lipca 2021)\n<p><a href=\"https:\/\/highjumpchicago.org\/wp-content\/uploads\/2019\/07\/High-Jump-Aim-High-Press-Release-.pdf\" target=\"_blank\" rel=\"noopener noreferrer\">New York Life Foundation przyznaje grant w wysoko\u015bci $50 000 na program skok\u00f3w wzwy\u017c<\/a> (lipiec 2019)<\/p>\n<hr \/>\n<p>&nbsp;<\/p>\n\t<h1>Zapytania dla medi\u00f3w<\/h1>\n<p><em>Skontaktuj si\u0119 z Tammi Longsjo pod numerem tel <a href=\"mailto:tlongsjo@highjumpchicago.org\">tlongsjo@highjumpchicago.org<\/a> lub (312) 582-7713.<\/em><\/p>","protected":false},"excerpt":{"rendered":"<p>Strona g\u0142\u00f3wna O nas Media Wzmacnianie uczonych pewno\u015bci\u0105 siebie, by podejmowali ryzyko i realizowali swoje marzenia, sprawia, \u017ce ludzie o tym m\u00f3wi\u0105. Zobacz, co m\u00f3wi\u0105 ludzie. Skok wzwy\u017c w wiadomo\u015bciach Nowoczesny luksus | Chicago Social \u2013 Spring Of Opportunity Benefit zbiera ponad 1 milion na programy skoku wzwy\u017c (pa\u017adziernik 2024) WBEZ Chicago \u2013 Chicagowscy zwolennicy edukacji\u2026<\/p>","protected":false},"author":8,"featured_media":0,"parent":50,"menu_order":6,"comment_status":"closed","ping_status":"closed","template":"","meta":{"_seopress_robots_primary_cat":"","_seopress_titles_title":"","_seopress_titles_desc":"","_seopress_robots_index":"","inline_featured_image":false,"footnotes":""},"class_list":["post-1317","page","type-page","status-publish","hentry"],"_links":{"self":[{"href":"https:\/\/highjumpchicago.org\/pl\/wp-json\/wp\/v2\/pages\/1317","targetHints":{"allow":["GET"]}}],"collection":[{"href":"https:\/\/highjumpchicago.org\/pl\/wp-json\/wp\/v2\/pages"}],"about":[{"href":"https:\/\/highjumpchicago.org\/pl\/wp-json\/wp\/v2\/types\/page"}],"author":[{"embeddable":true,"href":"https:\/\/highjumpchicago.org\/pl\/wp-json\/wp\/v2\/users\/8"}],"replies":[{"embeddable":true,"href":"https:\/\/highjumpchicago.org\/pl\/wp-json\/wp\/v2\/comments?post=1317"}],"version-history":[{"count":5,"href":"https:\/\/highjumpchicago.org\/pl\/wp-json\/wp\/v2\/pages\/1317\/revisions"}],"predecessor-version":[{"id":52160,"href":"https:\/\/highjumpchicago.org\/pl\/wp-json\/wp\/v2\/pages\/1317\/revisions\/52160"}],"up":[{"embeddable":true,"href":"https:\/\/highjumpchicago.org\/pl\/wp-json\/wp\/v2\/pages\/50"}],"wp:attachment":[{"href":"https:\/\/highjumpchicago.org\/pl\/wp-json\/wp\/v2\/media?parent=1317"}],"curies":[{"name":"wp","href":"https:\/\/api.w.org\/{rel}","templated":true}]}}