{"id":1588,"date":"2019-08-07T19:32:47","date_gmt":"2019-08-08T00:32:47","guid":{"rendered":"https:\/\/d46e648428.nxcli.io\/?page_id=1588"},"modified":"2022-11-03T09:26:16","modified_gmt":"2022-11-03T14:26:16","slug":"virtual-tour","status":"publish","type":"page","link":"https:\/\/highjumpchicago.org\/pl\/our-programs\/virtual-tour\/","title":{"rendered":"Wirtualna podr\u00f3\u017c"},"content":{"rendered":"<nav aria-label=\"bu\u0142ka tarta\"><ol itemscope=\"\" itemtype=\"https:\/\/schema.org\/BreadcrumbList\"><li itemprop=\"itemListElement\" itemscope=\"\" itemtype=\"https:\/\/schema.org\/ListItem\"><a itemscope=\"\" itemtype=\"http:\/\/schema.org\/WebPage\" itemprop=\"item\" itemid=\"https:\/\/highjumpchicago.org\" href=\"https:\/\/highjumpchicago.org\/pl\/\">Dom<\/a><meta itemprop=\"position\" content=\"1\"><\/li><li itemprop=\"itemListElement\" itemscope=\"\" itemtype=\"https:\/\/schema.org\/ListItem\"><a itemscope=\"\" itemtype=\"http:\/\/schema.org\/WebPage\" itemprop=\"item\" itemid=\"https:\/\/highjumpchicago.org\/program-overview\/\" href=\"https:\/\/highjumpchicago.org\/pl\/program-overview\/\">Nasze programy<\/a><meta itemprop=\"position\" content=\"2\"><\/li><li aria-current=\"page\" itemprop=\"itemListElement\" itemscope=\"\" itemtype=\"https:\/\/schema.org\/ListItem\">Wirtualna podr\u00f3\u017c<meta itemprop=\"position\" content=\"3\"><\/li><\/ol><\/nav><h3>\n\t\tWybierz si\u0119 na wycieczk\u0119 klasow\u0105\n\t<\/h3>\n\t<h4>Obejrzyj te filmy, aby zobaczy\u0107, jak wygl\u0105daj\u0105 zaj\u0119cia ze skoku wzwy\u017c.<\/h4>\n\t\t<a href=\"https:\/\/highjumpchicago.org\/pl\/program-overview\/virtual-tour\/virtual-tour-chemistry-lab\/\" target=\"_self\" rel=\"noopener\">\n\t\t\t\t\t\t\t\t\t\t\t<img decoding=\"async\" src=\"https:\/\/highjumpchicago.org\/wp-content\/uploads\/2020\/05\/HighJump_080214_143-crop.jpg\" alt=\"HighJump_080214_143-crop\">\n\t\t\t\t\t<p>Uczeni badaj\u0105 koncepcje zmian fizycznych i chemicznych, reakcje chemiczne, struktur\u0119 atomow\u0105 i nie tylko. Ucz\u0105 si\u0119 obserwowa\u0107 i rejestrowa\u0107 dane, analizowa\u0107 wyniki i skutecznie przekazywa\u0107 swoje odkrycia poprzez praktyczne laboratoria.<\/p>\t\t\t\t\t\n\t\t\t\t\t\t<h3>\n\t\t\t\t\t\tChemia\t\t<\/h3>\n\t\t<\/a>\n\t\t<a href=\"https:\/\/highjumpchicago.org\/pl\/program-overview\/virtual-tour\/virtual-tour-biology-dissections\/\" target=\"_self\" rel=\"noopener\">\n\t\t\t\t\t\t\t\t\t\t\t<img decoding=\"async\" src=\"https:\/\/highjumpchicago.org\/wp-content\/uploads\/2018\/11\/curriculum-1-e1566316882346.jpg\" alt=\"High Jump Chicago\">\n\t\t\t\t\t<p>Uczeni uzyskuj\u0105 obszerny przegl\u0105d kom\u00f3rek, dziedziczno\u015bci i klasyfikacji, zanim przejd\u0105 do system\u00f3w ludzkiego cia\u0142a i zdrowia. \u0106wicz\u0105 projektowanie laboratori\u00f3w, przeprowadzaj\u0105 eksperymenty i przeprowadzaj\u0105 sekcje zwierz\u0105t.<\/p>\t\t\t\t\t\n\t\t\t\t\t\t<h3>\n\t\t\t\t\t\tBiologia\t\t<\/h3>\n\t\t<\/a>\n\t\t<a href=\"https:\/\/highjumpchicago.org\/pl\/program-overview\/virtual-tour\/virtual-tour-issues-and-ideas\/\" target=\"_self\" rel=\"noopener\">\n\t\t\t\t\t\t\t\t\t\t\t<img decoding=\"async\" src=\"https:\/\/highjumpchicago.org\/wp-content\/uploads\/2019\/08\/HighJump-031117-8350-1024x683.jpg\" alt=\"Issues and Ideas\">\n\t\t\t\t\t<p>Na tym wyj\u0105tkowym kursie skoku wzwy\u017c uczeni badaj\u0105 kwestie spo\u0142eczne, polityczne, gospodarcze i \u015brodowiskowe, kt\u00f3re kszta\u0142tuj\u0105 nasz \u015bwiat. Ucz\u0105 si\u0119 analizowa\u0107 i rozumie\u0107 perspektywy, rozwija\u0107 krytyczne my\u015blenie i omawia\u0107, w jaki spos\u00f3b wydarzenia, zasady i problemy wp\u0142ywaj\u0105 na ich to\u017csamo\u015b\u0107 i uczestnictwo w spo\u0142ecze\u0144stwie.<\/p>\t\t\t\t\t\n\t\t\t\t\t\t<h3>\n\t\t\t\t\t\tProblemy i pomys\u0142y\t\t<\/h3>\n\t\t<\/a>\n<h1>\n\t\tPos\u0142uchaj wypowiedzi stypendyst\u00f3w gimnazjum z Chicago\n\t<\/h1>\n\t<iframe loading=\"lazy\" src=\"https:\/\/www.youtube.com\/embed\/Hrggr97NnC8\" width=\"560\" height=\"315\" frameborder=\"0\" allowfullscreen=\"allowfullscreen\"><\/iframe>","protected":false},"excerpt":{"rendered":"<p>Strona g\u0142\u00f3wna Nasze programy Wirtualna wycieczka Wybierz si\u0119 na wycieczk\u0119 klasow\u0105 Obejrzyj te filmy, aby zobaczy\u0107, jak wygl\u0105daj\u0105 zaj\u0119cia w skoku wzwy\u017c. Uczeni badaj\u0105 koncepcje zmian fizycznych i chemicznych, reakcje chemiczne, struktur\u0119 atomow\u0105 i nie tylko. Ucz\u0105 si\u0119 obserwowa\u0107 i rejestrowa\u0107 dane, analizowa\u0107 wyniki i skutecznie przekazywa\u0107 swoje ustalenia za pomoc\u0105 praktycznych laboratori\u00f3w. Chemia\u2026<\/p>","protected":false},"author":8,"featured_media":0,"parent":52,"menu_order":0,"comment_status":"closed","ping_status":"closed","template":"","meta":{"_seopress_robots_primary_cat":"","_seopress_titles_title":"","_seopress_titles_desc":"","_seopress_robots_index":"","inline_featured_image":false,"footnotes":""},"class_list":["post-1588","page","type-page","status-publish","hentry"],"_links":{"self":[{"href":"https:\/\/highjumpchicago.org\/pl\/wp-json\/wp\/v2\/pages\/1588","targetHints":{"allow":["GET"]}}],"collection":[{"href":"https:\/\/highjumpchicago.org\/pl\/wp-json\/wp\/v2\/pages"}],"about":[{"href":"https:\/\/highjumpchicago.org\/pl\/wp-json\/wp\/v2\/types\/page"}],"author":[{"embeddable":true,"href":"https:\/\/highjumpchicago.org\/pl\/wp-json\/wp\/v2\/users\/8"}],"replies":[{"embeddable":true,"href":"https:\/\/highjumpchicago.org\/pl\/wp-json\/wp\/v2\/comments?post=1588"}],"version-history":[{"count":5,"href":"https:\/\/highjumpchicago.org\/pl\/wp-json\/wp\/v2\/pages\/1588\/revisions"}],"predecessor-version":[{"id":5570,"href":"https:\/\/highjumpchicago.org\/pl\/wp-json\/wp\/v2\/pages\/1588\/revisions\/5570"}],"up":[{"embeddable":true,"href":"https:\/\/highjumpchicago.org\/pl\/wp-json\/wp\/v2\/pages\/52"}],"wp:attachment":[{"href":"https:\/\/highjumpchicago.org\/pl\/wp-json\/wp\/v2\/media?parent=1588"}],"curies":[{"name":"wp","href":"https:\/\/api.w.org\/{rel}","templated":true}]}}