{"id":16037,"date":"2023-07-12T15:38:40","date_gmt":"2023-07-12T20:38:40","guid":{"rendered":"https:\/\/d46e648428.nxcli.io\/?page_id=16037"},"modified":"2023-07-12T16:17:17","modified_gmt":"2023-07-12T21:17:17","slug":"weve-moved","status":"publish","type":"page","link":"https:\/\/highjumpchicago.org\/pl\/weve-moved\/","title":{"rendered":"Przeprowadzili\u015bmy si\u0119"},"content":{"rendered":"<nav aria-label=\"bu\u0142ka tarta\"><ol itemscope=\"\" itemtype=\"https:\/\/schema.org\/BreadcrumbList\"><li itemprop=\"itemListElement\" itemscope=\"\" itemtype=\"https:\/\/schema.org\/ListItem\"><a itemscope=\"\" itemtype=\"http:\/\/schema.org\/WebPage\" itemprop=\"item\" itemid=\"https:\/\/highjumpchicago.org\" href=\"https:\/\/highjumpchicago.org\/pl\/\">Dom<\/a><meta itemprop=\"position\" content=\"1\"><\/li><li aria-current=\"page\" itemprop=\"itemListElement\" itemscope=\"\" itemtype=\"https:\/\/schema.org\/ListItem\">Przeprowadzili\u015bmy si\u0119<meta itemprop=\"position\" content=\"2\"><\/li><\/ol><\/nav>\n\t<h2>Dlaczego si\u0119 przeprowadzili\u015bmy? (kr\u00f3tka odpowied\u017a):<\/h2>\n<p><strong>Co si\u0119 poruszy\u0142o?<\/strong> Biura administracyjne Skoku wzwy\u017c<\/p>\n<p><strong>Gdzie si\u0119 przenie\u015bli\u015bmy?<\/strong> 820 W Jackson Blvd, Suite 310, Chicago, IL 60607<\/p>\n<p><strong>Czy programowanie w skoku wzwy\u017c jest w ruchu?<\/strong> Nie, przenosz\u0105 si\u0119 tylko nasze biura administracyjne. Nasz <a href=\"https:\/\/highjumpchicago.org\/pl\/our-programs\/scholars\/\">uczeni<\/a> nadal b\u0119dzie odbywa\u0107 si\u0119 w Latin School of Chicago, Francis W. Parker School i University of Chicago Laboratory Schools<\/p>\n<p><strong>Kiedy si\u0119 przeprowadzili\u015bmy?<\/strong> Przeprowadzka nast\u0105pi\u0142a w maju\/czerwcu, a oficjalna zmiana adresu nast\u0105pi\u0142a 1 lipca 2023 r.<\/p>\n<p><strong>Dlaczego si\u0119 przeprowadzili\u015bmy?<\/strong> Przekroczyli\u015bmy przestrze\u0144 i mo\u017cliwo\u015bci wsparcia naszej poprzedniej lokalizacji. Skok wzwy\u017c <a href=\"https:\/\/highjumpchicago.org\/pl\/about\/history\/\">historia<\/a> to sukces i rozw\u00f3j. Przeczytaj d\u0142ug\u0105 odpowied\u017a poni\u017cej, aby dowiedzie\u0107 si\u0119 wi\u0119cej o ewolucji skoku wzwy\u017c.<\/p>\n\t<h2>Dlaczego si\u0119 przeprowadzili\u015bmy? (d\u0142uga odpowied\u017a):<\/h2>\n<p><strong>Przez ostatnie 34 lata skok wzwy\u017c zmieni\u0142 \u017cycie ponad 2900 uczni\u00f3w szk\u00f3\u0142 \u015brednich w Chicago.<\/strong> Wsparcie ze strony spo\u0142eczno\u015bci i naszych szk\u00f3\u0142 partnerskich (Latin School of Chicago, Francis W. Parker School i University of Chicago Lab Schools) by\u0142o niezb\u0119dne do dotarcia do wi\u0119kszej liczby gimnazjalist\u00f3w i zainspirowania ich do przyspieszenia ich podr\u00f3\u017cy akademickich i osi\u0105gni\u0119cia sukcesu w liceum, studia i nie tylko.<\/p>\n<p><strong>High Jump zosta\u0142a za\u0142o\u017cona w 1989 roku przez by\u0142\u0105 dyrektor szko\u0142y \u015bredniej Latin, Eleanor Nicholson.<\/strong> Opr\u00f3cz zapewnienia kampusu dla uczni\u00f3w skoku wzwy\u017c, firma Latin hojnie zapewni\u0142a przestrze\u0144 biurow\u0105 i us\u0142ugi administracyjne dla skoku wzwy\u017c w latach 1989\u20132023. To ponad trzydzie\u015bci lat absolutnie bezcennego wk\u0142adu, kt\u00f3ry wyni\u00f3s\u0142 setki tysi\u0119cy dolar\u00f3w wsparcia rzeczowego \u2013 co zaowocowa\u0142o wi\u0119ksz\u0105 liczb\u0105 program\u00f3w i zasob\u00f3w dla dzieci.<\/p>\n<p><strong>Na przestrzeni lat szko\u0142a skoku wzwy\u017c znacznie si\u0119 rozwin\u0119\u0142a \u2013 od przyj\u0119cia pierwszej grupy 16 uczni\u00f3w do przyj\u0119cia jednej z najwi\u0119kszych grup 225 uczni\u00f3w w 2023 r.<\/strong> Wraz z tym wzrostem wzros\u0142a tak\u017ce wielko\u015b\u0107 personelu i potrzeby w zakresie zasob\u00f3w High Jump. W 2022 r. rozpocz\u0119li\u015bmy proces przechodzenia na nowy poziom relacji z \u0142acin\u0105, kt\u00f3ry najlepiej wspiera\u0142by t\u0119 zmian\u0119 i odpowiada\u0142 potrzebom naszej rosn\u0105cej organizacji. W lipcu 2023 r. kulminacj\u0105 tego przej\u015bcia by\u0142o przeniesienie naszego personelu administracyjnego do nowej powierzchni biurowej w dzielnicy Greektown w Chicago. Stypendy\u015bci skoku wzwy\u017c b\u0119d\u0105 nadal uczestniczy\u0107 w programowaniu w naszych szko\u0142ach partnerskich.<\/p>\n<p><strong>Zrobili\u015bmy ten du\u017cy krok pewnie, wiedz\u0105c, \u017ce nasi partnerzy i spo\u0142eczno\u015b\u0107 b\u0119d\u0105 wspiera\u0107 nas na ka\u017cdym kroku.<\/strong> Bez ich wsparcia nie byliby\u015bmy tu, gdzie jeste\u015bmy dzisiaj. Je\u015bli masz jakiekolwiek pytania dotycz\u0105ce kolejnej fazy naszego rozwoju lub chcesz dowiedzie\u0107 si\u0119 wi\u0119cej o mocy skoku wzwy\u017c, kt\u00f3ra zapewnia uczniom sukces przez ca\u0142e \u017cycie, nie wahaj si\u0119 <a href=\"mailto:advancement@highjumpchicago.org?subject=High Jump's Next Phase\">skontaktuj si\u0119<\/a>.<\/p>\n\t<h1>Zwi\u0119kszanie naszego wp\u0142ywu<\/h1>\n\t<h2>Jako jeden z niewielu program\u00f3w w Chicago, kt\u00f3re zapewniaj\u0105 wzbogacenie akademickie gimnazjalistom, popyt na skok wzwy\u017c jest najwy\u017cszy w historii.<\/h2>\n\t\t<!-- Comment to fix spacing issue\n\t-->\n\t\t<h1>0+<\/h1>Uprawnieni studenci ka\u017cdego roku\n\t<!-- Comment to fix spacing issue\n\t-->\t\n\t\t<!-- Comment to fix spacing issue\n\t-->\n\t\t<h1>0<\/h1>Z\u0142o\u017cone wnioski i wywiady ze studentami\n\t<!-- Comment to fix spacing issue\n\t-->\t\n\t\t<!-- Comment to fix spacing issue\n\t-->\n\t\t<h1>0<\/h1>Przyj\u0119ci nowi uczeni (kohorta 35)\n\t<!-- Comment to fix spacing issue\n\t-->\t\n\t\t<!-- Comment to fix spacing issue\n\t-->\n\t\t<h1>0+<\/h1>Ca\u0142kowita liczba zarejestrowanych naukowc\u00f3w\n\t<!-- Comment to fix spacing issue\n\t-->\t\n\t<h2>Z Twoj\u0105 pomoc\u0105 mo\u017cemy sprosta\u0107 zapotrzebowaniu i wyk\u0142adniczo zwi\u0119kszy\u0107 nasz wp\u0142yw.<\/h2>\n\t\t\t<a href=\"https:\/\/highjumpchicago.org\/pl\/donate\/ways-to-donate\/\" target=\"_self\" rel=\"noopener\">\n\t\t\t\t\t\t\t\tZainwestuj w naukowc\u00f3w jutra\t\t\t\t\t\t\t\n\t\t\t\t\t\t<\/a>","protected":false},"excerpt":{"rendered":"<p>Strona g\u0142\u00f3wna Przeprowadzili\u015bmy si\u0119 Dlaczego si\u0119 przeprowadzili\u015bmy? (kr\u00f3tka odpowied\u017a): Co si\u0119 poruszy\u0142o? Biura administracyjne Skoku wzwy\u017c Gdzie si\u0119 przeprowadzili\u015bmy? 820 W Jackson Blvd, Suite 310, Chicago, IL 60607 Czy program skoku wzwy\u017c si\u0119 zmienia? Nie, po prostu przenosimy nasze biura administracyjne. Nasz program stypendialny b\u0119dzie nadal realizowany w szkole \u0142aci\u0144skiej w Chicago, Francis\u2026<\/p>","protected":false},"author":7,"featured_media":16045,"parent":0,"menu_order":0,"comment_status":"closed","ping_status":"closed","template":"","meta":{"_seopress_robots_primary_cat":"","_seopress_titles_title":"","_seopress_titles_desc":"","_seopress_robots_index":"","inline_featured_image":false,"footnotes":""},"class_list":["post-16037","page","type-page","status-publish","has-post-thumbnail","hentry"],"_links":{"self":[{"href":"https:\/\/highjumpchicago.org\/pl\/wp-json\/wp\/v2\/pages\/16037","targetHints":{"allow":["GET"]}}],"collection":[{"href":"https:\/\/highjumpchicago.org\/pl\/wp-json\/wp\/v2\/pages"}],"about":[{"href":"https:\/\/highjumpchicago.org\/pl\/wp-json\/wp\/v2\/types\/page"}],"author":[{"embeddable":true,"href":"https:\/\/highjumpchicago.org\/pl\/wp-json\/wp\/v2\/users\/7"}],"replies":[{"embeddable":true,"href":"https:\/\/highjumpchicago.org\/pl\/wp-json\/wp\/v2\/comments?post=16037"}],"version-history":[{"count":5,"href":"https:\/\/highjumpchicago.org\/pl\/wp-json\/wp\/v2\/pages\/16037\/revisions"}],"predecessor-version":[{"id":16048,"href":"https:\/\/highjumpchicago.org\/pl\/wp-json\/wp\/v2\/pages\/16037\/revisions\/16048"}],"wp:featuredmedia":[{"embeddable":true,"href":"https:\/\/highjumpchicago.org\/pl\/wp-json\/wp\/v2\/media\/16045"}],"wp:attachment":[{"href":"https:\/\/highjumpchicago.org\/pl\/wp-json\/wp\/v2\/media?parent=16037"}],"curies":[{"name":"wp","href":"https:\/\/api.w.org\/{rel}","templated":true}]}}