{"id":160587,"date":"2026-01-27T12:42:55","date_gmt":"2026-01-27T18:42:55","guid":{"rendered":"https:\/\/highjumpchicago.org\/?page_id=160587"},"modified":"2026-03-13T15:54:06","modified_gmt":"2026-03-13T20:54:06","slug":"support-us","status":"publish","type":"page","link":"https:\/\/highjumpchicago.org\/pl\/support-us\/","title":{"rendered":"Wesprzyj nas"},"content":{"rendered":"<h1><strong>Witamy. Dzi\u0119kujemy, \u017ce jeste\u015b cz\u0119\u015bci\u0105 naszej spo\u0142eczno\u015bci.<\/strong><\/h1>\n<h3>Niezale\u017cnie od tego, czy dopiero nas poznajesz, czy jeste\u015b z nami od lat, cieszymy si\u0119, \u017ce tu jeste\u015b. Poni\u017cej znajdziesz kilka warto\u015bciowych sposob\u00f3w na utrzymanie zaanga\u017cowania \u2013 zacznij od tego, gdzie jeste\u015b i znajd\u017a swoje miejsce w High Jump.<\/h3>\n<figure itemscope itemtype=\"https:\/\/schema.org\/ImageObject\">\n\t\t\t\t<img decoding=\"async\" src=\"https:\/\/highjumpchicago.org\/wp-content\/uploads\/2026\/02\/Celebrate-Connect.png\" alt=\"Celebrate &amp; Connect\" height=\"300\" width=\"1500\" title=\"\u015awi\u0119tuj i \u0142\u0105cz si\u0119\" onerror=\"this.style.display='none'\" loading=\"lazy\" \/>\n\t<\/figure>\n<figure itemscope itemtype=\"https:\/\/schema.org\/ImageObject\">\n\t\t\t\t<img decoding=\"async\" src=\"https:\/\/highjumpchicago.org\/wp-content\/uploads\/2026\/01\/LRP_0883.jpg\" alt=\"LRP_0883\" height=\"2048\" width=\"1365\" title=\"LRP_0883\" onerror=\"this.style.display='none'\" loading=\"lazy\" \/>\n\t<\/figure>\n\t\t\t\t<p>1 maja 2026 r.<\/p>\n\t\t\t\t\t\t<h2><a href=\"https:\/\/highjumpchicago.org\/pl\/benefit\/\" target=\"_blank\">Roczna korzy\u015b\u0107 \u201eWiosna mo\u017cliwo\u015bci\u201d<\/a><\/h2>\t\t\t\t\t\n\t\t\t<p><strong>Dost\u0119pne s\u0105 sponsoring indywidualny, sponsoring korporacyjny i bilety<br \/><\/strong>\u015awi\u0119tuj spo\u0142eczno\u015b\u0107, wp\u0142yw i mo\u017cliwo\u015bci, a tak\u017ce sfinansuj programy, kt\u00f3re pomagaj\u0105 uczniom szk\u00f3\u0142 \u015brednich w Chicago rozwija\u0107 si\u0119.<\/p>\t\t\n\t\t\t\t<a href=\"https:\/\/highjumpchicago.org\/pl\/benefit\/\" role=\"button\" target=\"_blank\">\n\t\t\t\t\t\t\t\t\t\tSPONSOR \/ ZDOB\u0104D\u0179 BILETY\n\t\t\t\t\t\t\t\t\t<\/a>\n\t\t\t\t<p>17 lipca 2026 r.<\/p>\n\t\t\t\t\t\t<h2><a href=\"https:\/\/highjumpchicago.org\/pl\/swing-for-impact\/\" target=\"_blank\">Zaszalej i zyskaj si\u0142\u0119! Charytatywny turniej golfowy<\/a><\/h2>\t\t\t\t\t\n\t\t\t<p><strong>Dost\u0119pne s\u0105 sponsoring indywidualny, sponsoring korporacyjny i bilety<br \/><\/strong>Do\u0142\u0105cz do Chicago Booth Alumni Club i Kellogg Alumni Club, kt\u00f3rzy s\u0105 organizatorami charytatywnego rajdu Swing for Impact na rzecz High Jump.<\/p>\t\t\n\t\t\t\t<a href=\"https:\/\/highjumpchicago.org\/pl\/swing-for-impact\/\" role=\"button\" target=\"_blank\">\n\t\t\t\t\t\t\t\t\t\tSPONSOR \/ ZDOB\u0104D\u0179 BILETY\n\t\t\t\t\t\t\t\t\t<\/a>\n<figure itemscope itemtype=\"https:\/\/schema.org\/ImageObject\">\n\t\t\t\t<img decoding=\"async\" src=\"https:\/\/highjumpchicago.org\/wp-content\/uploads\/2026\/02\/Give-Your-Time.png\" alt=\"Give Your Time\" height=\"300\" width=\"1500\" title=\"Daj sw\u00f3j czas\" onerror=\"this.style.display='none'\" loading=\"lazy\" \/>\n\t<\/figure>\n<figure itemscope itemtype=\"https:\/\/schema.org\/ImageObject\">\n\t\t\t\t<img decoding=\"async\" src=\"https:\/\/highjumpchicago.org\/wp-content\/uploads\/2026\/01\/IMG_1271.jpg\" alt=\"IMG_1271\" height=\"2048\" width=\"1536\" title=\"IMG_1271\" onerror=\"this.style.display='none'\" loading=\"lazy\" \/>\n\t<\/figure>\n\t\t\t\t<p>Teraz \u2013 Wiosna 2026<\/p>\n\t\t\t\t\t\t<h2><a href=\"mailto:adavis@highjumpchicago.org?subject=Benefit%20Committee%20Inquiry\" target=\"_blank\">Do\u0142\u0105cz do Komitetu ds. \u015awiadcze\u0144<\/a><\/h2>\t\t\t\t\t\n\t\t\t<p><strong>Pom\u00f3\u017c nam kszta\u0142towa\u0107 i wspiera\u0107 nasz\u0105 coroczn\u0105 imprez\u0119 charytatywn\u0105: <em>Wiosna mo\u017cliwo\u015bci<\/em>.<\/strong><\/p>\t\t\n\t\t\t\t<a href=\"mailto:adavis@highjumpchicago.org?subject=Benefit%20Committee%20Inquiry\" role=\"button\" target=\"_blank\">\n\t\t\t\t\t\t\t\t\t\tNAPISZ DO NAS, ABY DO\u0141\u0104CZY\u0106 DO KOMITETU\n\t\t\t\t\t\t\t\t\t<\/a>\n\t\t\t\t<p>Wiosna i jesie\u0144<\/p>\n\t\t\t\t\t\t<h2><a href=\"mailto:advancement@highjumpchicago.org?subject=Student%20Interviews%20Inquiry\" target=\"_blank\">Wolontariat na rozmowach kwalifikacyjnych ze studentami<\/a><\/h2>\t\t\t\t\t\n\t\t\t<p><b>Wesprzyj nasz proces rekrutacji przeprowadzaj\u0105c rozmowy kwalifikacyjne z potencjalnymi studentami.<\/b><\/p>\t\t\n\t\t\t\t<a href=\"mailto:advancement@highjumpchicago.org?subject=Student%20Interviews%20Inquiry\" role=\"button\" target=\"_blank\">\n\t\t\t\t\t\t\t\t\t\tNAPISZ DO NAS, ABY OTRZYMYWA\u0106 AKTUALIZACJE\n\t\t\t\t\t\t\t\t\t<\/a>\n<figure itemscope itemtype=\"https:\/\/schema.org\/ImageObject\">\n\t\t\t\t<img decoding=\"async\" src=\"https:\/\/highjumpchicago.org\/wp-content\/uploads\/2026\/02\/Build-Community.png\" alt=\"Build Community\" height=\"300\" width=\"1500\" title=\"Zbuduj spo\u0142eczno\u015b\u0107\" onerror=\"this.style.display='none'\" loading=\"lazy\" \/>\n\t<\/figure>\n<figure itemscope itemtype=\"https:\/\/schema.org\/ImageObject\">\n\t\t\t\t<img decoding=\"async\" src=\"https:\/\/highjumpchicago.org\/wp-content\/uploads\/2026\/01\/Creative-Storytelling-4.jpg\" alt=\"Creative Storytelling - 4\" height=\"2048\" width=\"1536\" title=\"Kreatywne opowiadanie historii \u2013 4\" onerror=\"this.style.display='none'\" loading=\"lazy\" \/>\n\t<\/figure>\n\t\t\t\t<p>Bie\u017c\u0105cy<\/p>\n\t\t\t\t\t\t<h2><a href=\"mailto:gkizer@highjumpchicago.org?subject=Associate%20Board%20Inquiry\" target=\"_blank\">Do\u0142\u0105cz do zarz\u0105du stowarzyszonego<\/a><\/h2>\t\t\t\t\t\n\t\t\t<p><strong>Do\u0142\u0105cz do grupy profesjonalist\u00f3w, kt\u00f3rzy promuj\u0105 skoki wzwy\u017c poprzez swoje przyw\u00f3dztwo, or\u0119downictwo i wydarzenia.<\/strong><\/p>\t\t\n\t\t\t\t<a href=\"mailto:gkizer@highjumpchicago.org?subject=Associate%20Board%20Inquiry\" role=\"button\" target=\"_blank\">\n\t\t\t\t\t\t\t\t\t\tNAPISZ DO NAS, ABY DO\u0141\u0104CZY\u0106 DO ZARZ\u0104DU STOWARZYSZENIA\n\t\t\t\t\t\t\t\t\t<\/a>\n\t\t\t\t<p>Luty i lato<\/p>\n\t\t\t\t\t\t<h2><a href=\"mailto:adavis@highjumpchicago.org?subject=Campus%20Tour%20Inquiry\" target=\"_blank\">We\u017a udzia\u0142 w wycieczce po kampusie<\/a><\/h2>\t\t\t\t\t\n\t\t\t<p><b>Odwied\u017a High Jump w akcji i zobacz na w\u0142asne oczy, jak ucz\u0105 si\u0119 nasi uczniowie.<\/b><\/p>\t\t\n\t\t\t\t<a href=\"mailto:adavis@highjumpchicago.org?subject=Campus%20Tour%20Inquiry\" role=\"button\" target=\"_blank\">\n\t\t\t\t\t\t\t\t\t\tNAPISZ DO NAS, ABY OTRZYMYWA\u0106 AKTUALIZACJE\n\t\t\t\t\t\t\t\t\t<\/a>\n\t\t\t\t\t\t<h2><a href=\"https:\/\/lp.constantcontactpages.com\/sl\/8OPorkz\/signup\" target=\"_blank\">Chcesz uzyska\u0107 szczeg\u00f3\u0142y, zaproszenia i przypomnienia?<\/a><\/h2>\t\t\t\t\t\n\t\t\t<p><b>Zarejestruj si\u0119 poni\u017cej, aby otrzymywa\u0107 nasz e-newsletter, informacje, aktualno\u015bci i informacje o mo\u017cliwo\u015bciach.<\/b><\/p>\t\t\n\t\t\t\t<a href=\"https:\/\/lp.constantcontactpages.com\/sl\/8OPorkz\/signup\" role=\"button\" target=\"_blank\">\n\t\t\t\t\t\t\t\t\t\tZAPISZ SI\u0118 NA E-NEWS O SKOKU WZD\u0141U\u017bNYM\n\t\t\t\t\t\t\t\t\t<\/a>\n\t\t\t\t\t\t<h2><a href=\"mailto:advancement@highjumpchicago.org?subject=I%20Have%20A%20Question\" target=\"_blank\">Masz pytania?<\/a><\/h2>\t\t\t\t\t\n\t\t\t<p><b>Skontaktuj si\u0119 z nami w dowolnym momencie. Ch\u0119tnie nawi\u0105\u017cemy kontakt.<\/b><\/p>\t\t\n\t\t\t\t<a href=\"mailto:advancement@highjumpchicago.org?subject=I%20Have%20A%20Question\" role=\"button\" target=\"_blank\">\n\t\t\t\t\t\t\t\t\t\tNAPISZ DO NAS\n\t\t\t\t\t\t\t\t\t<\/a>","protected":false},"excerpt":{"rendered":"<p>Witamy. Dzi\u0119kujemy, \u017ce jeste\u015b cz\u0119\u015bci\u0105 naszej spo\u0142eczno\u015bci. Niezale\u017cnie od tego, czy dopiero nas poznajesz, czy jeste\u015b z nami od lat, cieszymy si\u0119, \u017ce tu jeste\u015b. Poni\u017cej znajdziesz kilka warto\u015bciowych sposob\u00f3w na utrzymanie zaanga\u017cowania \u2013 zacznij od tego, gdzie jeste\u015b i znajd\u017a swoje miejsce w High Jump. 1 maja 2026 r. Roczny program charytatywny \u201eWiosna mo\u017cliwo\u015bci\u201d \u2013 indywidualne sponsorowanie\u2026<\/p>","protected":false},"author":7,"featured_media":0,"parent":0,"menu_order":0,"comment_status":"closed","ping_status":"closed","template":"","meta":{"_seopress_robots_primary_cat":"","_seopress_titles_title":"","_seopress_titles_desc":"","_seopress_robots_index":"","inline_featured_image":false,"footnotes":""},"class_list":["post-160587","page","type-page","status-publish","hentry"],"_links":{"self":[{"href":"https:\/\/highjumpchicago.org\/pl\/wp-json\/wp\/v2\/pages\/160587","targetHints":{"allow":["GET"]}}],"collection":[{"href":"https:\/\/highjumpchicago.org\/pl\/wp-json\/wp\/v2\/pages"}],"about":[{"href":"https:\/\/highjumpchicago.org\/pl\/wp-json\/wp\/v2\/types\/page"}],"author":[{"embeddable":true,"href":"https:\/\/highjumpchicago.org\/pl\/wp-json\/wp\/v2\/users\/7"}],"replies":[{"embeddable":true,"href":"https:\/\/highjumpchicago.org\/pl\/wp-json\/wp\/v2\/comments?post=160587"}],"version-history":[{"count":10,"href":"https:\/\/highjumpchicago.org\/pl\/wp-json\/wp\/v2\/pages\/160587\/revisions"}],"predecessor-version":[{"id":179069,"href":"https:\/\/highjumpchicago.org\/pl\/wp-json\/wp\/v2\/pages\/160587\/revisions\/179069"}],"wp:attachment":[{"href":"https:\/\/highjumpchicago.org\/pl\/wp-json\/wp\/v2\/media?parent=160587"}],"curies":[{"name":"wp","href":"https:\/\/api.w.org\/{rel}","templated":true}]}}