{"id":1644,"date":"2019-08-20T19:53:55","date_gmt":"2019-08-21T00:53:55","guid":{"rendered":"https:\/\/d46e648428.nxcli.io\/?page_id=1644"},"modified":"2024-08-08T12:23:17","modified_gmt":"2024-08-08T17:23:17","slug":"virtual-tour-chemistry-lab","status":"publish","type":"page","link":"https:\/\/highjumpchicago.org\/pl\/our-programs\/virtual-tour\/virtual-tour-chemistry-lab\/","title":{"rendered":"Wirtualny spacer: Laboratorium chemiczne"},"content":{"rendered":"<nav aria-label=\"bu\u0142ka tarta\"><ol itemscope itemtype=\"https:\/\/schema.org\/BreadcrumbList\"><li itemprop=\"itemListElement\" itemscope itemtype=\"https:\/\/schema.org\/ListItem\"><a itemscope itemtype=\"http:\/\/schema.org\/WebPage\" itemprop=\"item\" itemid=\"https:\/\/highjumpchicago.org\" href=\"https:\/\/highjumpchicago.org\/pl\/\">Dom<\/a><meta itemprop=\"position\" content=\"1\" \/><\/li><li itemprop=\"itemListElement\" itemscope itemtype=\"https:\/\/schema.org\/ListItem\"><a itemscope itemtype=\"http:\/\/schema.org\/WebPage\" itemprop=\"item\" itemid=\"https:\/\/highjumpchicago.org\/program-overview\/\" href=\"https:\/\/highjumpchicago.org\/pl\/program-overview\/\">Program<\/a><meta itemprop=\"position\" content=\"2\" \/><\/li><li itemprop=\"itemListElement\" itemscope itemtype=\"https:\/\/schema.org\/ListItem\"><a itemscope itemtype=\"http:\/\/schema.org\/WebPage\" itemprop=\"item\" itemid=\"https:\/\/highjumpchicago.org\/program-overview\/virtual-tour\/\" href=\"https:\/\/highjumpchicago.org\/pl\/program-overview\/virtual-tour\/\">Wirtualna podr\u00f3\u017c<\/a><meta itemprop=\"position\" content=\"3\" \/><\/li><li aria-current=\"page\" itemprop=\"itemListElement\" itemscope itemtype=\"https:\/\/schema.org\/ListItem\">Wirtualny spacer: Laboratorium chemiczne<meta itemprop=\"position\" content=\"4\" \/><\/li><\/ol><\/nav><h1>\n\t<\/h1>\n\t<iframe loading=\"lazy\" src=\"https:\/\/www.youtube.com\/embed\/pAF9x0NBM0k\" width=\"840\" height=\"472\" frameborder=\"0\" allowfullscreen=\"allowfullscreen\"><\/iframe>\n\t<p>Na zaj\u0119ciach z chemii uczniowie w skoku wzwy\u017c badaj\u0105 koncepcje przemian fizycznych i chemicznych, reakcji chemicznych, budowy atom\u00f3w i nie tylko. Poprzez praktyczne eksperymenty laboratoryjne uczniowie ucz\u0105 si\u0119, jak jako\u015bciowo i ilo\u015bciowo obserwowa\u0107 i zapisywa\u0107 dane, krytycznie analizowa\u0107 wyniki i skutecznie przekazywa\u0107 swoje odkrycia.<\/p>","protected":false},"excerpt":{"rendered":"<p>Strona g\u0142\u00f3wna Program Wirtualna wycieczka Wirtualna wycieczka: Laboratorium chemiczne Na zaj\u0119ciach z chemii uczniowie skoku wzwy\u017c badaj\u0105 poj\u0119cia przemian fizycznych i chemicznych, reakcji chemicznych, struktury atomowej i nie tylko. Dzi\u0119ki praktycznym eksperymentom laboratoryjnym uczniowie ucz\u0105 si\u0119, jak jako\u015bciowo i ilo\u015bciowo obserwowa\u0107 i rejestrowa\u0107 dane, krytycznie analizowa\u0107 wyniki i skutecznie przekazywa\u0107 swoje ustalenia.<\/p>","protected":false},"author":8,"featured_media":0,"parent":1588,"menu_order":0,"comment_status":"closed","ping_status":"closed","template":"","meta":{"_seopress_robots_primary_cat":"","_seopress_titles_title":"","_seopress_titles_desc":"","_seopress_robots_index":"","inline_featured_image":false,"footnotes":""},"class_list":["post-1644","page","type-page","status-publish","hentry"],"_links":{"self":[{"href":"https:\/\/highjumpchicago.org\/pl\/wp-json\/wp\/v2\/pages\/1644","targetHints":{"allow":["GET"]}}],"collection":[{"href":"https:\/\/highjumpchicago.org\/pl\/wp-json\/wp\/v2\/pages"}],"about":[{"href":"https:\/\/highjumpchicago.org\/pl\/wp-json\/wp\/v2\/types\/page"}],"author":[{"embeddable":true,"href":"https:\/\/highjumpchicago.org\/pl\/wp-json\/wp\/v2\/users\/8"}],"replies":[{"embeddable":true,"href":"https:\/\/highjumpchicago.org\/pl\/wp-json\/wp\/v2\/comments?post=1644"}],"version-history":[{"count":2,"href":"https:\/\/highjumpchicago.org\/pl\/wp-json\/wp\/v2\/pages\/1644\/revisions"}],"predecessor-version":[{"id":3081,"href":"https:\/\/highjumpchicago.org\/pl\/wp-json\/wp\/v2\/pages\/1644\/revisions\/3081"}],"up":[{"embeddable":true,"href":"https:\/\/highjumpchicago.org\/pl\/wp-json\/wp\/v2\/pages\/1588"}],"wp:attachment":[{"href":"https:\/\/highjumpchicago.org\/pl\/wp-json\/wp\/v2\/media?parent=1644"}],"curies":[{"name":"wp","href":"https:\/\/api.w.org\/{rel}","templated":true}]}}