{"id":1647,"date":"2019-08-20T19:53:30","date_gmt":"2019-08-21T00:53:30","guid":{"rendered":"https:\/\/d46e648428.nxcli.io\/?page_id=1647"},"modified":"2022-02-12T14:18:13","modified_gmt":"2022-02-12T20:18:13","slug":"virtual-tour-biology-dissections","status":"publish","type":"page","link":"https:\/\/highjumpchicago.org\/pl\/our-programs\/virtual-tour\/virtual-tour-biology-dissections\/","title":{"rendered":"Wirtualna wycieczka: Sekcje z biologii"},"content":{"rendered":"<nav aria-label=\"bu\u0142ka tarta\"><ol itemscope itemtype=\"https:\/\/schema.org\/BreadcrumbList\"><li itemprop=\"itemListElement\" itemscope itemtype=\"https:\/\/schema.org\/ListItem\"><a itemscope itemtype=\"http:\/\/schema.org\/WebPage\" itemprop=\"item\" itemid=\"https:\/\/highjumpchicago.org\" href=\"https:\/\/highjumpchicago.org\/pl\/\">Dom<\/a><meta itemprop=\"position\" content=\"1\" \/><\/li><li itemprop=\"itemListElement\" itemscope itemtype=\"https:\/\/schema.org\/ListItem\"><a itemscope itemtype=\"http:\/\/schema.org\/WebPage\" itemprop=\"item\" itemid=\"https:\/\/highjumpchicago.org\/program-overview\/\" href=\"https:\/\/highjumpchicago.org\/pl\/program-overview\/\">Program<\/a><meta itemprop=\"position\" content=\"2\" \/><\/li><li itemprop=\"itemListElement\" itemscope itemtype=\"https:\/\/schema.org\/ListItem\"><a itemscope itemtype=\"http:\/\/schema.org\/WebPage\" itemprop=\"item\" itemid=\"https:\/\/highjumpchicago.org\/program-overview\/virtual-tour\/\" href=\"https:\/\/highjumpchicago.org\/pl\/program-overview\/virtual-tour\/\">Wirtualna podr\u00f3\u017c<\/a><meta itemprop=\"position\" content=\"3\" \/><\/li><li aria-current=\"page\" itemprop=\"itemListElement\" itemscope itemtype=\"https:\/\/schema.org\/ListItem\">Wirtualna wycieczka: Sekcje z biologii<meta itemprop=\"position\" content=\"4\" \/><\/li><\/ol><\/nav><h1>\n\t<\/h1>\n\t<iframe loading=\"lazy\" src=\"https:\/\/www.youtube.com\/embed\/BEeKPNef3ek\" width=\"840\" height=\"472\" frameborder=\"0\" allowfullscreen=\"allowfullscreen\"><\/iframe>\n\t<p>Si\u00f3dmoklasi\u015bci w skoku wzwy\u017c bior\u0105 udzia\u0142 w zaj\u0119ciach z biologii, kt\u00f3re obejmuj\u0105 intensywny przegl\u0105d kom\u00f3rek, dziedziczenie i klasyfikacj\u0119, a p\u00f3\u017aniej przechodz\u0105 do studiowania uk\u0142ad\u00f3w ludzkiego cia\u0142a i zdrowia. Studenci \u0107wicz\u0105 projektowanie laboratori\u00f3w i eksperymenty, w tym praktyczne sekcje na zwierz\u0119tach.<\/p>","protected":false},"excerpt":{"rendered":"<p>Strona g\u0142\u00f3wna Program Wirtualna wycieczka Wirtualna wycieczka: Sekcje biologii Uczniowie si\u00f3dmej klasy skoku wzwy\u017c bior\u0105 udzia\u0142 w zaj\u0119ciach z biologii, kt\u00f3re obejmuj\u0105 intensywny przegl\u0105d kom\u00f3rek, dziedziczno\u015bci i klasyfikacji, a p\u00f3\u017aniej przechodz\u0105 do studiowania uk\u0142ad\u00f3w organizmu i zdrowia ludzkiego. Studenci \u0107wicz\u0105 projektowanie laboratori\u00f3w i eksperymenty, w tym praktyczne sekcje zwierz\u0105t.<\/p>","protected":false},"author":8,"featured_media":0,"parent":1588,"menu_order":0,"comment_status":"closed","ping_status":"closed","template":"","meta":{"_seopress_robots_primary_cat":"","_seopress_titles_title":"","_seopress_titles_desc":"","_seopress_robots_index":"","inline_featured_image":false,"footnotes":""},"class_list":["post-1647","page","type-page","status-publish","hentry"],"_links":{"self":[{"href":"https:\/\/highjumpchicago.org\/pl\/wp-json\/wp\/v2\/pages\/1647","targetHints":{"allow":["GET"]}}],"collection":[{"href":"https:\/\/highjumpchicago.org\/pl\/wp-json\/wp\/v2\/pages"}],"about":[{"href":"https:\/\/highjumpchicago.org\/pl\/wp-json\/wp\/v2\/types\/page"}],"author":[{"embeddable":true,"href":"https:\/\/highjumpchicago.org\/pl\/wp-json\/wp\/v2\/users\/8"}],"replies":[{"embeddable":true,"href":"https:\/\/highjumpchicago.org\/pl\/wp-json\/wp\/v2\/comments?post=1647"}],"version-history":[{"count":2,"href":"https:\/\/highjumpchicago.org\/pl\/wp-json\/wp\/v2\/pages\/1647\/revisions"}],"predecessor-version":[{"id":3080,"href":"https:\/\/highjumpchicago.org\/pl\/wp-json\/wp\/v2\/pages\/1647\/revisions\/3080"}],"up":[{"embeddable":true,"href":"https:\/\/highjumpchicago.org\/pl\/wp-json\/wp\/v2\/pages\/1588"}],"wp:attachment":[{"href":"https:\/\/highjumpchicago.org\/pl\/wp-json\/wp\/v2\/media?parent=1647"}],"curies":[{"name":"wp","href":"https:\/\/api.w.org\/{rel}","templated":true}]}}