{"id":1649,"date":"2019-08-20T20:06:56","date_gmt":"2019-08-21T01:06:56","guid":{"rendered":"https:\/\/d46e648428.nxcli.io\/?page_id=1649"},"modified":"2022-11-11T10:04:19","modified_gmt":"2022-11-11T16:04:19","slug":"virtual-tour-humanities","status":"publish","type":"page","link":"https:\/\/highjumpchicago.org\/pl\/our-programs\/virtual-tour\/virtual-tour-humanities\/","title":{"rendered":"Wirtualny spacer: nauki humanistyczne"},"content":{"rendered":"<nav aria-label=\"bu\u0142ka tarta\"><ol itemscope=\"\" itemtype=\"https:\/\/schema.org\/BreadcrumbList\"><li itemprop=\"itemListElement\" itemscope=\"\" itemtype=\"https:\/\/schema.org\/ListItem\"><a itemscope=\"\" itemtype=\"http:\/\/schema.org\/WebPage\" itemprop=\"item\" itemid=\"https:\/\/highjumpchicago.org\" href=\"https:\/\/highjumpchicago.org\/pl\/\">Dom<\/a><meta itemprop=\"position\" content=\"1\"><\/li><li itemprop=\"itemListElement\" itemscope=\"\" itemtype=\"https:\/\/schema.org\/ListItem\"><a itemscope=\"\" itemtype=\"http:\/\/schema.org\/WebPage\" itemprop=\"item\" itemid=\"https:\/\/highjumpchicago.org\/our-programs\/\" href=\"https:\/\/highjumpchicago.org\/pl\/our-programs\/\">Nasze programy<\/a><meta itemprop=\"position\" content=\"2\"><\/li><li itemprop=\"itemListElement\" itemscope=\"\" itemtype=\"https:\/\/schema.org\/ListItem\"><a itemscope=\"\" itemtype=\"http:\/\/schema.org\/WebPage\" itemprop=\"item\" itemid=\"https:\/\/highjumpchicago.org\/our-programs\/virtual-tour\/\" href=\"https:\/\/highjumpchicago.org\/pl\/our-programs\/virtual-tour\/\">Wirtualna podr\u00f3\u017c<\/a><meta itemprop=\"position\" content=\"3\"><\/li><li aria-current=\"page\" itemprop=\"itemListElement\" itemscope=\"\" itemtype=\"https:\/\/schema.org\/ListItem\">Wirtualna wycieczka: problemy i pomys\u0142y<meta itemprop=\"position\" content=\"4\"><\/li><\/ol><\/nav>\n\t<iframe loading=\"lazy\" src=\"https:\/\/www.youtube.com\/embed\/5NhgLxWycis\" width=\"840\" height=\"472\" frameborder=\"0\" allowfullscreen=\"allowfullscreen\"><\/iframe>\n\t<p>W naukach humanistycznych uczeni badaj\u0105 kwestie spo\u0142eczne, polityczne, ekonomiczne i \u015brodowiskowe, kt\u00f3re kszta\u0142tuj\u0105 ich \u015bwiat. Ucz\u0105 si\u0119 analizowa\u0107 i omawia\u0107 perspektywy, rozwija\u0107 krytyczne my\u015blenie i odpowiada\u0107 w osobistych narracjach i artyku\u0142ach ekspozycyjnych.<\/p>","protected":false},"excerpt":{"rendered":"<p>Strona g\u0142\u00f3wna Nasze programy Wirtualna wycieczka Wirtualna wycieczka: problemy i pomys\u0142y W naukach humanistycznych uczeni badaj\u0105 kwestie spo\u0142eczne, polityczne, gospodarcze i \u015brodowiskowe, kt\u00f3re kszta\u0142tuj\u0105 ich \u015bwiat. Ucz\u0105 si\u0119 analizowa\u0107 i omawia\u0107 perspektywy, rozwija\u0107 krytyczne my\u015blenie i odpowiada\u0107 w osobistych narracjach i tekstach obja\u015bniaj\u0105cych.<\/p>","protected":false},"author":8,"featured_media":0,"parent":1588,"menu_order":0,"comment_status":"closed","ping_status":"closed","template":"","meta":{"_seopress_robots_primary_cat":"","_seopress_titles_title":"","_seopress_titles_desc":"","_seopress_robots_index":"","inline_featured_image":false,"footnotes":""},"class_list":["post-1649","page","type-page","status-publish","hentry"],"_links":{"self":[{"href":"https:\/\/highjumpchicago.org\/pl\/wp-json\/wp\/v2\/pages\/1649","targetHints":{"allow":["GET"]}}],"collection":[{"href":"https:\/\/highjumpchicago.org\/pl\/wp-json\/wp\/v2\/pages"}],"about":[{"href":"https:\/\/highjumpchicago.org\/pl\/wp-json\/wp\/v2\/types\/page"}],"author":[{"embeddable":true,"href":"https:\/\/highjumpchicago.org\/pl\/wp-json\/wp\/v2\/users\/8"}],"replies":[{"embeddable":true,"href":"https:\/\/highjumpchicago.org\/pl\/wp-json\/wp\/v2\/comments?post=1649"}],"version-history":[{"count":5,"href":"https:\/\/highjumpchicago.org\/pl\/wp-json\/wp\/v2\/pages\/1649\/revisions"}],"predecessor-version":[{"id":6213,"href":"https:\/\/highjumpchicago.org\/pl\/wp-json\/wp\/v2\/pages\/1649\/revisions\/6213"}],"up":[{"embeddable":true,"href":"https:\/\/highjumpchicago.org\/pl\/wp-json\/wp\/v2\/pages\/1588"}],"wp:attachment":[{"href":"https:\/\/highjumpchicago.org\/pl\/wp-json\/wp\/v2\/media?parent=1649"}],"curies":[{"name":"wp","href":"https:\/\/api.w.org\/{rel}","templated":true}]}}