{"id":1780,"date":"2019-09-24T20:16:48","date_gmt":"2019-09-25T01:16:48","guid":{"rendered":"https:\/\/d46e648428.nxcli.io\/?page_id=1780"},"modified":"2026-03-05T13:51:58","modified_gmt":"2026-03-05T19:51:58","slug":"sustaining-leaders-fund","status":"publish","type":"page","link":"https:\/\/highjumpchicago.org\/pl\/donate\/sustaining-leaders-fund\/","title":{"rendered":"Fundusz Utrzymania Lider\u00f3w"},"content":{"rendered":"<nav  aria-label=\"bu\u0142ka tarta\"><ol itemscope itemtype=\"https:\/\/schema.org\/BreadcrumbList\"><li itemprop=\"itemListElement\" itemscope itemtype=\"https:\/\/schema.org\/ListItem\"><a itemscope itemtype=\"https:\/\/schema.org\/WebPage\" itemprop=\"item\" itemid=\"https:\/\/highjumpchicago.org\" href=\"https:\/\/highjumpchicago.org\/pl\/\">Dom<\/a><meta itemprop=\"position\" content=\"1\"\/><\/li><li itemprop=\"itemListElement\" itemscope itemtype=\"https:\/\/schema.org\/ListItem\"><a itemscope itemtype=\"https:\/\/schema.org\/WebPage\" itemprop=\"item\" itemid=\"https:\/\/highjumpchicago.org\/donate\/\" href=\"https:\/\/highjumpchicago.org\/pl\/donate\/\">Podarowa\u0107<\/a><meta itemprop=\"position\" content=\"2\"\/><\/li><li aria-current=\"page\" itemprop=\"itemListElement\" itemscope itemtype=\"https:\/\/schema.org\/ListItem\">Fundusz Utrzymania Lider\u00f3w<meta itemprop=\"position\" content=\"3\"\/><\/li><\/ol><\/nav><h1>\n\t\t\tFundusz Sustaining Leaders Fund to istotna grupa darczy\u0144c\u00f3w zaanga\u017cowanych we wspieranie misji High Jump maj\u0105cej na celu wyr\u00f3wnywanie szans edukacyjnych w Chicago.\t<\/h1>\n\t\t\t<a href=\"https:\/\/giving.classy.org\/campaign\/627693\/donate\"  target=\"_blank\" rel=\"noopener\">\n\t\t\t\t\t\t\tPrzeka\u017c darowizn\u0119 online\n\t\t\t\t\t<\/a>\n\t<h3>Bycie Trwa\u0142ym Liderem oznacza:<\/h3>\n<ul>\n<li><strong>B\u0119dziesz wspiera\u0107 rok nauki uczonego<\/strong> z prezentem w wysoko\u015bci $7500 lub wi\u0119cej.<\/li>\n<li><strong>Jeste\u015b filarem spo\u0142eczno\u015bci High Jump<\/strong>, dokonuj\u0105c g\u0142\u0119bokiej i trwa\u0142ej inwestycji w swoj\u0105 spo\u0142eczno\u015b\u0107 na poziomie indywidualnym.<\/li>\n<li><a href=\"https:\/\/highjumpchicago.org\/pl\/the-essential-impact-of-the-sustaining-leaders-fund\/\"><strong><u>Zapewniacie, \u017ce skok wzwy\u017c mo\u017ce w dalszym ci\u0105gu wywiera\u0107 niesamowity, trwa\u0142y wp\u0142yw<\/u><\/strong><\/a> na nast\u0119pnym pokoleniu, pomagaj\u0105c przekszta\u0142ci\u0107 krajobraz edukacyjny Chicago.<\/li>\n<\/ul>\n\t\t\t\t\t<img decoding=\"async\" src=\"https:\/\/i.ytimg.com\/vi\/gSSJOJHRnV0\/maxresdefault.jpg\" alt=\"youtube-video-thumbnail\"\/>\n\t\t<h1>High Jump potrzebuje Twojego wsparcia, aby kontynuowa\u0107:<\/h1>\n\t\t<ul>\n<li><strong>Rosn\u0105\u0107<\/strong> nasi stypendy\u015bci po raz pierwszy w historii uczestniczyli w naszych programach dla ponad 500 os\u00f3b rocznie<\/li>\n<li><strong>Dawa\u0107<\/strong> indywidualne wsparcie naukowc\u00f3w z lekarzami zajmuj\u0105cymi si\u0119 zdrowiem psychicznym, aby zaspokoi\u0107 ich zwi\u0119kszone potrzeby<\/li>\n<li><strong>Wsparcie<\/strong> naszych niesamowitych nauczycieli, zwi\u0119kszaj\u0105c p\u0142ace, rozw\u00f3j zawodowy i planowanie czasu<\/li>\n<li><strong>Zapewnia\u0107<\/strong> ka\u017cdy ucze\u0144 z posi\u0142kami i laptopami, poniewa\u017c koszty gwa\u0142townie rosn\u0105 z powodu inflacji<\/li>\n<li><strong>Zachowaj bezp\u0142atnie nauk\u0119 skoku wzwy\u017c<\/strong> aby umo\u017cliwi\u0107 naszym uczonym przecieranie szlak\u00f3w w\u0142asn\u0105 drog\u0105 do sukcesu<\/li>\n<\/ul>\n<p><b>B\u0105d\u017a trwa\u0142ym liderem. <\/b>Skontaktuj si\u0119 z Molly Gilbride, dyrektorem ds. rozwoju, pod adresem <a href=\"mailto:mgilbride@highjumpchicago.org\"><u>mgilbride@highjumpchicago.org<\/u><\/a> aby przekaza\u0107 prezent lub darowizn\u0119 online, korzystaj\u0105c z przycisku poni\u017cej.<\/p>\n\t\t\t<a href=\"https:\/\/giving.classy.org\/campaign\/627693\/donate\"  target=\"_self\">\n\t\t\t\t\t\t\tPrzeka\u017c darowizn\u0119 online\n\t\t\t\t\t<\/a>\n\t<h3>Lunch z okazji Funduszu Wspierania Lider\u00f3w<\/h3>\n<h3><em>Szko\u0142y publiczne w Chicago: bie\u017c\u0105ce spostrze\u017cenia i analizy<\/em><\/h3>\n\t<p>Na naszym lunchu z okazji Sustaining Leaders Fund 2025 go\u015bcili\u015bmy Becky Vevea, szefow\u0105 biura Chalkbeat w Chicago, oraz Daniela Anello, dyrektora generalnego Kids First Chicago, kt\u00f3rzy podzielili si\u0119 z nami swoimi spostrze\u017ceniami w rozmowie.<\/p>\n<p>Nasza dyskusja dotyczy\u0142a historii CPS, wp\u0142ywu, jaki historia wywar\u0142a na dzisiejsze CPS, cz\u0119sto omawianych wyzwa\u0144, z kt\u00f3rymi zmaga\u0142 si\u0119 i b\u0119dzie si\u0119 zmaga\u0142 okr\u0119g, mniej omawianych sukces\u00f3w okr\u0119gu na przestrzeni lat oraz mo\u017cliwo\u015bci dalszego rozwoju, aby lepiej s\u0142u\u017cy\u0107 i zaspokaja\u0107 potrzeby m\u0142odych uczni\u00f3w w naszym mie\u015bcie.<\/p>\n<h5>Daniel Anello i Becky Vevea podzielili si\u0119 swoimi przemy\u015bleniami na temat m.in. przekazywania rodzicom informacji, kt\u00f3rych potrzebuj\u0105, aby jak najlepiej wspiera\u0107 swoje dzieci, oraz wsp\u00f3\u0142pracy z now\u0105 Rad\u0105 Szkoln\u0105 Chicago.<\/h5>\n<figure itemscope itemtype=\"https:\/\/schema.org\/ImageObject\">\n\t\t\t\t<img decoding=\"async\" src=\"https:\/\/highjumpchicago.org\/wp-content\/uploads\/2025\/07\/FY25-SLF-Luncheon-05-1024x768.jpg\" alt=\"FY25 SLF Luncheon 05\" height=\"768\" width=\"1024\" title=\"Lunch SLF na rok fiskalny 2025 05\" onerror=\"this.style.display='none'\" loading=\"lazy\" \/>\n\t<\/figure>\n\t<h3>Do\u0142\u0105cz do Sustaining Leaders Fund i uzyskaj nast\u0119puj\u0105ce korzy\u015bci:<\/h3>\n<ul>\n<li><strong>Zaproszenie<\/strong> do ekskluzywnych <em>Liderzy wspieraj\u0105cy Obiad z podzi\u0119kowaniami dla darczy\u0144c\u00f3w<\/em> z inspiruj\u0105cym g\u0142osem w spo\u0142eczno\u015bci Chicago. W\u015br\u00f3d prelegent\u00f3w by\u0142y by\u0142y ameryka\u0144ski sekretarz ds. edukacji Arne Duncan, dokumentalista z Chicago i dyrektor ds<em> Obr\u0119czowe marzenia<\/em> oraz <em>Ameryka do mnie<\/em> Steve James i by\u0142a dyrektor generalna Chicago Public Schools Janice Jackson.<\/li>\n<li><strong>Uznanie<\/strong> w High Jump&#039;s <em>Wiosna mo\u017cliwo\u015bci Korzy\u015bci<\/em>, strona internetowa High Jump, nasz raport roczny i wiele wi\u0119cej.<\/li>\n<li><b>Komunikacja specjalna<\/b> od dyrektora generalnego Nate&#039;a Pietriniego<\/li>\n<li><strong>Roczny symbol naszej wdzi\u0119czno\u015bci<\/strong><\/li>\n<\/ul>\n<h1>\n\t\t\tRoczny raport ze skoku wzwy\u017c\t<\/h1>\n\t<div class=\"_df_book df-lite\" id=\"df_130391\"  _slug=\"high-jump-annual-report\" data-title=\"high-jump-annual-report-2023-2024\" wpoptions=\"true\" thumb=\"https:\/\/highjumpchicago.org\/wp-content\/uploads\/2025\/10\/Thumbnail-High-Jump-Annual-Report-2023-2024_Page_01.jpg\" thumbtype=\"\" ><\/div><script class=\"df-shortcode-script\" nowprocket type=\"application\/javascript\">window.option_df_130391 = {\"outline\":[],\"backgroundColor\":\"#2cafa4\",\"autoEnableOutline\":\"false\",\"autoEnableThumbnail\":\"false\",\"overwritePDFOutline\":\"false\",\"direction\":\"1\",\"pageSize\":\"0\",\"source\":\"https:\\\/\\\/highjumpchicago.org\\\/wp-content\\\/uploads\\\/2025\\\/10\\\/High-Jump-Annual-Report-2023-2024.pdf\",\"wpOptions\":\"true\"}; if(window.DFLIP && window.DFLIP.parseBooks){window.DFLIP.parseBooks();}<\/script>\n\t<h2 id=\"members\">High Jump pragnie podzi\u0119kowa\u0107 cz\u0142onkom Sustaining Leaders Fund za dostarczanie corocznych nieograniczonych dar\u00f3w w wysoko\u015bci ponad $7,500.<\/h2>\n\tAnonimowy<br \/>\nNavneet Arora i Lori Eppstein<br \/>\nKatie i Chrisa Barbera<br \/>\nCarol Bernstein Eckstein i Marty Eckstein<br \/>\nShanelle Brown<br \/>\nJohna i Jacobyna Bucksbaum\u00f3w<br \/>\nSally B. Carton i John Carton<br \/>\nChristopher i Elisa Cartwright<br \/>\nErica i Krishnan Chandrasekhar<br \/>\nJymme i Steve Chaouki<br \/>\nLauren i David Chazen<br \/>\nSarah i Johna Cobb\u00f3w<br \/>\nWincenty Kozzi<br \/>\nPaula Crown i rodzina koronna<br \/>\nKaren i Arne Duncanowie<br \/>\nLauren i Michaela Erdina<br \/>\nJenny Friedes i Steve Florsheim<br \/>\nPaula i Tim Friedman<br \/>\nLara Frohlich i John Bremen<br \/>\nJock Fullmer i Fullmer Family Joy Fund<br \/>\nArli i Joela Gomberg\u00f3w<br \/>\nFundacja Rodziny Michaela i Pameli Gordon\u00f3w<br \/>\nBarbary Goodman Manilow<br \/>\nBriana i Christiny Greviskes<br \/>\nRodzina Grodnick<br \/>\nAlison i Toma Hafner\u00f3w<br \/>\nDavid Herro i Jay Franke<br \/>\nMariana i Paul Ingersoll<br \/>\nJerzy Jasi\u0144ski<br \/>\nKrissan i John Jennings Lena i Andrew Jessen<br \/>\nBruce&#039;a i Marcii Johnson-Reid<br \/>\nLori i Stephena Kaufman\u00f3w<br \/>\nMichaela i Rosalind Keizer<br \/>\nPriscilli i Stevena Kersten\u00f3w<br \/>\nDr Erik i Adrienne King<br \/>\nCatharyn Cutright i Randall W. Larrimore<br \/>\nJohna i Jill Levi<br \/>\nPeggy i Yung Bong Lim<br \/>\nAmi i Eric Liu<br \/>\nNichole Lopez-Tackett i Jaron Parry-Tackett<br \/>\nKima Lyncha<br \/>\nKerrie Maloney Laytin<br \/>\nNicole i Brada Manna<br \/>\nJoe Mansueto i Rika Yoshida<br \/>\nMatthew D. Oznacza<br \/>\nLiz i Constantine Mihas<br \/>\nDary i Rossa Milner\u00f3w<br \/>\nJamesa Mitchella<br \/>\nAmy i Jaya Novak\u00f3w<br \/>\nCindy i Michaela O\u2019Connor\u00f3w<br \/>\nGeorgy Ann i William Peluchiwski<br \/>\nAbby i Masona Phelps\u00f3w<br \/>\nScotta i Laurie Rose<br \/>\nJalen Ross i Elizabeth LaBossiere<br \/>\nDiane Saltoun i Bruce&#039;a Brauna<br \/>\nFundacja Smart Family Foundation of Illinois Fund w Chicago Community Foundation<br \/>\nKatrina Veerhusen i Hugh R. McCombs<br \/>\nSara Kamie\u0144<br \/>\nPeg Zerega","protected":false},"excerpt":{"rendered":"<p>Strona g\u0142\u00f3wna Przeka\u017c darowizn\u0119 Sustaining Leaders Fund Fundusz Sustaining Leaders Fund to istotna grupa darczy\u0144c\u00f3w, kt\u00f3rych celem jest wspieranie misji High Jump maj\u0105cej na celu wyr\u00f3wnywanie szans edukacyjnych w Chicago. Przeka\u017c darowizn\u0119 online Bycie zr\u00f3wnowa\u017conym liderem oznacza: Wesprzesz rok nauki studenta prezentem w wysoko\u015bci $7500 lub wi\u0119cej. Jeste\u015b filarem\u2026<\/p>","protected":false},"author":8,"featured_media":0,"parent":2056,"menu_order":0,"comment_status":"closed","ping_status":"closed","template":"","meta":{"_seopress_robots_primary_cat":"","_seopress_titles_title":"","_seopress_titles_desc":"","_seopress_robots_index":"","inline_featured_image":false,"footnotes":""},"class_list":["post-1780","page","type-page","status-publish","hentry"],"_links":{"self":[{"href":"https:\/\/highjumpchicago.org\/pl\/wp-json\/wp\/v2\/pages\/1780","targetHints":{"allow":["GET"]}}],"collection":[{"href":"https:\/\/highjumpchicago.org\/pl\/wp-json\/wp\/v2\/pages"}],"about":[{"href":"https:\/\/highjumpchicago.org\/pl\/wp-json\/wp\/v2\/types\/page"}],"author":[{"embeddable":true,"href":"https:\/\/highjumpchicago.org\/pl\/wp-json\/wp\/v2\/users\/8"}],"replies":[{"embeddable":true,"href":"https:\/\/highjumpchicago.org\/pl\/wp-json\/wp\/v2\/comments?post=1780"}],"version-history":[{"count":10,"href":"https:\/\/highjumpchicago.org\/pl\/wp-json\/wp\/v2\/pages\/1780\/revisions"}],"predecessor-version":[{"id":175695,"href":"https:\/\/highjumpchicago.org\/pl\/wp-json\/wp\/v2\/pages\/1780\/revisions\/175695"}],"up":[{"embeddable":true,"href":"https:\/\/highjumpchicago.org\/pl\/wp-json\/wp\/v2\/pages\/2056"}],"wp:attachment":[{"href":"https:\/\/highjumpchicago.org\/pl\/wp-json\/wp\/v2\/media?parent=1780"}],"curies":[{"name":"wp","href":"https:\/\/api.w.org\/{rel}","templated":true}]}}