{"id":1955,"date":"2019-12-12T19:45:39","date_gmt":"2019-12-13T01:45:39","guid":{"rendered":"https:\/\/d46e648428.nxcli.io\/?page_id=1955"},"modified":"2025-10-02T16:31:45","modified_gmt":"2025-10-02T21:31:45","slug":"ways-to-donate","status":"publish","type":"page","link":"https:\/\/highjumpchicago.org\/pl\/donate\/ways-to-donate\/","title":{"rendered":"Sposoby przekazywania darowizn"},"content":{"rendered":"<nav  aria-label=\"bu\u0142ka tarta\"><ol itemscope itemtype=\"https:\/\/schema.org\/BreadcrumbList\"><li itemprop=\"itemListElement\" itemscope itemtype=\"https:\/\/schema.org\/ListItem\"><a itemscope itemtype=\"https:\/\/schema.org\/WebPage\" itemprop=\"item\" itemid=\"https:\/\/highjumpchicago.org\" href=\"https:\/\/highjumpchicago.org\/pl\/\">Dom<\/a><meta itemprop=\"position\" content=\"1\"\/><\/li><li itemprop=\"itemListElement\" itemscope itemtype=\"https:\/\/schema.org\/ListItem\"><a itemscope itemtype=\"https:\/\/schema.org\/WebPage\" itemprop=\"item\" itemid=\"https:\/\/highjumpchicago.org\/donate\/\" href=\"https:\/\/highjumpchicago.org\/pl\/donate\/\">Podarowa\u0107<\/a><meta itemprop=\"position\" content=\"2\"\/><\/li><li aria-current=\"page\" itemprop=\"itemListElement\" itemscope itemtype=\"https:\/\/schema.org\/ListItem\">Sposoby przekazywania darowizn<meta itemprop=\"position\" content=\"3\"\/><\/li><\/ol><\/nav>\n\t\t\t\t<img decoding=\"async\" src=\"https:\/\/highjumpchicago.org\/wp-content\/uploads\/2024\/04\/Science-Lab-Students.jpg\" alt=\"Science Lab Students\" itemprop=\"image\" height=\"1365\" width=\"2048\" title=\"Uczniowie laboratorium naukowego\" onerror=\"this.style.display='none'\" loading=\"lazy\" \/>\n<h2>\n\t\t\tWesprzyj nas\t<\/h2>\n\t<p><strong>Do\u0142\u0105cz do naszej spo\u0142eczno\u015bci zwolennik\u00f3w<\/strong> i inwestuj w Scholars na indywidualn\u0105 skal\u0119.<\/p>\n\t\t\t<a href=\"?campaign=524397\" target=\"_self\">\n\t\t\t\t\t\t\tWP\u0141A\u0106 TERAZ\n\t\t\t\t\t<\/a>\n\t\t\t<a href=\"https:\/\/highjumpchicago.org\/wp-content\/uploads\/2025\/07\/High-Jump-Donation-Options-FY26.pdf\" target=\"_blank\" rel=\"noopener\">\n\t\t\t\t\t\t\tKliknij tutaj, aby pozna\u0107 sposoby przekazania darowizny na rzecz skoku wzwy\u017c\n\t\t\t\t\t<\/a>\n\t\t\t<a href=\"https:\/\/www.charitynavigator.org\/donor-basics\/giving-101\/employee-match-programs\/#:~:text=See%20if%20your%20employer%20will%20match%20your%20donation!\" target=\"_blank\" rel=\"noopener\">\n\t\t\t\t\t\t\tCzy m\u00f3j pracodawca DODATEK DO MOJEJ DAROWIZNY? Kliknij tutaj, aby dowiedzie\u0107 si\u0119 wi\u0119cej na Charity Navigator.\n\t\t\t\t\t<\/a>\n<h2  id=\"daf-anchor\">\n\t\t\tDzi\u0119ki funduszom doradczym darowizny przekazywanie darowizn staje si\u0119 \u0142atwe i celowe.\t<\/h2>\n\t<strong>Wybieraj\u0105c High Jump, inwestujesz bezpo\u015brednio w przysz\u0142o\u015b\u0107 naszych stypendyst\u00f3w<\/strong>- zapewnienie im narz\u0119dzi akademickich, wsparcia i mo\u017cliwo\u015bci osi\u0105gni\u0119cia sukcesu w szkole \u015bredniej, na studiach i w dalszej perspektywie.\n\t\t\t\t<img decoding=\"async\" src=\"https:\/\/highjumpchicago.org\/wp-content\/uploads\/2025\/06\/HighJump_MovingUpCeremony2025_0117-3236.jpg\" alt=\"HighJump_MovingUpCeremony2025_0117-3236\" itemprop=\"image\" height=\"1365\" width=\"2048\" title=\"HighJump_MovingUpCeremony2025_0117-3236\" onerror=\"this.style.display='none'\" loading=\"lazy\" \/>\n\t\t\t\t<img decoding=\"async\" src=\"https:\/\/highjumpchicago.org\/wp-content\/uploads\/2022\/01\/LRP_9744.jpg\" alt=\"LRP_9744\" itemprop=\"image\" height=\"1365\" width=\"2048\" title=\"LRP_9744\" onerror=\"this.style.display='none'\" loading=\"lazy\" \/>\n\t<h3>\n\t\t\t\tSponsoruj nasz program Wiosna mo\u017cliwo\u015bci\n\t\t\t<\/h3>\n\t<p><b>Wnie\u015b wi\u0119kszy wk\u0142ad, wywrzyj wi\u0119kszy wp\u0142yw.<\/b> Nasz benefis odbywa si\u0119 co roku w maju, ale rozmow\u0119 mo\u017cna rozpocz\u0105\u0107 przez ca\u0142y rok. Mamy r\u00f3\u017cne poziomy sponsorowania, zaczynaj\u0105c od $2500.<\/p>\n\t\t\t<a href=\"https:\/\/www.classy.org\/event\/2026-high-jump-spring-of-opportunity-benefit\/e704247\" target=\"_blank\" rel=\"noopener\">\n\t\t\t\t\t\t\tZosta\u0144 sponsorem\n\t\t\t\t\t<\/a>\n<h2>\n\t\t\tDo\u0142\u0105cz do Funduszu Sustaining Leaders\t<\/h2>\n\t<p><strong>Utoruj drog\u0119 przysz\u0142ym pionierom Chicago.<\/strong> Cz\u0142onkowie Sustaining Leaders Fund przekazuj\u0105 coroczne darowizny w wysoko\u015bci r\u00f3wnej lub przekraczaj\u0105cej koszt czesnego studenta.<\/p>\n\t\t\t<a href=\"https:\/\/highjumpchicago.org\/pl\/sustaining-leaders-fund\/\" target=\"_self\">\n\t\t\t\t\t\t\tZosta\u0144 trwa\u0142ym liderem\n\t\t\t\t\t<\/a>\n\t\t\t\t<img decoding=\"async\" src=\"https:\/\/highjumpchicago.org\/wp-content\/uploads\/2024\/05\/6-Amy-Salinas-2.jpg\" alt=\"Two high Jump students stand holding their diplomas\" itemprop=\"image\" height=\"1366\" width=\"2048\" title=\"Amy\" onerror=\"this.style.display='none'\" loading=\"lazy\" \/>\n<h2>\n\t\t\t\u015awi\u0119tuj skokiem wzwy\u017c!\t<\/h2>\n\t<p><strong>Zamie\u0144 swoje uroczysto\u015bci w si\u0142\u0119 na dobre dzi\u0119ki stronie zbi\u00f3rki pieni\u0119dzy na rzecz skoku wzwy\u017c.<\/strong> Zapro\u015b znajomych i rodzin\u0119 do przekazania darowizny, aby wyr\u00f3wna\u0107 dost\u0119p do edukacji podczas Twojego wyj\u0105tkowego wydarzenia!<\/p>\n\t\t\t<a href=\"https:\/\/www.classy.org\/campaign\/celebrate-with-high-jump\/c530211\" target=\"_self\">\n\t\t\t\t\t\t\tRozpocznij zbi\u00f3rk\u0119 pieni\u0119dzy\n\t\t\t\t\t<\/a>\n\t\t\t\t<img decoding=\"async\" src=\"https:\/\/highjumpchicago.org\/wp-content\/uploads\/2020\/05\/IMG_1434-scaled-1.jpg\" alt=\"IMG_1434\" itemprop=\"image\" height=\"1366\" width=\"2048\" title=\"IMG_1434\" onerror=\"this.style.display='none'\" loading=\"lazy\" \/>\n\t\t\t\t<img decoding=\"async\" src=\"https:\/\/highjumpchicago.org\/wp-content\/uploads\/2025\/06\/Corp-Sponsor-IMG_0541.jpg\" alt=\"Corp Sponsor IMG_0541\" itemprop=\"image\" height=\"1365\" width=\"2048\" title=\"Sponsor korporacyjny IMG_0541\" onerror=\"this.style.display='none'\" loading=\"lazy\" \/>\n<h2>\n\t\t\tZosta\u0144 sponsorem korporacyjnym\t<\/h2>\n\t<p>Czy Twoja firma chce wywrze\u0107 trwa\u0142y wp\u0142yw na krajobraz edukacyjny Chicago, inwestuj\u0105c w przysz\u0142o\u015b\u0107 kolejnego pokolenia lider\u00f3w Chicago? <strong>Odkryj wp\u0142yw, jaki mo\u017cesz mie\u0107 jako sponsor korporacyjny skoku wzwy\u017c!<\/strong><\/p>\n\t\t\t<a href=\"https:\/\/highjumpchicago.org\/pl\/donate\/sponsor-us\/\" target=\"_self\">\n\t\t\t\t\t\t\tZosta\u0144 sponsorem korporacyjnym\n\t\t\t\t\t<\/a>\n<h2>\n\t\t\tZosta\u0144 z nami wolontariuszem\t<\/h2>\n\t<p><strong>Po\u0142\u0105cz si\u0119 ze studentami<\/strong> podczas naszych corocznych wolontariat\u00f3w: pr\u00f3bne wywiady jesieni\u0105; Rekrutacja Rozmowy kwalifikacyjne na wiosn\u0119; i Dzie\u0144 Kariery w lecie.<\/p>\n\t\t\t<a href=\"https:\/\/highjumpchicago.org\/pl\/donate\/volunteer\/\" target=\"_self\">\n\t\t\t\t\t\t\tUcz si\u0119 wi\u0119cej\n\t\t\t\t\t<\/a>\n\t\t\t\t<img decoding=\"async\" src=\"https:\/\/highjumpchicago.org\/wp-content\/uploads\/2022\/10\/IMG_1271.jpg\" alt=\"IMG_1271\" itemprop=\"image\" height=\"2048\" width=\"1536\" title=\"IMG_1271\" onerror=\"this.style.display='none'\" loading=\"lazy\" \/>\n\t\t\t<a href=\"https:\/\/highjumpchicago.org\/wp-content\/uploads\/2025\/07\/High-Jump-Donation-Options-FY26.pdf\" target=\"_blank\" rel=\"noopener\">\n\t\t\t\t\t\t\tKliknij tutaj, aby pozna\u0107 sposoby przekazania darowizny na rzecz skoku wzwy\u017c\n\t\t\t\t\t<\/a>\n<h2>\n\t\t\tTw\u00f3j wk\u0142ad w dzia\u0142anie\t<\/h2>\n\t<ul>\n\t\t<li>\t\t\t\t\n\t\t<h3>Wzbogacenie akademickie bez czesnego<\/h3><\/li><li>\t\t\t\t\n\t\t<h3>Przek\u0105ski i posi\u0142ki dla student\u00f3w<\/h3><\/li><li>\t\t\t\t\n\t\t<h3>Sta\u0142e laptopy dla student\u00f3w<\/h3><\/li>\t<\/ul>\n\t<ul>\n\t\t<li>\t\t\t\t\n\t\t<h3>Dedykowany wyk\u0142adowca i personel<\/h3><\/li><li>\t\t\t\t\n\t\t<h3>Praktyczne wsparcie ucznia <\/h3><\/li><li>\t\t\t\t\n\t\t<h3>Zapewnione wszystkie materia\u0142y do nauki<\/h3><\/li>\t<\/ul>","protected":false},"excerpt":{"rendered":"<p>Strona g\u0142\u00f3wna Darowizny Sposoby przekazywania darowizn Przeka\u017c darowizn\u0119 Do\u0142\u0105cz do naszej spo\u0142eczno\u015bci darczy\u0144c\u00f3w i inwestuj w stypendyst\u00f3w indywidualnie. WESPRZYJ TERAZ Kliknij tutaj, aby dowiedzie\u0107 si\u0119, JAK WP\u0141ACI\u0106 DAROWIZN\u0118 na rzecz High Jump. Czy m\u00f3j pracodawca PODWY\u017bSZY moj\u0105 darowizn\u0119? Kliknij tutaj, aby dowiedzie\u0107 si\u0119 wi\u0119cej w Charity Navigator. Fundusze Doradztwa Darczy\u0144czego u\u0142atwiaj\u0105 i umy\u015blnie przekazuj\u0105 darowizny. Wybieraj\u0105c\u2026<\/p>","protected":false},"author":8,"featured_media":0,"parent":2056,"menu_order":3,"comment_status":"closed","ping_status":"closed","template":"","meta":{"_seopress_robots_primary_cat":"","_seopress_titles_title":"","_seopress_titles_desc":"","_seopress_robots_index":"","inline_featured_image":false,"footnotes":""},"class_list":["post-1955","page","type-page","status-publish","hentry"],"_links":{"self":[{"href":"https:\/\/highjumpchicago.org\/pl\/wp-json\/wp\/v2\/pages\/1955","targetHints":{"allow":["GET"]}}],"collection":[{"href":"https:\/\/highjumpchicago.org\/pl\/wp-json\/wp\/v2\/pages"}],"about":[{"href":"https:\/\/highjumpchicago.org\/pl\/wp-json\/wp\/v2\/types\/page"}],"author":[{"embeddable":true,"href":"https:\/\/highjumpchicago.org\/pl\/wp-json\/wp\/v2\/users\/8"}],"replies":[{"embeddable":true,"href":"https:\/\/highjumpchicago.org\/pl\/wp-json\/wp\/v2\/comments?post=1955"}],"version-history":[{"count":5,"href":"https:\/\/highjumpchicago.org\/pl\/wp-json\/wp\/v2\/pages\/1955\/revisions"}],"predecessor-version":[{"id":129132,"href":"https:\/\/highjumpchicago.org\/pl\/wp-json\/wp\/v2\/pages\/1955\/revisions\/129132"}],"up":[{"embeddable":true,"href":"https:\/\/highjumpchicago.org\/pl\/wp-json\/wp\/v2\/pages\/2056"}],"wp:attachment":[{"href":"https:\/\/highjumpchicago.org\/pl\/wp-json\/wp\/v2\/media?parent=1955"}],"curies":[{"name":"wp","href":"https:\/\/api.w.org\/{rel}","templated":true}]}}